{"id":13038,"date":"2025-04-03T09:12:37","date_gmt":"2025-04-03T09:12:37","guid":{"rendered":"https:\/\/esquell.eu\/product\/decalcomanies-en-email-verre-et-ceramique-fleurs-or\/"},"modified":"2025-11-09T08:51:24","modified_gmt":"2025-11-09T08:51:24","slug":"decalcomanies-en-email-verre-et-ceramique-fleurs-or","status":"publish","type":"product","link":"https:\/\/esquell.eu\/fr\/produit\/decalcomanies-en-email-verre-et-ceramique-fleurs-or\/","title":{"rendered":"D\u00e9calcomanies en \u00e9mail, verre et c\u00e9ramique Fleurs, or."},"content":{"rendered":"<p>Ces d\u00e9calcomanies peuvent \u00eatre utilis\u00e9es sur la c\u00e9ramique, la porcelaine, le verre ou l&rsquo;\u00e9mail.<br \/>\nCette feuille contient 12 d\u00e9calcomanies sur le th\u00e8me des fleurs de jardin en or. Elles peuvent \u00eatre utilis\u00e9es sur la c\u00e9ramique, la porcelaine, le verre ou l&rsquo;\u00e9mail.<\/p>\n<p>Ils fonctionnent mieux avec un substrat l\u00e9ger ou du verre et, une fois appliqu\u00e9s, ils doivent \u00eatre cuits au four. Ils ne peuvent pas \u00eatre cuits dans un four domestique. <\/p>\n<p>Vous recevrez une feuille d&rsquo;autocollants.<\/p>\n<p>Sur \u00e9mail :<strong><u><a href=\"https:\/\/cdn.shopify.com\/s\/files\/1\/0596\/7092\/1404\/files\/Decals_on_Enamel_Instructions.pdf?v=1681232127\"> Cliquez ici<\/a> <\/u><\/strong>pour obtenir des instructions sur l&rsquo;application de l&rsquo;autocollant et la cuisson de l&rsquo;\u00e9mail.<\/p>\n<p>Sur les c\u00e9ramiques : ces d\u00e9calcomanies \u00e0 basse temp\u00e9rature sont g\u00e9n\u00e9ralement appliqu\u00e9es en troisi\u00e8me cuisson sur un \u00e9mail d\u00e9j\u00e0 cuit. Une fois cuites, les d\u00e9calcomanies sont fusionn\u00e9es de fa\u00e7on permanente \u00e0 l&rsquo;\u00e9mail, comme pour la vaisselle d\u00e9corative.<strong><u> <a href=\"https:\/\/cdn.shopify.com\/s\/files\/1\/0596\/7092\/1404\/files\/Decals_on_Ceramics_Instructions.pdf?v=1681232127\">Cliquez ici pour obtenir des instructions sur l&rsquo;application des d\u00e9calcomanies et la cuisson.<\/a><\/u><\/strong> pour obtenir des instructions sur l&rsquo;application des d\u00e9calcomanies et la cuisson des c\u00e9ramiques. <\/p>\n<p>Sur verre : il s&rsquo;agit de d\u00e9calcomanies pour le fusing et le slumping du verre. La temp\u00e9rature de cuisson finale d\u00e9pend du fait que vous recouvrez ou non le verre d&rsquo;un verre transparent. Il s&rsquo;agit de d\u00e9calcomanies num\u00e9riques, c&rsquo;est-\u00e0-dire qu&rsquo;elles br\u00fblent de mani\u00e8re l\u00e9g\u00e8rement transparente sur du verre clair. Elles conviennent mieux au verre blanc ou de couleur claire.<strong><u> <a href=\"https:\/\/cdn.shopify.com\/s\/files\/1\/0596\/7092\/1404\/files\/Decals_on_Glass_Instructions.pdf?v=1681232127\">Cliquez ici pour obtenir des instructions sur l&rsquo;application des autocollants et la cuisson.<\/a><\/u><\/strong> pour obtenir des instructions sur l&rsquo;application des autocollants et la cuisson sur verre.   <\/p>\n","protected":false},"excerpt":{"rendered":"<p>Ces d\u00e9calcomanies peuvent \u00eatre utilis\u00e9es sur la c\u00e9ramique, la porcelaine, le verre ou l&rsquo;\u00e9mail.<br \/>\nCette feuille contient 12 d\u00e9calcomanies sur le th\u00e8me des fleurs de jardin en or. Elles peuvent \u00eatre utilis\u00e9es sur la c\u00e9ramique, la porcelaine, le verre ou l&rsquo;\u00e9mail.<\/p>\n<p>Ils fonctionnent mieux avec un substrat l\u00e9ger ou du verre et, une fois appliqu\u00e9s, ils doivent \u00eatre cuits au four. Ils ne peuvent pas \u00eatre cuits dans un four domestique. <\/p>\n<p>Vous recevrez une feuille d&rsquo;autocollants.<\/p>\n<p>Sur \u00e9mail :<strong><u><a href=\"https:\/\/cdn.shopify.com\/s\/files\/1\/0596\/7092\/1404\/files\/Decals_on_Enamel_Instructions.pdf?v=1681232127\"> Cliquez ici<\/a> <\/u><\/strong>pour obtenir des instructions sur l&rsquo;application de l&rsquo;autocollant et la cuisson de l&rsquo;\u00e9mail.<\/p>\n<p>Sur les c\u00e9ramiques : ces d\u00e9calcomanies \u00e0 basse temp\u00e9rature sont g\u00e9n\u00e9ralement appliqu\u00e9es en troisi\u00e8me cuisson sur un \u00e9mail d\u00e9j\u00e0 cuit. Une fois cuites, les d\u00e9calcomanies sont fusionn\u00e9es de fa\u00e7on permanente \u00e0 l&rsquo;\u00e9mail, comme pour la vaisselle d\u00e9corative.<strong><u> <a href=\"https:\/\/cdn.shopify.com\/s\/files\/1\/0596\/7092\/1404\/files\/Decals_on_Ceramics_Instructions.pdf?v=1681232127\">Cliquez ici pour obtenir des instructions sur l&rsquo;application des d\u00e9calcomanies et la cuisson.<\/a><\/u><\/strong> pour obtenir des instructions sur l&rsquo;application des d\u00e9calcomanies et la cuisson des c\u00e9ramiques. <\/p>\n<p>&nbsp;<\/p>\n<p>Sur verre : il s&rsquo;agit de d\u00e9calcomanies pour le fusing et le slumping du verre. La temp\u00e9rature de cuisson finale d\u00e9pend du fait que vous recouvrez ou non le verre d&rsquo;un verre transparent. Il s&rsquo;agit de d\u00e9calcomanies num\u00e9riques, c&rsquo;est-\u00e0-dire qu&rsquo;elles br\u00fblent de mani\u00e8re l\u00e9g\u00e8rement transparente sur du verre clair. Elles conviennent mieux au verre blanc ou de couleur claire.<strong><u> <a href=\"https:\/\/cdn.shopify.com\/s\/files\/1\/0596\/7092\/1404\/files\/Decals_on_Glass_Instructions.pdf?v=1681232127\">Cliquez ici pour obtenir des instructions sur l&rsquo;application des autocollants et la cuisson.<\/a><\/u><\/strong> pour obtenir des instructions sur l&rsquo;application des autocollants et la cuisson sur verre.   <\/p>\n","protected":false},"featured_media":7182,"comment_status":"closed","ping_status":"closed","template":"","meta":{"_acf_changed":false,"_seopress_robots_primary_cat":"none","_seopress_titles_title":"","_seopress_titles_desc":"","_seopress_robots_index":""},"more":[],"product_brand":[6736],"product_cat":[6705],"product_tag":[8420,8023,7490,9039,9040,7229,8867,9042,6403,7215,7287,7055],"class_list":{"0":"post-13038","1":"product","2":"type-product","3":"status-publish","4":"has-post-thumbnail","6":"product_brand-des-outils-sympas","7":"product_cat-outils-et-fournitures-pour-lemaillage","8":"product_tag-art-du-verre","9":"product_tag-autocollants","10":"product_tag-ceramique","11":"product_tag-ceramique-2","12":"product_tag-decalcomanies","13":"product_tag-email","14":"product_tag-email-2","15":"product_tag-fusion-du-verre","16":"product_tag-lor","17":"product_tag-lor-2","18":"product_tag-lor-3","19":"product_tag-verre","20":"product_shipping_class-standard","22":"first","23":"instock","24":"taxable","25":"shipping-taxable","26":"purchasable","27":"product-type-simple"},"acf":[],"_links":{"self":[{"href":"https:\/\/esquell.eu\/fr\/wp-json\/wp\/v2\/product\/13038","targetHints":{"allow":["GET"]}}],"collection":[{"href":"https:\/\/esquell.eu\/fr\/wp-json\/wp\/v2\/product"}],"about":[{"href":"https:\/\/esquell.eu\/fr\/wp-json\/wp\/v2\/types\/product"}],"replies":[{"embeddable":true,"href":"https:\/\/esquell.eu\/fr\/wp-json\/wp\/v2\/comments?post=13038"}],"wp:featuredmedia":[{"embeddable":true,"href":"https:\/\/esquell.eu\/fr\/wp-json\/wp\/v2\/media\/7182"}],"wp:attachment":[{"href":"https:\/\/esquell.eu\/fr\/wp-json\/wp\/v2\/media?parent=13038"}],"wp:term":[{"taxonomy":"more","embeddable":true,"href":"https:\/\/esquell.eu\/fr\/wp-json\/wp\/v2\/more?post=13038"},{"taxonomy":"product_brand","embeddable":true,"href":"https:\/\/esquell.eu\/fr\/wp-json\/wp\/v2\/product_brand?post=13038"},{"taxonomy":"product_cat","embeddable":true,"href":"https:\/\/esquell.eu\/fr\/wp-json\/wp\/v2\/product_cat?post=13038"},{"taxonomy":"product_tag","embeddable":true,"href":"https:\/\/esquell.eu\/fr\/wp-json\/wp\/v2\/product_tag?post=13038"}],"curies":[{"name":"wp","href":"https:\/\/api.w.org\/{rel}","templated":true}]}}