{"id":12984,"date":"2025-04-03T09:11:26","date_gmt":"2025-04-03T09:11:26","guid":{"rendered":"https:\/\/esquell.eu\/product\/outil-de-quilling-outil-pour-quilling-f-1499\/"},"modified":"2025-11-09T09:11:18","modified_gmt":"2025-11-09T09:11:18","slug":"outil-de-quilling-outil-pour-quilling-f-1499","status":"publish","type":"product","link":"https:\/\/esquell.eu\/fr\/produit\/outil-de-quilling-outil-pour-quilling-f-1499\/","title":{"rendered":"Outil de quilling, outil pour quilling (F-1499)"},"content":{"rendered":"<div class=\"product-addition-content\">\n<p>Stylo \u00e0 piquer pour le papier Art Clay.<\/p>\n<p>Le quilling ou filigrane de papier est une forme d&rsquo;art qui utilise des bandes de papier qui sont roul\u00e9es, fa\u00e7onn\u00e9es et coll\u00e9es pour cr\u00e9er des motifs d\u00e9coratifs. Le papier est roul\u00e9, boucl\u00e9, enroul\u00e9, tordu et manipul\u00e9 d&rsquo;autres mani\u00e8res pour cr\u00e9er des formes qui forment des motifs. Le quilling commence par rouler une bande de papier dans une bobine et la pincer pour lui donner des formes qui peuvent \u00eatre coll\u00e9es ensemble. Il existe des techniques avanc\u00e9es et des papiers de diff\u00e9rentes tailles sont utilis\u00e9s.  <\/p>\n<\/div>\n","protected":false},"excerpt":{"rendered":"<p>Stylo \u00e0 piquer pour le papier Art Clay.<\/p>\n<p>&nbsp;<\/p>\n<p>Le quilling ou filigrane de papier est une forme d&rsquo;art qui utilise des bandes de papier qui sont roul\u00e9es, fa\u00e7onn\u00e9es et coll\u00e9es pour cr\u00e9er des motifs d\u00e9coratifs. Le papier est roul\u00e9, boucl\u00e9, enroul\u00e9, tordu et manipul\u00e9 d&rsquo;autres mani\u00e8res pour cr\u00e9er des formes qui forment des motifs. Le quilling commence par rouler une bande de papier dans une bobine et la pincer pour lui donner des formes qui peuvent \u00eatre coll\u00e9es ensemble. Il existe des techniques avanc\u00e9es et des papiers de diff\u00e9rentes tailles sont utilis\u00e9s.  <\/p>\n","protected":false},"featured_media":7159,"comment_status":"closed","ping_status":"closed","template":"","meta":{"_acf_changed":false,"_seopress_robots_primary_cat":"none","_seopress_titles_title":"","_seopress_titles_desc":"","_seopress_robots_index":""},"more":[],"product_brand":[6382],"product_cat":[6364],"product_tag":[6386,10220,6473,6405,7567,6376,6575,6393,6396,8238,6372,10356,6641,6409,8236,8224,8226,6423,6743,8222,6374,7565,10363,6401,7479,7648,6381,6550,6634,6472,8234,8216,8220,10354,8239,6559,6400,6656,7851,8232,10358,6475,10366,8228,6474,6391,6710,7282,10360,8218,8230],"class_list":{"0":"post-12984","1":"product","2":"type-product","3":"status-publish","4":"has-post-thumbnail","6":"product_brand-acs","7":"product_cat-materiel-supplementaire","8":"product_tag-aida","9":"product_tag-argenterie-de-fantaisie","10":"product_tag-argile-2","11":"product_tag-artclay","12":"product_tag-artclayacademy","13":"product_tag-artclaysilver","14":"product_tag-ateliers","15":"product_tag-belgique","16":"product_tag-belgique-2","17":"product_tag-benelux","18":"product_tag-bijoux","19":"product_tag-bijoux-en-piquants-de-porc-epic","20":"product_tag-boucles-doreilles","21":"product_tag-bricolage","22":"product_tag-broches","23":"product_tag-conseils","24":"product_tag-cours","25":"product_tag-de","26":"product_tag-distributeur","27":"product_tag-eu","28":"product_tag-faire","29":"product_tag-formation","30":"product_tag-fournitures-pour-la-fabrication-darticles-de-quilling","31":"product_tag-france","32":"product_tag-france-2","33":"product_tag-idees","34":"product_tag-japon","35":"product_tag-largent-2","36":"product_tag-largent-3","37":"product_tag-lart","38":"product_tag-lart-2","39":"product_tag-lecole","40":"product_tag-leurope","41":"product_tag-leurope-2","42":"product_tag-lecons","43":"product_tag-lignes-dartisanat","44":"product_tag-luxembourg","45":"product_tag-luxembourg-2","46":"product_tag-manuel","47":"product_tag-marque","48":"product_tag-outil-demboutissage","49":"product_tag-papier","50":"product_tag-papier-argente","51":"product_tag-papier-argile","52":"product_tag-papier-argile-argente","53":"product_tag-pays-bas","54":"product_tag-pendentifs","55":"product_tag-quilling","56":"product_tag-quillingtools","57":"product_tag-type","58":"product_tag-type-de-papier","59":"product_shipping_class-standard","61":"first","62":"instock","63":"taxable","64":"shipping-taxable","65":"purchasable","66":"product-type-simple"},"acf":[],"_links":{"self":[{"href":"https:\/\/esquell.eu\/fr\/wp-json\/wp\/v2\/product\/12984","targetHints":{"allow":["GET"]}}],"collection":[{"href":"https:\/\/esquell.eu\/fr\/wp-json\/wp\/v2\/product"}],"about":[{"href":"https:\/\/esquell.eu\/fr\/wp-json\/wp\/v2\/types\/product"}],"replies":[{"embeddable":true,"href":"https:\/\/esquell.eu\/fr\/wp-json\/wp\/v2\/comments?post=12984"}],"wp:featuredmedia":[{"embeddable":true,"href":"https:\/\/esquell.eu\/fr\/wp-json\/wp\/v2\/media\/7159"}],"wp:attachment":[{"href":"https:\/\/esquell.eu\/fr\/wp-json\/wp\/v2\/media?parent=12984"}],"wp:term":[{"taxonomy":"more","embeddable":true,"href":"https:\/\/esquell.eu\/fr\/wp-json\/wp\/v2\/more?post=12984"},{"taxonomy":"product_brand","embeddable":true,"href":"https:\/\/esquell.eu\/fr\/wp-json\/wp\/v2\/product_brand?post=12984"},{"taxonomy":"product_cat","embeddable":true,"href":"https:\/\/esquell.eu\/fr\/wp-json\/wp\/v2\/product_cat?post=12984"},{"taxonomy":"product_tag","embeddable":true,"href":"https:\/\/esquell.eu\/fr\/wp-json\/wp\/v2\/product_tag?post=12984"}],"curies":[{"name":"wp","href":"https:\/\/api.w.org\/{rel}","templated":true}]}}