{"id":12961,"date":"2025-04-03T09:11:26","date_gmt":"2025-04-03T09:11:26","guid":{"rendered":"https:\/\/esquell.eu\/product\/planche-a-quilling-avec-aiguilles\/"},"modified":"2025-11-09T09:07:30","modified_gmt":"2025-11-09T09:07:30","slug":"planche-a-quilling-avec-aiguilles","status":"publish","type":"product","link":"https:\/\/esquell.eu\/fr\/produit\/planche-a-quilling-avec-aiguilles\/","title":{"rendered":"Planche \u00e0 quilling avec aiguilles."},"content":{"rendered":"<p>Planche de travail pour quilling avec aiguilles. Pour modeler un motif de quilling. <\/p>\n<p>Pour le quilling Art Clay, utilisez du papier Art Clay<a href=\"https:\/\/www.esquell.nl\/p\/quilling-bord-met-naalden?ObjectPath=\/Shops\/83636376\/Products\/MC0006\"> et<\/a> un stylo \u00e0 quilling.<\/p>\n<p>Le quilling est une technique japonaise. D&rsquo;\u00e9troites bandes de papier sont enroul\u00e9es et assembl\u00e9es pour cr\u00e9er un motif orn\u00e9. <\/p>\n<p>Les bandes de papier peuvent \u00eatre assembl\u00e9es \u00e0 l&rsquo;aide de p\u00e2te d&rsquo;argile. Faites attention \u00e0 l&rsquo;eau, car elle rend le papier mou et donc difficile \u00e0 travailler. <\/p>\n<p>Laissez le dessin s\u00e9cher \u00e0 l&rsquo;air libre pendant une journ\u00e9e. Faites cuire au four \u00e0 800 degr\u00e9s. Utilisez un four pour la cuisson. Le chalumeau n&rsquo;est pas adapt\u00e9 \u00e0 la cuisson.   <\/p>\n","protected":false},"excerpt":{"rendered":"<p>Planche de travail pour quilling avec aiguilles. Pour modeler un motif de quilling. <\/p>\n<p>Pour le quilling Art Clay, utilisez du papier Art Clay<a href=\"?ObjectPath=\/Shops\/83636376\/Products\/MC0006\"> et<\/a> un stylo \u00e0 quilling.<\/p>\n<p>Le quilling est une technique japonaise. D&rsquo;\u00e9troites bandes de papier sont enroul\u00e9es et assembl\u00e9es pour cr\u00e9er un motif orn\u00e9. <\/p>\n<p>Les bandes de papier peuvent \u00eatre assembl\u00e9es \u00e0 l&rsquo;aide de p\u00e2te d&rsquo;argile. Faites attention \u00e0 l&rsquo;eau, car elle rend le papier mou et donc difficile \u00e0 travailler. <\/p>\n<p>Laissez le dessin s\u00e9cher \u00e0 l&rsquo;air libre pendant une journ\u00e9e. Faites cuire au four \u00e0 800 degr\u00e9s. Utilisez un four pour la cuisson. Le chalumeau n&rsquo;est pas adapt\u00e9 \u00e0 la cuisson.     <\/p>\n<p><\/p>\n<p><\/p>\n<p><\/p>\n","protected":false},"featured_media":4115,"comment_status":"closed","ping_status":"closed","template":"","meta":{"_acf_changed":false,"_seopress_robots_primary_cat":"none","_seopress_titles_title":"","_seopress_titles_desc":"","_seopress_robots_index":""},"more":[],"product_brand":[],"product_cat":[7504,10216],"product_tag":[10218,7339,10220,6388,6473,6404,6390,10490,6376,10217,10373,10382,10384,10487,10376,10379,6747,6634,6472,8337,6475,10219,8161,8165,7282,10493],"class_list":{"0":"post-12961","1":"product","2":"type-product","3":"status-publish","4":"has-post-thumbnail","6":"product_cat-argile","7":"product_cat-metal","8":"product_tag-10218","9":"product_tag-argent-malleable","10":"product_tag-argenterie-de-fantaisie","11":"product_tag-argile","12":"product_tag-argile-2","13":"product_tag-argile-argentee","14":"product_tag-argile-metallique-2","15":"product_tag-argile-metallique-5","16":"product_tag-artclaysilver","17":"product_tag-artclaysilverpaper","18":"product_tag-artclaysilverpaper-2","19":"product_tag-filegrain","20":"product_tag-grain-dargent","21":"product_tag-grain-dargent-2","22":"product_tag-grain-de-file-dattente","23":"product_tag-grain-de-lime-argentee","24":"product_tag-gramme","25":"product_tag-largent-3","26":"product_tag-lart","27":"product_tag-long","28":"product_tag-papier","29":"product_tag-papier-demballage","30":"product_tag-pate-dargile-argentee","31":"product_tag-pates","32":"product_tag-quilling","33":"product_tag-travailleur","34":"product_shipping_class-standard","36":"first","37":"instock","38":"taxable","39":"shipping-taxable","40":"purchasable","41":"product-type-simple"},"acf":[],"_links":{"self":[{"href":"https:\/\/esquell.eu\/fr\/wp-json\/wp\/v2\/product\/12961","targetHints":{"allow":["GET"]}}],"collection":[{"href":"https:\/\/esquell.eu\/fr\/wp-json\/wp\/v2\/product"}],"about":[{"href":"https:\/\/esquell.eu\/fr\/wp-json\/wp\/v2\/types\/product"}],"replies":[{"embeddable":true,"href":"https:\/\/esquell.eu\/fr\/wp-json\/wp\/v2\/comments?post=12961"}],"wp:featuredmedia":[{"embeddable":true,"href":"https:\/\/esquell.eu\/fr\/wp-json\/wp\/v2\/media\/4115"}],"wp:attachment":[{"href":"https:\/\/esquell.eu\/fr\/wp-json\/wp\/v2\/media?parent=12961"}],"wp:term":[{"taxonomy":"more","embeddable":true,"href":"https:\/\/esquell.eu\/fr\/wp-json\/wp\/v2\/more?post=12961"},{"taxonomy":"product_brand","embeddable":true,"href":"https:\/\/esquell.eu\/fr\/wp-json\/wp\/v2\/product_brand?post=12961"},{"taxonomy":"product_cat","embeddable":true,"href":"https:\/\/esquell.eu\/fr\/wp-json\/wp\/v2\/product_cat?post=12961"},{"taxonomy":"product_tag","embeddable":true,"href":"https:\/\/esquell.eu\/fr\/wp-json\/wp\/v2\/product_tag?post=12961"}],"curies":[{"name":"wp","href":"https:\/\/api.w.org\/{rel}","templated":true}]}}