{"id":12948,"date":"2025-04-03T09:11:26","date_gmt":"2025-04-03T09:11:26","guid":{"rendered":"https:\/\/esquell.eu\/product\/bouchons-pour-sceller-la-seringue-largile-a-pulveriser-contre-le-dessechement\/"},"modified":"2025-12-31T09:55:30","modified_gmt":"2025-12-31T09:55:30","slug":"bouchons-pour-sceller-la-seringue-largile-a-pulveriser-contre-le-dessechement","status":"publish","type":"product","link":"https:\/\/esquell.eu\/fr\/produit\/bouchons-pour-sceller-la-seringue-largile-a-pulveriser-contre-le-dessechement\/","title":{"rendered":"Bouchons pour sceller les seringues \/ les sprays contre le dess\u00e8chement Lot de 4"},"content":{"rendered":"<p>Capuchons pour sceller la seringue \/ l&rsquo;argile \u00e0 pulv\u00e9riser contre le dess\u00e8chement<\/p>\n<p>Set de 4 capuchons<\/p>\n","protected":false},"excerpt":{"rendered":"<p>Capuchons pour sceller la seringue \/ l&rsquo;argile \u00e0 pulv\u00e9riser contre le dess\u00e8chement<\/p>\n<p>Set de 4 capuchons<\/p>\n","protected":false},"featured_media":12950,"comment_status":"closed","ping_status":"closed","template":"","meta":{"_acf_changed":false,"_seopress_robots_primary_cat":"none","_seopress_titles_title":"","_seopress_titles_desc":"","_seopress_robots_index":""},"more":[],"product_brand":[6398],"product_cat":[7504,6364,6809],"product_tag":[6388,6404,6406,6420,7028,6780,6378,6390,6405,6376,10167,10173,10175,10171,9778,10112,6782,10169],"class_list":{"0":"post-12948","1":"product","2":"type-product","3":"status-publish","4":"has-post-thumbnail","6":"product_brand-l1","7":"product_cat-argile","8":"product_cat-materiel-supplementaire","9":"product_cat-vente","10":"product_tag-argile","11":"product_tag-argile-argentee","12":"product_tag-argile-aurifere","13":"product_tag-argile-bronze","14":"product_tag-argile-cuivreuse","15":"product_tag-argile-en-spray","16":"product_tag-argile-metallique","17":"product_tag-argile-metallique-2","18":"product_tag-artclay","19":"product_tag-artclaysilver","20":"product_tag-bouchons-3","21":"product_tag-capuchon","22":"product_tag-deshydratation","23":"product_tag-fermer","24":"product_tag-prevenir","25":"product_tag-se-dessecher","26":"product_tag-seringue","27":"product_tag-seringue-2","28":"product_shipping_class-standard","30":"first","31":"instock","32":"sale","33":"taxable","34":"shipping-taxable","35":"purchasable","36":"product-type-simple"},"acf":[],"_links":{"self":[{"href":"https:\/\/esquell.eu\/fr\/wp-json\/wp\/v2\/product\/12948","targetHints":{"allow":["GET"]}}],"collection":[{"href":"https:\/\/esquell.eu\/fr\/wp-json\/wp\/v2\/product"}],"about":[{"href":"https:\/\/esquell.eu\/fr\/wp-json\/wp\/v2\/types\/product"}],"replies":[{"embeddable":true,"href":"https:\/\/esquell.eu\/fr\/wp-json\/wp\/v2\/comments?post=12948"}],"wp:featuredmedia":[{"embeddable":true,"href":"https:\/\/esquell.eu\/fr\/wp-json\/wp\/v2\/media\/12950"}],"wp:attachment":[{"href":"https:\/\/esquell.eu\/fr\/wp-json\/wp\/v2\/media?parent=12948"}],"wp:term":[{"taxonomy":"more","embeddable":true,"href":"https:\/\/esquell.eu\/fr\/wp-json\/wp\/v2\/more?post=12948"},{"taxonomy":"product_brand","embeddable":true,"href":"https:\/\/esquell.eu\/fr\/wp-json\/wp\/v2\/product_brand?post=12948"},{"taxonomy":"product_cat","embeddable":true,"href":"https:\/\/esquell.eu\/fr\/wp-json\/wp\/v2\/product_cat?post=12948"},{"taxonomy":"product_tag","embeddable":true,"href":"https:\/\/esquell.eu\/fr\/wp-json\/wp\/v2\/product_tag?post=12948"}],"curies":[{"name":"wp","href":"https:\/\/api.w.org\/{rel}","templated":true}]}}