{"id":12943,"date":"2025-04-03T09:11:34","date_gmt":"2025-04-03T09:11:34","guid":{"rendered":"https:\/\/esquell.eu\/product\/bicarbonate-de-soude-pour-le-nettoyage-de-largenterie-contenu-200gr-f-0037\/"},"modified":"2025-12-31T09:55:28","modified_gmt":"2025-12-31T09:55:28","slug":"bicarbonate-de-soude-pour-le-nettoyage-de-largenterie-contenu-200gr-f-0037","status":"publish","type":"product","link":"https:\/\/esquell.eu\/fr\/produit\/bicarbonate-de-soude-pour-le-nettoyage-de-largenterie-contenu-200gr-f-0037\/","title":{"rendered":"Bicarbonate de soude pour le nettoyage de l&rsquo;argenterie. Contenu 200gr F-0037"},"content":{"rendered":"<p>M\u00e9dium pour le nettoyage de l&rsquo;argent.<\/p>\n<p>Contenu 200 grammes<\/p>\n<p>M\u00e9thode rapide, facile, bon march\u00e9 et s\u00fbre pour le nettoyage de l&rsquo;argent.<\/p>\n<p>Regardez la vid\u00e9o pour l&rsquo;explication.<\/p>\n<p>&nbsp;<\/p>\n","protected":false},"excerpt":{"rendered":"<p>Pour nettoyer l&rsquo;argent.<\/p>\n<p>M\u00e9thode rapide, facile, bon march\u00e9 et s\u00fbre pour nettoyer l&rsquo;argent.<\/p>\n<p>Regardez la vid\u00e9o pour des explications.<\/p>\n<p>*Uniquement pour les loisirs<\/p>\n<p>&nbsp;<\/p>\n<p>&nbsp;<\/p>\n","protected":false},"featured_media":12946,"comment_status":"closed","ping_status":"closed","template":"","meta":{"_acf_changed":false,"_seopress_robots_primary_cat":"none","_seopress_titles_title":"","_seopress_titles_desc":"","_seopress_robots_index":""},"more":[],"product_brand":[6382],"product_cat":[6364,7412,6366,10058],"product_tag":[6645,6646,6939,6386,6405,10136,6372,10132,8282,10138,6647,10147,6374,6369,6550,6634,10150,10134,10144,21603,6546,6643,10145,10155,10153,10142,7224,7506,10148,11485,10140,10146,21602,10157],"class_list":{"0":"post-12943","1":"product","2":"type-product","3":"status-publish","4":"has-post-thumbnail","6":"product_brand-acs","7":"product_cat-materiel-supplementaire","8":"product_cat-outils-de-base","9":"product_cat-poncage-limage-et-polissage","10":"product_cat-soudure","11":"product_tag-a","12":"product_tag-acheter","13":"product_tag-acheter-2","14":"product_tag-aida","15":"product_tag-artclay","16":"product_tag-attaque","17":"product_tag-bijoux","18":"product_tag-brillant","19":"product_tag-comment","20":"product_tag-cuisson-2","21":"product_tag-en-ligne","22":"product_tag-facile","23":"product_tag-faire","24":"product_tag-largent","25":"product_tag-largent-2","26":"product_tag-largent-3","27":"product_tag-les","28":"product_tag-methode","29":"product_tag-nettoyage-2","30":"product_tag-nettoyage-4","31":"product_tag-noir","32":"product_tag-ou","33":"product_tag-oxydation","34":"product_tag-oxyde","35":"product_tag-polissage-2","36":"product_tag-poubelle","37":"product_tag-poudre","38":"product_tag-pour","39":"product_tag-rapide","40":"product_tag-rapide-2","41":"product_tag-soda","42":"product_tag-supprimer","43":"product_tag-supprimer-3","44":"product_tag-video","45":"product_shipping_class-standard","47":"first","48":"instock","49":"taxable","50":"shipping-taxable","51":"purchasable","52":"product-type-simple"},"acf":[],"_links":{"self":[{"href":"https:\/\/esquell.eu\/fr\/wp-json\/wp\/v2\/product\/12943","targetHints":{"allow":["GET"]}}],"collection":[{"href":"https:\/\/esquell.eu\/fr\/wp-json\/wp\/v2\/product"}],"about":[{"href":"https:\/\/esquell.eu\/fr\/wp-json\/wp\/v2\/types\/product"}],"replies":[{"embeddable":true,"href":"https:\/\/esquell.eu\/fr\/wp-json\/wp\/v2\/comments?post=12943"}],"wp:featuredmedia":[{"embeddable":true,"href":"https:\/\/esquell.eu\/fr\/wp-json\/wp\/v2\/media\/12946"}],"wp:attachment":[{"href":"https:\/\/esquell.eu\/fr\/wp-json\/wp\/v2\/media?parent=12943"}],"wp:term":[{"taxonomy":"more","embeddable":true,"href":"https:\/\/esquell.eu\/fr\/wp-json\/wp\/v2\/more?post=12943"},{"taxonomy":"product_brand","embeddable":true,"href":"https:\/\/esquell.eu\/fr\/wp-json\/wp\/v2\/product_brand?post=12943"},{"taxonomy":"product_cat","embeddable":true,"href":"https:\/\/esquell.eu\/fr\/wp-json\/wp\/v2\/product_cat?post=12943"},{"taxonomy":"product_tag","embeddable":true,"href":"https:\/\/esquell.eu\/fr\/wp-json\/wp\/v2\/product_tag?post=12943"}],"curies":[{"name":"wp","href":"https:\/\/api.w.org\/{rel}","templated":true}]}}