{"id":12942,"date":"2025-04-03T09:11:34","date_gmt":"2025-04-03T09:11:34","guid":{"rendered":"https:\/\/esquell.eu\/product\/boite-de-rangement-pour-largile-metallique\/"},"modified":"2026-01-17T04:49:05","modified_gmt":"2026-01-17T04:49:05","slug":"boite-de-rangement-pour-largile-metallique","status":"publish","type":"product","link":"https:\/\/esquell.eu\/fr\/produit\/boite-de-rangement-pour-largile-metallique\/","title":{"rendered":"Bo\u00eete de rangement pour l&rsquo;argile (m\u00e9tallique)"},"content":{"rendered":"<p>Bo\u00eete de rangement en plastique pour l&rsquo;argile (m\u00e9tallique).<\/p>\n<p>La bo\u00eete en plastique est munie d&rsquo;un couvercle \u00e0 vis et d&rsquo;une \u00e9ponge.<\/p>\n<p>Humidifiez l&rsquo;\u00e9ponge. L&rsquo;argile cass\u00e9e peut \u00eatre conserv\u00e9e dans une feuille d&rsquo;aluminium dans la bo\u00eete sans se dess\u00e9cher. <\/p>\n","protected":false},"excerpt":{"rendered":"<p>Bo\u00eete de rangement en plastique pour l&rsquo;argile (m\u00e9tallique).<\/p>\n<p>La bo\u00eete en plastique est munie d&rsquo;un couvercle \u00e0 vis et d&rsquo;une \u00e9ponge.<\/p>\n<p>Humidifiez l&rsquo;\u00e9ponge. L&rsquo;argile cass\u00e9e peut \u00eatre conserv\u00e9e dans une feuille d&rsquo;aluminium dans la bo\u00eete sans se dess\u00e9cher. <\/p>\n<p>&nbsp;<\/p>\n<p>&nbsp;<\/p>\n","protected":false},"featured_media":12944,"comment_status":"closed","ping_status":"closed","template":"","meta":{"_acf_changed":false,"_seopress_robots_primary_cat":"none","_seopress_titles_title":"","_seopress_titles_desc":"","_seopress_robots_index":""},"more":[],"product_brand":[6398],"product_cat":[7504,7412],"product_tag":[6470,6476,6645,8284,6646,6945,7024,6923,7098,6638,6931,7096,7339,6388,6473,6404,6406,6420,7028,6378,6390,10133,6405,6376,6949,6565,6393,6372,9889,10128,9887,10114,6402,6641,6958,6389,6409,6412,6935,7770,6819,6579,7762,8282,10129,6650,7847,8503,7038,8509,6647,7043,10126,7766,10130,6374,10110,10141,6815,6933,8864,9093,6951,7120,10124,6745,6369,6634,6472,6930,7026,10143,6426,6759,7031,10137,10122,6567,10082,6652,6937,6643,6657,6816,6391,10118,9089,7029,7094,10131,9778,10135,21605,6751,6925,8454,10116,10112,8511,10139,10120,6408,7032],"class_list":{"0":"post-12942","1":"product","2":"type-product","3":"status-publish","4":"has-post-thumbnail","6":"product_brand-l1","7":"product_cat-argile","8":"product_cat-outils-de-base","9":"product_tag-6470","10":"product_tag-6476","11":"product_tag-a","12":"product_tag-achats-3","13":"product_tag-acheter","14":"product_tag-alkmaar","15":"product_tag-almere","16":"product_tag-amsterdam","17":"product_tag-anneau","18":"product_tag-anneaux","19":"product_tag-anvers","20":"product_tag-apeldoorn","21":"product_tag-argent-malleable","22":"product_tag-argile","23":"product_tag-argile-2","24":"product_tag-argile-argentee","25":"product_tag-argile-aurifere","26":"product_tag-argile-bronze","27":"product_tag-argile-cuivreuse","28":"product_tag-argile-metallique","29":"product_tag-argile-metallique-2","30":"product_tag-argile-metallique-precieuse","31":"product_tag-artclay","32":"product_tag-artclaysilver","33":"product_tag-assen","34":"product_tag-atelier","35":"product_tag-belgique","36":"product_tag-bijoux","37":"product_tag-bocal-de-stockage","38":"product_tag-boite-3","39":"product_tag-boite-de-rangement-3","40":"product_tag-boite-de-rangement-4","41":"product_tag-bon-marche","42":"product_tag-boucles-doreilles","43":"product_tag-boutique","44":"product_tag-boutique-en-ligne","45":"product_tag-bricolage","46":"product_tag-bronze","47":"product_tag-bruxelles","48":"product_tag-camps","49":"product_tag-cernit","50":"product_tag-certifie","51":"product_tag-coevorden","52":"product_tag-comment","53":"product_tag-conserver","54":"product_tag-cuivre","55":"product_tag-degagement","56":"product_tag-dronten","57":"product_tag-eindhoven","58":"product_tag-emmeloord","59":"product_tag-en-ligne","60":"product_tag-enschede","61":"product_tag-eponge","62":"product_tag-etreilen","63":"product_tag-eviter","64":"product_tag-faire","65":"product_tag-fait","66":"product_tag-fait-a-la-main","67":"product_tag-fimo","68":"product_tag-gentilhomme","69":"product_tag-goujons","70":"product_tag-gronigen","71":"product_tag-heerenveen","72":"product_tag-hoogeveen","73":"product_tag-humide","74":"product_tag-instructeur","75":"product_tag-largent","76":"product_tag-largent-3","77":"product_tag-lart","78":"product_tag-leeuwarden","79":"product_tag-lelystad","80":"product_tag-main","81":"product_tag-malleable","82":"product_tag-metal","83":"product_tag-metal-2","84":"product_tag-metal-precieux","85":"product_tag-moi","86":"product_tag-offrir","87":"product_tag-orfevre-3","88":"product_tag-orfevres","89":"product_tag-ostende","90":"product_tag-ou","91":"product_tag-overijssel","92":"product_tag-pate-polymere","93":"product_tag-pays-bas","94":"product_tag-peut","95":"product_tag-plastique-3","96":"product_tag-pmc","97":"product_tag-pont","98":"product_tag-precieux","99":"product_tag-prevenir","100":"product_tag-professionnel-4","101":"product_tag-professionnel-8","102":"product_tag-reduction","103":"product_tag-rotterdam","104":"product_tag-sauver","105":"product_tag-sauver-2","106":"product_tag-se-dessecher","107":"product_tag-se-faufiler","108":"product_tag-unique","109":"product_tag-votre-2","110":"product_tag-vous","111":"product_tag-zwolle","112":"product_shipping_class-standard","114":"first","115":"outofstock","116":"taxable","117":"shipping-taxable","118":"purchasable","119":"product-type-simple"},"acf":[],"_links":{"self":[{"href":"https:\/\/esquell.eu\/fr\/wp-json\/wp\/v2\/product\/12942","targetHints":{"allow":["GET"]}}],"collection":[{"href":"https:\/\/esquell.eu\/fr\/wp-json\/wp\/v2\/product"}],"about":[{"href":"https:\/\/esquell.eu\/fr\/wp-json\/wp\/v2\/types\/product"}],"replies":[{"embeddable":true,"href":"https:\/\/esquell.eu\/fr\/wp-json\/wp\/v2\/comments?post=12942"}],"wp:featuredmedia":[{"embeddable":true,"href":"https:\/\/esquell.eu\/fr\/wp-json\/wp\/v2\/media\/12944"}],"wp:attachment":[{"href":"https:\/\/esquell.eu\/fr\/wp-json\/wp\/v2\/media?parent=12942"}],"wp:term":[{"taxonomy":"more","embeddable":true,"href":"https:\/\/esquell.eu\/fr\/wp-json\/wp\/v2\/more?post=12942"},{"taxonomy":"product_brand","embeddable":true,"href":"https:\/\/esquell.eu\/fr\/wp-json\/wp\/v2\/product_brand?post=12942"},{"taxonomy":"product_cat","embeddable":true,"href":"https:\/\/esquell.eu\/fr\/wp-json\/wp\/v2\/product_cat?post=12942"},{"taxonomy":"product_tag","embeddable":true,"href":"https:\/\/esquell.eu\/fr\/wp-json\/wp\/v2\/product_tag?post=12942"}],"curies":[{"name":"wp","href":"https:\/\/api.w.org\/{rel}","templated":true}]}}