{"id":12940,"date":"2025-04-03T09:11:26","date_gmt":"2025-04-03T09:11:26","guid":{"rendered":"https:\/\/esquell.eu\/product\/savon-de-polissage-1-litre-v10\/"},"modified":"2025-11-09T09:28:44","modified_gmt":"2025-11-09T09:28:44","slug":"savon-de-polissage-1-litre-v10","status":"publish","type":"product","link":"https:\/\/esquell.eu\/fr\/produit\/savon-de-polissage-1-litre-v10\/","title":{"rendered":"Savon de polissage 1 litre V10"},"content":{"rendered":"<div class=\"product-addition-content\">\n<p><strong>Sans ammoniaque<\/strong>.<br \/>\nConvient aux m\u00e9taux de base. Pour un brillant durable.<x id=\"gid_2\"><\/x>Rapport : 5-20 ml. par litre d&rsquo;eau.  <\/p>\n<p>Voir la fiche technique du produit pour les avertissements de s\u00e9curit\u00e9.<\/p>\n<p><strong>Composants d\u00e9terminant le danger<\/strong><br \/>\nSecondaire Sulfonate d&rsquo;alcane, sel de sodium Phosphate de sodium tribasique dod\u00e9cahydrat\u00e9 \u00c9thoxylate d&rsquo;alcool<\/p>\n<p><strong>Mentions de danger<\/strong><br \/>\n<strong>H315<\/strong><br \/>\nProvoque une irritation de la peau.<\/p>\n<p><strong>H318<\/strong><br \/>\nProvoque de graves l\u00e9sions oculaires.<\/p>\n<p><strong>Recommandations de s\u00e9curit\u00e9<\/strong><br \/>\n<strong>P280<\/strong><br \/>\nPorter des gants de protection\/un \u00e9quipement de protection des yeux\/un \u00e9quipement de protection du visage.<\/p>\n<p><strong>P305 + P351 + P338<\/strong><br \/>\nEN CAS DE CONTACT AVEC LES YEUX : Rincer prudemment avec de l&rsquo;eau pendant plusieurs minutes ; retirer les lentilles de contact si possible ; continuer \u00e0 rincer.<\/p>\n<p><strong>P332 + P313<\/strong><br \/>\nEn cas d&rsquo;irritation de la peau : consulter un m\u00e9decin.<\/p>\n<p><strong>P302 + P352<\/strong><br \/>\nEN CAS DE CONTACT AVEC LA PEAU : Laver abondamment \u00e0 l&rsquo;eau.<\/p>\n<p><strong>P362 + P364<\/strong><br \/>\nEnlever et laver les v\u00eatements contamin\u00e9s avant de les r\u00e9utiliser.<\/p>\n<p><strong>Num\u00e9ro CAS<\/strong><br \/>\n97489-15-1, sulfonate d&rsquo;alcane secondaire, sel de sodium<\/p>\n<p><strong>Num\u00e9ro CAS<\/strong><br \/>\n68411-30-3, acide benz\u00e8nesulfonique, d\u00e9riv\u00e9s C10-13-alkyle, sels de sodium<\/p>\n<p><strong>Num\u00e9ro CAS<\/strong><br \/>\n10101-89-0, phosphate de sodium tribasique dod\u00e9cahydrat\u00e9<\/p>\n<p><strong>Num\u00e9ro CAS<\/strong><br \/>\n5949-29-1, acide citrique monohydrat\u00e9<\/p>\n<p><strong>Num\u00e9ro CAS<\/strong><br \/>\n9043-30-5, \u00e9thoxylate d&rsquo;alcool<\/p>\n<\/div>\n","protected":false},"excerpt":{"rendered":"<p>N31 Liquide de polissage pour tambour de polissage<br \/>\nAvec ammoniaque<br \/>\nLiquide respectueux de l&rsquo;environnement<\/p>\n<p>Pour l&rsquo;or, l&rsquo;argent, le doubl\u00e9, le cuivre et le laiton<br \/>\nPolit et prot\u00e8ge<br \/>\nRapport de m\u00e9lange : 5-20 ml par litre<br \/>\nContenu : 1 litre<\/p>\n<p>&nbsp;<\/p>\n<p>Voir la fiche technique du produit pour les avertissements de s\u00e9curit\u00e9.<\/p>\n<p>&nbsp;<\/p>\n<p>&nbsp;<\/p>\n<p><strong>Composants d\u00e9terminant le danger<\/strong><\/p>\n<p>Ammoniaque, \u00e9thoxylate d&rsquo;alcool<\/p>\n<p>&nbsp;<\/p>\n<p><strong>Mentions de danger<\/strong><\/p>\n<p><strong>H315<\/strong><\/p>\n<p>Provoque une irritation de la peau.<\/p>\n<p>&nbsp;<\/p>\n<p><strong>H318<\/strong><\/p>\n<p>Provoque de graves l\u00e9sions oculaires.<\/p>\n<p>&nbsp;<\/p>\n<p><strong>Recommandations de s\u00e9curit\u00e9<\/strong><\/p>\n<p><strong>P280<\/strong><\/p>\n<p>Porter des gants de protection\/un \u00e9quipement de protection des yeux.<\/p>\n<p>&nbsp;<\/p>\n<p><strong>P305 + P351 + P338<\/strong><\/p>\n<p>EN CAS DE CONTACT AVEC LES YEUX : rincer doucement \u00e0 l&rsquo;eau pendant plusieurs minutes ; retirer les lentilles de contact, si possible ; continuer \u00e0 rincer.<\/p>\n<p>&nbsp;<\/p>\n<p><strong>P332 + P313<\/strong><\/p>\n<p>En cas d&rsquo;irritation de la peau : consultez un m\u00e9decin.<\/p>\n<p>&nbsp;<\/p>\n<p><strong>P302 + P352<\/strong><\/p>\n<p>EN CAS DE CONTACT AVEC LA PEAU : laver abondamment \u00e0 l&rsquo;eau.<\/p>\n<p>&nbsp;<\/p>\n<p><strong>P362 + P364<\/strong><\/p>\n<p>Retirez et lavez les v\u00eatements contamin\u00e9s avant de les r\u00e9utiliser.<\/p>\n<p>&nbsp;<\/p>\n<p><strong>Num\u00e9ro CAS<\/strong><\/p>\n<p>1336-21-6, ammoniac<\/p>\n<p>&nbsp;<\/p>\n<p><strong>Num\u00e9ro CAS<\/strong><\/p>\n<p>5949-29-1, acide citrique monohydrat\u00e9<\/p>\n<p>&nbsp;<\/p>\n<p><strong>Num\u00e9ro CAS<\/strong><\/p>\n<p>68411-30-3, acide benz\u00e8nesulfonique, d\u00e9riv\u00e9s C10-13-alkyle, sels de sodium<\/p>\n<p>&nbsp;<\/p>\n<p><strong>Num\u00e9ro CAS<\/strong><\/p>\n<p>9043-30-5, \u00e9thoxylate d&rsquo;alcool<\/p>\n<p>&nbsp;<\/p>\n","protected":false},"featured_media":7736,"comment_status":"closed","ping_status":"closed","template":"","meta":{"_acf_changed":false,"_seopress_robots_primary_cat":"none","_seopress_titles_title":"","_seopress_titles_desc":"","_seopress_robots_index":""},"more":[],"product_brand":[6363],"product_cat":[6366],"product_tag":[6645,8284,6646,6939,10187,6847,10091,7024,7036,6638,6931,7096,10195,6393,6372,6642,10297,10191,10293,6641,6389,6792,7582,10197,10294,20281,6412,6935,7770,6649,6650,7047,8489,9086,8509,6647,6724,10080,9961,6374,10198,10299,6933,10193,6712,6951,10092,6369,6403,7121,8682,6930,7026,8501,6968,10086,10200,7042,6640,7040,7034,10082,6652,7353,10295,6937,6643,6636,10300,6391,6644,8028,6927,10185,10088,8861,10199,7094,10301,10302,10304,10310,6925,10084,6943,10306,10093,10189,10090,10312,6787,10308,8495,10094,7032],"class_list":{"0":"post-12940","1":"product","2":"type-product","3":"status-publish","4":"has-post-thumbnail","6":"product_brand-bm","7":"product_cat-poncage-limage-et-polissage","8":"product_tag-a","9":"product_tag-achats-3","10":"product_tag-acheter","11":"product_tag-acheter-2","12":"product_tag-acier-2","13":"product_tag-acier-inoxydable","14":"product_tag-acier-inoxydable-3","15":"product_tag-almere","16":"product_tag-amersfoort","17":"product_tag-anneaux","18":"product_tag-anvers","19":"product_tag-apeldoorn","20":"product_tag-balles","21":"product_tag-belgique","22":"product_tag-bijoux","23":"product_tag-bijoux-2","24":"product_tag-bijoux-en-argent-4","25":"product_tag-billes-de-polissage","26":"product_tag-billes-de-polissage-2","27":"product_tag-boucles-doreilles","28":"product_tag-boutique-en-ligne","29":"product_tag-bracelet","30":"product_tag-breda","31":"product_tag-brillant-2","32":"product_tag-brillant-3","33":"product_tag-brillant-7","34":"product_tag-bronze","35":"product_tag-bruxelles","36":"product_tag-camps","37":"product_tag-commande","38":"product_tag-cuivre","39":"product_tag-delft","40":"product_tag-den-bosch","41":"product_tag-dordrecht","42":"product_tag-emmeloord","43":"product_tag-en-ligne","44":"product_tag-envoyer","45":"product_tag-fabrication-de-bijoux-2","46":"product_tag-fabrication-de-bijoux-par-soi-meme-2","47":"product_tag-faire","48":"product_tag-finition","49":"product_tag-fournitures-pour-bijoux-2","50":"product_tag-gentilhomme","51":"product_tag-granules","52":"product_tag-gratuit","53":"product_tag-heerenveen","54":"product_tag-inox","55":"product_tag-largent","56":"product_tag-lor","57":"product_tag-la-haye","58":"product_tag-laiton","59":"product_tag-leeuwarden","60":"product_tag-lelystad","61":"product_tag-lemmer","62":"product_tag-liens","63":"product_tag-liquide-de-polissage","64":"product_tag-lisse","65":"product_tag-maastricht","66":"product_tag-maison","67":"product_tag-middelburg","68":"product_tag-nijmegen","69":"product_tag-orfevre-3","70":"product_tag-orfevres","71":"product_tag-orfevres-3","72":"product_tag-ornements-auto-argentes-fabriques","73":"product_tag-ostende","74":"product_tag-ou","75":"product_tag-outils","76":"product_tag-outils-de-bijouterie-3","77":"product_tag-pays-bas","78":"product_tag-pieces","79":"product_tag-pieces-de-bijouterie","80":"product_tag-plomb","81":"product_tag-polir-3","82":"product_tag-polir-2","83":"product_tag-polissage","84":"product_tag-polissage-du-miroir","85":"product_tag-pont","86":"product_tag-requis-et","87":"product_tag-rijswijk","88":"product_tag-rincage","89":"product_tag-rosendaal","90":"product_tag-rotterdam","91":"product_tag-savon-de-polissage","92":"product_tag-scheveningen","93":"product_tag-soest","94":"product_tag-stainles","95":"product_tag-tambour","96":"product_tag-tambour-de-polissage","97":"product_tag-tilburg","98":"product_tag-utrecht","99":"product_tag-va","100":"product_tag-venlo","101":"product_tag-voler","102":"product_tag-zwolle","103":"product_shipping_class-standard","105":"first","106":"instock","107":"taxable","108":"shipping-taxable","109":"purchasable","110":"product-type-simple"},"acf":[],"_links":{"self":[{"href":"https:\/\/esquell.eu\/fr\/wp-json\/wp\/v2\/product\/12940","targetHints":{"allow":["GET"]}}],"collection":[{"href":"https:\/\/esquell.eu\/fr\/wp-json\/wp\/v2\/product"}],"about":[{"href":"https:\/\/esquell.eu\/fr\/wp-json\/wp\/v2\/types\/product"}],"replies":[{"embeddable":true,"href":"https:\/\/esquell.eu\/fr\/wp-json\/wp\/v2\/comments?post=12940"}],"wp:featuredmedia":[{"embeddable":true,"href":"https:\/\/esquell.eu\/fr\/wp-json\/wp\/v2\/media\/7736"}],"wp:attachment":[{"href":"https:\/\/esquell.eu\/fr\/wp-json\/wp\/v2\/media?parent=12940"}],"wp:term":[{"taxonomy":"more","embeddable":true,"href":"https:\/\/esquell.eu\/fr\/wp-json\/wp\/v2\/more?post=12940"},{"taxonomy":"product_brand","embeddable":true,"href":"https:\/\/esquell.eu\/fr\/wp-json\/wp\/v2\/product_brand?post=12940"},{"taxonomy":"product_cat","embeddable":true,"href":"https:\/\/esquell.eu\/fr\/wp-json\/wp\/v2\/product_cat?post=12940"},{"taxonomy":"product_tag","embeddable":true,"href":"https:\/\/esquell.eu\/fr\/wp-json\/wp\/v2\/product_tag?post=12940"}],"curies":[{"name":"wp","href":"https:\/\/api.w.org\/{rel}","templated":true}]}}