{"id":12909,"date":"2025-04-03T09:11:26","date_gmt":"2025-04-03T09:11:26","guid":{"rendered":"https:\/\/esquell.eu\/product\/formule-anti-plaque-slik-pour-la-peau\/"},"modified":"2025-11-09T06:46:07","modified_gmt":"2025-11-09T06:46:07","slug":"formule-anti-plaque-slik-pour-la-peau","status":"publish","type":"product","link":"https:\/\/esquell.eu\/fr\/produit\/formule-anti-plaque-slik-pour-la-peau\/","title":{"rendered":"Formule anti-plaque SLIK pour la peau"},"content":{"rendered":"<p>Emp\u00eachez l&rsquo;argile m\u00e9tallique de coller \u00e0 vos mains !<br \/>\nL&rsquo;hirondelle est con\u00e7ue pour prendre soin de la peau et garder les mains s\u00e8ches et exemptes de graisse. Il est \u00e9galement id\u00e9al pour les outils lorsque vous travaillez avec de l&rsquo;argile humide.<br \/>\nContenu de plus de 56 grammes <\/p>\n<p>Note : Swallow contient du soja.<\/p>\n","protected":false},"excerpt":{"rendered":"<p>Emp\u00eachez l&rsquo;argile m\u00e9tallique de coller \u00e0 vos mains !<br \/>\nL&rsquo;hirondelle est con\u00e7ue pour prendre soin de la peau et garder les mains s\u00e8ches et exemptes de graisse. Il est \u00e9galement id\u00e9al pour les outils lorsque vous travaillez avec de l&rsquo;argile humide.<br \/>\nContenu de plus de 56 grammes <\/p>\n<p>Note : Swallow contient du soja.<\/p>\n<p>&nbsp;<\/p>\n<p>&nbsp;<\/p>\n","protected":false},"featured_media":12911,"comment_status":"closed","ping_status":"closed","template":"","meta":{"_acf_changed":false,"_seopress_robots_primary_cat":"none","_seopress_titles_title":"","_seopress_titles_desc":"","_seopress_robots_index":""},"more":[],"product_brand":[6736],"product_cat":[7504,6364],"product_tag":[8213,9799,6404,6378,6390,7421,6737,7425,7419,6738,8424,9928,8209,7413,7417,7415,9926,6726,7423,8211,9922,9924,7429,7427,7431],"class_list":{"0":"post-12909","1":"product","2":"type-product","3":"status-publish","4":"has-post-thumbnail","6":"product_brand-des-outils-sympas","7":"product_cat-argile","8":"product_cat-materiel-supplementaire","9":"product_tag-agent-de-demoulage","10":"product_tag-antiadhesif","11":"product_tag-argile-argentee","12":"product_tag-argile-metallique","13":"product_tag-argile-metallique-2","14":"product_tag-artclay-argent","15":"product_tag-avaler","16":"product_tag-caoutchouc-texture","17":"product_tag-collant","18":"product_tag-cool","19":"product_tag-cooltools","20":"product_tag-creme","21":"product_tag-estampillage","22":"product_tag-formule-antiadhesive","23":"product_tag-glissiere-de-securite","24":"product_tag-huile-dolive","25":"product_tag-mains","26":"product_tag-outils-2","27":"product_tag-panneaux-textures","28":"product_tag-pate-2","29":"product_tag-peau","30":"product_tag-protection","31":"product_tag-structures","32":"product_tag-textures","33":"product_tag-timbres","34":"product_shipping_class-standard","36":"first","37":"instock","38":"taxable","39":"shipping-taxable","40":"purchasable","41":"product-type-simple"},"acf":[],"_links":{"self":[{"href":"https:\/\/esquell.eu\/fr\/wp-json\/wp\/v2\/product\/12909","targetHints":{"allow":["GET"]}}],"collection":[{"href":"https:\/\/esquell.eu\/fr\/wp-json\/wp\/v2\/product"}],"about":[{"href":"https:\/\/esquell.eu\/fr\/wp-json\/wp\/v2\/types\/product"}],"replies":[{"embeddable":true,"href":"https:\/\/esquell.eu\/fr\/wp-json\/wp\/v2\/comments?post=12909"}],"wp:featuredmedia":[{"embeddable":true,"href":"https:\/\/esquell.eu\/fr\/wp-json\/wp\/v2\/media\/12911"}],"wp:attachment":[{"href":"https:\/\/esquell.eu\/fr\/wp-json\/wp\/v2\/media?parent=12909"}],"wp:term":[{"taxonomy":"more","embeddable":true,"href":"https:\/\/esquell.eu\/fr\/wp-json\/wp\/v2\/more?post=12909"},{"taxonomy":"product_brand","embeddable":true,"href":"https:\/\/esquell.eu\/fr\/wp-json\/wp\/v2\/product_brand?post=12909"},{"taxonomy":"product_cat","embeddable":true,"href":"https:\/\/esquell.eu\/fr\/wp-json\/wp\/v2\/product_cat?post=12909"},{"taxonomy":"product_tag","embeddable":true,"href":"https:\/\/esquell.eu\/fr\/wp-json\/wp\/v2\/product_tag?post=12909"}],"curies":[{"name":"wp","href":"https:\/\/api.w.org\/{rel}","templated":true}]}}