{"id":12904,"date":"2025-04-03T09:11:26","date_gmt":"2025-04-03T09:11:26","guid":{"rendered":"https:\/\/esquell.eu\/product\/clay-tack-by-cooltools-etablir-des-liens-dans-largile-argentee\/"},"modified":"2026-01-10T17:06:25","modified_gmt":"2026-01-10T17:06:25","slug":"clay-tack-by-cooltools-etablir-des-liens-dans-largile-dargent","status":"publish","type":"product","link":"https:\/\/esquell.eu\/fr\/produit\/clay-tack-by-cooltools-etablir-des-liens-dans-largile-dargent\/","title":{"rendered":"Clay Tack by Cooltools \u00c9tablir des liens dans l&rsquo;argile argent\u00e9e."},"content":{"rendered":"<p>Clay Tack est un outil pour faire des joints dans l&rsquo;argile argent\u00e9e. Vous pouvez l&rsquo;ajouter \u00e0 de l&rsquo;argile agglom\u00e9r\u00e9e pour cr\u00e9er votre propre p\u00e2te d&rsquo;argile m\u00e9tallique. <\/p>\n<p>Clay Tack fonctionne comme une super-colle pour l&rsquo;argile m\u00e9tallique et offre une adh\u00e9rence sup\u00e9rieure. Il vous aide \u00e0 r\u00e9parer et \u00e0 assembler les pi\u00e8ces (qu&rsquo;elles soient s\u00e8ches ou encore dans l&rsquo;argile). Plus de d\u00e9g\u00e2ts ni de nettoyage ! Faites un joint propre en quelques secondes. Agitez avant utilisation.<br \/>\nUtilisez avec parcimonie sur les zones d&rsquo;assemblage. Maintenez le produit pendant 20 secondes pour qu&rsquo;il adh\u00e8re.     <\/p>\n","protected":false},"excerpt":{"rendered":"<p>Clay Tack est un outil pour faire des joints dans l&rsquo;argile argent\u00e9e. Vous pouvez l&rsquo;ajouter \u00e0 de l&rsquo;argile agglom\u00e9r\u00e9e pour cr\u00e9er votre propre p\u00e2te d&rsquo;argile m\u00e9tallique. <\/p>\n<p>&nbsp;<\/p>\n<p>Clay Tack fonctionne comme une super-colle pour l&rsquo;argile m\u00e9tallique et offre une adh\u00e9rence sup\u00e9rieure. Il vous aide \u00e0 r\u00e9parer et \u00e0 assembler les pi\u00e8ces (qu&rsquo;elles soient s\u00e8ches ou encore dans l&rsquo;argile). Plus de d\u00e9g\u00e2ts ni de nettoyage ! Faites un joint propre en quelques secondes. Agitez avant utilisation.<br \/>\nUtilisez avec parcimonie sur les zones d&rsquo;assemblage. Maintenez le produit pendant 20 secondes pour qu&rsquo;il adh\u00e8re.     <\/p>\n","protected":false},"featured_media":12908,"comment_status":"closed","ping_status":"closed","template":"","meta":{"_acf_changed":false,"_seopress_robots_primary_cat":"none","_seopress_titles_title":"","_seopress_titles_desc":"","_seopress_robots_index":""},"more":[],"product_brand":[6736],"product_cat":[7504,6364,7412],"product_tag":[9921,9912,6473,6404,7500,6378,9919,9917,7517,9007,9911,6374,8167,8161,8165,8623,6644,7506,9915,6407,6408],"class_list":{"0":"post-12904","1":"product","2":"type-product","3":"status-publish","4":"has-post-thumbnail","6":"product_brand-des-outils-sympas","7":"product_cat-argile","8":"product_cat-materiel-supplementaire","9":"product_cat-outils-de-base","10":"product_tag-adhesion-2","11":"product_tag-argile-4","12":"product_tag-argile-2","13":"product_tag-argile-argentee","14":"product_tag-argile-argentee-3","15":"product_tag-argile-metallique","16":"product_tag-colle","17":"product_tag-connexions","18":"product_tag-cooltools-cool-outils","19":"product_tag-en-vrac","20":"product_tag-fabricant","21":"product_tag-faire","22":"product_tag-pate","23":"product_tag-pate-dargile-argentee","24":"product_tag-pates","25":"product_tag-patissier","26":"product_tag-pieces","27":"product_tag-pour","28":"product_tag-punaise","29":"product_tag-silverclay-co-uk","30":"product_tag-vous","31":"product_shipping_class-standard","33":"first","34":"instock","35":"taxable","36":"shipping-taxable","37":"purchasable","38":"product-type-simple"},"acf":[],"_links":{"self":[{"href":"https:\/\/esquell.eu\/fr\/wp-json\/wp\/v2\/product\/12904","targetHints":{"allow":["GET"]}}],"collection":[{"href":"https:\/\/esquell.eu\/fr\/wp-json\/wp\/v2\/product"}],"about":[{"href":"https:\/\/esquell.eu\/fr\/wp-json\/wp\/v2\/types\/product"}],"replies":[{"embeddable":true,"href":"https:\/\/esquell.eu\/fr\/wp-json\/wp\/v2\/comments?post=12904"}],"wp:featuredmedia":[{"embeddable":true,"href":"https:\/\/esquell.eu\/fr\/wp-json\/wp\/v2\/media\/12908"}],"wp:attachment":[{"href":"https:\/\/esquell.eu\/fr\/wp-json\/wp\/v2\/media?parent=12904"}],"wp:term":[{"taxonomy":"more","embeddable":true,"href":"https:\/\/esquell.eu\/fr\/wp-json\/wp\/v2\/more?post=12904"},{"taxonomy":"product_brand","embeddable":true,"href":"https:\/\/esquell.eu\/fr\/wp-json\/wp\/v2\/product_brand?post=12904"},{"taxonomy":"product_cat","embeddable":true,"href":"https:\/\/esquell.eu\/fr\/wp-json\/wp\/v2\/product_cat?post=12904"},{"taxonomy":"product_tag","embeddable":true,"href":"https:\/\/esquell.eu\/fr\/wp-json\/wp\/v2\/product_tag?post=12904"}],"curies":[{"name":"wp","href":"https:\/\/api.w.org\/{rel}","templated":true}]}}