{"id":12878,"date":"2025-04-03T09:11:34","date_gmt":"2025-04-03T09:11:34","guid":{"rendered":"https:\/\/esquell.eu\/product\/lunettes-de-securite\/"},"modified":"2026-02-14T10:38:00","modified_gmt":"2026-02-14T10:38:00","slug":"lunettes-de-securite","status":"publish","type":"product","link":"https:\/\/esquell.eu\/fr\/produit\/lunettes-de-securite\/","title":{"rendered":"Lunettes de s\u00e9curit\u00e9"},"content":{"rendered":"<p>Lunettes de protection en plastique pour prot\u00e9ger vos yeux, par exemple lors de l&rsquo;utilisation d&rsquo;un dremel ou d&rsquo;un autre outil multiple, ou lors de la soudure et de la cuisson de l&rsquo;argile.<\/p>\n","protected":false},"excerpt":{"rendered":"<p>Lunettes de protection en plastique pour prot\u00e9ger vos yeux, par exemple lors de l&rsquo;utilisation d&rsquo;un dremel ou d&rsquo;un autre outil multiple, ou lors de la soudure et de la cuisson de l&rsquo;argile.<\/p>\n","protected":false},"featured_media":12880,"comment_status":"closed","ping_status":"closed","template":"","meta":{"_acf_changed":false,"_seopress_robots_primary_cat":"none","_seopress_titles_title":"","_seopress_titles_desc":"","_seopress_robots_index":""},"more":[],"product_brand":[6398],"product_cat":[9823,6364,6705,7468,6366],"product_tag":[6645,6646,6404,8641,6647,9830,9834,9825,21597,9827,9836,6643,6399,8861,9832,8078],"class_list":{"0":"post-12878","1":"product","2":"type-product","3":"status-publish","4":"has-post-thumbnail","6":"product_brand-l1","7":"product_cat-bake-off","8":"product_cat-materiel-supplementaire","9":"product_cat-outils-et-fournitures-pour-lemaillage","10":"product_cat-outils-et-fournitures-pour-le-verre","11":"product_cat-poncage-limage-et-polissage","12":"product_tag-a","13":"product_tag-acheter","14":"product_tag-argile-argentee","15":"product_tag-cuisson","16":"product_tag-en-ligne","17":"product_tag-la-securite","18":"product_tag-laser","19":"product_tag-lunettes","20":"product_tag-lunettes-2","21":"product_tag-lunettes-de-securite","22":"product_tag-multitool","23":"product_tag-ou","24":"product_tag-outil","25":"product_tag-polissage","26":"product_tag-protection-des-yeux","27":"product_tag-soudure","28":"product_shipping_class-standard","30":"first","31":"instock","32":"taxable","33":"shipping-taxable","34":"purchasable","35":"product-type-simple"},"acf":[],"_links":{"self":[{"href":"https:\/\/esquell.eu\/fr\/wp-json\/wp\/v2\/product\/12878","targetHints":{"allow":["GET"]}}],"collection":[{"href":"https:\/\/esquell.eu\/fr\/wp-json\/wp\/v2\/product"}],"about":[{"href":"https:\/\/esquell.eu\/fr\/wp-json\/wp\/v2\/types\/product"}],"replies":[{"embeddable":true,"href":"https:\/\/esquell.eu\/fr\/wp-json\/wp\/v2\/comments?post=12878"}],"wp:featuredmedia":[{"embeddable":true,"href":"https:\/\/esquell.eu\/fr\/wp-json\/wp\/v2\/media\/12880"}],"wp:attachment":[{"href":"https:\/\/esquell.eu\/fr\/wp-json\/wp\/v2\/media?parent=12878"}],"wp:term":[{"taxonomy":"more","embeddable":true,"href":"https:\/\/esquell.eu\/fr\/wp-json\/wp\/v2\/more?post=12878"},{"taxonomy":"product_brand","embeddable":true,"href":"https:\/\/esquell.eu\/fr\/wp-json\/wp\/v2\/product_brand?post=12878"},{"taxonomy":"product_cat","embeddable":true,"href":"https:\/\/esquell.eu\/fr\/wp-json\/wp\/v2\/product_cat?post=12878"},{"taxonomy":"product_tag","embeddable":true,"href":"https:\/\/esquell.eu\/fr\/wp-json\/wp\/v2\/product_tag?post=12878"}],"curies":[{"name":"wp","href":"https:\/\/api.w.org\/{rel}","templated":true}]}}