{"id":12875,"date":"2025-04-03T09:11:34","date_gmt":"2025-04-03T09:11:34","guid":{"rendered":"https:\/\/esquell.eu\/product\/bouteille-rechargeable-de-50-ml-convenant-a-divers-usages\/"},"modified":"2025-11-09T07:21:23","modified_gmt":"2025-11-09T07:21:23","slug":"bouteille-rechargeable-de-50-ml-convenant-a-divers-usages","status":"publish","type":"product","link":"https:\/\/esquell.eu\/fr\/produit\/bouteille-rechargeable-de-50-ml-convenant-a-divers-usages\/","title":{"rendered":"Bouteille rechargeable de 50 ml convenant \u00e0 divers usages."},"content":{"rendered":"<p>Flacon pratique et rechargeable, flacon pulv\u00e9risateur, 50 ml, que vous pouvez remplir avec de l&rsquo;eau ou de l&rsquo;huile, par exemple.<\/p>\n<p>De l&rsquo;eau pour humidifier l&rsquo;argile rapidement dess\u00e9ch\u00e9e, par exemple,<\/p>\n<p>L&rsquo;huile (d&rsquo;olive) comme antiadh\u00e9sif pour vos mains, votre surface de travail ou vos tampons et moules, etc. <\/p>\n","protected":false},"excerpt":{"rendered":"<p>Vaporisateur pratique et rechargeable de 50 ml, que vous pouvez remplir avec de l&rsquo;eau ou de l&rsquo;huile. Par exemple, de l&rsquo;eau pour humidifier rapidement l&rsquo;argile dess\u00e9ch\u00e9e, de l&rsquo;huile (d&rsquo;olive) comme antiadh\u00e9sif pour vos mains, votre plan de travail ou vos tampons et moules, etc. <\/p>\n","protected":false},"featured_media":7054,"comment_status":"closed","ping_status":"closed","template":"","meta":{"_acf_changed":false,"_seopress_robots_primary_cat":"none","_seopress_titles_title":"","_seopress_titles_desc":"","_seopress_robots_index":""},"more":[],"product_brand":[6398],"product_cat":[7504,7412],"product_tag":[6645,8048,6646,6939,8213,6397,9821,6923,6527,9799,9801,6931,7339,7668,9805,6388,6741,6404,9803,6420,7028,9097,6390,7100,6393,9795,6402,9781,9787,9974,6958,6412,6935,6819,6649,6706,6650,7047,8513,6395,6647,6724,9797,9809,9773,6933,6712,6651,9785,7415,9786,9793,7648,6369,9774,8996,6403,7030,9769,9780,9783,7685,7034,9817,9776,6937,6643,8718,9807,6544,8211,9819,8688,6816,6391,8796,6927,9041,7506,9778,9782,9789,9784,9791,6751,6443,9771,9815,6925,6407,9811,6722,9813,8690,7055,9977,6720],"class_list":{"0":"post-12875","1":"product","2":"type-product","3":"status-publish","4":"has-post-thumbnail","6":"product_brand-l1","7":"product_cat-argile","8":"product_cat-outils-de-base","9":"product_tag-a","10":"product_tag-a-vendre","11":"product_tag-acheter","12":"product_tag-acheter-2","13":"product_tag-agent-de-demoulage","14":"product_tag-allemagne","15":"product_tag-almeren","16":"product_tag-amsterdam","17":"product_tag-anti","18":"product_tag-antiadhesif","19":"product_tag-antiplastique","20":"product_tag-anvers","21":"product_tag-argent-malleable","22":"product_tag-argenterie-2","23":"product_tag-argenterie-3","24":"product_tag-argile","25":"product_tag-argile-3","26":"product_tag-argile-argentee","27":"product_tag-argile-artistique-2","28":"product_tag-argile-bronze","29":"product_tag-argile-cuivreuse","30":"product_tag-argile-en-tissu","31":"product_tag-argile-metallique-2","32":"product_tag-artclaysilvershop","33":"product_tag-belgique","34":"product_tag-bloc-de-metal","35":"product_tag-bon-marche","36":"product_tag-bouteille","37":"product_tag-bouteille-2","38":"product_tag-bouteille-3","39":"product_tag-boutique","40":"product_tag-bronze","41":"product_tag-bruxelles","42":"product_tag-cernit","43":"product_tag-commande","44":"product_tag-commerce-de-gros","45":"product_tag-cuivre","46":"product_tag-delft","47":"product_tag-delfzijl","48":"product_tag-deutsland","49":"product_tag-en-ligne","50":"product_tag-envoyer","51":"product_tag-epoxy","52":"product_tag-fournitures-pour-largile","53":"product_tag-fournitures-pour-largile-argentee","54":"product_tag-gentilhomme","55":"product_tag-gratuit","56":"product_tag-groningue","57":"product_tag-huile","58":"product_tag-huile-dolive","59":"product_tag-huile-de-lavande","60":"product_tag-humidifier","61":"product_tag-idees","62":"product_tag-largent","63":"product_tag-leau","64":"product_tag-linspiration","65":"product_tag-lor","66":"product_tag-liege","67":"product_tag-liquide","68":"product_tag-lubrifier","69":"product_tag-manque","70":"product_tag-nevadasdream","71":"product_tag-nijmegen","72":"product_tag-non-collant","73":"product_tag-offrir-3","74":"product_tag-ostende","75":"product_tag-ou","76":"product_tag-outils-en-argile","77":"product_tag-outils-en-terre-cuite-zivler-2","78":"product_tag-pas","79":"product_tag-pate-2","80":"product_tag-pate-3","81":"product_tag-pate-fimo","82":"product_tag-pate-polymere","83":"product_tag-pays-bas","84":"product_tag-perdant","85":"product_tag-plomb","86":"product_tag-porcelaine-2","87":"product_tag-pour","88":"product_tag-prevenir","89":"product_tag-pulveriser","90":"product_tag-pulveriser-2","91":"product_tag-rechargeable","92":"product_tag-rechargeable-2","93":"product_tag-reduction","94":"product_tag-resine-uv","95":"product_tag-ressource","96":"product_tag-revues","97":"product_tag-rotterdam","98":"product_tag-silverclay-co-uk","99":"product_tag-silverclaywebshop-2","100":"product_tag-silveribelgie","101":"product_tag-silverleionlin","102":"product_tag-tiret","103":"product_tag-verre","104":"product_tag-winschoten","105":"product_tag-zilverkleinederland","106":"product_shipping_class-standard","108":"first","109":"instock","110":"taxable","111":"shipping-taxable","112":"purchasable","113":"product-type-simple"},"acf":[],"_links":{"self":[{"href":"https:\/\/esquell.eu\/fr\/wp-json\/wp\/v2\/product\/12875","targetHints":{"allow":["GET"]}}],"collection":[{"href":"https:\/\/esquell.eu\/fr\/wp-json\/wp\/v2\/product"}],"about":[{"href":"https:\/\/esquell.eu\/fr\/wp-json\/wp\/v2\/types\/product"}],"replies":[{"embeddable":true,"href":"https:\/\/esquell.eu\/fr\/wp-json\/wp\/v2\/comments?post=12875"}],"wp:featuredmedia":[{"embeddable":true,"href":"https:\/\/esquell.eu\/fr\/wp-json\/wp\/v2\/media\/7054"}],"wp:attachment":[{"href":"https:\/\/esquell.eu\/fr\/wp-json\/wp\/v2\/media?parent=12875"}],"wp:term":[{"taxonomy":"more","embeddable":true,"href":"https:\/\/esquell.eu\/fr\/wp-json\/wp\/v2\/more?post=12875"},{"taxonomy":"product_brand","embeddable":true,"href":"https:\/\/esquell.eu\/fr\/wp-json\/wp\/v2\/product_brand?post=12875"},{"taxonomy":"product_cat","embeddable":true,"href":"https:\/\/esquell.eu\/fr\/wp-json\/wp\/v2\/product_cat?post=12875"},{"taxonomy":"product_tag","embeddable":true,"href":"https:\/\/esquell.eu\/fr\/wp-json\/wp\/v2\/product_tag?post=12875"}],"curies":[{"name":"wp","href":"https:\/\/api.w.org\/{rel}","templated":true}]}}