{"id":12856,"date":"2025-04-03T09:11:34","date_gmt":"2025-04-03T09:11:34","guid":{"rendered":"https:\/\/esquell.eu\/product\/fil-plat-en-argent-fin-pour-lemaillage-fil-de-cloisonnement-largeur-1mm-epaisseur-0-2mm\/"},"modified":"2025-04-03T09:11:34","modified_gmt":"2025-04-03T09:11:34","slug":"fil-plat-en-argent-fin-pour-lemaillage-fil-de-cloisonnement-largeur-1mm-epaisseur-0-2mm","status":"publish","type":"product","link":"https:\/\/esquell.eu\/fr\/produit\/fil-plat-en-argent-fin-pour-lemaillage-fil-de-cloisonnement-largeur-1mm-epaisseur-0-2mm\/","title":{"rendered":"Fil plat en argent fin pour l&rsquo;\u00e9maillage. Fil de cloisonnement Largeur 1mm, \u00e9paisseur 0.2mm."},"content":{"rendered":"<p>Le fil cloisonn\u00e9 est utilis\u00e9 pour le travail de l&rsquo;\u00e9mail, la bande tr\u00e8s fine, le fil plat, forme les bords entre les diff\u00e9rentes couleurs d&rsquo;\u00e9mail. La largeur du fil est de 1,00 mm, l&rsquo;\u00e9paisseur de 0,20 mm et la longueur de 100 cm. Les fils sont en argent fin (SV990).  <\/p>\n<p>Le cloisonn\u00e9 est une technique d&rsquo;\u00e9maillage qui consiste \u00e0 fixer des fils de fer \u00e9cras\u00e9s dans certains motifs ou figures sur un fond m\u00e9tallique. Cela peut se faire avec de la colle ou en appliquant d&rsquo;abord une couche d&rsquo;\u00e9mail, puis en appliquant le fil de fer par-dessus et en chauffant l&rsquo;objet au four, o\u00f9 le fil de fer s&rsquo;enfonce partiellement dans la couche d&rsquo;\u00e9mail. Les interstices entre les morceaux de fil sont recouverts de poudre d&rsquo;\u00e9mail de diff\u00e9rentes couleurs. Le fil de fer \u00e9cras\u00e9 emp\u00eache les couleurs de se m\u00e9langer pendant le chauffage de l&rsquo;\u00e9mail. Chaque couleur est ainsi enferm\u00e9e dans sa propre cellule.    <\/p>\n","protected":false},"excerpt":{"rendered":"<p>Le fil cloisonn\u00e9 est utilis\u00e9 pour le travail de l&rsquo;\u00e9mail, la bande tr\u00e8s fine, le fil plat, forme les bords entre les diff\u00e9rentes couleurs d&rsquo;\u00e9mail. La largeur du fil est de 1,00 mm, l&rsquo;\u00e9paisseur de 0,20 mm et la longueur de 100 cm. Les fils sont en argent fin (SV990).  <\/p>\n<p><strong> <\/strong><\/p>\n<p><strong> <\/strong><\/p>\n<p>Le cloisonn\u00e9 est une technique d&rsquo;\u00e9maillage qui consiste \u00e0 fixer des fils de fer \u00e9cras\u00e9s dans certains motifs ou figures sur un fond m\u00e9tallique. Cela peut se faire avec de la colle ou en appliquant d&rsquo;abord une couche d&rsquo;\u00e9mail, puis en appliquant le fil de fer par-dessus et en chauffant l&rsquo;objet au four, o\u00f9 le fil de fer s&rsquo;enfonce partiellement dans la couche d&rsquo;\u00e9mail. Les espaces entre les morceaux de fil sont recouverts de poudre d&rsquo;\u00e9mail de diff\u00e9rentes couleurs. Le fil de fer \u00e9cras\u00e9 emp\u00eache les couleurs de se m\u00e9langer pendant le chauffage de l&rsquo;\u00e9mail. Chaque couleur est ainsi enferm\u00e9e dans sa propre cellule.    <\/p>\n<p>&nbsp;<\/p>\n<p>&nbsp;<\/p>\n","protected":false},"featured_media":12859,"comment_status":"closed","ping_status":"closed","template":"","meta":{"_acf_changed":false,"_seopress_robots_primary_cat":"none","_seopress_titles_title":"","_seopress_titles_desc":"","_seopress_robots_index":""},"more":[],"product_brand":[6521],"product_cat":[6705],"product_tag":[7016,9740,9744,9742,7229,7233,8507,6381,7249,6369,9743,7268,8515,8460,9741,8456,7266,8304],"class_list":{"0":"post-12856","1":"product","2":"type-product","3":"status-publish","4":"has-post-thumbnail","6":"product_brand-promethee","7":"product_cat-outils-et-fournitures-pour-lemaillage","8":"product_tag-amende-2","9":"product_tag-cloisonne","10":"product_tag-colle-email","11":"product_tag-comique","12":"product_tag-email","13":"product_tag-emaillage","14":"product_tag-fil-de-fer","15":"product_tag-japon","16":"product_tag-japonais-2","17":"product_tag-largent","18":"product_tag-lepaisseur","19":"product_tag-opaque","20":"product_tag-plat","21":"product_tag-poudre-demail","22":"product_tag-poudre-demail-2","23":"product_tag-poudres-demail","24":"product_tag-transparent","25":"product_tag-travail","26":"product_shipping_class-standard","28":"first","29":"instock","30":"taxable","31":"shipping-taxable","32":"purchasable","33":"product-type-simple"},"acf":[],"_links":{"self":[{"href":"https:\/\/esquell.eu\/fr\/wp-json\/wp\/v2\/product\/12856","targetHints":{"allow":["GET"]}}],"collection":[{"href":"https:\/\/esquell.eu\/fr\/wp-json\/wp\/v2\/product"}],"about":[{"href":"https:\/\/esquell.eu\/fr\/wp-json\/wp\/v2\/types\/product"}],"replies":[{"embeddable":true,"href":"https:\/\/esquell.eu\/fr\/wp-json\/wp\/v2\/comments?post=12856"}],"wp:featuredmedia":[{"embeddable":true,"href":"https:\/\/esquell.eu\/fr\/wp-json\/wp\/v2\/media\/12859"}],"wp:attachment":[{"href":"https:\/\/esquell.eu\/fr\/wp-json\/wp\/v2\/media?parent=12856"}],"wp:term":[{"taxonomy":"more","embeddable":true,"href":"https:\/\/esquell.eu\/fr\/wp-json\/wp\/v2\/more?post=12856"},{"taxonomy":"product_brand","embeddable":true,"href":"https:\/\/esquell.eu\/fr\/wp-json\/wp\/v2\/product_brand?post=12856"},{"taxonomy":"product_cat","embeddable":true,"href":"https:\/\/esquell.eu\/fr\/wp-json\/wp\/v2\/product_cat?post=12856"},{"taxonomy":"product_tag","embeddable":true,"href":"https:\/\/esquell.eu\/fr\/wp-json\/wp\/v2\/product_tag?post=12856"}],"curies":[{"name":"wp","href":"https:\/\/api.w.org\/{rel}","templated":true}]}}