{"id":12749,"date":"2025-04-03T09:11:43","date_gmt":"2025-04-03T09:11:43","guid":{"rendered":"https:\/\/esquell.eu\/product\/poudre-demail-poudre-demaillage-vert-r-0409-opaque-opaque\/"},"modified":"2025-12-31T09:55:15","modified_gmt":"2025-12-31T09:55:15","slug":"poudre-demail-poudre-demaillage-vert-r-0409-opaque-opaque","status":"publish","type":"product","link":"https:\/\/esquell.eu\/fr\/produit\/poudre-demail-poudre-demaillage-vert-r-0409-opaque-opaque\/","title":{"rendered":"Poudre d&rsquo;\u00e9mail, poudre d&rsquo;\u00e9maillage. Vert (R-0409) Opaque \/ opaque"},"content":{"rendered":"<p>Poudre d&rsquo;\u00e9mail japonaise.<\/p>\n<p>Poudre d&rsquo;\u00e9mail japonaise. Poudre d&rsquo;\u00e9mail japonaise <\/p>\n<p>Photo de droite sans flash, photo de gauche avec flash.<\/p>\n<p>Contenu : environ 20 grammes.<\/p>\n<p>Ces \u00e9maux japonais d&rsquo;Art Clay sont parmi les meilleurs au monde. Ils sont soigneusement s\u00e9lectionn\u00e9s par Art Clay Japan et lou\u00e9s par des artistes de renomm\u00e9e mondiale dans le domaine de la p\u00e2te m\u00e9tallique et de l&rsquo;\u00e9maillage.<\/p>\n<p>&nbsp;<\/p>\n<p>En r\u00e9alit\u00e9, la couleur peut varier l\u00e9g\u00e8rement. La couleur finale d\u00e9pend \u00e9galement du support et du nombre de couches appliqu\u00e9es.  <\/p>\n","protected":false},"excerpt":{"rendered":"<p>Poudre d&rsquo;\u00e9mail japonaise. Poudre d&rsquo;\u00e9mail japonaise <\/p>\n<p>Couleur : vert opaque<\/p>\n<p>Photo de droite sans flash, photo de gauche avec flash.<\/p>\n<p>&nbsp;<\/p>\n<p>Contenu : environ 20 grammes.<\/p>\n<p>&nbsp;<\/p>\n<p>Ces \u00e9maux japonais d&rsquo;Art Clay sont parmi les meilleurs au monde. Ils sont soigneusement s\u00e9lectionn\u00e9s par Art Clay Japan et lou\u00e9s par des artistes de renomm\u00e9e mondiale dans le domaine de la p\u00e2te m\u00e9tallique et de l&rsquo;\u00e9maillage.<\/p>\n<p>&nbsp;<\/p>\n<p>En r\u00e9alit\u00e9, la couleur peut varier l\u00e9g\u00e8rement. La couleur finale d\u00e9pend \u00e9galement du support et du nombre de couches appliqu\u00e9es.  <\/p>\n<p>&nbsp;<\/p>\n<p><a href=\"https:\/\/www.esquell.nl\/WebRoot\/StoreNL\/Shops\/83636376\/62BD\/D6E2\/AEF0\/ABC5\/7FBB\/0A0C\/6D0E\/DBED\/Microsoft_Word_-_Enamel_MSDS.doc_-_Enamel_MSDS.pdf\">Consultez ici les instructions de travail et le manuel de s\u00e9curit\u00e9<\/a><\/p>\n","protected":false},"featured_media":7237,"comment_status":"closed","ping_status":"closed","template":"","meta":{"_acf_changed":false,"_seopress_robots_primary_cat":"none","_seopress_titles_title":"","_seopress_titles_desc":"","_seopress_robots_index":""},"more":[],"product_brand":[6382],"product_cat":[9734],"product_tag":[6386,7219,6405,7191,7210,7223,7272,9495,9464,9471,7188,9480,9484,7245,7229,8867,9449,9476,9685,7233,7231,9475,7236,9493,7225,7261,6381,7242,7249,7255,9459,6634,6403,7215,9485,6546,7268,6544,7224,7239,7274,9491,9494,6922,6954,9284,7258,9454,7252,9488,7270,7266,7248,9467,7264],"class_list":{"0":"post-12749","1":"product","2":"type-product","3":"status-publish","4":"has-post-thumbnail","6":"product_brand-acs","7":"product_cat-email-japonais","8":"product_tag-aida","9":"product_tag-art-clay","10":"product_tag-artclay","11":"product_tag-blanc-2","12":"product_tag-blanc-3","13":"product_tag-bleu","14":"product_tag-bleu-2","15":"product_tag-cerise","16":"product_tag-chaux","17":"product_tag-ciel","18":"product_tag-clair","19":"product_tag-clair-2","20":"product_tag-cobalt","21":"product_tag-couleurs","22":"product_tag-email","23":"product_tag-email-2","24":"product_tag-email-3","25":"product_tag-email-4","26":"product_tag-email-5","27":"product_tag-emaillage","28":"product_tag-emal","29":"product_tag-emaraude","30":"product_tag-emaux","31":"product_tag-feerie","32":"product_tag-gris","33":"product_tag-gris-2","34":"product_tag-japon","35":"product_tag-japonais","36":"product_tag-japonais-2","37":"product_tag-jaune","38":"product_tag-jaune-2","39":"product_tag-largent-3","40":"product_tag-lor","41":"product_tag-lor-2","42":"product_tag-marine","43":"product_tag-noir","44":"product_tag-opaque","45":"product_tag-pas","46":"product_tag-poudre","47":"product_tag-poudre-2","48":"product_tag-pourpre","49":"product_tag-prussien","50":"product_tag-prussien-2","51":"product_tag-pur","52":"product_tag-pur-2","53":"product_tag-pur-3","54":"product_tag-rose","55":"product_tag-rose-2","56":"product_tag-rouge","57":"product_tag-rouge-2","58":"product_tag-semi","59":"product_tag-transparent","60":"product_tag-vert","61":"product_tag-vert-2","62":"product_tag-violet","63":"product_shipping_class-standard","65":"first","66":"instock","67":"taxable","68":"shipping-taxable","69":"purchasable","70":"product-type-simple"},"acf":[],"_links":{"self":[{"href":"https:\/\/esquell.eu\/fr\/wp-json\/wp\/v2\/product\/12749","targetHints":{"allow":["GET"]}}],"collection":[{"href":"https:\/\/esquell.eu\/fr\/wp-json\/wp\/v2\/product"}],"about":[{"href":"https:\/\/esquell.eu\/fr\/wp-json\/wp\/v2\/types\/product"}],"replies":[{"embeddable":true,"href":"https:\/\/esquell.eu\/fr\/wp-json\/wp\/v2\/comments?post=12749"}],"wp:featuredmedia":[{"embeddable":true,"href":"https:\/\/esquell.eu\/fr\/wp-json\/wp\/v2\/media\/7237"}],"wp:attachment":[{"href":"https:\/\/esquell.eu\/fr\/wp-json\/wp\/v2\/media?parent=12749"}],"wp:term":[{"taxonomy":"more","embeddable":true,"href":"https:\/\/esquell.eu\/fr\/wp-json\/wp\/v2\/more?post=12749"},{"taxonomy":"product_brand","embeddable":true,"href":"https:\/\/esquell.eu\/fr\/wp-json\/wp\/v2\/product_brand?post=12749"},{"taxonomy":"product_cat","embeddable":true,"href":"https:\/\/esquell.eu\/fr\/wp-json\/wp\/v2\/product_cat?post=12749"},{"taxonomy":"product_tag","embeddable":true,"href":"https:\/\/esquell.eu\/fr\/wp-json\/wp\/v2\/product_tag?post=12749"}],"curies":[{"name":"wp","href":"https:\/\/api.w.org\/{rel}","templated":true}]}}