{"id":12577,"date":"2025-04-03T09:11:51","date_gmt":"2025-04-03T09:11:51","guid":{"rendered":"https:\/\/esquell.eu\/product\/poudre-demail-sans-plomb-thompson-transparent-savor-purple\/"},"modified":"2025-04-03T09:11:51","modified_gmt":"2025-04-03T09:11:51","slug":"poudre-demail-sans-plomb-thompson-transparent-savor-purple","status":"publish","type":"product","link":"https:\/\/esquell.eu\/fr\/produit\/poudre-demail-sans-plomb-thompson-transparent-savor-purple\/","title":{"rendered":"Poudre d&rsquo;\u00e9mail sans plomb Thompson. Transparent Savor Purple"},"content":{"rendered":"<p>Contenu : environ 20 grammes. Poudre d&rsquo;\u00e9maillage sans plomb de Thompson <\/p>\n<p>Les \u00e9maux sont des poudres de verre tr\u00e8s fines. Les \u00e9maux de Thompson ne contiennent pas de plomb. Il est toutefois conseill\u00e9 de toujours utiliser un masque buccal lorsque vous travaillez avec cette poudre d&rsquo;\u00e9mail. Veillez toujours \u00e0 une bonne ventilation.   <\/p>\n<p>En r\u00e9alit\u00e9, la couleur peut varier l\u00e9g\u00e8rement. La couleur finale d\u00e9pend \u00e9galement du support et du nombre de couches appliqu\u00e9es.  <\/p>\n","protected":false},"excerpt":{"rendered":"<p>Contenu : environ 20 grammes. Poudre d&rsquo;\u00e9maillage sans plomb de Thompson <\/p>\n<p>&nbsp;<\/p>\n<p>Les \u00e9maux sont des poudres de verre tr\u00e8s fines. Les \u00e9maux de Thompson ne contiennent pas de plomb. Il est toutefois conseill\u00e9 de toujours utiliser un masque buccal lorsque vous travaillez avec cette poudre d&rsquo;\u00e9mail. Veillez toujours \u00e0 une bonne ventilation.   <\/p>\n<p>&nbsp;<\/p>\n<p>En r\u00e9alit\u00e9, la couleur peut varier l\u00e9g\u00e8rement. La couleur finale d\u00e9pend \u00e9galement du support et du nombre de couches appliqu\u00e9es.  <\/p>\n<p>&nbsp;<\/p>\n<p>&nbsp;<\/p>\n","protected":false},"featured_media":12578,"comment_status":"closed","ping_status":"closed","template":"","meta":{"_acf_changed":false,"_seopress_robots_primary_cat":"none","_seopress_titles_title":"","_seopress_titles_desc":"","_seopress_robots_index":""},"more":[],"product_brand":[6736,7186],"product_cat":[7187],"product_tag":[6386,7219,6405,7191,7210,7223,7272,9495,9464,9471,7188,9480,9484,7245,7229,8867,9449,9476,9685,7233,7231,9475,7236,9493,7225,7261,6381,7242,7249,7255,9459,6634,6403,7215,9485,6546,7268,6544,7224,7239,7274,9491,9494,6922,6954,9284,7258,9454,7252,9488,9497,7270,7266,7248,9467,7264],"class_list":{"0":"post-12577","1":"product","2":"type-product","3":"status-publish","4":"has-post-thumbnail","6":"product_brand-des-outils-sympas","7":"product_brand-rio","8":"product_cat-poudres-demail-thompson","9":"product_tag-aida","10":"product_tag-art-clay","11":"product_tag-artclay","12":"product_tag-blanc-2","13":"product_tag-blanc-3","14":"product_tag-bleu","15":"product_tag-bleu-2","16":"product_tag-cerise","17":"product_tag-chaux","18":"product_tag-ciel","19":"product_tag-clair","20":"product_tag-clair-2","21":"product_tag-cobalt","22":"product_tag-couleurs","23":"product_tag-email","24":"product_tag-email-2","25":"product_tag-email-3","26":"product_tag-email-4","27":"product_tag-email-5","28":"product_tag-emaillage","29":"product_tag-emal","30":"product_tag-emaraude","31":"product_tag-emaux","32":"product_tag-feerie","33":"product_tag-gris","34":"product_tag-gris-2","35":"product_tag-japon","36":"product_tag-japonais","37":"product_tag-japonais-2","38":"product_tag-jaune","39":"product_tag-jaune-2","40":"product_tag-largent-3","41":"product_tag-lor","42":"product_tag-lor-2","43":"product_tag-marine","44":"product_tag-noir","45":"product_tag-opaque","46":"product_tag-pas","47":"product_tag-poudre","48":"product_tag-poudre-2","49":"product_tag-pourpre","50":"product_tag-prussien","51":"product_tag-prussien-2","52":"product_tag-pur","53":"product_tag-pur-2","54":"product_tag-pur-3","55":"product_tag-rose","56":"product_tag-rose-2","57":"product_tag-rouge","58":"product_tag-rouge-2","59":"product_tag-sans-plomb","60":"product_tag-semi","61":"product_tag-transparent","62":"product_tag-vert","63":"product_tag-vert-2","64":"product_tag-violet","65":"product_shipping_class-standard","67":"first","68":"outofstock","69":"taxable","70":"shipping-taxable","71":"purchasable","72":"product-type-simple"},"acf":[],"_links":{"self":[{"href":"https:\/\/esquell.eu\/fr\/wp-json\/wp\/v2\/product\/12577","targetHints":{"allow":["GET"]}}],"collection":[{"href":"https:\/\/esquell.eu\/fr\/wp-json\/wp\/v2\/product"}],"about":[{"href":"https:\/\/esquell.eu\/fr\/wp-json\/wp\/v2\/types\/product"}],"replies":[{"embeddable":true,"href":"https:\/\/esquell.eu\/fr\/wp-json\/wp\/v2\/comments?post=12577"}],"wp:featuredmedia":[{"embeddable":true,"href":"https:\/\/esquell.eu\/fr\/wp-json\/wp\/v2\/media\/12578"}],"wp:attachment":[{"href":"https:\/\/esquell.eu\/fr\/wp-json\/wp\/v2\/media?parent=12577"}],"wp:term":[{"taxonomy":"more","embeddable":true,"href":"https:\/\/esquell.eu\/fr\/wp-json\/wp\/v2\/more?post=12577"},{"taxonomy":"product_brand","embeddable":true,"href":"https:\/\/esquell.eu\/fr\/wp-json\/wp\/v2\/product_brand?post=12577"},{"taxonomy":"product_cat","embeddable":true,"href":"https:\/\/esquell.eu\/fr\/wp-json\/wp\/v2\/product_cat?post=12577"},{"taxonomy":"product_tag","embeddable":true,"href":"https:\/\/esquell.eu\/fr\/wp-json\/wp\/v2\/product_tag?post=12577"}],"curies":[{"name":"wp","href":"https:\/\/api.w.org\/{rel}","templated":true}]}}