{"id":12472,"date":"2025-04-03T09:12:11","date_gmt":"2025-04-03T09:12:11","guid":{"rendered":"https:\/\/esquell.eu\/product\/cutters-cut-outs-paisley-7-piece-set-stainless-steel\/"},"modified":"2025-11-09T08:30:23","modified_gmt":"2025-11-09T08:30:23","slug":"cutters-cut-outs-paisley-7-piece-set-stainless-steel","status":"publish","type":"product","link":"https:\/\/esquell.eu\/fr\/produit\/cutters-cut-outs-paisley-7-piece-set-stainless-steel\/","title":{"rendered":"Cutters \/ cut-outs paisley 7-piece set stainless steel"},"content":{"rendered":"<p>Set de 7 pi\u00e8ces de formes d\u00e9coup\u00e9es\/coupes. Cachemire. ACIER INOXYDABLE  <\/p>\n<p>Set de 7 pi\u00e8ces de formes d\u00e9coup\u00e9es\/coupes. Cachemire. ACIER INOXYDABLE  <\/p>\n<p>dimensions (longueur * hauteur * largeur)<\/p>\n<p>6.5&#215;4.5&#215;1.8 cm,<br \/>\n5.8&#215;3.9&#215;1.8 cm,<br \/>\n5.2&#215;3.3&#215;1.8cm<br \/>\n4.5x3x1.8cm,<br \/>\n3.5&#215;2.8&#215;1.8 cm,<br \/>\n2.7&#215;1.7&#215;1.8 cm,<br \/>\n1.6&#215;1.1&#215;1.8 cm<\/p>\n<p>Le plus petit mesure 1,6 cm de long, le plus grand 6,5 cm.<\/p>\n<p>Cr\u00e9ez sans effort des formes uniques et modernes \u00e0 partir de l&rsquo;argile gr\u00e2ce \u00e0 ce jeu d&#8217;emporte-pi\u00e8ces de haute qualit\u00e9 aux formes organiques. Id\u00e9al pour l&rsquo;argile argent\u00e9e, l&rsquo;argile cuivreuse, l&rsquo;argile bronze et d&rsquo;autres types d&rsquo;argile. Convient \u00e9galement \u00e0 la c\u00e9ramique et \u00e0 l&rsquo;argile polym\u00e8re. <\/p>\n<p>De petite \u00e0 grande taille, ils sont parfaits pour les boucles d&rsquo;oreilles, les pendentifs, les liens et les \u00e9l\u00e9ments d\u00e9coratifs.<\/p>\n<p>Pour un usage fr\u00e9quent. Fabriqu\u00e9 en plastique de haute qualit\u00e9. Conserve sa forme  <\/p>\n<p>L&rsquo;avantage par rapport au stylo aiguille est qu&rsquo;il permet d&rsquo;obtenir des bords de coupe serr\u00e9s sans s&rsquo;effilocher. Et il est facile \u00e0 reproduire, ce qui est pratique pour les boucles d&rsquo;oreilles, par exemple. <\/p>\n<p>Combinez les formes entre elles, avec d&rsquo;autres formes provenant d&rsquo;autres d\u00e9coupes.<\/p>\n<p>Combinez avec des tapis de texture et des tampons pour cr\u00e9er des motifs, des textures et des reliefs.<\/p>\n","protected":false},"excerpt":{"rendered":"<p>Set de 7 pi\u00e8ces de formes d\u00e9coup\u00e9es\/coupes. Cachemire. ACIER INOXYDABLE  <\/p>\n<p>dimensions (longueur * hauteur * largeur)<\/p>\n<p>6.5&#215;4.5&#215;1.8 cm,<br \/>\n5.8&#215;3.9&#215;1.8 cm,<br \/>\n5.2&#215;3.3&#215;1.8cm<br \/>\n4.5x3x1.8cm,<br \/>\n3.5&#215;2.8&#215;1.8 cm,<br \/>\n2.7&#215;1.7&#215;1.8 cm,<br \/>\n1.6&#215;1.1&#215;1.8 cm<\/p>\n<p>Le plus petit mesure 1,6 cm de long, le plus grand 6,5 cm.<\/p>\n<p>Convient pour d\u00e9couper des formes de diff\u00e9rents types d&rsquo;argile.<\/p>\n","protected":false},"featured_media":7967,"comment_status":"closed","ping_status":"closed","template":"","meta":{"_acf_changed":false,"_seopress_robots_primary_cat":"none","_seopress_titles_title":"","_seopress_titles_desc":"","_seopress_robots_index":""},"more":[],"product_brand":[6398],"product_cat":[6808],"product_tag":[6645,8048,6646,6939,6847,6397,7098,6473,6741,6420,7028,9427,6405,6376,6393,6642,6658,7548,9421,9444,7697,9324,7691,8697,6641,6958,6389,9402,6409,9446,9424,6649,9418,9405,6823,6851,8727,6825,6395,6647,6724,7677,6374,6798,6815,9400,9461,6849,6635,6712,6801,9408,9434,8705,9323,6640,8719,9411,9415,8712,9432,9437,6643,7405,9441,8716,8714,6636,9340,9457,9452,6816,6391,6774,9430,7506,6407,6722,6805,7429,6803,6408,6807,6720],"class_list":{"0":"post-12472","1":"product","2":"type-product","3":"status-publish","4":"has-post-thumbnail","6":"product_brand-l1","7":"product_cat-couteaux-pour-largile","8":"product_tag-a","9":"product_tag-a-vendre","10":"product_tag-acheter","11":"product_tag-acheter-2","12":"product_tag-acier-inoxydable","13":"product_tag-allemagne","14":"product_tag-anneau","15":"product_tag-argile-2","16":"product_tag-argile-3","17":"product_tag-argile-bronze","18":"product_tag-argile-cuivreuse","19":"product_tag-argile-fr","20":"product_tag-artclay","21":"product_tag-artclaysilver","22":"product_tag-belgique","23":"product_tag-bijoux-2","24":"product_tag-bijoux-en-argile","25":"product_tag-bijoux-en-argile-2","26":"product_tag-bijoux-en-argile-3","27":"product_tag-bijoux-en-cernite","28":"product_tag-bijoux-en-fimo","29":"product_tag-bijoux-en-pate-polymere","30":"product_tag-bouchons","31":"product_tag-bouchons-2","32":"product_tag-boucles-doreilles","33":"product_tag-boutique","34":"product_tag-boutique-en-ligne","35":"product_tag-boutique-en-ligne-4","36":"product_tag-bricolage","37":"product_tag-cernitjuwlen","38":"product_tag-clayshop-co-uk","39":"product_tag-commande","40":"product_tag-conseils-en-matiere-de-vetements","41":"product_tag-coupeur-dargile","42":"product_tag-cutter","43":"product_tag-cutters","44":"product_tag-decoupe","45":"product_tag-decouper-des-formes","46":"product_tag-deutsland","47":"product_tag-en-ligne","48":"product_tag-envoyer","49":"product_tag-fabrication-de-bijoux-par-soi-meme","50":"product_tag-faire","51":"product_tag-faire-2","52":"product_tag-fimo","53":"product_tag-formes-de-points","54":"product_tag-formes-en-argile","55":"product_tag-formulaires","56":"product_tag-fournitures","57":"product_tag-gratuit","58":"product_tag-il","59":"product_tag-kleisteker","60":"product_tag-kli","61":"product_tag-magasin-de-loisirs","62":"product_tag-magasin-de-loisirs-2","63":"product_tag-maison","64":"product_tag-matrices-de-decoupe-cernit","65":"product_tag-metaaal","66":"product_tag-minicoupeurs","67":"product_tag-moules","68":"product_tag-moules-a-points-de-suture","69":"product_tag-moules-fymouitstitch","70":"product_tag-ou","71":"product_tag-outil-2","72":"product_tag-outil-cernit","73":"product_tag-outil-fime","74":"product_tag-outil-pour-pate-polymere","75":"product_tag-outils","76":"product_tag-outils-en-argile-4","77":"product_tag-outils-en-terre-cuite","78":"product_tag-pate-a-modeler","79":"product_tag-pate-polymere","80":"product_tag-pays-bas","81":"product_tag-pendentif","82":"product_tag-point-2","83":"product_tag-pour","84":"product_tag-silverclay-co-uk","85":"product_tag-silveribelgie","86":"product_tag-soi","87":"product_tag-structures","88":"product_tag-votre","89":"product_tag-vous","90":"product_tag-vous-2","91":"product_tag-zilverkleinederland","92":"product_shipping_class-standard","94":"first","95":"instock","96":"taxable","97":"shipping-taxable","98":"purchasable","99":"product-type-simple"},"acf":[],"_links":{"self":[{"href":"https:\/\/esquell.eu\/fr\/wp-json\/wp\/v2\/product\/12472","targetHints":{"allow":["GET"]}}],"collection":[{"href":"https:\/\/esquell.eu\/fr\/wp-json\/wp\/v2\/product"}],"about":[{"href":"https:\/\/esquell.eu\/fr\/wp-json\/wp\/v2\/types\/product"}],"replies":[{"embeddable":true,"href":"https:\/\/esquell.eu\/fr\/wp-json\/wp\/v2\/comments?post=12472"}],"wp:featuredmedia":[{"embeddable":true,"href":"https:\/\/esquell.eu\/fr\/wp-json\/wp\/v2\/media\/7967"}],"wp:attachment":[{"href":"https:\/\/esquell.eu\/fr\/wp-json\/wp\/v2\/media?parent=12472"}],"wp:term":[{"taxonomy":"more","embeddable":true,"href":"https:\/\/esquell.eu\/fr\/wp-json\/wp\/v2\/more?post=12472"},{"taxonomy":"product_brand","embeddable":true,"href":"https:\/\/esquell.eu\/fr\/wp-json\/wp\/v2\/product_brand?post=12472"},{"taxonomy":"product_cat","embeddable":true,"href":"https:\/\/esquell.eu\/fr\/wp-json\/wp\/v2\/product_cat?post=12472"},{"taxonomy":"product_tag","embeddable":true,"href":"https:\/\/esquell.eu\/fr\/wp-json\/wp\/v2\/product_tag?post=12472"}],"curies":[{"name":"wp","href":"https:\/\/api.w.org\/{rel}","templated":true}]}}