{"id":12464,"date":"2025-04-03T09:12:11","date_gmt":"2025-04-03T09:12:11","guid":{"rendered":"https:\/\/esquell.eu\/product\/matrices-de-decoupe-set-de-4-mini-couteaux-rectangle\/"},"modified":"2025-11-09T08:29:21","modified_gmt":"2025-11-09T08:29:21","slug":"matrices-de-decoupe-set-de-4-mini-couteaux-rectangle","status":"publish","type":"product","link":"https:\/\/esquell.eu\/fr\/produit\/matrices-de-decoupe-set-de-4-mini-couteaux-rectangle\/","title":{"rendered":"Matrices de d\u00e9coupe set de 4 mini-couteaux rectangle"},"content":{"rendered":"<p>Jeu de 4 formes rectangulaires \u00e9troites \u00e0 d\u00e9couper<\/p>\n<p>Dimensions ;<br \/>\n30*8 mm<br \/>\n35*10 mm<br \/>\n40*8 mm<br \/>\n50*8 mm<\/p>\n<p>Cr\u00e9ez sans effort des formes uniques et modernes \u00e0 partir de l&rsquo;argile gr\u00e2ce \u00e0 ce jeu d&#8217;emporte-pi\u00e8ces de haute qualit\u00e9 aux formes organiques. Id\u00e9al pour l&rsquo;argile argent\u00e9e, l&rsquo;argile cuivreuse, l&rsquo;argile bronze et d&rsquo;autres types d&rsquo;argile. Convient \u00e9galement \u00e0 la c\u00e9ramique et \u00e0 l&rsquo;argile polym\u00e8re. <\/p>\n<p>De petite \u00e0 grande taille, ils sont parfaits pour les boucles d&rsquo;oreilles, les pendentifs, les liens et les \u00e9l\u00e9ments d\u00e9coratifs.<\/p>\n<p>Pour un usage fr\u00e9quent. Fabriqu\u00e9 en plastique de haute qualit\u00e9. Conserve sa forme  <\/p>\n<p>L&rsquo;avantage par rapport au stylo aiguille est qu&rsquo;il permet d&rsquo;obtenir des bords de coupe serr\u00e9s sans s&rsquo;effilocher. Et il est facile \u00e0 reproduire, ce qui est pratique pour les boucles d&rsquo;oreilles, par exemple. <\/p>\n<p>Combinez les formes entre elles, avec d&rsquo;autres formes provenant d&rsquo;autres d\u00e9coupes.<\/p>\n<p>Combinez avec des tapis de texture et des tampons pour cr\u00e9er des motifs, des textures et des reliefs.<\/p>\n","protected":false},"excerpt":{"rendered":"<p>Lot de 4 formes de d\u00e9coupe de rectangles \u00e9troits<\/p>\n<p>Dimensions ;<br \/>\n30*8 mm<br \/>\n35*10 mm<br \/>\n40*8 mm<br \/>\n50*8 mm<\/p>\n<p>Convient pour l&rsquo;argile argent\u00e9e, l&rsquo;argile m\u00e9tallique, l&rsquo;argile polym\u00e8re, le cernit, d&rsquo;autres types d&rsquo;argile et de galettes, entre autres.<\/p>\n","protected":false},"featured_media":7973,"comment_status":"closed","ping_status":"closed","template":"","meta":{"_acf_changed":false,"_seopress_robots_primary_cat":"none","_seopress_titles_title":"","_seopress_titles_desc":"","_seopress_robots_index":""},"more":[],"product_brand":[6398],"product_cat":[6808],"product_tag":[8708,6645,8048,7675,7760,8284,6646,6939,6847,6388,6741,8702,6404,6406,6420,9376,7028,9631,6376,6393,9349,6372,6642,6718,9352,9627,6658,6853,7691,8697,9368,9407,9404,6389,6796,9402,9410,6409,6819,9391,9630,6649,6706,9365,6827,9355,9396,6851,9372,6825,7693,9632,9380,9384,9414,6647,6374,6798,7671,6815,9359,9400,6849,6635,7679,6801,9321,8705,7681,6640,9337,6708,8701,7695,6643,7405,6636,8718,8688,6816,9394,6391,9362,6644,8678,6829,8685,6805,8690,9388,6803,6408],"class_list":{"0":"post-12464","1":"product","2":"type-product","3":"status-publish","4":"has-post-thumbnail","6":"product_brand-l1","7":"product_cat-couteaux-pour-largile","8":"product_tag-co-uk","9":"product_tag-a","10":"product_tag-a-vendre","11":"product_tag-achats","12":"product_tag-achats-2","13":"product_tag-achats-3","14":"product_tag-acheter","15":"product_tag-acheter-2","16":"product_tag-acier-inoxydable","17":"product_tag-argile","18":"product_tag-argile-3","19":"product_tag-argile-a-tirets","20":"product_tag-argile-argentee","21":"product_tag-argile-aurifere","22":"product_tag-argile-bronze","23":"product_tag-argile-cernit","24":"product_tag-argile-cuivreuse","25":"product_tag-armes-diy","26":"product_tag-artclaysilver","27":"product_tag-belgique","28":"product_tag-bijou","29":"product_tag-bijoux","30":"product_tag-bijoux-2","31":"product_tag-bijoux-3","32":"product_tag-bijoux-diy","33":"product_tag-bijoux-diy-2","34":"product_tag-bijoux-en-argile","35":"product_tag-biscuits","36":"product_tag-bouchons","37":"product_tag-bouchons-2","38":"product_tag-bouchons-metalliques","39":"product_tag-boucles-doreilles-diy","40":"product_tag-boutique-diy","41":"product_tag-boutique-en-ligne","42":"product_tag-boutique-en-ligne-2","43":"product_tag-boutique-en-ligne-4","44":"product_tag-bracelets-diy","45":"product_tag-bricolage","46":"product_tag-cernit","47":"product_tag-chocolat","48":"product_tag-chocolat-2","49":"product_tag-commande","50":"product_tag-commerce-de-gros","51":"product_tag-coupe-plastique","52":"product_tag-coupeurs-dargile","53":"product_tag-coupeurs-dargile-2","54":"product_tag-cuisine","55":"product_tag-cutters","56":"product_tag-das","57":"product_tag-decouper-des-formes","58":"product_tag-decoupes","59":"product_tag-deutsland-be","60":"product_tag-differents","61":"product_tag-divers","62":"product_tag-diybeldes","63":"product_tag-en-ligne","64":"product_tag-faire","65":"product_tag-faire-2","66":"product_tag-faire-soi-meme","67":"product_tag-fimo","68":"product_tag-fimocutters","69":"product_tag-formes-de-points","70":"product_tag-formulaires","71":"product_tag-fournitures","72":"product_tag-google","73":"product_tag-il","74":"product_tag-les-coupeurs-dargile","75":"product_tag-magasin-de-loisirs","76":"product_tag-magasin-de-perles","77":"product_tag-maison","78":"product_tag-marqueurs-en-argile","79":"product_tag-mercerie","80":"product_tag-metal-3","81":"product_tag-modelisation-2","82":"product_tag-ou","83":"product_tag-outil-2","84":"product_tag-outils","85":"product_tag-outils-en-argile","86":"product_tag-pate-fimo","87":"product_tag-pate-polymere","88":"product_tag-pattiserie","89":"product_tag-pays-bas","90":"product_tag-pepites-dargile","91":"product_tag-pieces","92":"product_tag-plastique-2","93":"product_tag-poubelles","94":"product_tag-prix-de-gros-3","95":"product_tag-soi","96":"product_tag-tiret","97":"product_tag-types","98":"product_tag-votre","99":"product_tag-vous","100":"product_shipping_class-standard","102":"first","103":"instock","104":"taxable","105":"shipping-taxable","106":"purchasable","107":"product-type-simple"},"acf":[],"_links":{"self":[{"href":"https:\/\/esquell.eu\/fr\/wp-json\/wp\/v2\/product\/12464","targetHints":{"allow":["GET"]}}],"collection":[{"href":"https:\/\/esquell.eu\/fr\/wp-json\/wp\/v2\/product"}],"about":[{"href":"https:\/\/esquell.eu\/fr\/wp-json\/wp\/v2\/types\/product"}],"replies":[{"embeddable":true,"href":"https:\/\/esquell.eu\/fr\/wp-json\/wp\/v2\/comments?post=12464"}],"wp:featuredmedia":[{"embeddable":true,"href":"https:\/\/esquell.eu\/fr\/wp-json\/wp\/v2\/media\/7973"}],"wp:attachment":[{"href":"https:\/\/esquell.eu\/fr\/wp-json\/wp\/v2\/media?parent=12464"}],"wp:term":[{"taxonomy":"more","embeddable":true,"href":"https:\/\/esquell.eu\/fr\/wp-json\/wp\/v2\/more?post=12464"},{"taxonomy":"product_brand","embeddable":true,"href":"https:\/\/esquell.eu\/fr\/wp-json\/wp\/v2\/product_brand?post=12464"},{"taxonomy":"product_cat","embeddable":true,"href":"https:\/\/esquell.eu\/fr\/wp-json\/wp\/v2\/product_cat?post=12464"},{"taxonomy":"product_tag","embeddable":true,"href":"https:\/\/esquell.eu\/fr\/wp-json\/wp\/v2\/product_tag?post=12464"}],"curies":[{"name":"wp","href":"https:\/\/api.w.org\/{rel}","templated":true}]}}