{"id":12427,"date":"2025-04-03T09:12:28","date_gmt":"2025-04-03T09:12:28","guid":{"rendered":"https:\/\/esquell.eu\/product\/cutters-matrices-de-decoupe-drop-10-piece-set-stainless-steel\/"},"modified":"2025-11-05T14:48:05","modified_gmt":"2025-11-05T14:48:05","slug":"cutters-matrices-de-decoupe-drop-10-piece-set-stainless-steel","status":"publish","type":"product","link":"https:\/\/esquell.eu\/fr\/produit\/cutters-matrices-de-decoupe-drop-10-piece-set-stainless-steel\/","title":{"rendered":"Cutters \/ matrices de d\u00e9coupe drop 10 piece set stainless steel"},"content":{"rendered":"<p>Jeu de 10 pi\u00e8ces de formes \u00e0 d\u00e9couper\/coupeurs. Forme de goutte.  Acier inoxydable<br \/>\nCoupe-argile, coupe-argile, coupe-argile<\/p>\n<p>Le plus petit mesure 1,5 cm de long, le plus grand 9,5 cm.<\/p>\n<p>Cr\u00e9ez sans effort des formes uniques et modernes \u00e0 partir de l&rsquo;argile gr\u00e2ce \u00e0 ce jeu d&#8217;emporte-pi\u00e8ces de haute qualit\u00e9 aux formes organiques. Id\u00e9al pour l&rsquo;arguile d&rsquo;argent, l&rsquo;argile cuivreuse, l&rsquo;argile bronze et d&rsquo;autres types d&rsquo;argile. Convient \u00e9galement \u00e0 la c\u00e9ramique et \u00e0 l&rsquo;argile polym\u00e8re. <\/p>\n<p>De petite \u00e0 grande taille, ils sont parfaits pour les boucles d&rsquo;oreilles, les pendentifs, les liens et les \u00e9l\u00e9ments d\u00e9coratifs.<\/p>\n<p>Pour un usage fr\u00e9quent. Fabriqu\u00e9 en plastique de haute qualit\u00e9. Conserve sa forme  <\/p>\n<p>L&rsquo;avantage par rapport au stylo aiguille est qu&rsquo;il permet d&rsquo;obtenir des bords de coupe serr\u00e9s sans s&rsquo;effilocher. Et il est facile \u00e0 reproduire, ce qui est pratique pour les boucles d&rsquo;oreilles, par exemple. <\/p>\n<p>Combinez les formes entre elles, avec d&rsquo;autres formes provenant d&rsquo;autres d\u00e9coupes.<\/p>\n<p>Combinez avec des tapis de texture et des tampons pour cr\u00e9er des motifs, des textures et des reliefs.<\/p>\n","protected":false},"excerpt":{"rendered":"<p>Jeu de 10 pi\u00e8ces de formes \u00e0 d\u00e9couper\/coupeurs. Forme de goutte.  ACIER INOXYDABLE<\/p>\n<p>Le plus petit mesure 1,5 cm de long, le plus grand 9,5 cm.<\/p>\n<p>Convient pour d\u00e9couper des formes de diff\u00e9rents types d&rsquo;argile.<\/p>\n","protected":false},"featured_media":7953,"comment_status":"closed","ping_status":"closed","template":"","meta":{"_acf_changed":false,"_seopress_robots_primary_cat":"none","_seopress_titles_title":"","_seopress_titles_desc":"","_seopress_robots_index":""},"more":[],"product_brand":[6398],"product_cat":[6808],"product_tag":[6645,7675,6646,6638,6931,7668,6388,6404,6406,6420,7028,6393,6372,7673,6658,9227,7697,6402,7691,6641,9251,6958,6941,6409,6412,6935,6819,7683,6649,6706,6650,6851,6825,7693,6655,9240,6647,7689,9238,7677,6763,6374,6798,7671,6810,7701,6813,6815,9247,6785,6849,6635,6653,7679,9219,7703,6651,6659,6801,6761,6369,6403,6789,7681,7695,7685,6661,9223,6643,6636,6726,6657,6816,6391,6665,7687,9236,6710,6966,9254,6644,7670,7699,6751,9230,6407,6805,6663,6787,6803,6667],"class_list":{"0":"post-12427","1":"product","2":"type-product","3":"status-publish","4":"has-post-thumbnail","6":"product_brand-l1","7":"product_cat-couteaux-pour-largile","8":"product_tag-a","9":"product_tag-achats","10":"product_tag-acheter","11":"product_tag-anneaux","12":"product_tag-anvers","13":"product_tag-argenterie-2","14":"product_tag-argile","15":"product_tag-argile-argentee","16":"product_tag-argile-aurifere","17":"product_tag-argile-bronze","18":"product_tag-argile-cuivreuse","19":"product_tag-belgique","20":"product_tag-bijoux","21":"product_tag-bijoux-en-argent-2","22":"product_tag-bijoux-en-argile","23":"product_tag-bijoux-en-argile-metallique","24":"product_tag-bijoux-en-fimo","25":"product_tag-bon-marche","26":"product_tag-bouchons","27":"product_tag-boucles-doreilles","28":"product_tag-boucles-doreilles-en-fimo","29":"product_tag-boutique","30":"product_tag-brabant","31":"product_tag-bricolage","32":"product_tag-bronze","33":"product_tag-bruxelles","34":"product_tag-cernit","35":"product_tag-chute","36":"product_tag-commande","37":"product_tag-commerce-de-gros","38":"product_tag-cuivre","39":"product_tag-cutters","40":"product_tag-decouper-des-formes","41":"product_tag-decoupes","42":"product_tag-drenthe","43":"product_tag-emporte-pieces","44":"product_tag-en-ligne","45":"product_tag-etsy","46":"product_tag-fabrication-dornements-en-argile-argentee","47":"product_tag-fabrication-de-bijoux-par-soi-meme","48":"product_tag-facebook","49":"product_tag-faire","50":"product_tag-faire-2","51":"product_tag-faire-soi-meme","52":"product_tag-feuille","53":"product_tag-feuille-2","54":"product_tag-feuilles","55":"product_tag-fimo","56":"product_tag-fimohanger","57":"product_tag-flevoland","58":"product_tag-formulaires","59":"product_tag-fournitures","60":"product_tag-frise","61":"product_tag-google","62":"product_tag-gouttelettes","63":"product_tag-gouttes","64":"product_tag-groningue","65":"product_tag-gueldre","66":"product_tag-il","67":"product_tag-instagram","68":"product_tag-largent","69":"product_tag-lor","70":"product_tag-limbourg","71":"product_tag-magasin-de-perles","72":"product_tag-modelisation-2","73":"product_tag-nevadasdream","74":"product_tag-nord","75":"product_tag-offrir-2","76":"product_tag-ou","77":"product_tag-outils","78":"product_tag-outils-2","79":"product_tag-overijssel","80":"product_tag-pate-polymere","81":"product_tag-pays-bas","82":"product_tag-pays-bas-2","83":"product_tag-pendentif-en-argile-argentee","84":"product_tag-pendentif-en-argile-argentee-2","85":"product_tag-pendentifs","86":"product_tag-perles-2","87":"product_tag-perles-fimo","88":"product_tag-pieces","89":"product_tag-pinterest","90":"product_tag-projection","91":"product_tag-reduction","92":"product_tag-sandstrom","93":"product_tag-silverclay-co-uk","94":"product_tag-soi","95":"product_tag-sud","96":"product_tag-utrecht","97":"product_tag-votre","98":"product_tag-zelande","99":"product_shipping_class-standard","101":"first","102":"instock","103":"taxable","104":"shipping-taxable","105":"purchasable","106":"product-type-simple"},"acf":[],"_links":{"self":[{"href":"https:\/\/esquell.eu\/fr\/wp-json\/wp\/v2\/product\/12427","targetHints":{"allow":["GET"]}}],"collection":[{"href":"https:\/\/esquell.eu\/fr\/wp-json\/wp\/v2\/product"}],"about":[{"href":"https:\/\/esquell.eu\/fr\/wp-json\/wp\/v2\/types\/product"}],"replies":[{"embeddable":true,"href":"https:\/\/esquell.eu\/fr\/wp-json\/wp\/v2\/comments?post=12427"}],"wp:featuredmedia":[{"embeddable":true,"href":"https:\/\/esquell.eu\/fr\/wp-json\/wp\/v2\/media\/7953"}],"wp:attachment":[{"href":"https:\/\/esquell.eu\/fr\/wp-json\/wp\/v2\/media?parent=12427"}],"wp:term":[{"taxonomy":"more","embeddable":true,"href":"https:\/\/esquell.eu\/fr\/wp-json\/wp\/v2\/more?post=12427"},{"taxonomy":"product_brand","embeddable":true,"href":"https:\/\/esquell.eu\/fr\/wp-json\/wp\/v2\/product_brand?post=12427"},{"taxonomy":"product_cat","embeddable":true,"href":"https:\/\/esquell.eu\/fr\/wp-json\/wp\/v2\/product_cat?post=12427"},{"taxonomy":"product_tag","embeddable":true,"href":"https:\/\/esquell.eu\/fr\/wp-json\/wp\/v2\/product_tag?post=12427"}],"curies":[{"name":"wp","href":"https:\/\/api.w.org\/{rel}","templated":true}]}}