{"id":12422,"date":"2025-04-03T09:12:20","date_gmt":"2025-04-03T09:12:20","guid":{"rendered":"https:\/\/esquell.eu\/product\/matrices-de-decoupe-set-de-5-mini-couteaux-forme-goutte-deau\/"},"modified":"2025-11-09T08:41:37","modified_gmt":"2025-11-09T08:41:37","slug":"matrices-de-decoupe-set-de-5-mini-couteaux-forme-goutte-deau","status":"publish","type":"product","link":"https:\/\/esquell.eu\/fr\/produit\/matrices-de-decoupe-set-de-5-mini-couteaux-forme-goutte-deau\/","title":{"rendered":"Matrices de d\u00e9coupe set de 5 mini-couteaux forme goutte d&rsquo;eau"},"content":{"rendered":"<p>Ensemble de 6 formes d\u00e9coup\u00e9es. Forme de goutte. Cutters Kleicutter<br \/>\ncutters pour l&rsquo;argile cutters pour l&rsquo;argile.  <\/p>\n<p>16*17.5 mm<br \/>\n17* 11 mm<br \/>\n19*13 mm<br \/>\n22*14 mm<br \/>\n25*8 mm<br \/>\n30*10 mm<\/p>\n<p>Cr\u00e9ez sans effort des formes uniques et modernes \u00e0 partir de l&rsquo;argile gr\u00e2ce \u00e0 ce jeu d&#8217;emporte-pi\u00e8ces de haute qualit\u00e9 aux formes organiques. Id\u00e9al pour l&rsquo;argile argent\u00e9e, l&rsquo;argile cuivreuse, l&rsquo;argile bronze et d&rsquo;autres types d&rsquo;argile. Convient \u00e9galement \u00e0 la c\u00e9ramique et \u00e0 l&rsquo;argile polym\u00e8re. <\/p>\n<p>De petite \u00e0 grande taille, ils sont parfaits pour les boucles d&rsquo;oreilles, les pendentifs, les liens et les \u00e9l\u00e9ments d\u00e9coratifs.<\/p>\n<p>Pour un usage fr\u00e9quent. Fabriqu\u00e9 en plastique de haute qualit\u00e9. Conserve sa forme  <\/p>\n<p>L&rsquo;avantage par rapport au stylo aiguille est qu&rsquo;il permet d&rsquo;obtenir des bords de coupe serr\u00e9s sans s&rsquo;effilocher. Et il est facile \u00e0 reproduire, ce qui est pratique pour les boucles d&rsquo;oreilles, par exemple. <\/p>\n<p>Combinez les formes entre elles, avec d&rsquo;autres formes provenant d&rsquo;autres d\u00e9coupes.<\/p>\n<p>Combinez avec des tapis de texture et des tampons pour cr\u00e9er des motifs, des textures et des reliefs.<\/p>\n","protected":false},"excerpt":{"rendered":"<p>Ensemble de 6 formes d\u00e9coup\u00e9es. Forme de goutte. D\u00e9coupeurs  <\/p>\n<p>Tailles ;<\/p>\n<p>16*17.5 mm<br \/>\n17* 11 mm<br \/>\n19*13 mm<br \/>\n22*14 mm<br \/>\n25*8 mm<br \/>\n30*10 mm<\/p>\n<p>Pour l&rsquo;argile argent\u00e9e, l&rsquo;argile m\u00e9tallique, la fimo, l&rsquo;argile polym\u00e8re et le pattery, entre autres.<\/p>\n","protected":false},"featured_media":7962,"comment_status":"closed","ping_status":"closed","template":"","meta":{"_acf_changed":false,"_seopress_robots_primary_cat":"none","_seopress_titles_title":"","_seopress_titles_desc":"","_seopress_robots_index":""},"more":[],"product_brand":[6398],"product_cat":[6808],"product_tag":[6645,6646,6923,7098,6638,7590,6388,6473,6741,6404,6406,6420,7028,6378,6390,6405,8749,6565,6575,8620,6372,6642,7654,6402,8350,8737,6641,6958,8735,6389,8355,8741,6941,6792,6409,6412,6819,7683,8739,6738,8424,6650,6851,6831,6655,6647,6374,6815,6785,6859,6849,6653,9216,9214,6651,6659,7659,7662,8722,8433,8733,6472,6403,8745,6789,7851,7650,6708,6759,7031,6821,8747,6416,7695,8712,7657,6661,6567,6643,7405,6636,6726,6657,6714,7394,6816,6665,7933,7029,8743,8736,7699,6663,6787,7102,6408,6667,6482],"class_list":{"0":"post-12422","1":"product","2":"type-product","3":"status-publish","4":"has-post-thumbnail","6":"product_brand-l1","7":"product_cat-couteaux-pour-largile","8":"product_tag-a","9":"product_tag-acheter","10":"product_tag-amsterdam","11":"product_tag-anneau","12":"product_tag-anneaux","13":"product_tag-argent-malleable-2","14":"product_tag-argile","15":"product_tag-argile-2","16":"product_tag-argile-3","17":"product_tag-argile-argentee","18":"product_tag-argile-aurifere","19":"product_tag-argile-bronze","20":"product_tag-argile-cuivreuse","21":"product_tag-argile-metallique","22":"product_tag-argile-metallique-2","23":"product_tag-artclay","24":"product_tag-assecoires","25":"product_tag-atelier","26":"product_tag-ateliers","27":"product_tag-base-de-connaissances","28":"product_tag-bijoux","29":"product_tag-bijoux-2","30":"product_tag-bijoux-5","31":"product_tag-bon-marche","32":"product_tag-boucle-doreille","33":"product_tag-boucle-doreille-2","34":"product_tag-boucles-doreilles","35":"product_tag-boutique","36":"product_tag-boutique-2","37":"product_tag-boutique-en-ligne","38":"product_tag-bouton-doreille","39":"product_tag-bouton-doreille-2","40":"product_tag-brabant","41":"product_tag-bracelet","42":"product_tag-bricolage","43":"product_tag-bronze","44":"product_tag-cernit","45":"product_tag-chute","46":"product_tag-clous-doreilles-2","47":"product_tag-cool","48":"product_tag-cooltools","49":"product_tag-cuivre","50":"product_tag-cutters","51":"product_tag-depasser","52":"product_tag-drenthe","53":"product_tag-en-ligne","54":"product_tag-faire","55":"product_tag-fimo","56":"product_tag-flevoland","57":"product_tag-formulaire","58":"product_tag-formulaires","59":"product_tag-frise","60":"product_tag-goutte-a-goutte","61":"product_tag-goutte-deau","62":"product_tag-groningue","63":"product_tag-gueldre","64":"product_tag-hollande-du-nord","65":"product_tag-hollande-du-sud","66":"product_tag-internet","67":"product_tag-kits-de-demarrage","68":"product_tag-kits-de-demarrage-2","69":"product_tag-lart","70":"product_tag-lor","71":"product_tag-la-texture","72":"product_tag-limbourg","73":"product_tag-manuel","74":"product_tag-manuels","75":"product_tag-mercerie","76":"product_tag-metal","77":"product_tag-metal-2","78":"product_tag-mini","79":"product_tag-modeles","80":"product_tag-modelisation","81":"product_tag-modelisation-2","82":"product_tag-moules","83":"product_tag-nop","84":"product_tag-nord","85":"product_tag-offrir","86":"product_tag-ou","87":"product_tag-outil-2","88":"product_tag-outils","89":"product_tag-outils-2","90":"product_tag-overijssel","91":"product_tag-pack-de-demarrage","92":"product_tag-pack-de-demarrage-2","93":"product_tag-pate-polymere","94":"product_tag-pays-bas-2","95":"product_tag-petit-2","96":"product_tag-pmc","97":"product_tag-poncage","98":"product_tag-presomptueux","99":"product_tag-projection","100":"product_tag-sud","101":"product_tag-utrecht","102":"product_tag-vasieres","103":"product_tag-vous","104":"product_tag-zelande","105":"product_tag-zircone","106":"product_shipping_class-standard","108":"first","109":"instock","110":"taxable","111":"shipping-taxable","112":"purchasable","113":"product-type-simple"},"acf":[],"_links":{"self":[{"href":"https:\/\/esquell.eu\/fr\/wp-json\/wp\/v2\/product\/12422","targetHints":{"allow":["GET"]}}],"collection":[{"href":"https:\/\/esquell.eu\/fr\/wp-json\/wp\/v2\/product"}],"about":[{"href":"https:\/\/esquell.eu\/fr\/wp-json\/wp\/v2\/types\/product"}],"replies":[{"embeddable":true,"href":"https:\/\/esquell.eu\/fr\/wp-json\/wp\/v2\/comments?post=12422"}],"wp:featuredmedia":[{"embeddable":true,"href":"https:\/\/esquell.eu\/fr\/wp-json\/wp\/v2\/media\/7962"}],"wp:attachment":[{"href":"https:\/\/esquell.eu\/fr\/wp-json\/wp\/v2\/media?parent=12422"}],"wp:term":[{"taxonomy":"more","embeddable":true,"href":"https:\/\/esquell.eu\/fr\/wp-json\/wp\/v2\/more?post=12422"},{"taxonomy":"product_brand","embeddable":true,"href":"https:\/\/esquell.eu\/fr\/wp-json\/wp\/v2\/product_brand?post=12422"},{"taxonomy":"product_cat","embeddable":true,"href":"https:\/\/esquell.eu\/fr\/wp-json\/wp\/v2\/product_cat?post=12422"},{"taxonomy":"product_tag","embeddable":true,"href":"https:\/\/esquell.eu\/fr\/wp-json\/wp\/v2\/product_tag?post=12422"}],"curies":[{"name":"wp","href":"https:\/\/api.w.org\/{rel}","templated":true}]}}