{"id":12381,"date":"2025-04-03T09:11:05","date_gmt":"2025-04-03T09:11:05","guid":{"rendered":"https:\/\/esquell.eu\/product\/pate-dargile-argentee-10-g-acs-a-0285\/"},"modified":"2026-01-10T17:05:53","modified_gmt":"2026-01-10T17:05:53","slug":"pate-dargile-dargent-10-g-acs-a-0285","status":"publish","type":"product","link":"https:\/\/esquell.eu\/fr\/produit\/pate-dargile-dargent-10-g-acs-a-0285\/","title":{"rendered":"P\u00e2te d&rsquo;argile argent\u00e9e 10 g ACS (A-0285)"},"content":{"rendered":"<p>Il s&rsquo;agit essentiellement de la m\u00eame chose que l&rsquo;argile argent\u00e9e, \u00e0 ceci pr\u00e8s que l&rsquo;on y ajoute plus d&rsquo;eau, ce qui permet de l&rsquo;\u00e9taler. Vous pouvez l&rsquo;utiliser pour : <\/p>\n<p>&#8211; Deux morceaux d&rsquo;argile s\u00e8che \u00e0 fixer ensemble.<br \/>\n&#8211; R\u00e9paration des fissures.<br \/>\n&#8211; Appliquez directement sur les feuilles ou les brindilles pour cr\u00e9er une copie parfaite.<br \/>\n&#8211; Cr\u00e9ation d&rsquo;un motif en p\u00e2te sur de l&rsquo;argile s\u00e8che.<\/p>\n<p>Pour les ajouts ou les r\u00e9parations que vous souhaitez effectuer apr\u00e8s la cuisson.<\/p>\n","protected":false},"excerpt":{"rendered":"<p>Il s&rsquo;agit essentiellement de la m\u00eame chose que l&rsquo;argile argent\u00e9e, \u00e0 ceci pr\u00e8s que l&rsquo;on y ajoute plus d&rsquo;eau, ce qui permet de l&rsquo;\u00e9taler. Vous pouvez l&rsquo;utiliser pour : <\/p>\n<p>&#8211; Deux morceaux d&rsquo;argile s\u00e8che \u00e0 fixer ensemble.<br \/>\n&#8211; R\u00e9paration des fissures.<br \/>\n&#8211; Appliquez directement sur les feuilles ou les brindilles pour cr\u00e9er une copie parfaite.<br \/>\n&#8211; Cr\u00e9ation d&rsquo;un motif en p\u00e2te sur de l&rsquo;argile s\u00e8che.<\/p>\n<p>Cette nouvelle formule contient les propri\u00e9t\u00e9s pr\u00e9c\u00e9demment attribu\u00e9es \u00e0 l&rsquo;huile et \u00e0 la p\u00e2te (ZA-024) : Pour les ajouts ou les r\u00e9parations que vous souhaitez effectuer apr\u00e8s la cuisson.<\/p>\n<p>&nbsp;<\/p>\n","protected":false},"featured_media":12417,"comment_status":"closed","ping_status":"closed","template":"","meta":{"_acf_changed":false,"_seopress_robots_primary_cat":"none","_seopress_titles_title":"","_seopress_titles_desc":"","_seopress_robots_index":""},"more":[],"product_brand":[6382],"product_cat":[6427],"product_tag":[6477,6476,6645,6646,7024,6923,6931,6388,6404,6378,6390,6405,8983,6376,9013,6565,6575,6737,9009,8620,6393,6718,6642,8994,6958,6389,6941,6935,6579,6649,8282,7600,8989,9004,9181,7652,6655,6647,9007,6763,6374,6810,8992,7513,6785,7510,6653,8999,8177,6651,6659,7648,9011,9179,8998,6761,9016,6369,6634,8996,9001,7990,7851,9003,6661,6937,6643,6657,8167,8161,8985,8165,6391,6665,6774,6644,7670,7094,7580,6925,8987,6407,6722,8990,8981,6663,6411,6787,9015,6667,6720],"class_list":{"0":"post-12381","1":"product","2":"type-product","3":"status-publish","4":"has-post-thumbnail","6":"product_brand-acs","7":"product_cat-argile-dargent-art-clay-silver","8":"product_tag-6477","9":"product_tag-6476","10":"product_tag-a","11":"product_tag-acheter","12":"product_tag-almere","13":"product_tag-amsterdam","14":"product_tag-anvers","15":"product_tag-argile","16":"product_tag-argile-argentee","17":"product_tag-argile-metallique","18":"product_tag-argile-metallique-2","19":"product_tag-artclay","20":"product_tag-artclay-argent-2","21":"product_tag-artclaysilver","22":"product_tag-artclaysilvernederland","23":"product_tag-atelier","24":"product_tag-ateliers","25":"product_tag-avaler","26":"product_tag-avec-lequel","27":"product_tag-base-de-connaissances","28":"product_tag-belgique","29":"product_tag-bijoux-3","30":"product_tag-bijoux-2","31":"product_tag-boucles-doreilles-4","32":"product_tag-boutique","33":"product_tag-boutique-en-ligne","34":"product_tag-brabant","35":"product_tag-bruxelles","36":"product_tag-certifie","37":"product_tag-commande","38":"product_tag-comment","39":"product_tag-confirmer","40":"product_tag-connecter","41":"product_tag-construire","42":"product_tag-construire-2","43":"product_tag-description-du-travail","44":"product_tag-drenthe","45":"product_tag-en-ligne","46":"product_tag-en-vrac","47":"product_tag-facebook","48":"product_tag-faire","49":"product_tag-feuille","50":"product_tag-feuilles-2","51":"product_tag-flechir","52":"product_tag-flevoland","53":"product_tag-flexible","54":"product_tag-frise","55":"product_tag-frotter","56":"product_tag-fusionner","57":"product_tag-groningue","58":"product_tag-gueldre","59":"product_tag-idees","60":"product_tag-iles-wadden","61":"product_tag-imprimer-3","62":"product_tag-imprimer","63":"product_tag-instagram","64":"product_tag-journees-de-largile","65":"product_tag-largent","66":"product_tag-largent-3","67":"product_tag-linspiration","68":"product_tag-lavande","69":"product_tag-limbridge","70":"product_tag-manuel","71":"product_tag-manuel-de-lutilisateur","72":"product_tag-nord","73":"product_tag-ostende","74":"product_tag-ou","75":"product_tag-overijssel","76":"product_tag-pate","77":"product_tag-pate-dargile-argentee","78":"product_tag-pate-dargile-metallique","79":"product_tag-pates","80":"product_tag-pays-bas","81":"product_tag-pays-bas-2","82":"product_tag-pendentif","83":"product_tag-pieces","84":"product_tag-pinterest","85":"product_tag-pont","86":"product_tag-reparation-2","87":"product_tag-rotterdam","88":"product_tag-seche","89":"product_tag-silverclay-co-uk","90":"product_tag-silveribelgie","91":"product_tag-structure","92":"product_tag-structures-2","93":"product_tag-sud","94":"product_tag-tempete-de-sable","95":"product_tag-utrecht","96":"product_tag-wrtclayworld","97":"product_tag-zelande","98":"product_tag-zilverkleinederland","99":"product_shipping_class-standard","101":"first","102":"instock","103":"taxable","104":"shipping-taxable","105":"purchasable","106":"product-type-simple"},"acf":[],"_links":{"self":[{"href":"https:\/\/esquell.eu\/fr\/wp-json\/wp\/v2\/product\/12381","targetHints":{"allow":["GET"]}}],"collection":[{"href":"https:\/\/esquell.eu\/fr\/wp-json\/wp\/v2\/product"}],"about":[{"href":"https:\/\/esquell.eu\/fr\/wp-json\/wp\/v2\/types\/product"}],"replies":[{"embeddable":true,"href":"https:\/\/esquell.eu\/fr\/wp-json\/wp\/v2\/comments?post=12381"}],"wp:featuredmedia":[{"embeddable":true,"href":"https:\/\/esquell.eu\/fr\/wp-json\/wp\/v2\/media\/12417"}],"wp:attachment":[{"href":"https:\/\/esquell.eu\/fr\/wp-json\/wp\/v2\/media?parent=12381"}],"wp:term":[{"taxonomy":"more","embeddable":true,"href":"https:\/\/esquell.eu\/fr\/wp-json\/wp\/v2\/more?post=12381"},{"taxonomy":"product_brand","embeddable":true,"href":"https:\/\/esquell.eu\/fr\/wp-json\/wp\/v2\/product_brand?post=12381"},{"taxonomy":"product_cat","embeddable":true,"href":"https:\/\/esquell.eu\/fr\/wp-json\/wp\/v2\/product_cat?post=12381"},{"taxonomy":"product_tag","embeddable":true,"href":"https:\/\/esquell.eu\/fr\/wp-json\/wp\/v2\/product_tag?post=12381"}],"curies":[{"name":"wp","href":"https:\/\/api.w.org\/{rel}","templated":true}]}}