{"id":12377,"date":"2025-04-03T09:10:57","date_gmt":"2025-04-03T09:10:57","guid":{"rendered":"https:\/\/esquell.eu\/product\/argile-argentee-10-g-ternissure-lente-acs-za-0091\/"},"modified":"2025-11-09T07:09:50","modified_gmt":"2025-11-09T07:09:50","slug":"argile-dargent-10-g-ternissure-lente-acs-za-0091","status":"publish","type":"product","link":"https:\/\/esquell.eu\/fr\/produit\/argile-dargent-10-g-ternissure-lente-acs-za-0091\/","title":{"rendered":"Argile argent\u00e9e 10 g Ternissure lente. ACS ZA-0091"},"content":{"rendered":"<p>La p\u00e2te d&rsquo;argent de la s\u00e9rie Slow Tarnish conserve la couleur argent\u00e9e brillante pendant longtemps.<br \/>\nLa composition sp\u00e9ciale pr\u00e9vient et ralentit la d\u00e9coloration\/oxydation normale de l&rsquo;argent.<br \/>\nDisponible en spray, p\u00e2te d&rsquo;argent 10 g et p\u00e2te 10 g.<\/p>\n","protected":false},"excerpt":{"rendered":"<p>La p\u00e2te d&rsquo;argent de la s\u00e9rie Slow Tarnish conserve longtemps sa couleur argent\u00e9e brillante. Sa composition sp\u00e9ciale emp\u00eache et ralentit la d\u00e9coloration\/oxydation normale de l&rsquo;argent. Disponible en spray d&rsquo;argile, argile d&rsquo;argent 10 g et p\u00e2te 10 g.  <\/p>\n<p>&nbsp;<\/p>\n<p>&nbsp;<\/p>\n","protected":false},"featured_media":12379,"comment_status":"closed","ping_status":"closed","template":"","meta":{"_acf_changed":false,"_seopress_robots_primary_cat":"none","_seopress_titles_title":"","_seopress_titles_desc":"","_seopress_robots_index":""},"more":[],"product_brand":[6382],"product_cat":[6427],"product_tag":[6386,6404,6378,6390,6396,6393,8282,8975,8973,6743,8974,6381,6369,8971,7973,6559,6400,8972,6654,6391,6529],"class_list":{"0":"post-12377","1":"product","2":"type-product","3":"status-publish","4":"has-post-thumbnail","6":"product_brand-acs","7":"product_cat-argile-dargent-art-clay-silver","8":"product_tag-aida","9":"product_tag-argile-argentee","10":"product_tag-argile-metallique","11":"product_tag-argile-metallique-2","12":"product_tag-belgique-2","13":"product_tag-belgique","14":"product_tag-comment","15":"product_tag-compteur","16":"product_tag-decolorer","17":"product_tag-distributeur","18":"product_tag-evite","19":"product_tag-japon","20":"product_tag-largent","21":"product_tag-lent-2","22":"product_tag-lent","23":"product_tag-lignes-dartisanat","24":"product_tag-luxembourg","25":"product_tag-ne-pas-oxyder","26":"product_tag-oxyder","27":"product_tag-pays-bas","28":"product_tag-ternir","29":"product_shipping_class-standard","31":"first","32":"outofstock","33":"taxable","34":"shipping-taxable","35":"purchasable","36":"product-type-simple"},"acf":[],"_links":{"self":[{"href":"https:\/\/esquell.eu\/fr\/wp-json\/wp\/v2\/product\/12377","targetHints":{"allow":["GET"]}}],"collection":[{"href":"https:\/\/esquell.eu\/fr\/wp-json\/wp\/v2\/product"}],"about":[{"href":"https:\/\/esquell.eu\/fr\/wp-json\/wp\/v2\/types\/product"}],"replies":[{"embeddable":true,"href":"https:\/\/esquell.eu\/fr\/wp-json\/wp\/v2\/comments?post=12377"}],"wp:featuredmedia":[{"embeddable":true,"href":"https:\/\/esquell.eu\/fr\/wp-json\/wp\/v2\/media\/12379"}],"wp:attachment":[{"href":"https:\/\/esquell.eu\/fr\/wp-json\/wp\/v2\/media?parent=12377"}],"wp:term":[{"taxonomy":"more","embeddable":true,"href":"https:\/\/esquell.eu\/fr\/wp-json\/wp\/v2\/more?post=12377"},{"taxonomy":"product_brand","embeddable":true,"href":"https:\/\/esquell.eu\/fr\/wp-json\/wp\/v2\/product_brand?post=12377"},{"taxonomy":"product_cat","embeddable":true,"href":"https:\/\/esquell.eu\/fr\/wp-json\/wp\/v2\/product_cat?post=12377"},{"taxonomy":"product_tag","embeddable":true,"href":"https:\/\/esquell.eu\/fr\/wp-json\/wp\/v2\/product_tag?post=12377"}],"curies":[{"name":"wp","href":"https:\/\/api.w.org\/{rel}","templated":true}]}}