{"id":12327,"date":"2025-04-03T09:12:20","date_gmt":"2025-04-03T09:12:20","guid":{"rendered":"https:\/\/esquell.eu\/product\/matrices-de-decoupe-set-de-5-mini-couteaux-forme-ovale\/"},"modified":"2025-11-09T08:33:40","modified_gmt":"2025-11-09T08:33:40","slug":"matrices-de-decoupe-set-de-5-mini-couteaux-forme-ovale","status":"publish","type":"product","link":"https:\/\/esquell.eu\/fr\/produit\/matrices-de-decoupe-set-de-5-mini-couteaux-forme-ovale\/","title":{"rendered":"Matrices de d\u00e9coupe set de 5 mini-couteaux forme ovale"},"content":{"rendered":"<p>Jeu de 5 formes ovales \u00e0 d\u00e9couper<\/p>\n<p>Tailles ;<\/p>\n<p>10*5,6 mm<br \/>\n16*9,6 mm<br \/>\n18*9,0 mm<br \/>\n20*13 mm<br \/>\n25*15 mm<\/p>\n<p>&nbsp;<\/p>\n<p>Cr\u00e9ez sans effort des formes uniques et modernes \u00e0 partir de l&rsquo;argile gr\u00e2ce \u00e0 ce jeu d&#8217;emporte-pi\u00e8ces de haute qualit\u00e9 aux formes organiques. Id\u00e9al pour l&rsquo;argile argent\u00e9e, l&rsquo;argile cuivreuse, l&rsquo;argile bronze et d&rsquo;autres types d&rsquo;argile. Convient \u00e9galement \u00e0 la c\u00e9ramique et \u00e0 l&rsquo;argile polym\u00e8re. <\/p>\n<p>De petite \u00e0 grande taille, ils sont parfaits pour les boucles d&rsquo;oreilles, les pendentifs, les liens et les \u00e9l\u00e9ments d\u00e9coratifs.<\/p>\n<p>Pour un usage fr\u00e9quent. Fabriqu\u00e9 en plastique de haute qualit\u00e9. Conserve sa forme  <\/p>\n<p>L&rsquo;avantage par rapport au stylo aiguille est qu&rsquo;il permet d&rsquo;obtenir des bords de coupe serr\u00e9s sans s&rsquo;effilocher. Et il est facile \u00e0 reproduire, ce qui est pratique pour les boucles d&rsquo;oreilles, par exemple. <\/p>\n<p>Combinez les formes entre elles, avec d&rsquo;autres formes provenant d&rsquo;autres d\u00e9coupes.<\/p>\n<p>Combinez avec des tapis de texture et des tampons pour cr\u00e9er des motifs, des textures et des reliefs.<\/p>\n","protected":false},"excerpt":{"rendered":"<p>Jeu de 5 moules \u00e0 d\u00e9couper ovales<\/p>\n<p>Dimensions ;<\/p>\n<p>10*5.6 mm<br \/>\n16*9.6 mm<br \/>\n18*9.0 mm<br \/>\n20*13 mm<br \/>\n25*15 mm<\/p>\n<p>Convient pour l&rsquo;argile argent\u00e9e, l&rsquo;argile m\u00e9tallique, l&rsquo;argile polym\u00e8re, le cernit, d&rsquo;autres types d&rsquo;argile et la p\u00e2tisserie, entre autres.<\/p>\n","protected":false},"featured_media":7961,"comment_status":"closed","ping_status":"closed","template":"","meta":{"_acf_changed":false,"_seopress_robots_primary_cat":"none","_seopress_titles_title":"","_seopress_titles_desc":"","_seopress_robots_index":""},"more":[],"product_brand":[6398],"product_cat":[6808],"product_tag":[8708,6470,6477,6476,6645,6646,6923,7098,6638,7590,6388,6473,6741,6404,6406,6420,7028,6378,6390,6405,8749,6565,6575,8620,6372,6642,7654,6402,8350,8737,6641,6958,8735,6389,8355,8741,6941,6792,6409,6412,6819,8739,6738,8424,6650,6851,8727,6655,6647,6374,6815,6785,6849,6653,6651,6659,7659,7662,8722,8433,8733,6369,6634,6472,6403,8745,6789,7851,7650,6708,6759,7031,8747,6416,7428,7657,6661,6567,6643,7405,6636,6726,8718,6657,6714,7394,6816,6665,6428,7029,8743,8736,7699,6471,8731,6663,6787,7102,6408,6667,6482],"class_list":{"0":"post-12327","1":"product","2":"type-product","3":"status-publish","4":"has-post-thumbnail","6":"product_brand-l1","7":"product_cat-couteaux-pour-largile","8":"product_tag-co-uk","9":"product_tag-6470","10":"product_tag-6477","11":"product_tag-6476","12":"product_tag-a","13":"product_tag-acheter","14":"product_tag-amsterdam","15":"product_tag-anneau","16":"product_tag-anneaux","17":"product_tag-argent-malleable-2","18":"product_tag-argile","19":"product_tag-argile-2","20":"product_tag-argile-3","21":"product_tag-argile-argentee","22":"product_tag-argile-aurifere","23":"product_tag-argile-bronze","24":"product_tag-argile-cuivreuse","25":"product_tag-argile-metallique","26":"product_tag-argile-metallique-2","27":"product_tag-artclay","28":"product_tag-assecoires","29":"product_tag-atelier","30":"product_tag-ateliers","31":"product_tag-base-de-connaissances","32":"product_tag-bijoux","33":"product_tag-bijoux-2","34":"product_tag-bijoux-5","35":"product_tag-bon-marche","36":"product_tag-boucle-doreille","37":"product_tag-boucle-doreille-2","38":"product_tag-boucles-doreilles","39":"product_tag-boutique","40":"product_tag-boutique-2","41":"product_tag-boutique-en-ligne","42":"product_tag-bouton-doreille","43":"product_tag-bouton-doreille-2","44":"product_tag-brabant","45":"product_tag-bracelet","46":"product_tag-bricolage","47":"product_tag-bronze","48":"product_tag-cernit","49":"product_tag-clous-doreilles-2","50":"product_tag-cool","51":"product_tag-cooltools","52":"product_tag-cuivre","53":"product_tag-cutters","54":"product_tag-decoupe","55":"product_tag-drenthe","56":"product_tag-en-ligne","57":"product_tag-faire","58":"product_tag-fimo","59":"product_tag-flevoland","60":"product_tag-formulaires","61":"product_tag-frise","62":"product_tag-groningue","63":"product_tag-gueldre","64":"product_tag-hollande-du-nord","65":"product_tag-hollande-du-sud","66":"product_tag-internet","67":"product_tag-kits-de-demarrage","68":"product_tag-kits-de-demarrage-2","69":"product_tag-largent","70":"product_tag-largent-3","71":"product_tag-lart","72":"product_tag-lor","73":"product_tag-la-texture","74":"product_tag-limbourg","75":"product_tag-manuel","76":"product_tag-manuels","77":"product_tag-mercerie","78":"product_tag-metal","79":"product_tag-metal-2","80":"product_tag-modeles","81":"product_tag-modelisation","82":"product_tag-naturel","83":"product_tag-nop","84":"product_tag-nord","85":"product_tag-offrir","86":"product_tag-ou","87":"product_tag-outil-2","88":"product_tag-outils","89":"product_tag-outils-2","90":"product_tag-outils-en-argile","91":"product_tag-overijssel","92":"product_tag-pack-de-demarrage","93":"product_tag-pack-de-demarrage-2","94":"product_tag-pate-polymere","95":"product_tag-pays-bas-2","96":"product_tag-pierre","97":"product_tag-pmc","98":"product_tag-poncage","99":"product_tag-presomptueux","100":"product_tag-projection","101":"product_tag-recycle","102":"product_tag-spatules-en-argile","103":"product_tag-sud","104":"product_tag-utrecht","105":"product_tag-vasieres","106":"product_tag-vous","107":"product_tag-zelande","108":"product_tag-zircone","109":"product_shipping_class-standard","111":"first","112":"instock","113":"taxable","114":"shipping-taxable","115":"purchasable","116":"product-type-simple"},"acf":[],"_links":{"self":[{"href":"https:\/\/esquell.eu\/fr\/wp-json\/wp\/v2\/product\/12327","targetHints":{"allow":["GET"]}}],"collection":[{"href":"https:\/\/esquell.eu\/fr\/wp-json\/wp\/v2\/product"}],"about":[{"href":"https:\/\/esquell.eu\/fr\/wp-json\/wp\/v2\/types\/product"}],"replies":[{"embeddable":true,"href":"https:\/\/esquell.eu\/fr\/wp-json\/wp\/v2\/comments?post=12327"}],"wp:featuredmedia":[{"embeddable":true,"href":"https:\/\/esquell.eu\/fr\/wp-json\/wp\/v2\/media\/7961"}],"wp:attachment":[{"href":"https:\/\/esquell.eu\/fr\/wp-json\/wp\/v2\/media?parent=12327"}],"wp:term":[{"taxonomy":"more","embeddable":true,"href":"https:\/\/esquell.eu\/fr\/wp-json\/wp\/v2\/more?post=12327"},{"taxonomy":"product_brand","embeddable":true,"href":"https:\/\/esquell.eu\/fr\/wp-json\/wp\/v2\/product_brand?post=12327"},{"taxonomy":"product_cat","embeddable":true,"href":"https:\/\/esquell.eu\/fr\/wp-json\/wp\/v2\/product_cat?post=12327"},{"taxonomy":"product_tag","embeddable":true,"href":"https:\/\/esquell.eu\/fr\/wp-json\/wp\/v2\/product_tag?post=12327"}],"curies":[{"name":"wp","href":"https:\/\/api.w.org\/{rel}","templated":true}]}}