{"id":12319,"date":"2025-04-03T09:12:20","date_gmt":"2025-04-03T09:12:20","guid":{"rendered":"https:\/\/esquell.eu\/product\/jeu-de-5-mini-couteaux-pour-decouper-des-formes-ovales-etroites-acier\/"},"modified":"2025-11-09T08:40:36","modified_gmt":"2025-11-09T08:40:36","slug":"jeu-de-5-mini-couteaux-pour-decouper-des-formes-ovales-etroites-acier","status":"publish","type":"product","link":"https:\/\/esquell.eu\/fr\/produit\/jeu-de-5-mini-couteaux-pour-decouper-des-formes-ovales-etroites-acier\/","title":{"rendered":"Jeu de 5 mini-couteaux pour d\u00e9couper des formes ovales \u00e9troites. Acier"},"content":{"rendered":"<p>Matrices de d\u00e9coupe set de 5 mini-couteaux ovale \u00e9troit<br \/>\nArgile, coupe argile, coupe argile, argile pour l&rsquo;argile<\/p>\n<div class=\"product-addition-content\">\n<p>Jeu de 5 d\u00e9coupes ovales \u00e9troites<\/p>\n<p>Dimensions ;<\/p>\n<p>18 *3 mm<br \/>\n22* 6 mm<br \/>\n25 *4 mm<br \/>\n28* 6 mm<br \/>\n34* 7 mm<\/p>\n<\/div>\n<p>Cr\u00e9ez sans effort des formes uniques et modernes \u00e0 partir de l&rsquo;argile gr\u00e2ce \u00e0 ce jeu d&#8217;emporte-pi\u00e8ces de haute qualit\u00e9 aux formes organiques. Id\u00e9al pour l&rsquo;argile argent\u00e9e, l&rsquo;argile cuivreuse, l&rsquo;argile bronze et d&rsquo;autres types d&rsquo;argile. Convient \u00e9galement \u00e0 la c\u00e9ramique et \u00e0 l&rsquo;argile polym\u00e8re. <\/p>\n<p>De petite \u00e0 grande taille, ils sont parfaits pour les boucles d&rsquo;oreilles, les pendentifs, les liens et les \u00e9l\u00e9ments d\u00e9coratifs.<\/p>\n<p>Pour un usage fr\u00e9quent. Fabriqu\u00e9 en plastique de haute qualit\u00e9. Conserve sa forme  <\/p>\n<p>L&rsquo;avantage par rapport au stylo aiguille est qu&rsquo;il permet d&rsquo;obtenir des bords de coupe serr\u00e9s sans s&rsquo;effilocher. Et il est facile \u00e0 reproduire, ce qui est pratique pour les boucles d&rsquo;oreilles, par exemple. <\/p>\n<p>Combinez les formes entre elles, avec d&rsquo;autres formes provenant d&rsquo;autres d\u00e9coupes.<\/p>\n<p>Combinez avec des tapis de texture et des tampons pour cr\u00e9er des motifs, des textures et des reliefs.<\/p>\n","protected":false},"excerpt":{"rendered":"<p>Jeu de 5 moules \u00e0 d\u00e9couper ovales \u00e9troits<\/p>\n<p>Dimensions ;<\/p>\n<p>18 *3 mm<br \/>\n22* 6 mm<br \/>\n25 *4 mm<br \/>\n28* 6 mm<br \/>\n34* 7 mm<\/p>\n<p>Convient pour l&rsquo;argile argent\u00e9e, l&rsquo;argile m\u00e9tallique, l&rsquo;argile polym\u00e8re, le cernit, d&rsquo;autres types d&rsquo;argile et la p\u00e2tisserie, entre autres.<\/p>\n","protected":false},"featured_media":7957,"comment_status":"closed","ping_status":"closed","template":"","meta":{"_acf_changed":false,"_seopress_robots_primary_cat":"none","_seopress_titles_title":"","_seopress_titles_desc":"","_seopress_robots_index":""},"more":[],"product_brand":[6398],"product_cat":[6808],"product_tag":[8708,6645,7760,8284,6646,6939,7409,6847,6397,6388,6741,8702,6404,6406,6420,7028,6376,9315,6393,6658,6863,6853,6402,7691,8697,8724,6641,8426,6389,6796,6792,6716,7116,6412,6819,8694,7780,6649,6706,6650,6851,6825,6395,6647,6724,6374,6815,9313,6849,6635,9322,8720,6712,6369,6403,8682,8705,6640,8701,8712,9312,6643,7405,8716,8714,6636,9317,9319,9309,8688,6816,6391,6710,6644,7926,8678,8728,8710,8685,6751,6407,6722,8690,6720],"class_list":{"0":"post-12319","1":"product","2":"type-product","3":"status-publish","4":"has-post-thumbnail","6":"product_brand-l1","7":"product_cat-couteaux-pour-largile","8":"product_tag-co-uk","9":"product_tag-a","10":"product_tag-achats-2","11":"product_tag-achats-3","12":"product_tag-acheter","13":"product_tag-acheter-2","14":"product_tag-acier","15":"product_tag-acier-inoxydable","16":"product_tag-allemagne","17":"product_tag-argile","18":"product_tag-argile-3","19":"product_tag-argile-a-tirets","20":"product_tag-argile-argentee","21":"product_tag-argile-aurifere","22":"product_tag-argile-bronze","23":"product_tag-argile-cuivreuse","24":"product_tag-artclaysilver","25":"product_tag-artclaysilvertools","26":"product_tag-belgique","27":"product_tag-bijoux-en-argile","28":"product_tag-biscuit","29":"product_tag-biscuits","30":"product_tag-bon-marche","31":"product_tag-bouchons","32":"product_tag-bouchons-2","33":"product_tag-bouchons-de-valve","34":"product_tag-boucles-doreilles","35":"product_tag-boucles-doreilles-en-argile","36":"product_tag-boutique-en-ligne","37":"product_tag-boutique-en-ligne-2","38":"product_tag-bracelet","39":"product_tag-breloques","40":"product_tag-breloques-2","41":"product_tag-bronze","42":"product_tag-cernit","43":"product_tag-chaines","44":"product_tag-collier-3","45":"product_tag-commande","46":"product_tag-commerce-de-gros","47":"product_tag-cuivre","48":"product_tag-cutters","49":"product_tag-decouper-des-formes","50":"product_tag-deutsland","51":"product_tag-en-ligne","52":"product_tag-envoyer","53":"product_tag-faire","54":"product_tag-fimo","55":"product_tag-fimonederland","56":"product_tag-formulaires","57":"product_tag-fournitures","58":"product_tag-fournitures-dargent","59":"product_tag-fourniutren","60":"product_tag-gratuit","61":"product_tag-largent","62":"product_tag-lor","63":"product_tag-laiton","64":"product_tag-magasin-de-loisirs","65":"product_tag-maison","66":"product_tag-metal-3","67":"product_tag-moules","68":"product_tag-moules-a-point-fimoui","69":"product_tag-ou","70":"product_tag-outil-2","71":"product_tag-outil-fime","72":"product_tag-outil-pour-pate-polymere","73":"product_tag-outils","74":"product_tag-outils-artclayzil","75":"product_tag-outils-en-terre-cuite-zivler","76":"product_tag-panier-a-breloques","77":"product_tag-pate-fimo","78":"product_tag-pate-polymere","79":"product_tag-pays-bas","80":"product_tag-pendentifs","81":"product_tag-pieces","82":"product_tag-plastique","83":"product_tag-plastique-2","84":"product_tag-poignee-de-bracelet","85":"product_tag-points-2","86":"product_tag-prix-de-gros-3","87":"product_tag-reduction","88":"product_tag-silverclay-co-uk","89":"product_tag-silveribelgie","90":"product_tag-tiret","91":"product_tag-zilverkleinederland","92":"product_shipping_class-standard","94":"first","95":"instock","96":"taxable","97":"shipping-taxable","98":"purchasable","99":"product-type-simple"},"acf":[],"_links":{"self":[{"href":"https:\/\/esquell.eu\/fr\/wp-json\/wp\/v2\/product\/12319","targetHints":{"allow":["GET"]}}],"collection":[{"href":"https:\/\/esquell.eu\/fr\/wp-json\/wp\/v2\/product"}],"about":[{"href":"https:\/\/esquell.eu\/fr\/wp-json\/wp\/v2\/types\/product"}],"replies":[{"embeddable":true,"href":"https:\/\/esquell.eu\/fr\/wp-json\/wp\/v2\/comments?post=12319"}],"wp:featuredmedia":[{"embeddable":true,"href":"https:\/\/esquell.eu\/fr\/wp-json\/wp\/v2\/media\/7957"}],"wp:attachment":[{"href":"https:\/\/esquell.eu\/fr\/wp-json\/wp\/v2\/media?parent=12319"}],"wp:term":[{"taxonomy":"more","embeddable":true,"href":"https:\/\/esquell.eu\/fr\/wp-json\/wp\/v2\/more?post=12319"},{"taxonomy":"product_brand","embeddable":true,"href":"https:\/\/esquell.eu\/fr\/wp-json\/wp\/v2\/product_brand?post=12319"},{"taxonomy":"product_cat","embeddable":true,"href":"https:\/\/esquell.eu\/fr\/wp-json\/wp\/v2\/product_cat?post=12319"},{"taxonomy":"product_tag","embeddable":true,"href":"https:\/\/esquell.eu\/fr\/wp-json\/wp\/v2\/product_tag?post=12319"}],"curies":[{"name":"wp","href":"https:\/\/api.w.org\/{rel}","templated":true}]}}