{"id":12275,"date":"2025-04-03T09:12:02","date_gmt":"2025-04-03T09:12:02","guid":{"rendered":"https:\/\/esquell.eu\/product\/bracelet-pour-entre-piece-argent-925-reglable\/"},"modified":"2025-11-09T08:20:13","modified_gmt":"2025-11-09T08:20:13","slug":"bracelet-pour-entre-piece-argent-925-reglable","status":"publish","type":"product","link":"https:\/\/esquell.eu\/fr\/produit\/bracelet-pour-entre-piece-argent-925-reglable\/","title":{"rendered":"Bracelet pour entre pi\u00e8ce Argent 925 R\u00e9glable"},"content":{"rendered":"<p>Bracelet pour pi\u00e8ce interm\u00e9diaire<\/p>\n<p>Argent 925<\/p>\n<p>1,2 mm de diam\u00e8tre<\/p>\n<p>Longueur totale env. 21,5 cm<\/p>\n","protected":false},"excerpt":{"rendered":"<p>Bracelet pour pi\u00e8ce interm\u00e9diaire<\/p>\n<p>Argent 925<\/p>\n<p>1,2 mm de diam\u00e8tre<\/p>\n<p>Longueur totale env. 21,5 cm<\/p>\n<p>&nbsp;<\/p>\n","protected":false},"featured_media":6232,"comment_status":"closed","ping_status":"closed","template":"","meta":{"_acf_changed":false,"_seopress_robots_primary_cat":"none","_seopress_titles_title":"","_seopress_titles_desc":"","_seopress_robots_index":""},"more":[],"product_brand":[6953],"product_cat":[6915],"product_tag":[6470,6792,8465,6369,6634,6970,7506,6922,6954,6778,7020,6919,6776],"class_list":{"0":"post-12275","1":"product","2":"type-product","3":"status-publish","4":"has-post-thumbnail","6":"product_brand-925-artisanat","7":"product_cat-colliers-chaines-bracelets","8":"product_tag-6470","9":"product_tag-bracelet","10":"product_tag-entretoise","11":"product_tag-largent","12":"product_tag-largent-3","13":"product_tag-lien","14":"product_tag-pour","15":"product_tag-pur","16":"product_tag-pur-2","17":"product_tag-reel","18":"product_tag-reglable","19":"product_tag-sterling","20":"product_tag-vraiment","21":"product_shipping_class-standard","23":"first","24":"instock","25":"taxable","26":"shipping-taxable","27":"purchasable","28":"product-type-simple"},"acf":[],"_links":{"self":[{"href":"https:\/\/esquell.eu\/fr\/wp-json\/wp\/v2\/product\/12275","targetHints":{"allow":["GET"]}}],"collection":[{"href":"https:\/\/esquell.eu\/fr\/wp-json\/wp\/v2\/product"}],"about":[{"href":"https:\/\/esquell.eu\/fr\/wp-json\/wp\/v2\/types\/product"}],"replies":[{"embeddable":true,"href":"https:\/\/esquell.eu\/fr\/wp-json\/wp\/v2\/comments?post=12275"}],"wp:featuredmedia":[{"embeddable":true,"href":"https:\/\/esquell.eu\/fr\/wp-json\/wp\/v2\/media\/6232"}],"wp:attachment":[{"href":"https:\/\/esquell.eu\/fr\/wp-json\/wp\/v2\/media?parent=12275"}],"wp:term":[{"taxonomy":"more","embeddable":true,"href":"https:\/\/esquell.eu\/fr\/wp-json\/wp\/v2\/more?post=12275"},{"taxonomy":"product_brand","embeddable":true,"href":"https:\/\/esquell.eu\/fr\/wp-json\/wp\/v2\/product_brand?post=12275"},{"taxonomy":"product_cat","embeddable":true,"href":"https:\/\/esquell.eu\/fr\/wp-json\/wp\/v2\/product_cat?post=12275"},{"taxonomy":"product_tag","embeddable":true,"href":"https:\/\/esquell.eu\/fr\/wp-json\/wp\/v2\/product_tag?post=12275"}],"curies":[{"name":"wp","href":"https:\/\/api.w.org\/{rel}","templated":true}]}}