{"id":12217,"date":"2025-04-03T09:11:15","date_gmt":"2025-04-03T09:11:15","guid":{"rendered":"https:\/\/esquell.eu\/product\/zet-steel-set-of-3\/"},"modified":"2026-02-14T10:36:41","modified_gmt":"2026-02-14T10:36:41","slug":"zet-steel-set-of-3","status":"publish","type":"product","link":"https:\/\/esquell.eu\/fr\/produit\/zet-steel-set-of-3\/","title":{"rendered":"Zet steel Set of 3"},"content":{"rendered":"<p>Outils pour le sertissage des pierres.<br \/>\nCe set comprend :<br \/>\n&#8211; Un poussoir carr\u00e9 en acier noirci pour le sertissage des pierres dans les chatons. Avec cet acier \u00e0 sertir, vous poussez les \u00ab\u00a0griffes\u00a0\u00bb d&rsquo;un chaton fermement contre la pierre afin que la pierre s&rsquo;ins\u00e8re joliment et fermement dans le chaton.<br \/>\n&#8211; Acier \u00e0 sertir muni d&rsquo;une rainure permettant de sertir des pierres m\u00e9talliques sur des pierres.<br \/>\n&#8211; Un acier de r\u00e9glage en acier poli pour fermer rapidement et facilement les bo\u00eetes et les plateaux de r\u00e9glage.<\/p>\n","protected":false},"excerpt":{"rendered":"<p>Outils pour le sertissage des pierres.<br \/>\nCe set comprend :<br \/>\n&#8211; Un poussoir carr\u00e9 en acier noirci pour le sertissage des pierres dans les chatons. Avec cet acier \u00e0 sertir, vous poussez les \u00ab\u00a0griffes\u00a0\u00bb d&rsquo;un chaton fermement contre la pierre afin que la pierre s&rsquo;ins\u00e8re joliment et fermement dans le chaton.<br \/>\n&#8211; Acier \u00e0 sertir muni d&rsquo;une rainure permettant de sertir des pierres m\u00e9talliques sur des pierres.<br \/>\n&#8211; Un acier de r\u00e9glage en acier poli pour fermer rapidement et facilement les bo\u00eetes et les plateaux de r\u00e9glage.<\/p>\n<p>&nbsp;<\/p>\n","protected":false},"featured_media":12218,"comment_status":"closed","ping_status":"closed","template":"","meta":{"_acf_changed":false,"_seopress_robots_primary_cat":"none","_seopress_titles_title":"","_seopress_titles_desc":"","_seopress_robots_index":""},"more":[],"product_brand":[7186],"product_cat":[6364,7412,7397,6366],"product_tag":[6645,6646,7409,7407,6386,6372,6642,7418,6480,6402,6389,6796,6409,8055,8057,6706,6743,6374,6635,6481,6550,7401,7398,7820,6637,7313,6652,6643,7405,6636,7422,6428,7279,8053,7420,7416,7411,8059,8056,7424,7414],"class_list":{"0":"post-12217","1":"product","2":"type-product","3":"status-publish","4":"has-post-thumbnail","6":"product_brand-rio","7":"product_cat-materiel-supplementaire","8":"product_cat-outils-de-base","9":"product_cat-pince-et-pince-a-epiler","10":"product_cat-poncage-limage-et-polissage","11":"product_tag-a","12":"product_tag-acheter","13":"product_tag-acier","14":"product_tag-acier-de-montage","15":"product_tag-aida","16":"product_tag-bijoux","17":"product_tag-bijoux-2","18":"product_tag-boite-de-reglage","19":"product_tag-boites-de-composition","20":"product_tag-bon-marche","21":"product_tag-boutique-en-ligne","22":"product_tag-boutique-en-ligne-2","23":"product_tag-bricolage","24":"product_tag-broche","25":"product_tag-chaton","26":"product_tag-commerce-de-gros","27":"product_tag-distributeur","28":"product_tag-faire","29":"product_tag-fournitures","30":"product_tag-galets","31":"product_tag-largent-2","32":"product_tag-lieux","33":"product_tag-mettre","34":"product_tag-mettre-2","35":"product_tag-orfevre","36":"product_tag-orfevre-2","37":"product_tag-orfevres","38":"product_tag-ou","39":"product_tag-outil-2","40":"product_tag-outils","41":"product_tag-outils-de-bijouterie","42":"product_tag-pierre","43":"product_tag-pierre-2","44":"product_tag-pierre-3","45":"product_tag-plateau-de-brassage","46":"product_tag-plateau-de-composition","47":"product_tag-plateaux-de-composition","48":"product_tag-reglage-des-griffes","49":"product_tag-sertissage","50":"product_tag-sierande","51":"product_tag-zetkast","52":"product_shipping_class-standard","54":"first","55":"instock","56":"taxable","57":"shipping-taxable","58":"purchasable","59":"product-type-simple"},"acf":[],"_links":{"self":[{"href":"https:\/\/esquell.eu\/fr\/wp-json\/wp\/v2\/product\/12217","targetHints":{"allow":["GET"]}}],"collection":[{"href":"https:\/\/esquell.eu\/fr\/wp-json\/wp\/v2\/product"}],"about":[{"href":"https:\/\/esquell.eu\/fr\/wp-json\/wp\/v2\/types\/product"}],"replies":[{"embeddable":true,"href":"https:\/\/esquell.eu\/fr\/wp-json\/wp\/v2\/comments?post=12217"}],"wp:featuredmedia":[{"embeddable":true,"href":"https:\/\/esquell.eu\/fr\/wp-json\/wp\/v2\/media\/12218"}],"wp:attachment":[{"href":"https:\/\/esquell.eu\/fr\/wp-json\/wp\/v2\/media?parent=12217"}],"wp:term":[{"taxonomy":"more","embeddable":true,"href":"https:\/\/esquell.eu\/fr\/wp-json\/wp\/v2\/more?post=12217"},{"taxonomy":"product_brand","embeddable":true,"href":"https:\/\/esquell.eu\/fr\/wp-json\/wp\/v2\/product_brand?post=12217"},{"taxonomy":"product_cat","embeddable":true,"href":"https:\/\/esquell.eu\/fr\/wp-json\/wp\/v2\/product_cat?post=12217"},{"taxonomy":"product_tag","embeddable":true,"href":"https:\/\/esquell.eu\/fr\/wp-json\/wp\/v2\/product_tag?post=12217"}],"curies":[{"name":"wp","href":"https:\/\/api.w.org\/{rel}","templated":true}]}}