{"id":12202,"date":"2025-04-03T09:10:57","date_gmt":"2025-04-03T09:10:57","guid":{"rendered":"https:\/\/esquell.eu\/product\/argile-argentee-slow-tarnish-spray-argile-seringue-acs-a-0093\/"},"modified":"2025-11-09T09:13:46","modified_gmt":"2025-11-09T09:13:46","slug":"argile-dargent-slow-tarnish-spray-argile-seringue-acs-a-0093","status":"publish","type":"product","link":"https:\/\/esquell.eu\/fr\/produit\/argile-dargent-slow-tarnish-spray-argile-seringue-acs-a-0093\/","title":{"rendered":"Argile argent\u00e9e Slow Tarnish spray argile \/ seringue ACS (A-0093)"},"content":{"rendered":"<p>La seringue \/ argile en spray de la s\u00e9rie Slow Tarnish conserve la couleur argent\u00e9e brillante pendant longtemps.<br \/>\nLa composition sp\u00e9ciale emp\u00eache et retarde la d\u00e9coloration \/ oxydation normale de l&rsquo;argent.<br \/>\nDisponible en argile en spray, argile argent\u00e9e 10 g et p\u00e2te 10 g.<\/p>\n","protected":false},"excerpt":{"rendered":"<p>L&rsquo;argile en seringue \/ en spray de la s\u00e9rie Slow Tarnish conserve sa couleur argent\u00e9e brillante pendant longtemps. Sa composition sp\u00e9ciale emp\u00eache et retarde la d\u00e9coloration\/oxydation normale de l&rsquo;argent. Disponible en spray, argile argent\u00e9e 10 g et p\u00e2te 10 g.  <\/p>\n","protected":false},"featured_media":12047,"comment_status":"closed","ping_status":"closed","template":"","meta":{"_acf_changed":false,"_seopress_robots_primary_cat":"none","_seopress_titles_title":"","_seopress_titles_desc":"","_seopress_robots_index":""},"more":[],"product_brand":[6382],"product_cat":[6427],"product_tag":[6386,6397,6923,6931,6388,6741,6780,6378,6390,6376,6393,6396,7987,6522,7191,6389,6935,7188,6706,6395,6743,6401,6933,6381,6369,7981,6930,7973,7975,6559,6385,7983,6400,7989,6937,6391,7979,6927,7094,7985,6925,7977,6782,6529],"class_list":{"0":"post-12202","1":"product","2":"type-product","3":"status-publish","4":"has-post-thumbnail","6":"product_brand-acs","7":"product_cat-argile-dargent-art-clay-silver","8":"product_tag-aida","9":"product_tag-allemagne","10":"product_tag-amsterdam","11":"product_tag-anvers","12":"product_tag-argile","13":"product_tag-argile-3","14":"product_tag-argile-en-spray","15":"product_tag-argile-metallique","16":"product_tag-argile-metallique-2","17":"product_tag-artclaysilver","18":"product_tag-belgique","19":"product_tag-belgique-2","20":"product_tag-berlin","21":"product_tag-blanc","22":"product_tag-blanc-2","23":"product_tag-boutique-en-ligne","24":"product_tag-bruxelles","25":"product_tag-clair","26":"product_tag-commerce-de-gros","27":"product_tag-deutsland","28":"product_tag-distributeur","29":"product_tag-france","30":"product_tag-gentilhomme","31":"product_tag-japon","32":"product_tag-largent","33":"product_tag-largent-4","34":"product_tag-leeuwarden","35":"product_tag-lent","36":"product_tag-lenteur-de-la-ternissure","37":"product_tag-lignes-dartisanat","38":"product_tag-lumiere","39":"product_tag-lumiere-2","40":"product_tag-luxembourg","41":"product_tag-munchen","42":"product_tag-ostende","43":"product_tag-pays-bas","44":"product_tag-permanent","45":"product_tag-plomb","46":"product_tag-pont","47":"product_tag-propre","48":"product_tag-rotterdam","49":"product_tag-sejour","50":"product_tag-seringue","51":"product_tag-ternir","52":"product_shipping_class-standard","54":"first","55":"instock","56":"taxable","57":"shipping-taxable","58":"purchasable","59":"product-type-simple"},"acf":[],"_links":{"self":[{"href":"https:\/\/esquell.eu\/fr\/wp-json\/wp\/v2\/product\/12202","targetHints":{"allow":["GET"]}}],"collection":[{"href":"https:\/\/esquell.eu\/fr\/wp-json\/wp\/v2\/product"}],"about":[{"href":"https:\/\/esquell.eu\/fr\/wp-json\/wp\/v2\/types\/product"}],"replies":[{"embeddable":true,"href":"https:\/\/esquell.eu\/fr\/wp-json\/wp\/v2\/comments?post=12202"}],"wp:featuredmedia":[{"embeddable":true,"href":"https:\/\/esquell.eu\/fr\/wp-json\/wp\/v2\/media\/12047"}],"wp:attachment":[{"href":"https:\/\/esquell.eu\/fr\/wp-json\/wp\/v2\/media?parent=12202"}],"wp:term":[{"taxonomy":"more","embeddable":true,"href":"https:\/\/esquell.eu\/fr\/wp-json\/wp\/v2\/more?post=12202"},{"taxonomy":"product_brand","embeddable":true,"href":"https:\/\/esquell.eu\/fr\/wp-json\/wp\/v2\/product_brand?post=12202"},{"taxonomy":"product_cat","embeddable":true,"href":"https:\/\/esquell.eu\/fr\/wp-json\/wp\/v2\/product_cat?post=12202"},{"taxonomy":"product_tag","embeddable":true,"href":"https:\/\/esquell.eu\/fr\/wp-json\/wp\/v2\/product_tag?post=12202"}],"curies":[{"name":"wp","href":"https:\/\/api.w.org\/{rel}","templated":true}]}}