{"id":12191,"date":"2025-04-03T09:11:15","date_gmt":"2025-04-03T09:11:15","guid":{"rendered":"https:\/\/esquell.eu\/product\/presentoirs-de-bagues-emballe-prix-par-10-pieces\/"},"modified":"2026-02-14T10:37:01","modified_gmt":"2026-02-14T10:37:01","slug":"presentoirs-de-bagues-emballe-prix-par-10-pieces","status":"publish","type":"product","link":"https:\/\/esquell.eu\/fr\/produit\/presentoirs-de-bagues-emballe-prix-par-10-pieces\/","title":{"rendered":"Pr\u00e9sentoirs de bagues Emball\u00e9 \/ prix par 10 pi\u00e8ces"},"content":{"rendered":"<p>Pr\u00e9sentoirs de bagues tr\u00e8s pratiques.<\/p>\n<p>Convient aux bagues larges et \u00e9troites.<\/p>\n<p>Emball\u00e9 par 10 pi\u00e8ces.<\/p>\n","protected":false},"excerpt":{"rendered":"<p>Mini pr\u00e9sentoirs \u00e0 anneaux tr\u00e8s pratiques.<\/p>\n<p>Convient aux anneaux larges et \u00e9troits.<\/p>\n<p>Emball\u00e9 par 10 pi\u00e8ces.<\/p>\n","protected":false},"featured_media":12193,"comment_status":"closed","ping_status":"closed","template":"","meta":{"_acf_changed":false,"_seopress_robots_primary_cat":"none","_seopress_titles_title":"","_seopress_titles_desc":"","_seopress_robots_index":""},"more":[],"product_brand":[6398],"product_cat":[6364,7396,6809],"product_tag":[7929,7916,7922,7098,6638,6372,7945,6706,21587,7937,7935,6821,7941,7933,7926,7506,7943,7939],"class_list":{"0":"post-12191","1":"product","2":"type-product","3":"status-publish","4":"has-post-thumbnail","6":"product_brand-l1","7":"product_cat-materiel-supplementaire","8":"product_cat-outils-pour-anneaux","9":"product_cat-vente","10":"product_tag-acrylique","11":"product_tag-affichage","12":"product_tag-affichage-de-lanneau","13":"product_tag-anneau","14":"product_tag-anneaux","15":"product_tag-bijoux","16":"product_tag-boutique-en-ligne-3","17":"product_tag-commerce-de-gros","18":"product_tag-detenteurs-2","19":"product_tag-detenteurs","20":"product_tag-invisible","21":"product_tag-mini","22":"product_tag-normes","23":"product_tag-petit-2","24":"product_tag-plastique","25":"product_tag-pour","26":"product_tag-presentoir-a-bijoux","27":"product_tag-standard","28":"product_shipping_class-standard","30":"first","31":"instock","32":"sale","33":"taxable","34":"shipping-taxable","35":"purchasable","36":"product-type-simple"},"acf":[],"_links":{"self":[{"href":"https:\/\/esquell.eu\/fr\/wp-json\/wp\/v2\/product\/12191","targetHints":{"allow":["GET"]}}],"collection":[{"href":"https:\/\/esquell.eu\/fr\/wp-json\/wp\/v2\/product"}],"about":[{"href":"https:\/\/esquell.eu\/fr\/wp-json\/wp\/v2\/types\/product"}],"replies":[{"embeddable":true,"href":"https:\/\/esquell.eu\/fr\/wp-json\/wp\/v2\/comments?post=12191"}],"wp:featuredmedia":[{"embeddable":true,"href":"https:\/\/esquell.eu\/fr\/wp-json\/wp\/v2\/media\/12193"}],"wp:attachment":[{"href":"https:\/\/esquell.eu\/fr\/wp-json\/wp\/v2\/media?parent=12191"}],"wp:term":[{"taxonomy":"more","embeddable":true,"href":"https:\/\/esquell.eu\/fr\/wp-json\/wp\/v2\/more?post=12191"},{"taxonomy":"product_brand","embeddable":true,"href":"https:\/\/esquell.eu\/fr\/wp-json\/wp\/v2\/product_brand?post=12191"},{"taxonomy":"product_cat","embeddable":true,"href":"https:\/\/esquell.eu\/fr\/wp-json\/wp\/v2\/product_cat?post=12191"},{"taxonomy":"product_tag","embeddable":true,"href":"https:\/\/esquell.eu\/fr\/wp-json\/wp\/v2\/product_tag?post=12191"}],"curies":[{"name":"wp","href":"https:\/\/api.w.org\/{rel}","templated":true}]}}