{"id":12172,"date":"2025-04-03T09:12:11","date_gmt":"2025-04-03T09:12:11","guid":{"rendered":"https:\/\/esquell.eu\/product\/cutters-cut-out-shapes-leaf-6-piece-set-stainless-steel\/"},"modified":"2025-11-05T14:57:28","modified_gmt":"2025-11-05T14:57:28","slug":"cutters-cut-out-shapes-leaf-6-piece-set-stainless-steel","status":"publish","type":"product","link":"https:\/\/esquell.eu\/fr\/produit\/cutters-cut-out-shapes-leaf-6-piece-set-stainless-steel\/","title":{"rendered":"Cutters \/ cut-out shapes leaf 6 piece set stainless steel"},"content":{"rendered":"<p>Jeu de 6 pi\u00e8ces de formes \u00e0 d\u00e9couper\/coupeurs. Forme de goutte. Acier inoxydable<br \/>\nCoupe-argile, coupe-argile, outils pour l&rsquo;argile<br \/>\nLe plus petit mesure 2,7 cm de long, le plus grand 7,7 cm de long.  <\/p>\n<div class=\"product-addition-content\">\n<p>Jeu de 6 pi\u00e8ces de formes \u00e0 d\u00e9couper\/coupeurs. Forme en goutte d&rsquo;eau. ACIER INOXYDABLE  <\/p>\n<p>Le plus petit mesure 2,7 cm de long, le plus grand 7,7 cm de long.<\/p>\n<p>Convient pour d\u00e9couper des formes dans diff\u00e9rents types d&rsquo;argile.<\/p>\n<p>Cr\u00e9ez sans effort des formes uniques et modernes \u00e0 partir de l&rsquo;argile gr\u00e2ce \u00e0 ce jeu d&#8217;emporte-pi\u00e8ces de haute qualit\u00e9 aux formes organiques. Id\u00e9al pour l&rsquo;arguile d&rsquo;argent, l&rsquo;argile cuivreuse, l&rsquo;argile bronze et d&rsquo;autres types d&rsquo;argile. Convient \u00e9galement \u00e0 la c\u00e9ramique et \u00e0 l&rsquo;argile polym\u00e8re. <\/p>\n<p>De petite \u00e0 grande taille, ils sont parfaits pour les boucles d&rsquo;oreilles, les pendentifs, les liens et les \u00e9l\u00e9ments d\u00e9coratifs.<\/p>\n<p>Pour un usage fr\u00e9quent. Fabriqu\u00e9 en plastique de haute qualit\u00e9. Conserve sa forme  <\/p>\n<p>L&rsquo;avantage par rapport au stylo aiguille est qu&rsquo;il permet d&rsquo;obtenir des bords de coupe serr\u00e9s sans s&rsquo;effilocher. Et il est facile \u00e0 reproduire, ce qui est pratique pour les boucles d&rsquo;oreilles, par exemple. <\/p>\n<p>Combinez les formes entre elles, avec d&rsquo;autres formes provenant d&rsquo;autres d\u00e9coupes.<\/p>\n<p>Combinez avec des tapis de texture et des tampons pour cr\u00e9er des motifs, des textures et des reliefs.<\/p>\n<\/div>\n","protected":false},"excerpt":{"rendered":"<p>Jeu de 6 pi\u00e8ces de formes \u00e0 d\u00e9couper\/coupeurs. Forme en goutte d&rsquo;eau. ACIER INOXYDABLE  <\/p>\n<p>Le plus petit mesure 2,7 cm de long, le plus grand 7,7 cm de long.<\/p>\n<p>Convient pour d\u00e9couper des formes dans diff\u00e9rents types d&rsquo;argile.<\/p>\n","protected":false},"featured_media":7970,"comment_status":"closed","ping_status":"closed","template":"","meta":{"_acf_changed":false,"_seopress_robots_primary_cat":"none","_seopress_titles_title":"","_seopress_titles_desc":"","_seopress_robots_index":""},"more":[],"product_brand":[6398],"product_cat":[6808],"product_tag":[6645,8048,7760,6939,6646,6847,7761,6397,7339,6741,6388,6404,6406,6420,7028,6378,9381,6393,6642,6372,8356,6658,7548,6402,7691,6958,6389,6796,6409,9385,6819,6649,6706,6827,9346,6823,8727,6825,6395,6647,6724,9329,6763,6374,6798,7671,9343,6815,9369,9373,9350,9377,6849,9392,9366,6712,6801,6761,6640,9364,9337,8701,9360,9333,6835,6567,6643,9395,9354,8718,9340,9356,9567,6816,6391,9109,6829,9389,6751,6722,9570,8366,6805,9397,6803,6807,6408,6720],"class_list":{"0":"post-12172","1":"product","2":"type-product","3":"status-publish","4":"has-post-thumbnail","6":"product_brand-l1","7":"product_cat-couteaux-pour-largile","8":"product_tag-a","9":"product_tag-a-vendre","10":"product_tag-achats-2","11":"product_tag-acheter-2","12":"product_tag-acheter","13":"product_tag-acier-inoxydable","14":"product_tag-allemagne-2","15":"product_tag-allemagne","16":"product_tag-argent-malleable","17":"product_tag-argile-3","18":"product_tag-argile","19":"product_tag-argile-argentee","20":"product_tag-argile-aurifere","21":"product_tag-argile-bronze","22":"product_tag-argile-cuivreuse","23":"product_tag-argile-metallique","24":"product_tag-autocollants-ronds","25":"product_tag-belgique","26":"product_tag-bijoux-2","27":"product_tag-bijoux","28":"product_tag-bijoux-en-argent-3","29":"product_tag-bijoux-en-argile","30":"product_tag-bijoux-en-argile-2","31":"product_tag-bon-marche","32":"product_tag-bouchons","33":"product_tag-boutique","34":"product_tag-boutique-en-ligne","35":"product_tag-boutique-en-ligne-2","36":"product_tag-bricolage","37":"product_tag-carre","38":"product_tag-cernit","39":"product_tag-commande","40":"product_tag-commerce-de-gros","41":"product_tag-coupeurs-dargile","42":"product_tag-couteau-a-argile","43":"product_tag-cutter","44":"product_tag-decoupe","45":"product_tag-decouper-des-formes","46":"product_tag-deutsland","47":"product_tag-en-ligne","48":"product_tag-envoyer","49":"product_tag-fabrication-de-bijoux","50":"product_tag-facebook","51":"product_tag-faire","52":"product_tag-faire-2","53":"product_tag-faire-soi-meme","54":"product_tag-fiche","55":"product_tag-fimo","56":"product_tag-fondant","57":"product_tag-forme-de-la-feuille","58":"product_tag-forme-de-la-feuille-forme-de-la-goutte-deau","59":"product_tag-forme-de-la-goutte","60":"product_tag-formulaires","61":"product_tag-gamme","62":"product_tag-gateau","63":"product_tag-gratuit","64":"product_tag-il","65":"product_tag-instagram","66":"product_tag-maison","67":"product_tag-malleable-2","68":"product_tag-marqueurs-en-argile","69":"product_tag-metal-3","70":"product_tag-metalclaytools","71":"product_tag-metaux-precieux","72":"product_tag-moules-en-argile","73":"product_tag-offrir","74":"product_tag-ou","75":"product_tag-outils-de-bijouterie-2","76":"product_tag-outils-en-argent","77":"product_tag-outils-en-argile","78":"product_tag-outils-en-argile-4","79":"product_tag-outils-pour-largile-metallique","80":"product_tag-outils-pour-largile-metallique-2","81":"product_tag-pate-polymere","82":"product_tag-pays-bas","83":"product_tag-poterie","84":"product_tag-poubelles","85":"product_tag-rectangle","86":"product_tag-reduction","87":"product_tag-silveribelgie","88":"product_tag-silverton","89":"product_tag-smuck","90":"product_tag-soi","91":"product_tag-tonne","92":"product_tag-votre","93":"product_tag-vous-2","94":"product_tag-vous","95":"product_tag-zilverkleinederland","96":"product_shipping_class-standard","98":"first","99":"instock","100":"taxable","101":"shipping-taxable","102":"purchasable","103":"product-type-simple"},"acf":[],"_links":{"self":[{"href":"https:\/\/esquell.eu\/fr\/wp-json\/wp\/v2\/product\/12172","targetHints":{"allow":["GET"]}}],"collection":[{"href":"https:\/\/esquell.eu\/fr\/wp-json\/wp\/v2\/product"}],"about":[{"href":"https:\/\/esquell.eu\/fr\/wp-json\/wp\/v2\/types\/product"}],"replies":[{"embeddable":true,"href":"https:\/\/esquell.eu\/fr\/wp-json\/wp\/v2\/comments?post=12172"}],"wp:featuredmedia":[{"embeddable":true,"href":"https:\/\/esquell.eu\/fr\/wp-json\/wp\/v2\/media\/7970"}],"wp:attachment":[{"href":"https:\/\/esquell.eu\/fr\/wp-json\/wp\/v2\/media?parent=12172"}],"wp:term":[{"taxonomy":"more","embeddable":true,"href":"https:\/\/esquell.eu\/fr\/wp-json\/wp\/v2\/more?post=12172"},{"taxonomy":"product_brand","embeddable":true,"href":"https:\/\/esquell.eu\/fr\/wp-json\/wp\/v2\/product_brand?post=12172"},{"taxonomy":"product_cat","embeddable":true,"href":"https:\/\/esquell.eu\/fr\/wp-json\/wp\/v2\/product_cat?post=12172"},{"taxonomy":"product_tag","embeddable":true,"href":"https:\/\/esquell.eu\/fr\/wp-json\/wp\/v2\/product_tag?post=12172"}],"curies":[{"name":"wp","href":"https:\/\/api.w.org\/{rel}","templated":true}]}}