{"id":12141,"date":"2025-04-03T09:11:05","date_gmt":"2025-04-03T09:11:05","guid":{"rendered":"https:\/\/esquell.eu\/product\/argile-argentee-art-clay-silver-7-grammes-acs-a-0272\/"},"modified":"2026-01-10T17:06:55","modified_gmt":"2026-01-10T17:06:55","slug":"argile-dargent-art-clay-silver-7-grammes-acs-a-0272","status":"publish","type":"product","link":"https:\/\/esquell.eu\/fr\/produit\/argile-dargent-art-clay-silver-7-grammes-acs-a-0272\/","title":{"rendered":"Argile argent\u00e9e &#8211; Art Clay Silver 7 grammes ACS (A-0272)"},"content":{"rendered":"<p>Vous utilisez cette argile pour cr\u00e9er des formes que vous pouvez p\u00e9trir, rouler et enrouler. Travailler avec Art Clay L&rsquo;argile argent\u00e9e pr\u00e9sente les avantages suivants : <\/p>\n<ul>\n<li>Il peut \u00eatre cuit \u00e0 basse temp\u00e9rature, m\u00eame sur une cuisini\u00e8re \u00e0 gaz.<\/li>\n<li>La mercerie silverden de premi\u00e8re ann\u00e9e peut \u00eatre cuite avec elle.<\/li>\n<li>Il ne r\u00e9tr\u00e9cit que de 8 \u00e0 9 %.<\/li>\n<li>C&rsquo;est le meilleur type de produit \u00e0 utiliser avec le verre et m\u00eame certaines pierres pr\u00e9cieuses.<\/li>\n<\/ul>\n<p>Avant de l&rsquo;utiliser, p\u00e9trissez bri\u00e8vement l&rsquo;argile pour faire sortir les \u00e9ventuelles bulles d&rsquo;air<br \/>\n.<br \/>\nVous pouvez \u00e9galement l&rsquo;envelopper dans un film plastique pour \u00e9viter qu&rsquo;elle ne s\u00e8che.<\/p>\n","protected":false},"excerpt":{"rendered":"<p>Vous utilisez cette argile pour cr\u00e9er des formes que vous pouvez p\u00e9trir, rouler et enrouler. Travailler avec Art Clay L&rsquo;argile argent\u00e9e pr\u00e9sente les avantages suivants : <\/p>\n<ul>\n<li>Il peut \u00eatre cuit \u00e0 basse temp\u00e9rature, m\u00eame sur une cuisini\u00e8re \u00e0 gaz.<\/li>\n<li>La mercerie silverden de premi\u00e8re ann\u00e9e peut \u00eatre cuite avec elle.<\/li>\n<li>Il ne r\u00e9tr\u00e9cit que de 8 \u00e0 9 %.<\/li>\n<li>C&rsquo;est le meilleur type de produit \u00e0 utiliser avec le verre et m\u00eame certaines pierres pr\u00e9cieuses.<\/li>\n<\/ul>\n<p>Avant de l&rsquo;utiliser, p\u00e9trissez bri\u00e8vement l&rsquo;argile pour faire sortir les \u00e9ventuelles bulles d&rsquo;air<br \/>\n.<br \/>\nVous pouvez \u00e9galement l&rsquo;envelopper dans un film plastique pour \u00e9viter qu&rsquo;elle ne s\u00e8che.<\/p>\n","protected":false},"featured_media":12360,"comment_status":"closed","ping_status":"closed","template":"","meta":{"_acf_changed":false,"_seopress_robots_primary_cat":"none","_seopress_titles_title":"","_seopress_titles_desc":"","_seopress_robots_index":""},"more":[],"product_brand":[6382],"product_cat":[6427,6809],"product_tag":[6755,7469,8319,7664,6757,6791,8954,6470,6477,6476,6645,6646,7647,6960,7016,6638,8329,8589,7590,6388,6473,6741,6404,6780,6378,7588,7632,6405,6376,6565,6372,7578,7592,6658,8947,7598,7636,8951,8350,6641,6796,8324,8355,6792,8368,7582,6716,8340,6409,8358,8592,7586,7634,6794,8334,6772,6962,7600,7640,7642,6655,6374,6798,7594,6785,6849,6653,6747,6651,6659,7659,7662,6801,7645,6369,6550,6634,6789,8363,6708,7398,7695,7657,6661,6652,6643,6657,7584,7529,6665,6774,7092,8345,6485,6428,7602,7029,7656,7644,6778,7580,7649,6782,6805,6964,7606,6663,7638,7655,7651,7596,6787,7102,7055,7653,6803,6807,6776,6667,6482,7604],"class_list":{"0":"post-12141","1":"product","2":"type-product","3":"status-publish","4":"has-post-thumbnail","6":"product_brand-acs","7":"product_cat-argile-dargent-art-clay-silver","8":"product_cat-vente","9":"product_tag-6755","10":"product_tag-7469","11":"product_tag-8319","12":"product_tag-7664","13":"product_tag-6757","14":"product_tag-6791","15":"product_tag-7grammes","16":"product_tag-6470","17":"product_tag-6477","18":"product_tag-6476","19":"product_tag-a","20":"product_tag-acheter","21":"product_tag-ameland","22":"product_tag-amende","23":"product_tag-amende-2","24":"product_tag-anneaux","25":"product_tag-argent-fin","26":"product_tag-argent-fin-2","27":"product_tag-argent-malleable-2","28":"product_tag-argile","29":"product_tag-argile-2","30":"product_tag-argile-3","31":"product_tag-argile-argentee","32":"product_tag-argile-en-spray","33":"product_tag-argile-metallique","34":"product_tag-argile-metallique-3","35":"product_tag-argile-metallique-4","36":"product_tag-artclay","37":"product_tag-artclaysilver","38":"product_tag-atelier","39":"product_tag-bijoux","40":"product_tag-bijoux-commemoratifs","41":"product_tag-bijoux-en-argent","42":"product_tag-bijoux-en-argile","43":"product_tag-bijoux-en-bronze","44":"product_tag-bijoux-en-frene","45":"product_tag-bijoux-en-frene-2","46":"product_tag-bol-com-silverclay-co-uk","47":"product_tag-boucle-doreille","48":"product_tag-boucles-doreilles","49":"product_tag-boutique-en-ligne-2","50":"product_tag-boutique-boutique","51":"product_tag-bouton-doreille","52":"product_tag-bracelet","53":"product_tag-brachelet","54":"product_tag-breda","55":"product_tag-breloques","56":"product_tag-breloques-3","57":"product_tag-bricolage","58":"product_tag-broche-2","59":"product_tag-broche-3","60":"product_tag-buse","61":"product_tag-buse-2","62":"product_tag-chaine","63":"product_tag-chaine-2","64":"product_tag-charme","65":"product_tag-collier","66":"product_tag-confirmer","67":"product_tag-diamant-2","68":"product_tag-diamants","69":"product_tag-drenthe","70":"product_tag-faire","71":"product_tag-faire-2","72":"product_tag-filigrane","73":"product_tag-flevoland","74":"product_tag-formulaires","75":"product_tag-frise","76":"product_tag-gramme","77":"product_tag-groningue","78":"product_tag-gueldre","79":"product_tag-hollande-du-nord","80":"product_tag-hollande-du-sud","81":"product_tag-il","82":"product_tag-iles","83":"product_tag-largent","84":"product_tag-largent-2","85":"product_tag-largent-3","86":"product_tag-limbourg","87":"product_tag-manchette","88":"product_tag-mercerie","89":"product_tag-mettre","90":"product_tag-modelisation-2","91":"product_tag-nop","92":"product_tag-nord","93":"product_tag-orfevres","94":"product_tag-ou","95":"product_tag-overijssel","96":"product_tag-pate-a-pulveriser","97":"product_tag-pateargent","98":"product_tag-pays-bas-2","99":"product_tag-pendentif","100":"product_tag-pendentif-2","101":"product_tag-pendentifs-2","102":"product_tag-perles","103":"product_tag-pierre","104":"product_tag-pierres-precieuses","105":"product_tag-pmc","106":"product_tag-polder-du-nord-est","107":"product_tag-poli","108":"product_tag-reel","109":"product_tag-reparation-2","110":"product_tag-schiermoninkoog","111":"product_tag-seringue","112":"product_tag-soi","113":"product_tag-sollid","114":"product_tag-strass","115":"product_tag-sud","116":"product_tag-swarovski","117":"product_tag-terschelling","118":"product_tag-texel","119":"product_tag-travail-ouvert","120":"product_tag-utrecht","121":"product_tag-vasieres","122":"product_tag-verre","123":"product_tag-vlieland","124":"product_tag-votre","125":"product_tag-vous-2","126":"product_tag-vraiment","127":"product_tag-zelande","128":"product_tag-zircone","129":"product_tag-zircone-2","130":"product_shipping_class-standard","132":"first","133":"instock","134":"taxable","135":"shipping-taxable","136":"purchasable","137":"product-type-simple"},"acf":[],"_links":{"self":[{"href":"https:\/\/esquell.eu\/fr\/wp-json\/wp\/v2\/product\/12141","targetHints":{"allow":["GET"]}}],"collection":[{"href":"https:\/\/esquell.eu\/fr\/wp-json\/wp\/v2\/product"}],"about":[{"href":"https:\/\/esquell.eu\/fr\/wp-json\/wp\/v2\/types\/product"}],"replies":[{"embeddable":true,"href":"https:\/\/esquell.eu\/fr\/wp-json\/wp\/v2\/comments?post=12141"}],"wp:featuredmedia":[{"embeddable":true,"href":"https:\/\/esquell.eu\/fr\/wp-json\/wp\/v2\/media\/12360"}],"wp:attachment":[{"href":"https:\/\/esquell.eu\/fr\/wp-json\/wp\/v2\/media?parent=12141"}],"wp:term":[{"taxonomy":"more","embeddable":true,"href":"https:\/\/esquell.eu\/fr\/wp-json\/wp\/v2\/more?post=12141"},{"taxonomy":"product_brand","embeddable":true,"href":"https:\/\/esquell.eu\/fr\/wp-json\/wp\/v2\/product_brand?post=12141"},{"taxonomy":"product_cat","embeddable":true,"href":"https:\/\/esquell.eu\/fr\/wp-json\/wp\/v2\/product_cat?post=12141"},{"taxonomy":"product_tag","embeddable":true,"href":"https:\/\/esquell.eu\/fr\/wp-json\/wp\/v2\/product_tag?post=12141"}],"curies":[{"name":"wp","href":"https:\/\/api.w.org\/{rel}","templated":true}]}}