{"id":12133,"date":"2025-04-03T09:11:05","date_gmt":"2025-04-03T09:11:05","guid":{"rendered":"https:\/\/esquell.eu\/product\/art-clay-silver-paper-type-plus-35-grammes-acs-a-0350\/"},"modified":"2026-01-10T17:05:09","modified_gmt":"2026-01-10T17:05:09","slug":"art-clay-silver-paper-type-plus-35-grammes-acs-a-0350","status":"publish","type":"product","link":"https:\/\/esquell.eu\/fr\/produit\/art-clay-silver-paper-type-plus-35-grammes-acs-a-0350\/","title":{"rendered":"Art Clay Silver Paper Type Plus 35 Grammes ACS (A-0350)"},"content":{"rendered":"<p>Papier Art Clay tr\u00e8s \u00e9pais.<br \/>\nPour la fabrication de bijoux en argent en 3 dimensions.<br \/>\nPour la fabrication de montures, de plaques de fond, de plaques de fond pour le sertissage de pierres, etc.<br \/>\nAvec une \u00e9paisseur de pas moins de 0,6 mm, cette nouvelle variante est environ 2,5 fois plus \u00e9paisse que le papier Art Clay normal.<br \/>\nCette caract\u00e9ristique garantit des bords nets et magnifiques lors du pliage de bijoux en 3 dimensions.<br \/>\nCr\u00e9ez un aspect unique qui est difficile \u00e0 obtenir avec le papier Art Clay normal et l&rsquo;orf\u00e8vrerie !<\/p>\n","protected":false},"excerpt":{"rendered":"<p>Avec une \u00e9paisseur de pas moins de 0,6 mm, cette nouvelle variante est environ 2,5 fois plus \u00e9paisse que le papier Art Clay ordinaire. Cette caract\u00e9ristique garantit des bords nets et magnifiques lors du pliage de bijoux en 3D. Cr\u00e9ez un look unique qu&rsquo;il est difficile d&rsquo;obtenir avec le papier Art Clay ordinaire et le pliage de bijoux !  <\/p>\n","protected":false},"featured_media":12273,"comment_status":"closed","ping_status":"closed","template":"","meta":{"_acf_changed":false,"_seopress_robots_primary_cat":"none","_seopress_titles_title":"","_seopress_titles_desc":"","_seopress_robots_index":""},"more":[],"product_brand":[6382],"product_cat":[6427],"product_tag":[8450,8441,6645,6646,6939,6386,6638,7339,6741,6473,6404,6390,6378,6405,7567,6376,8444,7571,6575,7572,6393,6372,8436,6402,6641,6409,6649,6706,8457,20306,6743,6647,8464,6374,7565,8463,7479,6401,6747,6745,6369,6550,6634,6472,8459,6400,6656,6640,7398,7569,8466,6643,6475,8228,6474,6391,6710,8053,7279,8431,8447,8453,8427,6954,6922,6751,6778,7426,8218,6408,6776],"class_list":{"0":"post-12133","1":"product","2":"type-product","3":"status-publish","4":"has-post-thumbnail","6":"product_brand-acs","7":"product_cat-argile-dargent-art-clay-silver","8":"product_tag-8450","9":"product_tag-3d","10":"product_tag-a","11":"product_tag-acheter","12":"product_tag-acheter-2","13":"product_tag-aida","14":"product_tag-anneaux","15":"product_tag-argent-malleable","16":"product_tag-argile-3","17":"product_tag-argile-2","18":"product_tag-argile-argentee","19":"product_tag-argile-metallique-2","20":"product_tag-argile-metallique","21":"product_tag-artclay","22":"product_tag-artclayacademy","23":"product_tag-artclaysilver","24":"product_tag-artclaysilveracademy","25":"product_tag-artclayworld","26":"product_tag-ateliers","27":"product_tag-avec","28":"product_tag-belgique","29":"product_tag-bijoux","30":"product_tag-bijoux-en-3d","31":"product_tag-bon-marche","32":"product_tag-boucles-doreilles","33":"product_tag-bricolage","34":"product_tag-commande","35":"product_tag-commerce-de-gros","36":"product_tag-couper","37":"product_tag-couper-5","38":"product_tag-distributeur","39":"product_tag-en-ligne","40":"product_tag-eponge-argentee","41":"product_tag-faire","42":"product_tag-formation","43":"product_tag-formations","44":"product_tag-france-2","45":"product_tag-france","46":"product_tag-gramme","47":"product_tag-instructeur","48":"product_tag-largent","49":"product_tag-largent-2","50":"product_tag-largent-3","51":"product_tag-lart","52":"product_tag-ligne-artisanale","53":"product_tag-luxembourg","54":"product_tag-luxembourg-2","55":"product_tag-maison","56":"product_tag-mettre","57":"product_tag-origami","58":"product_tag-origami-argente","59":"product_tag-ou","60":"product_tag-papier","61":"product_tag-papier-argile","62":"product_tag-papier-argile-argente","63":"product_tag-pays-bas","64":"product_tag-pendentifs","65":"product_tag-pierre-3","66":"product_tag-pierre-2","67":"product_tag-plier","68":"product_tag-plus","69":"product_tag-poinconnage","70":"product_tag-poudre-dargent","71":"product_tag-pur-2","72":"product_tag-pur","73":"product_tag-reduction","74":"product_tag-reel","75":"product_tag-reglage","76":"product_tag-type","77":"product_tag-vous","78":"product_tag-vraiment","79":"product_shipping_class-standard","81":"first","82":"instock","83":"taxable","84":"shipping-taxable","85":"purchasable","86":"product-type-simple"},"acf":[],"_links":{"self":[{"href":"https:\/\/esquell.eu\/fr\/wp-json\/wp\/v2\/product\/12133","targetHints":{"allow":["GET"]}}],"collection":[{"href":"https:\/\/esquell.eu\/fr\/wp-json\/wp\/v2\/product"}],"about":[{"href":"https:\/\/esquell.eu\/fr\/wp-json\/wp\/v2\/types\/product"}],"replies":[{"embeddable":true,"href":"https:\/\/esquell.eu\/fr\/wp-json\/wp\/v2\/comments?post=12133"}],"wp:featuredmedia":[{"embeddable":true,"href":"https:\/\/esquell.eu\/fr\/wp-json\/wp\/v2\/media\/12273"}],"wp:attachment":[{"href":"https:\/\/esquell.eu\/fr\/wp-json\/wp\/v2\/media?parent=12133"}],"wp:term":[{"taxonomy":"more","embeddable":true,"href":"https:\/\/esquell.eu\/fr\/wp-json\/wp\/v2\/more?post=12133"},{"taxonomy":"product_brand","embeddable":true,"href":"https:\/\/esquell.eu\/fr\/wp-json\/wp\/v2\/product_brand?post=12133"},{"taxonomy":"product_cat","embeddable":true,"href":"https:\/\/esquell.eu\/fr\/wp-json\/wp\/v2\/product_cat?post=12133"},{"taxonomy":"product_tag","embeddable":true,"href":"https:\/\/esquell.eu\/fr\/wp-json\/wp\/v2\/product_tag?post=12133"}],"curies":[{"name":"wp","href":"https:\/\/api.w.org\/{rel}","templated":true}]}}