{"id":12120,"date":"2025-04-03T09:11:15","date_gmt":"2025-04-03T09:11:15","guid":{"rendered":"https:\/\/esquell.eu\/product\/rejuvenate-by-cool-tools-pour-lhydratation-et-la-flexibilite-de-largile-metallique\/"},"modified":"2026-02-14T10:36:44","modified_gmt":"2026-02-14T10:36:44","slug":"rejuvenate-by-cool-tools-pour-lhydratation-et-la-flexibilite-de-largile-metallique","status":"publish","type":"product","link":"https:\/\/esquell.eu\/fr\/produit\/rejuvenate-by-cool-tools-pour-lhydratation-et-la-flexibilite-de-largile-metallique\/","title":{"rendered":"Rejuvenate by Cool Tools pour l&rsquo;hydratation et la flexibilit\u00e9 de l&rsquo;argile m\u00e9tallique."},"content":{"rendered":"<div class=\"product-addition-content\">\n<p>Rejuvenate by Cool Tools pour hydrater et assouplir l&rsquo;argile m\u00e9tallique<\/p>\n<p>Donne de la souplesse \u00e0 l&rsquo;argile m\u00e9tallique neuve et hydrate l&rsquo;argile m\u00e9tallique devenue s\u00e8che.<\/p>\n<p>Cette solution emp\u00eache l&rsquo;argile fra\u00eeche de se dess\u00e9cher et prolonge le temps de traitement de l&rsquo;argile. Cette formule est plus efficace que l&rsquo;eau distill\u00e9e et \u00e9vite le r\u00e9sultat p\u00e2teux que l&rsquo;eau peut donner. <\/p>\n<p>Cette solution se pr\u00e9sente sous la forme d&rsquo;un flacon pratique de 0,5 oz avec un compte-gouttes pour une distribution goutte \u00e0 goutte ou en plus grande quantit\u00e9.<\/p>\n<p>Fabriqu\u00e9 aux \u00c9tats-Unis. Non toxique. <\/p>\n<\/div>\n","protected":false},"excerpt":{"rendered":"<p>Rejuvenate by Cool Tools pour hydrater et assouplir l&rsquo;argile m\u00e9tallique<\/p>\n<p>Donne de la souplesse \u00e0 l&rsquo;argile m\u00e9tallique neuve et hydrate l&rsquo;argile m\u00e9tallique devenue s\u00e8che.<\/p>\n<p>&nbsp;<\/p>\n<p>Cette solution emp\u00eache l&rsquo;argile fra\u00eeche de se dess\u00e9cher et prolonge le temps de traitement de l&rsquo;argile. Cette formule est plus efficace que l&rsquo;eau distill\u00e9e et \u00e9vite le r\u00e9sultat p\u00e2teux que l&rsquo;eau peut donner. <\/p>\n<p>Cette solution se pr\u00e9sente sous la forme d&rsquo;un flacon pratique de 0,5 oz avec un compte-gouttes pour une distribution goutte \u00e0 goutte ou en plus grande quantit\u00e9.<\/p>\n<p>Fabriqu\u00e9 aux \u00c9tats-Unis. Non toxique. <\/p>\n","protected":false},"featured_media":12122,"comment_status":"closed","ping_status":"closed","template":"","meta":{"_acf_changed":false,"_seopress_robots_primary_cat":"none","_seopress_titles_title":"","_seopress_titles_desc":"","_seopress_robots_index":""},"more":[],"product_brand":[6736],"product_cat":[7504,6364,7412],"product_tag":[7523,7521,6388,6404,7500,6378,6390,7525,7517,7531,6374,7513,7510,7519,7529,7506,7515,7508,7527],"class_list":{"0":"post-12120","1":"product","2":"type-product","3":"status-publish","4":"has-post-thumbnail","6":"product_brand-des-outils-sympas","7":"product_cat-argile","8":"product_cat-materiel-supplementaire","9":"product_cat-outils-de-base","10":"product_tag-adapte","11":"product_tag-ancien","12":"product_tag-argile","13":"product_tag-argile-argentee","14":"product_tag-argile-argentee-3","15":"product_tag-argile-metallique","16":"product_tag-argile-metallique-2","17":"product_tag-art-clay-argent","18":"product_tag-cooltools-cool-outils","19":"product_tag-desseche","20":"product_tag-faire","21":"product_tag-flechir","22":"product_tag-flexible","23":"product_tag-hydratation","24":"product_tag-pateargent","25":"product_tag-pour","26":"product_tag-rajeunir","27":"product_tag-reparation","28":"product_tag-reutilisation","29":"product_shipping_class-standard","31":"first","32":"instock","33":"taxable","34":"shipping-taxable","35":"purchasable","36":"product-type-simple"},"acf":[],"_links":{"self":[{"href":"https:\/\/esquell.eu\/fr\/wp-json\/wp\/v2\/product\/12120","targetHints":{"allow":["GET"]}}],"collection":[{"href":"https:\/\/esquell.eu\/fr\/wp-json\/wp\/v2\/product"}],"about":[{"href":"https:\/\/esquell.eu\/fr\/wp-json\/wp\/v2\/types\/product"}],"replies":[{"embeddable":true,"href":"https:\/\/esquell.eu\/fr\/wp-json\/wp\/v2\/comments?post=12120"}],"wp:featuredmedia":[{"embeddable":true,"href":"https:\/\/esquell.eu\/fr\/wp-json\/wp\/v2\/media\/12122"}],"wp:attachment":[{"href":"https:\/\/esquell.eu\/fr\/wp-json\/wp\/v2\/media?parent=12120"}],"wp:term":[{"taxonomy":"more","embeddable":true,"href":"https:\/\/esquell.eu\/fr\/wp-json\/wp\/v2\/more?post=12120"},{"taxonomy":"product_brand","embeddable":true,"href":"https:\/\/esquell.eu\/fr\/wp-json\/wp\/v2\/product_brand?post=12120"},{"taxonomy":"product_cat","embeddable":true,"href":"https:\/\/esquell.eu\/fr\/wp-json\/wp\/v2\/product_cat?post=12120"},{"taxonomy":"product_tag","embeddable":true,"href":"https:\/\/esquell.eu\/fr\/wp-json\/wp\/v2\/product_tag?post=12120"}],"curies":[{"name":"wp","href":"https:\/\/api.w.org\/{rel}","templated":true}]}}