{"id":12113,"date":"2025-04-03T09:11:26","date_gmt":"2025-04-03T09:11:26","guid":{"rendered":"https:\/\/esquell.eu\/product\/coolslip-mini-formule-anti-adherente-tester-8-ml\/"},"modified":"2025-11-09T08:39:06","modified_gmt":"2025-11-09T08:39:06","slug":"coolslip-mini-formule-anti-adherente-tester-8-ml","status":"publish","type":"product","link":"https:\/\/esquell.eu\/fr\/produit\/coolslip-mini-formule-anti-adherente-tester-8-ml\/","title":{"rendered":"Coolslip mini formule anti-adh\u00e9rente Tester 8 ml"},"content":{"rendered":"<p>Formule antiadh\u00e9sive Coolslip. Testeur. 8 ml<br \/>\nL&rsquo;injection de la formule antiadh\u00e9sive coolslip dans les mains, les outils, les feuilles de texture, les tampons, etc. emp\u00eache l&rsquo;argile m\u00e9tallique de coller.<br \/>\nElle assure \u00e9galement une impression plus nette des tampons et des textures.  <\/p>\n<p>Veillez \u00e0 ne pas trop pulv\u00e9riser, car cela ferait flotter l&rsquo;impression et la rendrait moins nette.<\/p>\n<p>Appliquez \u00e9ventuellement au pinceau pour \u00e9viter d&rsquo;en mettre trop.<\/p>\n","protected":false},"excerpt":{"rendered":"<p><strong>Disponible temporairement<\/strong><\/p>\n<p>&nbsp;<\/p>\n<p>Formule antiadh\u00e9sive Coolslip. Testeur. 8 ml  <\/p>\n<p>&nbsp;<\/p>\n<p>Vaporiser les mains, les outils, les feuilles de texture, les tampons, etc. avec la formule antiadh\u00e9sive coolslip emp\u00eache l&rsquo;argile m\u00e9tallique de coller. Elle garantit \u00e9galement une impression plus nette des tampons et des textures. <\/p>\n<p>&nbsp;<\/p>\n<p>&nbsp;<\/p>\n","protected":false},"featured_media":7155,"comment_status":"closed","ping_status":"closed","template":"","meta":{"_acf_changed":false,"_seopress_robots_primary_cat":"none","_seopress_titles_title":"","_seopress_titles_desc":"","_seopress_robots_index":""},"more":[],"product_brand":[6736],"product_cat":[6364,7412],"product_tag":[8213,6404,6378,6390,7421,6737,7425,7419,6738,8209,7413,7417,7415,6821,6726,7423,8211,7429,8214,7427,7431],"class_list":{"0":"post-12113","1":"product","2":"type-product","3":"status-publish","4":"has-post-thumbnail","6":"product_brand-des-outils-sympas","7":"product_cat-materiel-supplementaire","8":"product_cat-outils-de-base","9":"product_tag-agent-de-demoulage","10":"product_tag-argile-argentee","11":"product_tag-argile-metallique","12":"product_tag-argile-metallique-2","13":"product_tag-artclay-argent","14":"product_tag-avaler","15":"product_tag-caoutchouc-texture","16":"product_tag-collant","17":"product_tag-cool","18":"product_tag-estampillage","19":"product_tag-formule-antiadhesive","20":"product_tag-glissiere-de-securite","21":"product_tag-huile-dolive","22":"product_tag-mini","23":"product_tag-outils-2","24":"product_tag-panneaux-textures","25":"product_tag-pate-2","26":"product_tag-structures","27":"product_tag-testeur","28":"product_tag-textures","29":"product_tag-timbres","30":"product_shipping_class-standard","32":"first","33":"instock","34":"taxable","35":"shipping-taxable","36":"purchasable","37":"product-type-simple"},"acf":[],"_links":{"self":[{"href":"https:\/\/esquell.eu\/fr\/wp-json\/wp\/v2\/product\/12113","targetHints":{"allow":["GET"]}}],"collection":[{"href":"https:\/\/esquell.eu\/fr\/wp-json\/wp\/v2\/product"}],"about":[{"href":"https:\/\/esquell.eu\/fr\/wp-json\/wp\/v2\/types\/product"}],"replies":[{"embeddable":true,"href":"https:\/\/esquell.eu\/fr\/wp-json\/wp\/v2\/comments?post=12113"}],"wp:featuredmedia":[{"embeddable":true,"href":"https:\/\/esquell.eu\/fr\/wp-json\/wp\/v2\/media\/7155"}],"wp:attachment":[{"href":"https:\/\/esquell.eu\/fr\/wp-json\/wp\/v2\/media?parent=12113"}],"wp:term":[{"taxonomy":"more","embeddable":true,"href":"https:\/\/esquell.eu\/fr\/wp-json\/wp\/v2\/more?post=12113"},{"taxonomy":"product_brand","embeddable":true,"href":"https:\/\/esquell.eu\/fr\/wp-json\/wp\/v2\/product_brand?post=12113"},{"taxonomy":"product_cat","embeddable":true,"href":"https:\/\/esquell.eu\/fr\/wp-json\/wp\/v2\/product_cat?post=12113"},{"taxonomy":"product_tag","embeddable":true,"href":"https:\/\/esquell.eu\/fr\/wp-json\/wp\/v2\/product_tag?post=12113"}],"curies":[{"name":"wp","href":"https:\/\/api.w.org\/{rel}","templated":true}]}}