{"id":12098,"date":"2025-04-03T09:10:57","date_gmt":"2025-04-03T09:10:57","guid":{"rendered":"https:\/\/esquell.eu\/product\/promethee-argile-blanche-et-bronze-diversite-des-contenus\/"},"modified":"2025-12-22T11:11:32","modified_gmt":"2025-12-22T11:11:32","slug":"promethee-argile-blanche-et-bronze-diversite-des-contenus","status":"publish","type":"product","link":"https:\/\/esquell.eu\/fr\/produit\/promethee-argile-blanche-et-bronze-diversite-des-contenus\/","title":{"rendered":"Prom\u00e9th\u00e9e Argile blanche et bronze Diversit\u00e9 des contenus"},"content":{"rendered":"<p>L&rsquo;argile blanche Prometheus se conserve \u00e0 temp\u00e9rature ambiante et s\u00e8che lentement, ce qui vous permet de la p\u00e9trir et de la modeler plus longtemps. De nombreuses propri\u00e9t\u00e9s sont similaires \u00e0 celles de l&rsquo;argile argent\u00e9e. <\/p>\n<p><a href=\"https:\/\/esquell.eu\/kennisbank\/\"><strong><u>Voir la base de connaissances pour la m\u00e9thode de travail de l&rsquo;argile en bronze<\/u><\/strong><strong><u>.<\/u><\/strong><\/a><\/p>\n<p>&nbsp;<\/p>\n<h3>Attention ! Le chauffage du bronze blanc suit une m\u00e9thode diff\u00e9rente. <\/h3>\n<p>Elle est \u00e9galement r\u00e9pertori\u00e9e s\u00e9par\u00e9ment dans la base de connaissances<\/p>\n","protected":false},"excerpt":{"rendered":"<p>L&rsquo;argile blanche Prometheus se conserve \u00e0 temp\u00e9rature ambiante et s\u00e8che lentement, ce qui vous permet de la p\u00e9trir et de la modeler plus longtemps. De nombreuses propri\u00e9t\u00e9s sont similaires \u00e0 celles de l&rsquo;argile argent\u00e9e. <\/p>\n<p>&nbsp;<\/p>\n<p><a href=\"https:\/\/www.esquell.nl\/c\/kennisbank\/bronsklei-bronze-clay-prometheus\"> <\/a><\/p>\n<p><a href=\"https:\/\/www.esquell.nl\/c\/kennisbank\/bronsklei-bronze-clay-prometheus\"><strong><u>Voir la base de connaissances pour la m\u00e9thode de l&rsquo;argile de bronze.  <\/u><\/strong><\/a><\/p>\n<p>&nbsp;<\/p>\n","protected":false},"featured_media":12099,"comment_status":"closed","ping_status":"closed","template":"","meta":{"_acf_changed":false,"_seopress_robots_primary_cat":"none","_seopress_titles_title":"","_seopress_titles_desc":"","_seopress_robots_index":""},"more":[],"product_brand":[6521],"product_cat":[6383,11931],"product_tag":[],"class_list":{"0":"post-12098","1":"product","2":"type-product","3":"status-publish","4":"has-post-thumbnail","6":"product_brand-promethee","7":"product_cat-argile-de-bronze","8":"product_cat-nouveau","9":"product_shipping_class-standard","11":"first","12":"instock","13":"taxable","14":"shipping-taxable","15":"purchasable","16":"product-type-variable"},"acf":[],"_links":{"self":[{"href":"https:\/\/esquell.eu\/fr\/wp-json\/wp\/v2\/product\/12098","targetHints":{"allow":["GET"]}}],"collection":[{"href":"https:\/\/esquell.eu\/fr\/wp-json\/wp\/v2\/product"}],"about":[{"href":"https:\/\/esquell.eu\/fr\/wp-json\/wp\/v2\/types\/product"}],"replies":[{"embeddable":true,"href":"https:\/\/esquell.eu\/fr\/wp-json\/wp\/v2\/comments?post=12098"}],"wp:featuredmedia":[{"embeddable":true,"href":"https:\/\/esquell.eu\/fr\/wp-json\/wp\/v2\/media\/12099"}],"wp:attachment":[{"href":"https:\/\/esquell.eu\/fr\/wp-json\/wp\/v2\/media?parent=12098"}],"wp:term":[{"taxonomy":"more","embeddable":true,"href":"https:\/\/esquell.eu\/fr\/wp-json\/wp\/v2\/more?post=12098"},{"taxonomy":"product_brand","embeddable":true,"href":"https:\/\/esquell.eu\/fr\/wp-json\/wp\/v2\/product_brand?post=12098"},{"taxonomy":"product_cat","embeddable":true,"href":"https:\/\/esquell.eu\/fr\/wp-json\/wp\/v2\/product_cat?post=12098"},{"taxonomy":"product_tag","embeddable":true,"href":"https:\/\/esquell.eu\/fr\/wp-json\/wp\/v2\/product_tag?post=12098"}],"curies":[{"name":"wp","href":"https:\/\/api.w.org\/{rel}","templated":true}]}}