{"id":12089,"date":"2025-04-03T09:10:57","date_gmt":"2025-04-03T09:10:57","guid":{"rendered":"https:\/\/esquell.eu\/product\/art-clay-silver-10-x-7g-argile-argentee-paquet-atelier-a-0272w\/"},"modified":"2026-01-04T10:54:00","modified_gmt":"2026-01-04T10:54:00","slug":"art-clay-silver-10-x-7g-argile-dargent-paquet-atelier-a-0272w","status":"publish","type":"product","link":"https:\/\/esquell.eu\/fr\/produit\/art-clay-silver-10-x-7g-argile-dargent-paquet-atelier-a-0272w\/","title":{"rendered":"Art Clay Silver 10 x 7g argile argent\u00e9e paquet atelier (A-0272W)"},"content":{"rendered":"<p>Argile \u00e0 s\u00e9chage normal. Le taux de r\u00e9tr\u00e9cissement est de 8 %. Chauffage \u00e0 partir de 650 \u00b0C. La dur\u00e9e du chauffage d\u00e9pend de la source de chauffage s\u00e9lectionn\u00e9e. Consultez le tableau de chauffe ou le manuel du produit pour d\u00e9terminer le temps de chauffe correct. Exactement le m\u00eame produit que le paquet normal de 7 grammes, mais sans l&#8217;emballage ext\u00e9rieur et les informations sur le produit. Emball\u00e9 par 10 pi\u00e8ces.<\/p>\n<p>Cet article est vendu aux instructeurs de l&rsquo;AEC et est destin\u00e9 \u00e0 leur propre usage (d\u00e9monstrations et ateliers) uniquement. Pour la revente, il convient d&rsquo;utiliser le paquet normal de 7 grammes. <\/p>\n","protected":false},"excerpt":{"rendered":"<p>Argile \u00e0 s\u00e9chage normal. Le taux de r\u00e9tr\u00e9cissement est de 8 %. Chauffage \u00e0 partir de 650 \u00b0C. La dur\u00e9e du chauffage d\u00e9pend de la source de chauffage s\u00e9lectionn\u00e9e. Consultez le tableau de chauffe ou le manuel du produit pour d\u00e9terminer le temps de chauffe correct. Exactement le m\u00eame produit que le paquet normal de 7 grammes, mais sans l&#8217;emballage ext\u00e9rieur et les informations sur le produit. Emball\u00e9 par 10 pi\u00e8ces.<\/p>\n<p>Cet article est vendu aux instructeurs de l&rsquo;AEC et est destin\u00e9 \u00e0 leur propre usage (d\u00e9monstrations et ateliers) uniquement. Pour la revente, il convient d&rsquo;utiliser le paquet normal de 7 grammes. <\/p>\n","protected":false},"featured_media":12090,"comment_status":"closed","ping_status":"closed","template":"","meta":{"_acf_changed":false,"_seopress_robots_primary_cat":"none","_seopress_titles_title":"","_seopress_titles_desc":"","_seopress_robots_index":""},"more":[],"product_brand":[6382],"product_cat":[6427],"product_tag":[6791,6638,7339,6473,6388,6404,6378,6390,6405,6565,6540,6372,6402,6641,6792,6409,6794,6772,7025,6374,6747,6745,6563,6634,6472,6567,7341,6774,7092,6408],"class_list":{"0":"post-12089","1":"product","2":"type-product","3":"status-publish","4":"has-post-thumbnail","6":"product_brand-acs","7":"product_cat-argile-dargent-art-clay-silver","8":"product_tag-6791","9":"product_tag-anneaux","10":"product_tag-argent-malleable","11":"product_tag-argile-2","12":"product_tag-argile","13":"product_tag-argile-argentee","14":"product_tag-argile-metallique","15":"product_tag-argile-metallique-2","16":"product_tag-artclay","17":"product_tag-atelier","18":"product_tag-avantageux","19":"product_tag-bijoux","20":"product_tag-bon-marche","21":"product_tag-boucles-doreilles","22":"product_tag-bracelet","23":"product_tag-bricolage","24":"product_tag-chaine","25":"product_tag-charme","26":"product_tag-dossier-datelier","27":"product_tag-faire","28":"product_tag-gramme","29":"product_tag-instructeur","30":"product_tag-instructeurs","31":"product_tag-largent-3","32":"product_tag-lart","33":"product_tag-offrir","34":"product_tag-pack-de-valeur","35":"product_tag-pendentif","36":"product_tag-pendentif-2","37":"product_tag-vous","38":"product_shipping_class-standard","40":"first","41":"instock","42":"taxable","43":"shipping-taxable","44":"purchasable","45":"product-type-simple"},"acf":[],"_links":{"self":[{"href":"https:\/\/esquell.eu\/fr\/wp-json\/wp\/v2\/product\/12089","targetHints":{"allow":["GET"]}}],"collection":[{"href":"https:\/\/esquell.eu\/fr\/wp-json\/wp\/v2\/product"}],"about":[{"href":"https:\/\/esquell.eu\/fr\/wp-json\/wp\/v2\/types\/product"}],"replies":[{"embeddable":true,"href":"https:\/\/esquell.eu\/fr\/wp-json\/wp\/v2\/comments?post=12089"}],"wp:featuredmedia":[{"embeddable":true,"href":"https:\/\/esquell.eu\/fr\/wp-json\/wp\/v2\/media\/12090"}],"wp:attachment":[{"href":"https:\/\/esquell.eu\/fr\/wp-json\/wp\/v2\/media?parent=12089"}],"wp:term":[{"taxonomy":"more","embeddable":true,"href":"https:\/\/esquell.eu\/fr\/wp-json\/wp\/v2\/more?post=12089"},{"taxonomy":"product_brand","embeddable":true,"href":"https:\/\/esquell.eu\/fr\/wp-json\/wp\/v2\/product_brand?post=12089"},{"taxonomy":"product_cat","embeddable":true,"href":"https:\/\/esquell.eu\/fr\/wp-json\/wp\/v2\/product_cat?post=12089"},{"taxonomy":"product_tag","embeddable":true,"href":"https:\/\/esquell.eu\/fr\/wp-json\/wp\/v2\/product_tag?post=12089"}],"curies":[{"name":"wp","href":"https:\/\/api.w.org\/{rel}","templated":true}]}}