{"id":12082,"date":"2025-04-03T09:10:57","date_gmt":"2025-04-03T09:10:57","guid":{"rendered":"https:\/\/esquell.eu\/product\/pate-dor-ac-15-grammes-22-carats-a-0109\/"},"modified":"2025-11-09T09:17:56","modified_gmt":"2025-11-09T09:17:56","slug":"pate-dor-ac-15-grammes-22-carats-a-0109","status":"publish","type":"product","link":"https:\/\/esquell.eu\/fr\/produit\/pate-dor-ac-15-grammes-22-carats-a-0109\/","title":{"rendered":"P\u00e2te d&rsquo;or AC 1,5 grammes 22 carats (A-0109)"},"content":{"rendered":"<p>La p\u00e2te d&rsquo;or Art Clay (22 carats) est une p\u00e2te visqueuse (1,5 gramme) avec laquelle vous pouvez appliquer des accents dor\u00e9s sur des surfaces en argent, en c\u00e9ramique, en porcelaine et\/ou en verre. Un diluant (5ml) est inclus avec la p\u00e2te pour obtenir une nuance d&rsquo;or plus claire. Le temps de chauffage d\u00e9pend de la surface sur laquelle vous utilisez la p\u00e2te. La p\u00e2te dor\u00e9e est accompagn\u00e9e d&rsquo;un mode d&#8217;emploi en anglais.   <\/p>\n<p><strong>Caract\u00e9ristiques<\/strong><br \/>\nLa p\u00e2te d&rsquo;or d&rsquo;Art Clay contient 77,5 % du poids indiqu\u00e9 d&rsquo;or 24 carats, qui devient de l&rsquo;or 22 carats apr\u00e8s la cuisson. Pour diluer la p\u00e2te, retirez la quantit\u00e9 n\u00e9cessaire de p\u00e2te du pot et placez-la dans un bac de m\u00e9lange s\u00e9par\u00e9. Ajoutez ensuite la quantit\u00e9 n\u00e9cessaire d&rsquo;eau ou de diluant inclus, en fonction de la couleur d&rsquo;or souhait\u00e9e. Si vous avez besoin d&rsquo;une peinture dor\u00e9e plus claire sur de la c\u00e9ramique, de la porcelaine ou du verre, il est pr\u00e9f\u00e9rable de diluer la p\u00e2te. Il est alors pr\u00e9f\u00e9rable de diluer les p\u00e2tes d&rsquo;or avec un m\u00e9dium. Le rapport recommand\u00e9 pour la dilution avec le m\u00e9dium fourni est le suivant : p\u00e2te d&rsquo;or (3) : m\u00e9dium (1).<br \/>\nCe produit est \u00e0 base d&rsquo;eau et peut \u00e9ventuellement s\u00e9cher. Conservez le r\u00e9cipient herm\u00e9tiquement ferm\u00e9. En cas de dess\u00e8chement, ajoutez une quantit\u00e9 appropri\u00e9e d&rsquo;eau pour r\u00e9tablir l&rsquo;\u00e9tat initial de la p\u00e2te.  <\/p>\n<p><strong>Pr\u00e9paration<br \/>\n<\/strong>Il peut y avoir des pigments dor\u00e9s au fond du pot. Remuez bien la p\u00e2te \u00e0 l&rsquo;aide d&rsquo;une spatule m\u00e9tallique avant de l&rsquo;utiliser. Nettoyez la surface de la porcelaine, du verre ou de la c\u00e9ramique avec de l&rsquo;alcool ou de l&rsquo;eau et du savon pour enlever toute trace de poussi\u00e8re ou de graisse. Cela emp\u00eachera la p\u00e2te d&rsquo;adh\u00e9rer. Utilisez un pinceau sp\u00e9cialement con\u00e7u pour la p\u00e2te dor\u00e9e.    <\/p>\n<p><strong>Application sur Art Clay Silver<\/strong><br \/>\nLa zone d&rsquo;application doit pr\u00e9senter une surface mate (non polie mais d&rsquo;aspect blanc). Si la pi\u00e8ce a \u00e9t\u00e9 cuite et polie ou oxyd\u00e9e, faites-la cuire \u00e0 nouveau dans un four jusqu&rsquo;\u00e0 ce qu&rsquo;elle devienne mate. N&rsquo;appliquez pas la p\u00e2te d&rsquo;or sur une pi\u00e8ce non cuite, car elle pourrait s&rsquo;\u00e9cailler. En principe, appliquez la p\u00e2te d&rsquo;or non dilu\u00e9e sur l&rsquo;argent.<br \/>\nSi vous souhaitez une \u00e9paisseur sup\u00e9rieure \u00e0 0,5 mm, faites d&rsquo;abord cuire la pi\u00e8ce, puis appliquez une autre couche. R\u00e9p\u00e9tez l&rsquo;op\u00e9ration jusqu&rsquo;\u00e0 ce que vous obteniez l&rsquo;\u00e9paisseur souhait\u00e9e.    <\/p>\n<p><strong>Application sur verre ou c\u00e9ramique<br \/>\n<\/strong>Vous pouvez appliquer Gold Pasta pur ou dilu\u00e9 sur une surface en verre. Si vous la diluez avec l&rsquo;agent fourni, elle sera plus lisse et plus facile \u00e0 dessiner avec de longues bandes. L&rsquo;\u00e9paisseur de la couche doit \u00eatre inf\u00e9rieure \u00e0 0,5 mm. Une application plus \u00e9paisse peut se d\u00e9coller en raison du r\u00e9tr\u00e9cissement.   <\/p>\n<p><strong>S\u00e9chage<\/strong><br \/>\nLa p\u00e2te appliqu\u00e9e doit \u00eatre compl\u00e8tement s\u00e9ch\u00e9e avant la cuisson. Elle peut \u00eatre s\u00e9ch\u00e9e de la mani\u00e8re suivante :<br \/>\nnon dilu\u00e9e<br \/>\n&#8211; avec un s\u00e8che-cheveux (1200W) : Au moins 5 minutes. Placez le s\u00e8che-cheveux \u00e0 moins de 10cm\/3cm de la pi\u00e8ce.<br \/>\n&#8211; Laissez s\u00e9cher naturellement : au moins 15 minutes.<br \/>\nDilu\u00e9e<br \/>\n&#8211; avec un s\u00e8che-cheveux (1200W) : Au moins 30 minutes. Placez le s\u00e8che-cheveux \u00e0 moins de 10 cm\/3 cm de la pi\u00e8ce.<br \/>\n&#8211; laissez s\u00e9cher naturellement : pendant au moins 60 minutes.<\/p>\n<p><strong>Cuisson au four<\/strong><br \/>\nA) Application \u00e0 l&rsquo;argent Art Clay cuit au four<br \/>\nAu four<br \/>\n1) Augmentez la temp\u00e9rature du four \u00e0 500\u00b0C\/932\u00b0F.<br \/>\n2) Placez la pi\u00e8ce dans le four et augmentez la temp\u00e9rature \u00e0 800\u00b0C\/1472\u00b0F<br \/>\n3) Une fois la temp\u00e9rature atteinte, maintenez-la pendant 1 minute.<br \/>\n\u00c9teignez le four et laissez la pi\u00e8ce refroidir.<br \/>\nSur une cuisini\u00e8re \u00e0 gaz (2.9kw)<br \/>\n1) Placez le filet en acier inoxydable sur le br\u00fbleur d&rsquo;une cuisini\u00e8re \u00e0 gaz. Veillez \u00e0 ce que le filet en acier inoxydable soit plac\u00e9 au centre du br\u00fbleur. Allumez la gazini\u00e8re. Regardez o\u00f9 le filet en acier inoxydable brille le plus.<br \/>\n2) \u00c9teignez la gazini\u00e8re. \u00c0 l&rsquo;aide de pinces, placez la pi\u00e8ce sur la zone la plus chaude.<br \/>\n3) Rallumez le r\u00e9chaud \u00e0 gaz et faites frire la pi\u00e8ce pendant cinq minutes. Ensuite, \u00e9teignez \u00e0 nouveau le r\u00e9chaud \u00e0 gaz et laissez la pi\u00e8ce reposer pendant 20 minutes.<br \/>\n* Dimensions maximales : 5.0cm (L) x 3.0cm (L) x 2.0cm (H)<\/p>\n<p>B) Application sur porcelaine ou c\u00e9ramique au four<br \/>\n1) Placez la pi\u00e8ce dans un four froid et chauffez \u00e0 800\u00b0C\/1472\u00b0F.<br \/>\n2) Eteignez votre four lorsque la temp\u00e9rature atteint 800\u00b0C\/1472\u00b0F. Il n&rsquo;y a pas de temps d&rsquo;attente.<br \/>\n3) Vous pouvez retirer la pi\u00e8ce du four lorsque la temp\u00e9rature atteint 100\u00b0C\/212\u00b0F, ou la laisser refroidir naturellement \u00e0 temp\u00e9rature ambiante.<\/p>\n<p>C) Application au four sur verre (COE90)<br \/>\n1) Placez la pi\u00e8ce dans un four froid et chauffez \u00e0 800\u00b0C \/ 1472\u00b0F.<br \/>\n2) Lorsque la temp\u00e9rature atteint 800\u00b0C\/1472\u00b0F, maintenez-la pendant 5 minutes.<br \/>\n3) Ouvrez la porte du four et laissez la pi\u00e8ce refroidir (crash-cool) \u00e0 600\u00b0C\/1112\u00b0F et refermez la porte du four.<br \/>\n4) Laissez le four revenir \u00e0 temp\u00e9rature ambiante avant d&rsquo;en retirer la pi\u00e8ce.<\/p>\n<p>Il n&rsquo;est pas recommand\u00e9 de frire avec le br\u00fbleur \u00e0 gaz pour ce produit.<\/p>\n<p><strong>Finition<\/strong><br \/>\nLa surface o\u00f9 la peinture dor\u00e9e a \u00e9t\u00e9 appliqu\u00e9e sera mate en raison de la cristallisation, mais un brillant peut \u00eatre obtenu par polissage. Ne polissez pas trop fort la zone recouverte d&rsquo;or sur la surface \u00e9maill\u00e9e. Polissez en effectuant des mouvements l\u00e9g\u00e8rement glissants, ce qui suffit \u00e0 faire appara\u00eetre un \u00e9clat. Si l&rsquo;or se d\u00e9tache lors du polissage, il est possible de le fixer \u00e0 l&rsquo;aide de la p\u00e2te d&rsquo;argent Overlay d&rsquo;Art Clay, qui n\u00e9cessite une seconde cuisson pour adh\u00e9rer.   <\/p>\n<p><strong>Avertissements lors de l&rsquo;utilisation des p\u00e2tes d&rsquo;or Art Clay :<br \/>\n<\/strong>&#8211; Ventilez bien votre espace de travail pendant la cuisson.<br \/>\n&#8211; Pendant le s\u00e9chage et la cuisson, veillez \u00e0 ne pas vous br\u00fbler ou \u00e0 ne pas provoquer d&rsquo;incendie.<br \/>\n&#8211; Tenez ce produit hors de port\u00e9e des enfants.<br \/>\n&#8211; En cas de contact de ce produit avec les yeux ou la bouche, rincez imm\u00e9diatement et abondamment \u00e0 l&rsquo;eau et appelez imm\u00e9diatement votre m\u00e9decin.<br \/>\n&#8211; Ne mettez pas une pi\u00e8ce de c\u00e9ramique ou de porcelaine sur laquelle Art Clay Gold Pasta a \u00e9t\u00e9 appliqu\u00e9 dans un four \u00e0 micro-ondes.<br \/>\n&#8211; Conservez ce produit \u00e0 l&rsquo;int\u00e9rieur et \u00e0 l&rsquo;abri de la lumi\u00e8re du soleil.<br \/>\n&#8211; Ne mettez PAS ce produit au r\u00e9frig\u00e9rateur.<br \/>\n&#8211; Utilisez ce produit d\u00e8s que possible apr\u00e8s l&rsquo;avoir ouvert<\/p>\n","protected":false},"excerpt":{"rendered":"<p>La p\u00e2te d&rsquo;or Art Clay (22 carats) est une p\u00e2te visqueuse (1,5 gramme) avec laquelle vous pouvez appliquer des accents dor\u00e9s sur des surfaces en argent, en c\u00e9ramique, en porcelaine et\/ou en verre. Un diluant (5ml) est inclus avec la p\u00e2te pour obtenir une nuance d&rsquo;or plus claire. Le temps de chauffage d\u00e9pend de la surface sur laquelle vous utilisez la p\u00e2te. La p\u00e2te dor\u00e9e est accompagn\u00e9e d&rsquo;un mode d&#8217;emploi en anglais.   <\/p>\n<p><strong>Caract\u00e9ristiques<\/strong><br \/>\nLa p\u00e2te d&rsquo;or d&rsquo;Art Clay contient 77,5 % du poids indiqu\u00e9 d&rsquo;or 24 carats, qui devient de l&rsquo;or 22 carats apr\u00e8s la cuisson. Pour diluer la p\u00e2te, retirez la quantit\u00e9 n\u00e9cessaire de p\u00e2te du pot et placez-la dans un bac de m\u00e9lange s\u00e9par\u00e9. Ajoutez ensuite la quantit\u00e9 n\u00e9cessaire d&rsquo;eau ou de diluant inclus, en fonction de la couleur d&rsquo;or souhait\u00e9e. Si vous avez besoin d&rsquo;une peinture dor\u00e9e plus claire sur de la c\u00e9ramique, de la porcelaine ou du verre, il est pr\u00e9f\u00e9rable de diluer la p\u00e2te. Il est alors pr\u00e9f\u00e9rable de diluer les p\u00e2tes d&rsquo;or avec un m\u00e9dium. Le rapport recommand\u00e9 pour la dilution avec le m\u00e9dium fourni est le suivant : p\u00e2te d&rsquo;or (3) : m\u00e9dium (1).<br \/>\nCe produit est \u00e0 base d&rsquo;eau et peut \u00e9ventuellement s\u00e9cher. Conservez le r\u00e9cipient herm\u00e9tiquement ferm\u00e9. En cas de dess\u00e8chement, ajoutez une quantit\u00e9 appropri\u00e9e d&rsquo;eau pour r\u00e9tablir l&rsquo;\u00e9tat initial de la p\u00e2te.  <\/p>\n<p><strong>Pr\u00e9paration<br \/>\n<\/strong>Il peut y avoir des pigments dor\u00e9s au fond du pot. Remuez bien la p\u00e2te \u00e0 l&rsquo;aide d&rsquo;une spatule m\u00e9tallique avant de l&rsquo;utiliser. Nettoyez la surface de la porcelaine, du verre ou de la c\u00e9ramique avec de l&rsquo;alcool ou de l&rsquo;eau et du savon pour enlever toute trace de poussi\u00e8re ou de graisse. Cela emp\u00eachera la p\u00e2te d&rsquo;adh\u00e9rer. Utilisez un pinceau sp\u00e9cialement con\u00e7u pour la p\u00e2te dor\u00e9e.    <\/p>\n<p><strong>Application sur Art Clay Silver<\/strong><br \/>\nLa zone d&rsquo;application doit pr\u00e9senter une surface mate (non polie mais d&rsquo;aspect blanc). Si la pi\u00e8ce a \u00e9t\u00e9 cuite et polie ou oxyd\u00e9e, faites-la cuire \u00e0 nouveau dans un four jusqu&rsquo;\u00e0 ce qu&rsquo;elle devienne mate. N&rsquo;appliquez pas la p\u00e2te d&rsquo;or sur une pi\u00e8ce non cuite, car elle pourrait s&rsquo;\u00e9cailler. En principe, appliquez la p\u00e2te d&rsquo;or non dilu\u00e9e sur l&rsquo;argent.<x id=\"gid_2\"><\/x>Si vous souhaitez une \u00e9paisseur sup\u00e9rieure \u00e0 0,5 mm, faites d&rsquo;abord cuire la pi\u00e8ce, puis appliquez une autre couche. R\u00e9p\u00e9tez l&rsquo;op\u00e9ration jusqu&rsquo;\u00e0 ce que vous obteniez l&rsquo;\u00e9paisseur souhait\u00e9e.    <\/p>\n<p><strong>Application sur verre ou c\u00e9ramique<br \/>\n<\/strong>Vous pouvez appliquer Gold Pasta pur ou dilu\u00e9 sur une surface en verre. Si vous la diluez avec l&rsquo;agent fourni, elle sera plus lisse et plus facile \u00e0 dessiner avec de longues bandes. L&rsquo;\u00e9paisseur de la couche doit \u00eatre inf\u00e9rieure \u00e0 0,5 mm. Une application plus \u00e9paisse peut se d\u00e9coller en raison du r\u00e9tr\u00e9cissement.   <\/p>\n<p><strong>S\u00e9chage<\/strong><br \/>\nLa p\u00e2te appliqu\u00e9e doit \u00eatre compl\u00e8tement s\u00e9ch\u00e9e avant la cuisson. Elle peut \u00eatre s\u00e9ch\u00e9e de la mani\u00e8re suivante :<br \/>\nnon dilu\u00e9e<br \/>\n&#8211; avec un s\u00e8che-cheveux (1200W) : Au moins 5 minutes. Placez le s\u00e8che-cheveux \u00e0 moins de 10cm\/3cm de la pi\u00e8ce.<br \/>\n&#8211; Laissez s\u00e9cher naturellement : au moins 15 minutes.<br \/>\nDilu\u00e9e<br \/>\n&#8211; avec un s\u00e8che-cheveux (1200W) : Au moins 30 minutes. Placez le s\u00e8che-cheveux \u00e0 moins de 10 cm\/3 cm de la pi\u00e8ce.<br \/>\n&#8211; laissez s\u00e9cher naturellement : pendant au moins 60 minutes.<\/p>\n<p><strong>Cuisson au four<\/strong><br \/>\nA) Application \u00e0 l&rsquo;argent Art Clay cuit au four<br \/>\nAu four<br \/>\n1) Augmentez la temp\u00e9rature du four \u00e0 500\u00b0C\/932\u00b0F.<br \/>\n2) Placez la pi\u00e8ce dans le four et augmentez la temp\u00e9rature \u00e0 800\u00b0C\/1472\u00b0F<br \/>\n3) Une fois la temp\u00e9rature atteinte, maintenez-la pendant 1 minute.<br \/>\n\u00c9teignez le four et laissez la pi\u00e8ce refroidir.<br \/>\nSur une cuisini\u00e8re \u00e0 gaz (2.9kw)<br \/>\n1) Placez le filet en acier inoxydable sur le br\u00fbleur d&rsquo;une cuisini\u00e8re \u00e0 gaz. Veillez \u00e0 ce que le filet en acier inoxydable soit plac\u00e9 au centre du br\u00fbleur. Allumez la gazini\u00e8re. Regardez o\u00f9 le filet en acier inoxydable brille le plus.<x id=\"gid_9\"><\/x>2) \u00c9teignez la gazini\u00e8re. \u00c0 l&rsquo;aide de pinces, placez la pi\u00e8ce sur la zone la plus chaude.<br \/>\n3) Rallumez le r\u00e9chaud \u00e0 gaz et faites frire la pi\u00e8ce pendant cinq minutes. Ensuite, \u00e9teignez \u00e0 nouveau le r\u00e9chaud \u00e0 gaz et laissez la pi\u00e8ce reposer pendant 20 minutes.<br \/>\n* Dimensions maximales : 5.0cm (L) x 3.0cm (L) x 2.0cm (H)<\/p>\n<p>B) Application sur porcelaine ou c\u00e9ramique au four<br \/>\n1) Placez la pi\u00e8ce dans un four froid et chauffez \u00e0 800\u00b0C\/1472\u00b0F.<br \/>\n2) Eteignez votre four lorsque la temp\u00e9rature atteint 800\u00b0C\/1472\u00b0F. Il n&rsquo;y a pas de temps d&rsquo;attente.<br \/>\n3) Vous pouvez retirer la pi\u00e8ce du four lorsque la temp\u00e9rature atteint 100\u00b0C\/212\u00b0F, ou la laisser refroidir naturellement \u00e0 temp\u00e9rature ambiante.<\/p>\n<p>C) Application au four sur verre (COE90)<br \/>\n1) Placez la pi\u00e8ce dans un four froid et chauffez \u00e0 800\u00b0C \/ 1472\u00b0F.<br \/>\n2) Lorsque la temp\u00e9rature atteint 800\u00b0C\/1472\u00b0F, maintenez-la pendant 5 minutes.<br \/>\n3) Ouvrez la porte du four et laissez la pi\u00e8ce refroidir (crash-cool) \u00e0 600\u00b0C\/1112\u00b0F et refermez la porte du four.<br \/>\n4) Laissez le four revenir \u00e0 temp\u00e9rature ambiante avant d&rsquo;en retirer la pi\u00e8ce.<\/p>\n<p>Il n&rsquo;est pas recommand\u00e9 de frire avec le br\u00fbleur \u00e0 gaz pour ce produit.<\/p>\n<p><strong>Finition<\/strong><br \/>\nLa surface o\u00f9 la peinture dor\u00e9e a \u00e9t\u00e9 appliqu\u00e9e sera mate en raison de la cristallisation, mais un brillant peut \u00eatre obtenu par polissage. Ne polissez pas trop fort la zone recouverte d&rsquo;or sur la surface \u00e9maill\u00e9e. Polissez en effectuant des mouvements l\u00e9g\u00e8rement glissants, ce qui suffit \u00e0 faire appara\u00eetre un \u00e9clat. Si l&rsquo;or se d\u00e9tache lors du polissage, il est possible de le fixer \u00e0 l&rsquo;aide de la p\u00e2te d&rsquo;argent Overlay d&rsquo;Art Clay, qui n\u00e9cessite une seconde cuisson pour adh\u00e9rer.   <\/p>\n<p><strong>Avertissements lors de l&rsquo;utilisation des p\u00e2tes d&rsquo;or Art Clay :<br \/>\n<\/strong>&#8211; Ventilez bien votre espace de travail pendant la cuisson.<br \/>\n&#8211; Pendant le s\u00e9chage et la cuisson, veillez \u00e0 ne pas vous br\u00fbler ou \u00e0 ne pas provoquer d&rsquo;incendie.<br \/>\n&#8211; Tenez ce produit hors de port\u00e9e des enfants.<br \/>\n&#8211; En cas de contact de ce produit avec les yeux ou la bouche, rincez imm\u00e9diatement et abondamment \u00e0 l&rsquo;eau et appelez imm\u00e9diatement votre m\u00e9decin.<br \/>\n&#8211; Ne mettez pas une pi\u00e8ce de c\u00e9ramique ou de porcelaine sur laquelle Art Clay Gold Pasta a \u00e9t\u00e9 appliqu\u00e9 dans un four \u00e0 micro-ondes.<br \/>\n&#8211; Conservez ce produit \u00e0 l&rsquo;int\u00e9rieur et \u00e0 l&rsquo;abri de la lumi\u00e8re du soleil.<br \/>\n&#8211; Ne mettez PAS ce produit au r\u00e9frig\u00e9rateur.<br \/>\n&#8211; Utilisez ce produit d\u00e8s que possible apr\u00e8s l&rsquo;avoir ouvert<\/p>\n","protected":false},"featured_media":12093,"comment_status":"closed","ping_status":"closed","template":"","meta":{"_acf_changed":false,"_seopress_robots_primary_cat":"none","_seopress_titles_title":"","_seopress_titles_desc":"","_seopress_robots_index":""},"more":[],"product_brand":[6382],"product_cat":[7284],"product_tag":[7827,7841,6470,6645,7295,7289,7760,6646,6939,6386,6945,6638,7096,7292,7307,6404,6406,6378,6390,6947,6405,7832,6376,7819,6949,6393,6372,6642,6641,7814,6941,7360,6409,7471,7817,21576,6649,6706,7316,7836,6655,6647,6374,6785,6635,6653,6651,6659,6951,7119,6381,6369,6634,6403,7287,7121,6930,7355,6559,6789,6640,6708,7304,6661,7357,6637,7313,7310,7353,6643,6636,6657,7298,7285,7351,6391,6665,7092,6710,6644,7359,7823,7319,6471,6925,6943,6407,6663,6411,6787,7301,6408,6667],"class_list":{"0":"post-12082","1":"product","2":"type-product","3":"status-publish","4":"has-post-thumbnail","6":"product_brand-acs","7":"product_cat-argile-doree","8":"product_tag-14k","9":"product_tag-22k","10":"product_tag-6470","11":"product_tag-a","12":"product_tag-a-2","13":"product_tag-accents","14":"product_tag-achats-2","15":"product_tag-acheter","16":"product_tag-acheter-2","17":"product_tag-aida","18":"product_tag-alkmaar","19":"product_tag-anneaux","20":"product_tag-apeldoorn","21":"product_tag-appliquer","22":"product_tag-argenterie","23":"product_tag-argile-argentee","24":"product_tag-argile-aurifere","25":"product_tag-argile-metallique","26":"product_tag-argile-metallique-2","27":"product_tag-arnhem","28":"product_tag-artclay","29":"product_tag-artclaygoldpaste","30":"product_tag-artclaysilver","31":"product_tag-artclaysilvergold-artclaygold-artclaygold","32":"product_tag-assen","33":"product_tag-belgique","34":"product_tag-bijoux","35":"product_tag-bijoux-2","36":"product_tag-boucles-doreilles","37":"product_tag-boucles-doreilles-2","38":"product_tag-brabant","39":"product_tag-bracelets","40":"product_tag-bricolage","41":"product_tag-carat","42":"product_tag-clous-doreilles","43":"product_tag-clous-doreilles-4","44":"product_tag-commande","45":"product_tag-commerce-de-gros","46":"product_tag-details","47":"product_tag-dore","48":"product_tag-drenthe","49":"product_tag-en-ligne","50":"product_tag-faire","51":"product_tag-flevoland","52":"product_tag-fournitures","53":"product_tag-frise","54":"product_tag-groningue","55":"product_tag-gueldre","56":"product_tag-heerenveen","57":"product_tag-iles-wadden-amsterdam","58":"product_tag-japon","59":"product_tag-largent","60":"product_tag-largent-3","61":"product_tag-lor","62":"product_tag-lor-3","63":"product_tag-la-haye","64":"product_tag-leeuwarden","65":"product_tag-lignes","66":"product_tag-lignes-dartisanat","67":"product_tag-limbourg","68":"product_tag-maison","69":"product_tag-mercerie","70":"product_tag-metalclayuk","71":"product_tag-nord","72":"product_tag-or-recycle","73":"product_tag-orfevre","74":"product_tag-orfevre-2","75":"product_tag-orfevres-2","76":"product_tag-orfevres-3","77":"product_tag-ou","78":"product_tag-outils","79":"product_tag-overijssel","80":"product_tag-pate-dargent","81":"product_tag-pate-dor","82":"product_tag-pate-dor-2","83":"product_tag-pays-bas","84":"product_tag-pays-bas-2","85":"product_tag-pendentif-2","86":"product_tag-pendentifs","87":"product_tag-pieces","88":"product_tag-pieces-en-or","89":"product_tag-plaque-or","90":"product_tag-points","91":"product_tag-recycle","92":"product_tag-rotterdam","93":"product_tag-scheveningen","94":"product_tag-silverclay-co-uk","95":"product_tag-sud","96":"product_tag-tempete-de-sable","97":"product_tag-utrecht","98":"product_tag-verre-creatif","99":"product_tag-vous","100":"product_tag-zelande","101":"product_shipping_class-standard","103":"first","104":"instock","105":"taxable","106":"shipping-taxable","107":"purchasable","108":"product-type-simple"},"acf":[],"_links":{"self":[{"href":"https:\/\/esquell.eu\/fr\/wp-json\/wp\/v2\/product\/12082","targetHints":{"allow":["GET"]}}],"collection":[{"href":"https:\/\/esquell.eu\/fr\/wp-json\/wp\/v2\/product"}],"about":[{"href":"https:\/\/esquell.eu\/fr\/wp-json\/wp\/v2\/types\/product"}],"replies":[{"embeddable":true,"href":"https:\/\/esquell.eu\/fr\/wp-json\/wp\/v2\/comments?post=12082"}],"wp:featuredmedia":[{"embeddable":true,"href":"https:\/\/esquell.eu\/fr\/wp-json\/wp\/v2\/media\/12093"}],"wp:attachment":[{"href":"https:\/\/esquell.eu\/fr\/wp-json\/wp\/v2\/media?parent=12082"}],"wp:term":[{"taxonomy":"more","embeddable":true,"href":"https:\/\/esquell.eu\/fr\/wp-json\/wp\/v2\/more?post=12082"},{"taxonomy":"product_brand","embeddable":true,"href":"https:\/\/esquell.eu\/fr\/wp-json\/wp\/v2\/product_brand?post=12082"},{"taxonomy":"product_cat","embeddable":true,"href":"https:\/\/esquell.eu\/fr\/wp-json\/wp\/v2\/product_cat?post=12082"},{"taxonomy":"product_tag","embeddable":true,"href":"https:\/\/esquell.eu\/fr\/wp-json\/wp\/v2\/product_tag?post=12082"}],"curies":[{"name":"wp","href":"https:\/\/api.w.org\/{rel}","templated":true}]}}