{"id":12066,"date":"2025-04-03T09:12:02","date_gmt":"2025-04-03T09:12:02","guid":{"rendered":"https:\/\/esquell.eu\/product\/collier-en-argent-925-reglable-entre-39-et-42-cm\/"},"modified":"2026-02-14T10:30:23","modified_gmt":"2026-02-14T10:30:23","slug":"collier-en-argent-925-reglable-entre-39-et-42-cm","status":"publish","type":"product","link":"https:\/\/esquell.eu\/fr\/produit\/collier-en-argent-925-reglable-entre-39-et-42-cm\/","title":{"rendered":"Collier en argent 925. R\u00e9glable entre 39 et 42 cm"},"content":{"rendered":"<p>Cha\u00eene, cha\u00eene d&rsquo;ancrage 1,2 mm, longueur totale 45 cm<br \/>\nAvec fermoir \u00e0 ressort et anneau suppl\u00e9mentaire \u00e0 39 cm et 42 cm<br \/>\nFinition brillante<\/p>\n","protected":false},"excerpt":{"rendered":"<p>Cha\u00eene, cha\u00eene d&rsquo;ancrage 1,2 mm, longueur totale 45 cm<br \/>\nAvec fermoir \u00e0 ressort et anneau suppl\u00e9mentaire \u00e0 39 cm et 42 cm<br \/>\nFinition brillante<\/p>\n<p>&nbsp;<\/p>\n","protected":false},"featured_media":12067,"comment_status":"closed","ping_status":"closed","template":"","meta":{"_acf_changed":false,"_seopress_robots_primary_cat":"none","_seopress_titles_title":"","_seopress_titles_desc":"","_seopress_robots_index":""},"more":[],"product_brand":[6914],"product_cat":[6915],"product_tag":[7157,7155,7153,6757,7159,6470,6960,7016,6794,7161,6962,7018,6369,6550,6634,6970,7022,6922,6954,6778,7020,7151,6964,6776],"class_list":{"0":"post-12066","1":"product","2":"type-product","3":"status-publish","4":"has-post-thumbnail","6":"product_brand-ayu","7":"product_cat-colliers-chaines-bracelets","8":"product_tag-7157","9":"product_tag-7155","10":"product_tag-7153","11":"product_tag-6757","12":"product_tag-7159","13":"product_tag-6470","14":"product_tag-amende","15":"product_tag-amende-2","16":"product_tag-chaine","17":"product_tag-cm","18":"product_tag-collier","19":"product_tag-collier-2","20":"product_tag-largent","21":"product_tag-largent-2","22":"product_tag-largent-3","23":"product_tag-lien","24":"product_tag-longueur","25":"product_tag-pur","26":"product_tag-pur-2","27":"product_tag-reel","28":"product_tag-reglable","29":"product_tag-reglable-2","30":"product_tag-sollid","31":"product_tag-vraiment","32":"product_shipping_class-standard","34":"first","35":"instock","36":"taxable","37":"shipping-taxable","38":"purchasable","39":"product-type-simple"},"acf":[],"_links":{"self":[{"href":"https:\/\/esquell.eu\/fr\/wp-json\/wp\/v2\/product\/12066","targetHints":{"allow":["GET"]}}],"collection":[{"href":"https:\/\/esquell.eu\/fr\/wp-json\/wp\/v2\/product"}],"about":[{"href":"https:\/\/esquell.eu\/fr\/wp-json\/wp\/v2\/types\/product"}],"replies":[{"embeddable":true,"href":"https:\/\/esquell.eu\/fr\/wp-json\/wp\/v2\/comments?post=12066"}],"wp:featuredmedia":[{"embeddable":true,"href":"https:\/\/esquell.eu\/fr\/wp-json\/wp\/v2\/media\/12067"}],"wp:attachment":[{"href":"https:\/\/esquell.eu\/fr\/wp-json\/wp\/v2\/media?parent=12066"}],"wp:term":[{"taxonomy":"more","embeddable":true,"href":"https:\/\/esquell.eu\/fr\/wp-json\/wp\/v2\/more?post=12066"},{"taxonomy":"product_brand","embeddable":true,"href":"https:\/\/esquell.eu\/fr\/wp-json\/wp\/v2\/product_brand?post=12066"},{"taxonomy":"product_cat","embeddable":true,"href":"https:\/\/esquell.eu\/fr\/wp-json\/wp\/v2\/product_cat?post=12066"},{"taxonomy":"product_tag","embeddable":true,"href":"https:\/\/esquell.eu\/fr\/wp-json\/wp\/v2\/product_tag?post=12066"}],"curies":[{"name":"wp","href":"https:\/\/api.w.org\/{rel}","templated":true}]}}