{"id":12059,"date":"2025-04-03T09:10:57","date_gmt":"2025-04-03T09:10:57","guid":{"rendered":"https:\/\/esquell.eu\/product\/prometheus-copper-clay-10-g-pate-en-spray-3-bouchees\/"},"modified":"2025-04-03T09:10:57","modified_gmt":"2025-04-03T09:10:57","slug":"prometheus-copper-clay-10-g-pate-en-spray-3-bouchees","status":"publish","type":"product","link":"https:\/\/esquell.eu\/fr\/produit\/prometheus-copper-clay-10-g-pate-en-spray-3-bouchees\/","title":{"rendered":"Prometheus Copper Clay 10 g p\u00e2te en spray &#8211; 3 bouch\u00e9es"},"content":{"rendered":"<p>Prometheus Copper Clay 10 g p\u00e2te en spray &#8211; 3 bouch\u00e9es<\/p>\n<p>Peut \u00e9galement \u00eatre utilis\u00e9 avec ArtClay cuivre.<\/p>\n<p>L&rsquo;argile \u00e0 vaporiser Prometheus &#8211; p\u00e2te \u00e0 vaporiser peut \u00eatre conserv\u00e9e \u00e0 temp\u00e9rature ambiante. De nombreuses propri\u00e9t\u00e9s correspondent \u00e0 celles de l&rsquo;arguile d&rsquo;argent &#8211; Art Clay Silver. <\/p>\n<p>La seringue d&rsquo;argile au cuivre est une seringue d&rsquo;argile au cuivre dilu\u00e9e qui peut \u00eatre utilis\u00e9e pour cr\u00e9er des formes inhabituelles et des fils fins.<\/p>\n<p>Conseil :<br \/>\n* Ajustez l&rsquo;ouverture de la buse en coupant un morceau de mani\u00e8re \u00e0 ce qu&rsquo;une buse plus large puisse \u00eatre utilis\u00e9e.<\/p>\n<p>l&rsquo;ouverture est cr\u00e9\u00e9e et des m\u00e8ches plus \u00e9paisses peuvent \u00eatre r\u00e9alis\u00e9es.<\/p>\n<p>*Placez la seringue avec l&#8217;embout dans un bol d&rsquo;eau pendant l&rsquo;utilisation afin que l&#8217;embout ne se dess\u00e8che pas.<\/p>\n<p><strong><br \/>\n<\/strong>Consultez la <strong><u>base de connaissances <\/u><\/strong>sur la terre cuite pour obtenir des informations sur le modelage, la cuisson, la finition, etc.<\/p>\n","protected":false},"excerpt":{"rendered":"<p>Prometheus Copper Clay 10 g p\u00e2te en spray &#8211; 3 bouch\u00e9es<\/p>\n<p>&nbsp;<\/p>\n<p>Peut \u00e9galement \u00eatre utilis\u00e9 avec ArtClay cuivre.<\/p>\n<p>&nbsp;<\/p>\n<p>L&rsquo;argile \u00e0 vaporiser Prometheus &#8211; p\u00e2te \u00e0 vaporiser peut \u00eatre conserv\u00e9e \u00e0 temp\u00e9rature ambiante. De nombreuses propri\u00e9t\u00e9s correspondent \u00e0 celles de l&rsquo;arguile d&rsquo;argent &#8211; Art Clay Silver. <\/p>\n<p>La seringue d&rsquo;argile au cuivre est une seringue d&rsquo;argile au cuivre dilu\u00e9e qui peut \u00eatre utilis\u00e9e pour cr\u00e9er des formes inhabituelles et des fils fins.<\/p>\n<p>Conseil :<br \/>\n* Ajustez l&rsquo;ouverture de la buse en coupant un morceau de mani\u00e8re \u00e0 ce qu&rsquo;une buse plus large puisse \u00eatre utilis\u00e9e.<\/p>\n<p>l&rsquo;ouverture est cr\u00e9\u00e9e et des m\u00e8ches plus \u00e9paisses peuvent \u00eatre r\u00e9alis\u00e9es.<\/p>\n<p>*Placez la seringue avec l&#8217;embout dans un bol d&rsquo;eau pendant l&rsquo;utilisation afin que l&#8217;embout ne se dess\u00e8che pas.<\/p>\n<p><strong><br \/>\n<\/strong>Consultez la <strong><u>base de connaissances <\/u><\/strong>sur la terre cuite pour obtenir des informations sur le modelage, la cuisson, la finition, etc.<\/p>\n<p>&nbsp;<\/p>\n","protected":false},"featured_media":12060,"comment_status":"closed","ping_status":"closed","template":"","meta":{"_acf_changed":false,"_seopress_robots_primary_cat":"none","_seopress_titles_title":"","_seopress_titles_desc":"","_seopress_robots_index":""},"more":[],"product_brand":[6521],"product_cat":[7090],"product_tag":[6473,7141,7028,6780,6378,6405,7139,6650,7104,6423,6472,6418,6782],"class_list":{"0":"post-12059","1":"product","2":"type-product","3":"status-publish","4":"has-post-thumbnail","6":"product_brand-promethee","7":"product_cat-argile-cuivreuse","8":"product_tag-argile-2","9":"product_tag-argile-cuivree","10":"product_tag-argile-cuivreuse","11":"product_tag-argile-en-spray","12":"product_tag-argile-metallique","13":"product_tag-artclay","14":"product_tag-artclaycopper","15":"product_tag-cuivre","16":"product_tag-cuivre-2","17":"product_tag-de","18":"product_tag-lart","19":"product_tag-promethee","20":"product_tag-seringue","21":"product_shipping_class-standard","23":"first","24":"instock","25":"taxable","26":"shipping-taxable","27":"purchasable","28":"product-type-simple"},"acf":[],"_links":{"self":[{"href":"https:\/\/esquell.eu\/fr\/wp-json\/wp\/v2\/product\/12059","targetHints":{"allow":["GET"]}}],"collection":[{"href":"https:\/\/esquell.eu\/fr\/wp-json\/wp\/v2\/product"}],"about":[{"href":"https:\/\/esquell.eu\/fr\/wp-json\/wp\/v2\/types\/product"}],"replies":[{"embeddable":true,"href":"https:\/\/esquell.eu\/fr\/wp-json\/wp\/v2\/comments?post=12059"}],"wp:featuredmedia":[{"embeddable":true,"href":"https:\/\/esquell.eu\/fr\/wp-json\/wp\/v2\/media\/12060"}],"wp:attachment":[{"href":"https:\/\/esquell.eu\/fr\/wp-json\/wp\/v2\/media?parent=12059"}],"wp:term":[{"taxonomy":"more","embeddable":true,"href":"https:\/\/esquell.eu\/fr\/wp-json\/wp\/v2\/more?post=12059"},{"taxonomy":"product_brand","embeddable":true,"href":"https:\/\/esquell.eu\/fr\/wp-json\/wp\/v2\/product_brand?post=12059"},{"taxonomy":"product_cat","embeddable":true,"href":"https:\/\/esquell.eu\/fr\/wp-json\/wp\/v2\/product_cat?post=12059"},{"taxonomy":"product_tag","embeddable":true,"href":"https:\/\/esquell.eu\/fr\/wp-json\/wp\/v2\/product_tag?post=12059"}],"curies":[{"name":"wp","href":"https:\/\/api.w.org\/{rel}","templated":true}]}}