{"id":12053,"date":"2025-04-03T09:10:57","date_gmt":"2025-04-03T09:10:57","guid":{"rendered":"https:\/\/esquell.eu\/product\/pate-de-recouvrement-15-grammes-de-acs-a-0044\/"},"modified":"2026-01-10T17:04:11","modified_gmt":"2026-01-10T17:04:11","slug":"pate-de-recouvrement-15-grammes-de-acs-a-0044","status":"publish","type":"product","link":"https:\/\/esquell.eu\/fr\/produit\/pate-de-recouvrement-15-grammes-de-acs-a-0044\/","title":{"rendered":"P\u00e2te de recouvrement 15 grammes de ACS (A-0044)"},"content":{"rendered":"<p>Cette p\u00e2te est sp\u00e9cialement con\u00e7ue pour \u00eatre utilis\u00e9e sur\/d\u00e9corer des surfaces non poreuses ou \u00e9maill\u00e9es telles que la porcelaine, la c\u00e9ramique et le verre.<\/p>\n<p>La p\u00e2te peut \u00eatre combin\u00e9e avec l&rsquo;ACS et peut \u00eatre dilu\u00e9e avec de l&rsquo;eau.<br \/>\nBien m\u00e9langer avant utilisation. Temps de chauffe 30 minutes \u00e0 une temp\u00e9rature de 650\u00b0C. Si vous cuisez \u00e0 une temp\u00e9rature plus \u00e9lev\u00e9e, le temps de chauffe peut \u00eatre raccourci. <\/p>\n<p>Convient pour la fixation suppl\u00e9mentaire de pi\u00e8ces en argent cuit dans de l&rsquo;argile argent\u00e9e.<\/p>\n<p>Elle convient \u00e9galement tr\u00e8s bien pour assembler de l&rsquo;argent 999 pour l&rsquo;\u00e9maillage, par exemple. Comme cette p\u00e2te a la m\u00eame teneur en argent, il n&rsquo;y a pas de diff\u00e9rence de couleur comme c&rsquo;est le cas avec les p\u00e2tes \u00e0 braser. Lorsque vous utilisez des \u00e9maux transparents, vous pouvez voir la diff\u00e9rence de couleur caus\u00e9e par la p\u00e2te \u00e0 braser. Lorsque vous utilisez cette p\u00e2te de recouvrement, il n&rsquo;y a pas de diff\u00e9rence de couleur.   <\/p>\n","protected":false},"excerpt":{"rendered":"<p>Cette p\u00e2te a \u00e9t\u00e9 sp\u00e9cialement con\u00e7ue pour \u00eatre utilis\u00e9e sur des surfaces non poreuses ou \u00e9maill\u00e9es telles que la porcelaine, la c\u00e9ramique et le verre. La p\u00e2te peut \u00eatre combin\u00e9e avec ACS et peut \u00eatre dilu\u00e9e avec de l&rsquo;eau. Remuez bien avant l&rsquo;utilisation. Temps de chauffe 30 minutes \u00e0 une temp\u00e9rature de 650\u00b0C. Si vous cuisez \u00e0 une temp\u00e9rature plus \u00e9lev\u00e9e, le temps de chauffe peut \u00eatre raccourci.   <\/p>\n","protected":false},"featured_media":12396,"comment_status":"closed","ping_status":"closed","template":"","meta":{"_acf_changed":false,"_seopress_robots_primary_cat":"none","_seopress_titles_title":"","_seopress_titles_desc":"","_seopress_robots_index":""},"more":[],"product_brand":[6382],"product_cat":[6427],"product_tag":[6755,7469,6645,9059,6646,6939,6945,7045,9066,7036,6931,7096,6404,6378,6947,6376,8163,6949,6402,6941,7582,6935,6649,9056,7047,8489,8616,9086,6655,9088,7038,8492,6647,7043,8173,8171,8612,6785,6635,6653,8177,9100,6933,6747,6651,6659,9069,9082,9044,6951,9108,9104,7049,7119,9043,7121,6930,7026,7030,6789,9063,7042,9049,6708,7040,7034,9052,6661,7051,6937,6643,6636,6657,8167,8161,8165,6665,6644,6927,7094,9041,6751,7508,7580,8169,6925,6943,9096,6663,8180,6787,8495,9092,9080,9073,6667,9084,7032],"class_list":{"0":"post-12053","1":"product","2":"type-product","3":"status-publish","4":"has-post-thumbnail","6":"product_brand-acs","7":"product_cat-argile-dargent-art-clay-silver","8":"product_tag-6755","9":"product_tag-7469","10":"product_tag-a","11":"product_tag-aarschot","12":"product_tag-acheter","13":"product_tag-acheter-2","14":"product_tag-alkmaar","15":"product_tag-almelo","16":"product_tag-almere-tilburg","17":"product_tag-amersfoort","18":"product_tag-anvers","19":"product_tag-apeldoorn","20":"product_tag-argile-argentee","21":"product_tag-argile-metallique","22":"product_tag-arnhem","23":"product_tag-artclaysilver","24":"product_tag-artclaysilverpaste","25":"product_tag-assen","26":"product_tag-bon-marche","27":"product_tag-brabant","28":"product_tag-breda","29":"product_tag-bruxelles","30":"product_tag-commande","31":"product_tag-courtrai","32":"product_tag-delft","33":"product_tag-den-bosch","34":"product_tag-deventer","35":"product_tag-dordrecht","36":"product_tag-drenthe","37":"product_tag-ede","38":"product_tag-eindhoven","39":"product_tag-emmen","40":"product_tag-en-ligne","41":"product_tag-enschede","42":"product_tag-erreurs","43":"product_tag-fissures","44":"product_tag-fissures-2","45":"product_tag-flevoland","46":"product_tag-fournitures","47":"product_tag-frise","48":"product_tag-fusionner","49":"product_tag-geleen","50":"product_tag-gentilhomme","51":"product_tag-gramme","52":"product_tag-groningue","53":"product_tag-gueldre","54":"product_tag-haarlem","55":"product_tag-haarlemmermeer","56":"product_tag-hasselt","57":"product_tag-heerenveen","58":"product_tag-heerlen","59":"product_tag-helmond","60":"product_tag-hilversum","61":"product_tag-iles-wadden-amsterdam","62":"product_tag-knokke","63":"product_tag-la-haye","64":"product_tag-leeuwarden","65":"product_tag-lelystad","66":"product_tag-liege","67":"product_tag-limbourg","68":"product_tag-lokeren","69":"product_tag-maastricht","70":"product_tag-malines","71":"product_tag-mercerie","72":"product_tag-middelburg","73":"product_tag-nijmegen","74":"product_tag-noms-louvain","75":"product_tag-nord","76":"product_tag-oss","77":"product_tag-ostende","78":"product_tag-ou","79":"product_tag-outils","80":"product_tag-overijssel","81":"product_tag-pate","82":"product_tag-pate-dargile-argentee","83":"product_tag-pates","84":"product_tag-pays-bas-2","85":"product_tag-pieces","86":"product_tag-plomb","87":"product_tag-pont","88":"product_tag-porcelaine-2","89":"product_tag-reduction","90":"product_tag-reparation","91":"product_tag-reparation-2","92":"product_tag-reparations","93":"product_tag-rotterdam","94":"product_tag-scheveningen","95":"product_tag-sittard","96":"product_tag-sud","97":"product_tag-superposition","98":"product_tag-utrecht","99":"product_tag-venlo","100":"product_tag-westland","101":"product_tag-zaandam","102":"product_tag-zaanstad","103":"product_tag-zelande","104":"product_tag-zoetermeer","105":"product_tag-zwolle","106":"product_shipping_class-standard","108":"first","109":"instock","110":"taxable","111":"shipping-taxable","112":"purchasable","113":"product-type-simple"},"acf":[],"_links":{"self":[{"href":"https:\/\/esquell.eu\/fr\/wp-json\/wp\/v2\/product\/12053","targetHints":{"allow":["GET"]}}],"collection":[{"href":"https:\/\/esquell.eu\/fr\/wp-json\/wp\/v2\/product"}],"about":[{"href":"https:\/\/esquell.eu\/fr\/wp-json\/wp\/v2\/types\/product"}],"replies":[{"embeddable":true,"href":"https:\/\/esquell.eu\/fr\/wp-json\/wp\/v2\/comments?post=12053"}],"wp:featuredmedia":[{"embeddable":true,"href":"https:\/\/esquell.eu\/fr\/wp-json\/wp\/v2\/media\/12396"}],"wp:attachment":[{"href":"https:\/\/esquell.eu\/fr\/wp-json\/wp\/v2\/media?parent=12053"}],"wp:term":[{"taxonomy":"more","embeddable":true,"href":"https:\/\/esquell.eu\/fr\/wp-json\/wp\/v2\/more?post=12053"},{"taxonomy":"product_brand","embeddable":true,"href":"https:\/\/esquell.eu\/fr\/wp-json\/wp\/v2\/product_brand?post=12053"},{"taxonomy":"product_cat","embeddable":true,"href":"https:\/\/esquell.eu\/fr\/wp-json\/wp\/v2\/product_cat?post=12053"},{"taxonomy":"product_tag","embeddable":true,"href":"https:\/\/esquell.eu\/fr\/wp-json\/wp\/v2\/product_tag?post=12053"}],"curies":[{"name":"wp","href":"https:\/\/api.w.org\/{rel}","templated":true}]}}