{"id":12043,"date":"2025-04-03T09:10:57","date_gmt":"2025-04-03T09:10:57","guid":{"rendered":"https:\/\/esquell.eu\/product\/argile-au-cuivre-argile-au-cuivre-50-grammes-a-0300\/"},"modified":"2025-12-22T11:11:37","modified_gmt":"2025-12-22T11:11:37","slug":"argile-au-cuivre-argile-au-cuivre-50-grammes-a-0300","status":"publish","type":"product","link":"https:\/\/esquell.eu\/fr\/produit\/argile-au-cuivre-argile-au-cuivre-50-grammes-a-0300\/","title":{"rendered":"Argile au cuivre Argile au cuivre 50 grammes (A-0300)"},"content":{"rendered":"<p><strong>Cr\u00e9ez vos propres bijoux en cuivre avec Art Clay Copper !<\/strong><\/p>\n<p>Art Clay Copper, comme Art Clay Silver, est facile \u00e0 p\u00e9trir, \u00e0 modeler et \u00e0 cuire au four. Les \u00e9tapes de r\u00e9alisation des cr\u00e9ations avec Art Clay Copper sont les m\u00eames qu&rsquo;avec l&rsquo;argile argent\u00e9e, cependant, lors de la cuisson sans charbon actif, une \u00e9tape suppl\u00e9mentaire doit \u00eatre ajout\u00e9e : le traitement de la couche oxyd\u00e9e. Contrairement \u00e0 l&rsquo;argile argent\u00e9e, l&rsquo;argile cuivre r\u00e9agit \u00e0 l&rsquo;oxyg\u00e8ne de l&rsquo;air et cr\u00e9e une couche brun-noir sur l&rsquo;argile cuivre.<br \/>\nLe paquet contient 50 grammes d&rsquo;argile cuivre. Nous vous recommandons d&rsquo;utiliser un produit tel que \u00ab\u00a0Gloves in a bottle\u00a0\u00bb pour \u00e9viter la d\u00e9coloration de vos mains.   <\/p>\n<p>L&rsquo;argile peut \u00e9galement \u00eatre combin\u00e9e \u00e0 d&rsquo;autres mat\u00e9riaux<\/p>\n<p><strong>Art Clay P\u00e2te de cuivre<\/strong><\/p>\n<p>Si les p\u00e2tes Art Clay ne sont pas disponibles, vous pouvez facilement les fabriquer vous-m\u00eame.<br \/>\nAjoutez une petite quantit\u00e9 d&rsquo;eau \u00e0 l&rsquo;argile molle et p\u00e9trissez-la soigneusement. Utilisez cette substance pour combler d&rsquo;\u00e9ventuelles fissures ou pour coller plusieurs pi\u00e8ces ensemble. <\/p>\n<p><strong>Conseils utiles pour l&rsquo;utilisation d&rsquo;Art Clay Copper<\/strong><\/p>\n<ul>\n<li>L&rsquo;argile au cuivre doit \u00eatre conserv\u00e9e \u00e0 l&rsquo;abri de l&rsquo;air, au frais et \u00e0 l&rsquo;abri de la lumi\u00e8re.<\/li>\n<li>Dans son emballage, l&rsquo;argile au cuivre a une dur\u00e9e de conservation de 1 an.<\/li>\n<li>L&rsquo;argile cuivreuse peut \u00eatre dilu\u00e9e dans de l&rsquo;eau distill\u00e9e ou bouillie.<\/li>\n<li>Remettez toujours imm\u00e9diatement les restes dans leur emballage d&rsquo;origine ou dans un sac \u00e0 poign\u00e9e.<\/li>\n<li>L&rsquo;argile au cuivre s\u00e8che \u00e0 l&rsquo;air et assez rapidement, il faut donc s&rsquo;assurer que tout est pr\u00eat \u00e0 l&rsquo;avance.<\/li>\n<li>Une fois s\u00e8che, l&rsquo;argile cuivreuse est aussi dure que le pl\u00e2tre, ce qui permet de gratter ou de limer des motifs.<\/li>\n<li>Si elle est s\u00e8che et qu&rsquo;elle se casse, vous pouvez r\u00e9parer un bijou en terre cuite avec de la p\u00e2te.<\/li>\n<li>Il est important de noter que l&rsquo;argile ne r\u00e9siste pas au gel.<\/li>\n<\/ul>\n<p><strong>Fabrication d&rsquo;objets plus grands avec de l&rsquo;argile au cuivre<\/strong><\/p>\n<ul>\n<li>Utilisez de l&rsquo;argile \u00e0 li\u00e8ge comme noyau, ce qui est \u00e9galement recommand\u00e9 pour la r\u00e9alisation d&rsquo;une pi\u00e8ce de grande taille (\u00e9paisse).<\/li>\n<li>Gr\u00e2ce \u00e0 des tests approfondis avec des pi\u00e8ces de cuivre Art Clay de grande taille, nous avons constat\u00e9 la possibilit\u00e9 de formation de petits trous creux apr\u00e8s le s\u00e9chage, dans des cas particuliers lorsque l&rsquo;\u00e9paisseur de la pi\u00e8ce est sup\u00e9rieure \u00e0 10 mm.<\/li>\n<li>Si un creux appara\u00eet dans la pi\u00e8ce apr\u00e8s le s\u00e9chage, remplissez-le avec de l&rsquo;argile cuivreuse molle, puis faites-le cuire \u00e0 nouveau apr\u00e8s le s\u00e9chage et avant la finition.<br \/>\nCe creux est moins susceptible d&rsquo;\u00eatre cr\u00e9\u00e9 par le s\u00e9chage \u00e0 l&rsquo;aide d&rsquo;un \u00e9quipement chauffant tel qu&rsquo;une cuisini\u00e8re chaude, un four ou un s\u00e9choir \u00e0 air chaud.<br \/>\nDonc, si vous fabriquez une pi\u00e8ce d&rsquo;une \u00e9paisseur int\u00e9rieure de 10 mm, que vous la s\u00e9chez \u00e0 l&rsquo;aide d&rsquo;outils chauds, le risque de trous creux \u00e0 l&rsquo;int\u00e9rieur est alors extr\u00eamement faible.<\/li>\n<li>La dur\u00e9e du s\u00e9chage varie en fonction de la taille et de la conception de la pi\u00e8ce, c&rsquo;est pourquoi vous devez v\u00e9rifier soigneusement si la pi\u00e8ce est s\u00e8che. Si c&rsquo;est le cas, vous pouvez terminer la cuisson de la pi\u00e8ce. <\/li>\n<\/ul>\n<p><strong>Utilisation d&rsquo;Art Clay Copper<br \/>\n<\/strong>Art Clay Copper et Art Clay Silver ont des propri\u00e9t\u00e9s diff\u00e9rentes qui peuvent s&rsquo;influencer mutuellement en cas de contact. Nous vous recommandons d&rsquo;utiliser des outils diff\u00e9rents pour chaque type d&rsquo;argile. Si ce n&rsquo;est pas possible, assurez-vous que les outils sont bien nettoy\u00e9s apr\u00e8s chaque utilisation.  <\/p>\n<p><strong>Conservation de l&rsquo;Art Clay Cuivre<br \/>\n<\/strong>Utilisez l&rsquo;argile au plus vite apr\u00e8s l&rsquo;ouverture de l&#8217;emballage. Apr\u00e8s l&rsquo;ouverture de l&#8217;emballage, la surface de l&rsquo;argile cuivreuse s&rsquo;oxyde et prend une couleur plus fonc\u00e9e. <\/p>\n<p>Si vous voyez une d\u00e9coloration fonc\u00e9e, grattez cette partie et utilisez l&rsquo;argile restante pour fabriquer une pi\u00e8ce.<br \/>\nPour \u00e9viter l&rsquo;oxydation des emballages d&rsquo;argile cuivreuse ouverts, il est conseill\u00e9 d&rsquo;envelopper l&rsquo;argile dans plusieurs couches de plastique et d&rsquo;utiliser ensuite un sac de fermeture en plastique qui peut \u00eatre compl\u00e8tement aspir\u00e9.<\/p>\n<p>En raison de la nature chimique du cuivre, Art Clay cuivre a cr\u00e9\u00e9 qu&rsquo;il y a une couche oxyd\u00e9e sur la surface de l&rsquo;argile en raison de l&rsquo;exposition \u00e0 l&rsquo;oxyg\u00e8ne. La premi\u00e8re \u00e9ducation, et la plus importante, est d&rsquo;envelopper \u00e0 nouveau les restes d&rsquo;argile, une pellicule alimentaire en plastique est utile pour cela. Enveloppez l&rsquo;argile sans laisser d&rsquo;air entre les feuilles et appuyez sur l&rsquo;argile \u00e0 l&rsquo;aide d&rsquo;un rouleau pour qu&rsquo;elle reste en place.  <\/p>\n<p><strong>Vous voulez vous initier vous-m\u00eame \u00e0 l&rsquo;utilisation de l&rsquo;Art Clay Copper ?<\/strong><\/p>\n<p>Dans ce cas, nous vous recommandons de suivre d&rsquo;abord un atelier avec un instructeur certifi\u00e9 Art Clay Silver<br \/>\nniveau 2. Vous y apprendrez \u00e0 travailler correctement avec l&rsquo;argile cuivr\u00e9e et \u00e0 utiliser correctement les outils. De plus, c&rsquo;est incroyablement amusant !  <\/p>\n","protected":false},"excerpt":{"rendered":"<p>&nbsp;<\/p>\n<p><strong>Cr\u00e9ez vos propres bijoux en cuivre avec Art Clay Copper !<\/strong><\/p>\n<p>Art Clay Copper, comme Art Clay Silver, est facile \u00e0 p\u00e9trir, \u00e0 modeler et \u00e0 cuire au four. Les \u00e9tapes de r\u00e9alisation des cr\u00e9ations avec Art Clay Copper sont les m\u00eames qu&rsquo;avec l&rsquo;argile argent\u00e9e, cependant, lors de la cuisson sans charbon actif, une \u00e9tape suppl\u00e9mentaire doit \u00eatre ajout\u00e9e : le traitement de la couche oxyd\u00e9e. Contrairement \u00e0 l&rsquo;argile argent\u00e9e, l&rsquo;argile cuivre r\u00e9agit \u00e0 l&rsquo;oxyg\u00e8ne de l&rsquo;air et cr\u00e9e une couche brun-noir sur l&rsquo;argile cuivre.<br \/>\nLe paquet contient 50 grammes d&rsquo;argile cuivre. Nous vous recommandons d&rsquo;utiliser un produit tel que \u00ab\u00a0Gloves in a bottle\u00a0\u00bb pour \u00e9viter la d\u00e9coloration de vos mains.   <\/p>\n<p>L&rsquo;argile peut \u00e9galement \u00eatre combin\u00e9e \u00e0 d&rsquo;autres mat\u00e9riaux<\/p>\n<p><strong>Art Clay P\u00e2te de cuivre<\/strong><\/p>\n<p>Si les p\u00e2tes Art Clay ne sont pas disponibles, vous pouvez facilement les fabriquer vous-m\u00eame.<br \/>\nAjoutez une petite quantit\u00e9 d&rsquo;eau \u00e0 l&rsquo;argile molle et p\u00e9trissez-la soigneusement. Utilisez cette substance pour combler d&rsquo;\u00e9ventuelles fissures ou pour coller plusieurs pi\u00e8ces ensemble. <\/p>\n<p><strong>Conseils utiles pour l&rsquo;utilisation d&rsquo;Art Clay Copper<\/strong><\/p>\n<ul>\n<li>L&rsquo;argile au cuivre doit \u00eatre conserv\u00e9e \u00e0 l&rsquo;abri de l&rsquo;air, au frais et \u00e0 l&rsquo;abri de la lumi\u00e8re.<\/li>\n<li>Dans son emballage, l&rsquo;argile au cuivre a une dur\u00e9e de conservation de 1 an.<\/li>\n<li>L&rsquo;argile cuivreuse peut \u00eatre dilu\u00e9e dans de l&rsquo;eau distill\u00e9e ou bouillie.<\/li>\n<li>Remettez toujours imm\u00e9diatement les restes dans leur emballage d&rsquo;origine ou dans un sac \u00e0 poign\u00e9e.<\/li>\n<li>L&rsquo;argile au cuivre s\u00e8che \u00e0 l&rsquo;air et assez rapidement, il faut donc s&rsquo;assurer que tout est pr\u00eat \u00e0 l&rsquo;avance.<\/li>\n<li>Une fois s\u00e8che, l&rsquo;argile cuivreuse est aussi dure que le pl\u00e2tre, ce qui permet de gratter ou de limer des motifs.<\/li>\n<li>Si elle est s\u00e8che et qu&rsquo;elle se casse, vous pouvez r\u00e9parer un bijou en terre cuite avec de la p\u00e2te.<\/li>\n<li>Il est important de noter que l&rsquo;argile ne r\u00e9siste pas au gel.<\/li>\n<\/ul>\n<p><strong>Fabrication d&rsquo;objets plus grands avec de l&rsquo;argile au cuivre<\/strong><\/p>\n<ul>\n<li>Utilisez de l&rsquo;argile \u00e0 li\u00e8ge comme noyau, ce qui est \u00e9galement recommand\u00e9 pour la r\u00e9alisation d&rsquo;une pi\u00e8ce de grande taille (\u00e9paisse).<\/li>\n<li>Gr\u00e2ce \u00e0 des tests approfondis avec des pi\u00e8ces de cuivre Art Clay de grande taille, nous avons constat\u00e9 la possibilit\u00e9 de formation de petits trous creux apr\u00e8s le s\u00e9chage, dans des cas particuliers lorsque l&rsquo;\u00e9paisseur de la pi\u00e8ce est sup\u00e9rieure \u00e0 10 mm.<\/li>\n<li>Si un creux appara\u00eet dans la pi\u00e8ce apr\u00e8s le s\u00e9chage, remplissez-le avec de l&rsquo;argile cuivreuse molle, puis faites-le cuire \u00e0 nouveau apr\u00e8s le s\u00e9chage et avant la finition.<br \/>\nCe creux est moins susceptible d&rsquo;\u00eatre cr\u00e9\u00e9 par le s\u00e9chage \u00e0 l&rsquo;aide d&rsquo;un \u00e9quipement chauffant tel qu&rsquo;une cuisini\u00e8re chaude, un four ou un s\u00e9choir \u00e0 air chaud.<br \/>\nDonc, si vous fabriquez une pi\u00e8ce d&rsquo;une \u00e9paisseur int\u00e9rieure de 10 mm, que vous la s\u00e9chez \u00e0 l&rsquo;aide d&rsquo;outils chauds, le risque de trous creux \u00e0 l&rsquo;int\u00e9rieur est alors extr\u00eamement faible.<\/li>\n<li>La dur\u00e9e du s\u00e9chage varie en fonction de la taille et de la conception de la pi\u00e8ce, c&rsquo;est pourquoi vous devez v\u00e9rifier soigneusement si la pi\u00e8ce est s\u00e8che. Si c&rsquo;est le cas, vous pouvez terminer la cuisson de la pi\u00e8ce. <\/li>\n<\/ul>\n<p><strong>Utilisation d&rsquo;Art Clay Copper<br \/>\n<\/strong>Art Clay Copper et Art Clay Silver ont des propri\u00e9t\u00e9s diff\u00e9rentes qui peuvent s&rsquo;influencer mutuellement en cas de contact. Nous vous recommandons d&rsquo;utiliser des outils diff\u00e9rents pour chaque type d&rsquo;argile. Si ce n&rsquo;est pas possible, assurez-vous que les outils sont bien nettoy\u00e9s apr\u00e8s chaque utilisation.  <\/p>\n<p><strong>Conservation de l&rsquo;Art Clay Cuivre<br \/>\n<\/strong>Utilisez l&rsquo;argile au plus vite apr\u00e8s l&rsquo;ouverture de l&#8217;emballage. Apr\u00e8s l&rsquo;ouverture de l&#8217;emballage, la surface de l&rsquo;argile cuivreuse s&rsquo;oxyde et prend une couleur plus fonc\u00e9e. <\/p>\n<p>Si vous voyez une d\u00e9coloration fonc\u00e9e, grattez cette partie et utilisez l&rsquo;argile restante pour fabriquer une pi\u00e8ce.<br \/>\nPour \u00e9viter l&rsquo;oxydation des emballages d&rsquo;argile cuivreuse ouverts, il est conseill\u00e9 d&rsquo;envelopper l&rsquo;argile dans plusieurs couches de plastique et d&rsquo;utiliser ensuite un sac de fermeture en plastique qui peut \u00eatre compl\u00e8tement aspir\u00e9.<\/p>\n<p>En raison de la nature chimique du cuivre, Art Clay cuivre a cr\u00e9\u00e9 qu&rsquo;il y a une couche oxyd\u00e9e sur la surface de l&rsquo;argile en raison de l&rsquo;exposition \u00e0 l&rsquo;oxyg\u00e8ne. La premi\u00e8re \u00e9ducation, et la plus importante, est d&rsquo;envelopper \u00e0 nouveau les restes d&rsquo;argile, une pellicule alimentaire en plastique est utile pour cela. Enveloppez l&rsquo;argile sans laisser d&rsquo;air entre les feuilles et appuyez sur l&rsquo;argile \u00e0 l&rsquo;aide d&rsquo;un rouleau pour qu&rsquo;elle reste en place.  <\/p>\n<p><strong>Vous voulez vous initier vous-m\u00eame \u00e0 l&rsquo;utilisation de l&rsquo;Art Clay Copper ?<\/strong><\/p>\n<p>Dans ce cas, nous vous recommandons de suivre d&rsquo;abord un atelier avec un instructeur certifi\u00e9 Art Clay Silver<br \/>\nniveau 2. Vous y apprendrez \u00e0 travailler correctement avec l&rsquo;argile cuivr\u00e9e et \u00e0 utiliser correctement les outils. De plus, c&rsquo;est incroyablement amusant !  <\/p>\n<p>&nbsp;<\/p>\n<p>&nbsp;<\/p>\n","protected":false},"featured_media":12143,"comment_status":"closed","ping_status":"closed","template":"","meta":{"_acf_changed":false,"_seopress_robots_primary_cat":"none","_seopress_titles_title":"","_seopress_titles_desc":"","_seopress_robots_index":""},"more":[],"product_brand":[6382],"product_cat":[7090],"product_tag":[6755,6645,6646,6945,6923,7098,6638,6931,7096,6388,6473,6404,6378,6390,6947,6405,6376,7100,6949,6565,6393,6372,6718,7477,7654,6402,6641,6958,6389,6941,6792,6716,7116,6409,6935,6794,6772,6650,7104,7114,7047,7053,7652,6655,6647,7043,6374,6785,6653,7110,6933,6712,6651,6659,6951,7120,7648,7112,7646,6634,6472,6930,6789,6426,7650,7108,6661,7106,6567,6652,6937,6643,6657,6391,6665,6774,7092,7094,6751,6925,6407,6663,7118,7102,6408,7117,6667,7032],"class_list":{"0":"post-12043","1":"product","2":"type-product","3":"status-publish","4":"has-post-thumbnail","6":"product_brand-acs","7":"product_cat-argile-cuivreuse","8":"product_tag-6755","9":"product_tag-a","10":"product_tag-acheter","11":"product_tag-alkmaar","12":"product_tag-amsterdam","13":"product_tag-anneau","14":"product_tag-anneaux","15":"product_tag-anvers","16":"product_tag-apeldoorn","17":"product_tag-argile","18":"product_tag-argile-2","19":"product_tag-argile-argentee","20":"product_tag-argile-metallique","21":"product_tag-argile-metallique-2","22":"product_tag-arnhem","23":"product_tag-artclay","24":"product_tag-artclaysilver","25":"product_tag-artclaysilvershop","26":"product_tag-assen","27":"product_tag-atelier","28":"product_tag-belgique","29":"product_tag-bijoux","30":"product_tag-bijoux-3","31":"product_tag-bijoux-4","32":"product_tag-bijoux-5","33":"product_tag-bon-marche","34":"product_tag-boucles-doreilles","35":"product_tag-boutique","36":"product_tag-boutique-en-ligne","37":"product_tag-brabant","38":"product_tag-bracelet","39":"product_tag-breloques","40":"product_tag-breloques-2","41":"product_tag-bricolage","42":"product_tag-bruxelles","43":"product_tag-chaine","44":"product_tag-charme","45":"product_tag-cuivre","46":"product_tag-cuivre-2","47":"product_tag-cuivre-malleable","48":"product_tag-delft","49":"product_tag-delftzijl","50":"product_tag-description-du-travail","51":"product_tag-drenthe","52":"product_tag-en-ligne","53":"product_tag-enschede","54":"product_tag-faire","55":"product_tag-flevoland","56":"product_tag-frise","57":"product_tag-gane","58":"product_tag-gentilhomme","59":"product_tag-gratuit","60":"product_tag-groningue","61":"product_tag-gueldre","62":"product_tag-heerenveen","63":"product_tag-hoogeveen","64":"product_tag-idees","65":"product_tag-ingenierie","66":"product_tag-instructeur-2","67":"product_tag-largent-3","68":"product_tag-lart","69":"product_tag-leeuwarden","70":"product_tag-limbourg","71":"product_tag-malleable","72":"product_tag-manuels","73":"product_tag-mokume","74":"product_tag-nord","75":"product_tag-nouveau-3","76":"product_tag-offrir","77":"product_tag-orfevres","78":"product_tag-ostende","79":"product_tag-ou","80":"product_tag-overijssel","81":"product_tag-pays-bas","82":"product_tag-pays-bas-2","83":"product_tag-pendentif","84":"product_tag-pendentif-2","85":"product_tag-pont","86":"product_tag-reduction","87":"product_tag-rotterdam","88":"product_tag-silverclay-co-uk","89":"product_tag-sud","90":"product_tag-utrrecht","91":"product_tag-vasieres","92":"product_tag-vous","93":"product_tag-walonie","94":"product_tag-zelande","95":"product_tag-zwolle","96":"product_shipping_class-standard","98":"first","99":"instock","100":"taxable","101":"shipping-taxable","102":"purchasable","103":"product-type-simple"},"acf":[],"_links":{"self":[{"href":"https:\/\/esquell.eu\/fr\/wp-json\/wp\/v2\/product\/12043","targetHints":{"allow":["GET"]}}],"collection":[{"href":"https:\/\/esquell.eu\/fr\/wp-json\/wp\/v2\/product"}],"about":[{"href":"https:\/\/esquell.eu\/fr\/wp-json\/wp\/v2\/types\/product"}],"replies":[{"embeddable":true,"href":"https:\/\/esquell.eu\/fr\/wp-json\/wp\/v2\/comments?post=12043"}],"wp:featuredmedia":[{"embeddable":true,"href":"https:\/\/esquell.eu\/fr\/wp-json\/wp\/v2\/media\/12143"}],"wp:attachment":[{"href":"https:\/\/esquell.eu\/fr\/wp-json\/wp\/v2\/media?parent=12043"}],"wp:term":[{"taxonomy":"more","embeddable":true,"href":"https:\/\/esquell.eu\/fr\/wp-json\/wp\/v2\/more?post=12043"},{"taxonomy":"product_brand","embeddable":true,"href":"https:\/\/esquell.eu\/fr\/wp-json\/wp\/v2\/product_brand?post=12043"},{"taxonomy":"product_cat","embeddable":true,"href":"https:\/\/esquell.eu\/fr\/wp-json\/wp\/v2\/product_cat?post=12043"},{"taxonomy":"product_tag","embeddable":true,"href":"https:\/\/esquell.eu\/fr\/wp-json\/wp\/v2\/product_tag?post=12043"}],"curies":[{"name":"wp","href":"https:\/\/api.w.org\/{rel}","templated":true}]}}