{"id":12036,"date":"2025-04-03T09:11:05","date_gmt":"2025-04-03T09:11:05","guid":{"rendered":"https:\/\/esquell.eu\/product\/pack-atelier-10-x-10-grammes-dargile-argentee-acs-a-0273w\/"},"modified":"2025-12-22T11:12:26","modified_gmt":"2025-12-22T11:12:26","slug":"pack-atelier-10-x-10-grammes-dargile-dargent-acs-a-0273w","status":"publish","type":"product","link":"https:\/\/esquell.eu\/fr\/produit\/pack-atelier-10-x-10-grammes-dargile-dargent-acs-a-0273w\/","title":{"rendered":"Pack atelier 10 x 10 grammes d&rsquo;argile argent\u00e9e ACS (A-0273W)"},"content":{"rendered":"<div class=\"product-addition-content\">\n<p>Argile \u00e0 s\u00e9chage normal. Le taux de r\u00e9traction est de 8 %. Chauffage \u00e0 partir de 650 \u00b0C. La dur\u00e9e du chauffage d\u00e9pend de la source de chauffage s\u00e9lectionn\u00e9e. Consultez le tableau de chauffage ou le manuel du produit pour d\u00e9terminer le temps de chauffage correct. Exactement le m\u00eame produit que le ZA-0273 sans l&#8217;emballage ext\u00e9rieur et les informations sur le produit. Emball\u00e9 par 10 pi\u00e8ces.      <\/p>\n<p>Cet article est vendu aux instructeurs de l&rsquo;AEC et est r\u00e9serv\u00e9 \u00e0 leur usage personnel (d\u00e9monstrations et ateliers). Pour la revente, l&rsquo;article ZA-0273 doit \u00eatre utilis\u00e9. <\/p>\n<\/div>\n","protected":false},"excerpt":{"rendered":"<p>Argile \u00e0 s\u00e9chage normal. Le taux de r\u00e9traction est de 8 %. Chauffage \u00e0 partir de 650 \u00b0C. La dur\u00e9e du chauffage d\u00e9pend de la source de chauffage s\u00e9lectionn\u00e9e. Consultez le tableau de chauffage ou le manuel du produit pour d\u00e9terminer le temps de chauffage correct. Exactement le m\u00eame produit que le ZA-0273 sans l&#8217;emballage ext\u00e9rieur et les informations sur le produit. Emball\u00e9 par 10 pi\u00e8ces.      <\/p>\n<p>Cet article est vendu aux instructeurs de l&rsquo;AEC et est r\u00e9serv\u00e9 \u00e0 leur usage personnel (d\u00e9monstrations et ateliers). Pour la revente, l&rsquo;article ZA-0273 doit \u00eatre utilis\u00e9. <\/p>\n","protected":false},"featured_media":12037,"comment_status":"closed","ping_status":"closed","template":"","meta":{"_acf_changed":false,"_seopress_robots_primary_cat":"none","_seopress_titles_title":"","_seopress_titles_desc":"","_seopress_robots_index":""},"more":[],"product_brand":[6382],"product_cat":[6427],"product_tag":[6755,6645,6646,6388,6473,6404,6378,6390,6405,6376,6565,6540,7027,6372,6402,6958,6389,6796,6409,7039,21579,6706,6743,7041,7025,7037,17824,6569,6374,6798,6801,6381,6472,6759,7031,6643,7029,6471,7035,6805,7033,6803],"class_list":{"0":"post-12036","1":"product","2":"type-product","3":"status-publish","4":"has-post-thumbnail","6":"product_brand-acs","7":"product_cat-argile-dargent-art-clay-silver","8":"product_tag-6755","9":"product_tag-a","10":"product_tag-acheter","11":"product_tag-argile","12":"product_tag-argile-2","13":"product_tag-argile-argentee","14":"product_tag-argile-metallique","15":"product_tag-argile-metallique-2","16":"product_tag-artclay","17":"product_tag-artclaysilver","18":"product_tag-atelier","19":"product_tag-avantageux","20":"product_tag-avantageux-2","21":"product_tag-bijoux","22":"product_tag-bon-marche","23":"product_tag-boutique","24":"product_tag-boutique-en-ligne","25":"product_tag-boutique-en-ligne-2","26":"product_tag-bricolage","27":"product_tag-circulaire","28":"product_tag-circulaire-2","29":"product_tag-commerce-de-gros","30":"product_tag-distributeur","31":"product_tag-distributeur-artclaysil","32":"product_tag-dossier-datelier","33":"product_tag-durable","34":"product_tag-durable-2","35":"product_tag-emballage","36":"product_tag-faire","37":"product_tag-faire-2","38":"product_tag-il","39":"product_tag-japon","40":"product_tag-lart","41":"product_tag-metal","42":"product_tag-metal-2","43":"product_tag-ou","44":"product_tag-pmc","45":"product_tag-recycle","46":"product_tag-recycle-2","47":"product_tag-soi","48":"product_tag-vendre","49":"product_tag-votre","50":"product_shipping_class-standard","52":"first","53":"instock","54":"taxable","55":"shipping-taxable","56":"purchasable","57":"product-type-simple"},"acf":[],"_links":{"self":[{"href":"https:\/\/esquell.eu\/fr\/wp-json\/wp\/v2\/product\/12036","targetHints":{"allow":["GET"]}}],"collection":[{"href":"https:\/\/esquell.eu\/fr\/wp-json\/wp\/v2\/product"}],"about":[{"href":"https:\/\/esquell.eu\/fr\/wp-json\/wp\/v2\/types\/product"}],"replies":[{"embeddable":true,"href":"https:\/\/esquell.eu\/fr\/wp-json\/wp\/v2\/comments?post=12036"}],"wp:featuredmedia":[{"embeddable":true,"href":"https:\/\/esquell.eu\/fr\/wp-json\/wp\/v2\/media\/12037"}],"wp:attachment":[{"href":"https:\/\/esquell.eu\/fr\/wp-json\/wp\/v2\/media?parent=12036"}],"wp:term":[{"taxonomy":"more","embeddable":true,"href":"https:\/\/esquell.eu\/fr\/wp-json\/wp\/v2\/more?post=12036"},{"taxonomy":"product_brand","embeddable":true,"href":"https:\/\/esquell.eu\/fr\/wp-json\/wp\/v2\/product_brand?post=12036"},{"taxonomy":"product_cat","embeddable":true,"href":"https:\/\/esquell.eu\/fr\/wp-json\/wp\/v2\/product_cat?post=12036"},{"taxonomy":"product_tag","embeddable":true,"href":"https:\/\/esquell.eu\/fr\/wp-json\/wp\/v2\/product_tag?post=12036"}],"curies":[{"name":"wp","href":"https:\/\/api.w.org\/{rel}","templated":true}]}}