{"id":12025,"date":"2025-04-03T09:12:11","date_gmt":"2025-04-03T09:12:11","guid":{"rendered":"https:\/\/esquell.eu\/product\/chaine-de-suspension-omega-epaisseur-1mm-differentes-longueurs\/"},"modified":"2026-02-14T10:33:07","modified_gmt":"2026-02-14T10:33:07","slug":"chaine-de-suspension-omega-epaisseur-1mm-differentes-longueurs","status":"publish","type":"product","link":"https:\/\/esquell.eu\/fr\/produit\/chaine-de-suspension-omega-epaisseur-1mm-differentes-longueurs\/","title":{"rendered":"Cha\u00eene de suspension Omega, \u00e9paisseur 1mm Diff\u00e9rentes longueurs"},"content":{"rendered":"<p>Crochet om\u00e9ga,<br \/>\n\u00e9paisseur 1mm<br \/>\nLongueur 45 ou 48 cm<br \/>\n,<br \/>\nFinition brillante<\/p>\n<p>Une perle ou une breloque avec un trou de fixation de 2mm ou plus s&rsquo;ins\u00e8re dans l&#8217;embout.<\/p>\n","protected":false},"excerpt":{"rendered":"<p>Crochet Om\u00e9ga,<\/p>\n<p>Acier inoxydable<\/p>\n<p>Epaisseur 1mm<\/p>\n<p>Finition brillante<\/p>\n<p>Une perle, un pendentif ou une breloque avec un trou de 2mm ou plus s&rsquo;adapte \u00e0 l&#8217;embout.<\/p>\n<p>&nbsp;<\/p>\n<p>&nbsp;<\/p>\n","protected":false},"featured_media":12344,"comment_status":"closed","ping_status":"closed","template":"","meta":{"_acf_changed":false,"_seopress_robots_primary_cat":"none","_seopress_titles_title":"","_seopress_titles_desc":"","_seopress_robots_index":""},"more":[],"product_brand":[6914],"product_cat":[6915],"product_tag":[6470,6477,6476,6645,6646,6939,6945,7045,7024,7016,7036,6923,6931,6404,6420,7028,6947,6405,6949,6393,6718,7792,6941,6935,7770,6819,6794,7790,6772,7785,7762,6962,7018,7780,7778,7047,7053,7776,6655,8833,7038,8836,6647,7043,7766,6374,6815,7510,8834,9562,6653,6933,7772,6651,6659,6951,7049,8832,6369,6550,6634,6930,7026,7030,7768,6789,7042,8837,7040,8838,7034,6661,7051,6937,6643,6657,6816,6391,6665,6774,7687,8831,6710,7794,6927,6922,6954,6778,7774,6443,6925,6943,7786,6964,8835,8844,7782,7788,6919,6663,8841,7764,6787,8521,7055,6408,6776,6667,7032],"class_list":{"0":"post-12025","1":"product","2":"type-product","3":"status-publish","4":"has-post-thumbnail","6":"product_brand-ayu","7":"product_cat-colliers-chaines-bracelets","8":"product_tag-6470","9":"product_tag-6477","10":"product_tag-6476","11":"product_tag-a","12":"product_tag-acheter","13":"product_tag-acheter-2","14":"product_tag-alkmaar","15":"product_tag-almelo","16":"product_tag-almere","17":"product_tag-amende-2","18":"product_tag-amersfoort","19":"product_tag-amsterdam","20":"product_tag-anvers","21":"product_tag-argile-argentee","22":"product_tag-argile-bronze","23":"product_tag-argile-cuivreuse","24":"product_tag-arnhem","25":"product_tag-artclay","26":"product_tag-assen","27":"product_tag-belgique","28":"product_tag-bijoux-3","29":"product_tag-bijoux-en-verre","30":"product_tag-brabant","31":"product_tag-bruxelles","32":"product_tag-camps","33":"product_tag-cernit","34":"product_tag-chaine","35":"product_tag-changer","36":"product_tag-charme","37":"product_tag-chooker","38":"product_tag-coevorden","39":"product_tag-collier","40":"product_tag-collier-2","41":"product_tag-collier-3","42":"product_tag-corne","43":"product_tag-delft","44":"product_tag-delftzijl","45":"product_tag-drachten","46":"product_tag-drenthe","47":"product_tag-echangeable","48":"product_tag-eindhoven","49":"product_tag-en-baisse","50":"product_tag-en-ligne","51":"product_tag-enschede","52":"product_tag-etreilen","53":"product_tag-faire","54":"product_tag-fimo","55":"product_tag-flexible","56":"product_tag-flexible-2","57":"product_tag-flexible-3","58":"product_tag-frise","59":"product_tag-gentilhomme","60":"product_tag-gratter","61":"product_tag-groningue","62":"product_tag-gueldre","63":"product_tag-heerenveen","64":"product_tag-hilversum","65":"product_tag-interchangeable","66":"product_tag-largent","67":"product_tag-largent-2","68":"product_tag-largent-3","69":"product_tag-leeuwarden","70":"product_tag-lelystad","71":"product_tag-liege","72":"product_tag-liege-2","73":"product_tag-limbourg","74":"product_tag-maastricht","75":"product_tag-meilleur","76":"product_tag-middelburg","77":"product_tag-middelharnis","78":"product_tag-nijmegen","79":"product_tag-nord","80":"product_tag-oss","81":"product_tag-ostende","82":"product_tag-ou","83":"product_tag-overijssel","84":"product_tag-pate-polymere","85":"product_tag-pays-bas","86":"product_tag-pays-bas-2","87":"product_tag-pendentif","88":"product_tag-pendentif-en-argile-argentee","89":"product_tag-pendentif-en-verre","90":"product_tag-pendentifs","91":"product_tag-pendentifs-en-verre","92":"product_tag-plomb","93":"product_tag-pur","94":"product_tag-pur-2","95":"product_tag-reel","96":"product_tag-resine","97":"product_tag-resine-uv","98":"product_tag-rotterdam","99":"product_tag-scheveningen","100":"product_tag-solide","101":"product_tag-sollid","102":"product_tag-souple-tombant","103":"product_tag-spakenburg","104":"product_tag-spang","105":"product_tag-spangen","106":"product_tag-sterling","107":"product_tag-sud","108":"product_tag-twente","109":"product_tag-urk","110":"product_tag-utrecht","111":"product_tag-valkenburg","112":"product_tag-verre","113":"product_tag-vous","114":"product_tag-vraiment","115":"product_tag-zelande","116":"product_tag-zwolle","117":"product_shipping_class-standard","119":"first","120":"instock","121":"taxable","122":"shipping-taxable","123":"purchasable","124":"product-type-variable"},"acf":[],"_links":{"self":[{"href":"https:\/\/esquell.eu\/fr\/wp-json\/wp\/v2\/product\/12025","targetHints":{"allow":["GET"]}}],"collection":[{"href":"https:\/\/esquell.eu\/fr\/wp-json\/wp\/v2\/product"}],"about":[{"href":"https:\/\/esquell.eu\/fr\/wp-json\/wp\/v2\/types\/product"}],"replies":[{"embeddable":true,"href":"https:\/\/esquell.eu\/fr\/wp-json\/wp\/v2\/comments?post=12025"}],"wp:featuredmedia":[{"embeddable":true,"href":"https:\/\/esquell.eu\/fr\/wp-json\/wp\/v2\/media\/12344"}],"wp:attachment":[{"href":"https:\/\/esquell.eu\/fr\/wp-json\/wp\/v2\/media?parent=12025"}],"wp:term":[{"taxonomy":"more","embeddable":true,"href":"https:\/\/esquell.eu\/fr\/wp-json\/wp\/v2\/more?post=12025"},{"taxonomy":"product_brand","embeddable":true,"href":"https:\/\/esquell.eu\/fr\/wp-json\/wp\/v2\/product_brand?post=12025"},{"taxonomy":"product_cat","embeddable":true,"href":"https:\/\/esquell.eu\/fr\/wp-json\/wp\/v2\/product_cat?post=12025"},{"taxonomy":"product_tag","embeddable":true,"href":"https:\/\/esquell.eu\/fr\/wp-json\/wp\/v2\/product_tag?post=12025"}],"curies":[{"name":"wp","href":"https:\/\/api.w.org\/{rel}","templated":true}]}}