{"id":12015,"date":"2025-04-03T09:11:05","date_gmt":"2025-04-03T09:11:05","guid":{"rendered":"https:\/\/esquell.eu\/product\/argile-argentee-50-grammes-acs-a-0275\/"},"modified":"2026-03-13T16:16:29","modified_gmt":"2026-03-13T16:16:29","slug":"argile-dargent-50-grammes-acs-a-0275","status":"publish","type":"product","link":"https:\/\/esquell.eu\/fr\/produit\/argile-dargent-50-grammes-acs-a-0275\/","title":{"rendered":"Argile argent\u00e9e 50 grammes ACS (A-0275)"},"content":{"rendered":"<p>Vous utilisez cette argile pour cr\u00e9er des formes que vous pouvez p\u00e9trir, rouler et enrouler. Travailler avec Art Clay L&rsquo;argile argent\u00e9e pr\u00e9sente les avantages suivants : <\/p>\n<ul>\n<li>&#8211; Il peut \u00eatre cuit \u00e0 basse temp\u00e9rature, m\u00eame sur une cuisini\u00e8re \u00e0 gaz.<\/li>\n<li>&#8211; La mercerie silverden de premi\u00e8re ann\u00e9e peut \u00eatre cuite avec elle.<\/li>\n<li>&#8211; Il ne r\u00e9tr\u00e9cit que de 8 \u00e0 9 %.<\/li>\n<li>&#8211; C&rsquo;est le meilleur type de produit \u00e0 utiliser avec le verre et m\u00eame certaines pierres pr\u00e9cieuses.<\/li>\n<\/ul>\n<p>Avant de l&rsquo;utiliser, p\u00e9trissez bri\u00e8vement l&rsquo;argile pour faire sortir les bulles d&rsquo;air<\/p>\n<p> Vous pouvez \u00e9galement le faire dans un film plastique pour \u00e9viter qu&rsquo;il ne se dess\u00e8che.<\/p>\n","protected":false},"excerpt":{"rendered":"<p>Vous utilisez cette argile pour cr\u00e9er des formes que vous pouvez p\u00e9trir, rouler et enrouler. Travailler avec Art Clay L&rsquo;argile argent\u00e9e pr\u00e9sente les avantages suivants : <\/p>\n<ul>\n<li>&#8211; Il peut \u00eatre cuit \u00e0 basse temp\u00e9rature, m\u00eame sur une cuisini\u00e8re \u00e0 gaz.<\/li>\n<li>&#8211; La mercerie silverden de premi\u00e8re ann\u00e9e peut \u00eatre cuite avec elle.<\/li>\n<li>&#8211; Il ne r\u00e9tr\u00e9cit que de 8 \u00e0 9 %.<\/li>\n<li>&#8211; C&rsquo;est le meilleur type de produit \u00e0 utiliser avec le verre et m\u00eame certaines pierres pr\u00e9cieuses.<\/li>\n<\/ul>\n<p>Avant de l&rsquo;utiliser, p\u00e9trissez bri\u00e8vement l&rsquo;argile pour faire sortir les \u00e9ventuelles bulles d&rsquo;air<br \/>\n.<br \/>\nVous pouvez \u00e9galement l&rsquo;envelopper dans un film plastique pour \u00e9viter qu&rsquo;elle ne s\u00e8che.<\/p>\n","protected":false},"featured_media":12137,"comment_status":"closed","ping_status":"closed","template":"","meta":{"_acf_changed":false,"_seopress_robots_primary_cat":"none","_seopress_titles_title":"","_seopress_titles_desc":"","_seopress_robots_index":""},"more":[],"product_brand":[6382],"product_cat":[6427],"product_tag":[6755,7469,8319,7664,6757,6791,6470,6477,6476,6645,6646,7647,6960,7016,6638,8329,8589,7590,6404,6780,7588,7632,6405,6565,6372,7578,7592,7598,7636,8350,6641,6796,8324,8355,6792,8368,7582,6716,8340,6409,8358,8592,7586,7634,6794,8334,6772,6962,7600,7640,7642,6655,6374,6798,7594,6785,6653,6747,6651,6659,7659,7662,6801,7645,6369,6550,6634,6789,8363,6708,7398,7657,6661,6652,6643,6657,7584,6665,6774,7092,8345,6485,6428,7602,7029,7656,7644,6778,7580,7649,6782,6805,6964,7606,6663,7638,7655,7651,7596,6787,7102,7055,7653,6803,6807,6776,6667,6482,7604],"class_list":{"0":"post-12015","1":"product","2":"type-product","3":"status-publish","4":"has-post-thumbnail","6":"product_brand-acs","7":"product_cat-argile-dargent-art-clay-silver","8":"product_tag-6755","9":"product_tag-7469","10":"product_tag-8319","11":"product_tag-7664","12":"product_tag-6757","13":"product_tag-6791","14":"product_tag-6470","15":"product_tag-6477","16":"product_tag-6476","17":"product_tag-a","18":"product_tag-acheter","19":"product_tag-ameland","20":"product_tag-amende","21":"product_tag-amende-2","22":"product_tag-anneaux","23":"product_tag-argent-fin","24":"product_tag-argent-fin-2","25":"product_tag-argent-malleable-2","26":"product_tag-argile-argentee","27":"product_tag-argile-en-spray","28":"product_tag-argile-metallique-3","29":"product_tag-argile-metallique-4","30":"product_tag-artclay","31":"product_tag-atelier","32":"product_tag-bijoux","33":"product_tag-bijoux-commemoratifs","34":"product_tag-bijoux-en-argent","35":"product_tag-bijoux-en-frene","36":"product_tag-bijoux-en-frene-2","37":"product_tag-boucle-doreille","38":"product_tag-boucles-doreilles","39":"product_tag-boutique-en-ligne-2","40":"product_tag-boutique-boutique","41":"product_tag-bouton-doreille","42":"product_tag-bracelet","43":"product_tag-brachelet","44":"product_tag-breda","45":"product_tag-breloques","46":"product_tag-breloques-3","47":"product_tag-bricolage","48":"product_tag-broche-2","49":"product_tag-broche-3","50":"product_tag-buse","51":"product_tag-buse-2","52":"product_tag-chaine","53":"product_tag-chaine-2","54":"product_tag-charme","55":"product_tag-collier","56":"product_tag-confirmer","57":"product_tag-diamant-2","58":"product_tag-diamants","59":"product_tag-drenthe","60":"product_tag-faire","61":"product_tag-faire-2","62":"product_tag-filigrane","63":"product_tag-flevoland","64":"product_tag-frise","65":"product_tag-gramme","66":"product_tag-groningue","67":"product_tag-gueldre","68":"product_tag-hollande-du-nord","69":"product_tag-hollande-du-sud","70":"product_tag-il","71":"product_tag-iles","72":"product_tag-largent","73":"product_tag-largent-2","74":"product_tag-largent-3","75":"product_tag-limbourg","76":"product_tag-manchette","77":"product_tag-mercerie","78":"product_tag-mettre","79":"product_tag-nop","80":"product_tag-nord","81":"product_tag-orfevres","82":"product_tag-ou","83":"product_tag-overijssel","84":"product_tag-pate-a-pulveriser","85":"product_tag-pays-bas-2","86":"product_tag-pendentif","87":"product_tag-pendentif-2","88":"product_tag-pendentifs-2","89":"product_tag-perles","90":"product_tag-pierre","91":"product_tag-pierres-precieuses","92":"product_tag-pmc","93":"product_tag-polder-du-nord-est","94":"product_tag-poli","95":"product_tag-reel","96":"product_tag-reparation-2","97":"product_tag-schiermoninkoog","98":"product_tag-seringue","99":"product_tag-soi","100":"product_tag-sollid","101":"product_tag-strass","102":"product_tag-sud","103":"product_tag-swarovski","104":"product_tag-terschelling","105":"product_tag-texel","106":"product_tag-travail-ouvert","107":"product_tag-utrecht","108":"product_tag-vasieres","109":"product_tag-verre","110":"product_tag-vlieland","111":"product_tag-votre","112":"product_tag-vous-2","113":"product_tag-vraiment","114":"product_tag-zelande","115":"product_tag-zircone","116":"product_tag-zircone-2","117":"product_shipping_class-standard","119":"first","120":"instock","121":"taxable","122":"shipping-taxable","123":"purchasable","124":"product-type-simple"},"acf":[],"_links":{"self":[{"href":"https:\/\/esquell.eu\/fr\/wp-json\/wp\/v2\/product\/12015","targetHints":{"allow":["GET"]}}],"collection":[{"href":"https:\/\/esquell.eu\/fr\/wp-json\/wp\/v2\/product"}],"about":[{"href":"https:\/\/esquell.eu\/fr\/wp-json\/wp\/v2\/types\/product"}],"replies":[{"embeddable":true,"href":"https:\/\/esquell.eu\/fr\/wp-json\/wp\/v2\/comments?post=12015"}],"wp:featuredmedia":[{"embeddable":true,"href":"https:\/\/esquell.eu\/fr\/wp-json\/wp\/v2\/media\/12137"}],"wp:attachment":[{"href":"https:\/\/esquell.eu\/fr\/wp-json\/wp\/v2\/media?parent=12015"}],"wp:term":[{"taxonomy":"more","embeddable":true,"href":"https:\/\/esquell.eu\/fr\/wp-json\/wp\/v2\/more?post=12015"},{"taxonomy":"product_brand","embeddable":true,"href":"https:\/\/esquell.eu\/fr\/wp-json\/wp\/v2\/product_brand?post=12015"},{"taxonomy":"product_cat","embeddable":true,"href":"https:\/\/esquell.eu\/fr\/wp-json\/wp\/v2\/product_cat?post=12015"},{"taxonomy":"product_tag","embeddable":true,"href":"https:\/\/esquell.eu\/fr\/wp-json\/wp\/v2\/product_tag?post=12015"}],"curies":[{"name":"wp","href":"https:\/\/api.w.org\/{rel}","templated":true}]}}