{"id":12010,"date":"2025-04-03T09:11:05","date_gmt":"2025-04-03T09:11:05","guid":{"rendered":"https:\/\/esquell.eu\/product\/art-clay-silver-950-argile-a-largent-50-grammes-acs-a-0297\/"},"modified":"2026-01-10T17:04:56","modified_gmt":"2026-01-10T17:04:56","slug":"art-clay-silver-950-argile-a-largent-50-grammes-acs-a-0297","status":"publish","type":"product","link":"https:\/\/esquell.eu\/fr\/produit\/art-clay-silver-950-argile-a-largent-50-grammes-acs-a-0297\/","title":{"rendered":"Art Clay Silver 950 Argile \u00e0 l&rsquo;argent 50 grammes ACS ( A-0297 )"},"content":{"rendered":"<div class=\"product-addition-content\">\n<p>L&rsquo;argile est compos\u00e9e \u00e0 90 % de poudre d&rsquo;alliage d&rsquo;argent et de cuivre et \u00e0 10 % de liant et d&rsquo;eau. Le retrait est d&rsquo;environ 11-13%. La puret\u00e9 apr\u00e8s cuisson est de 950 argent. Le fa\u00e7onnage et le s\u00e9chage sont les m\u00eames que ceux auxquels vous \u00eates habitu\u00e9s avec l&rsquo;argile Art Clay Silver ordinaire. L&rsquo;argile est une argile de haute qualit\u00e9, pr\u00eate \u00e0 l&#8217;emploi, vous pouvez donc commencer imm\u00e9diatement apr\u00e8s avoir ouvert l&#8217;emballage ! Une autre caract\u00e9ristique int\u00e9ressante est que vous n&rsquo;avez pas besoin de charbon actif pour cuire l&rsquo;argile. En bref, aucune pr\u00e9paration suppl\u00e9mentaire n&rsquo;est n\u00e9cessaire ! L&rsquo;argile est disponible en paquets de 25 et 50 g.       <\/p>\n<p>Attention ! La cuisson ne peut se faire que dans un <a href=\"https:\/\/esquell.eu\/?s=oven\"><strong><u>four sp\u00e9cial. <\/u><\/strong><\/a>La p\u00e2te Art Clay Silver 950 cuite au four a une surface et une r\u00e9sistance \u00e0 la flexion plus \u00e9lev\u00e9es que la p\u00e2te Art Clay Silver ordinaire, elle est environ 60% plus r\u00e9sistante*. En raison de sa duret\u00e9, il se pr\u00eate \u00e0 davantage de possibilit\u00e9s de conception et sa durabilit\u00e9 le rend particuli\u00e8rement adapt\u00e9 aux travaux plus minces, plus \u00e9troits ou ouverts (comme une bague ou un bouton de manchette). L&rsquo;argent \u00e9tant plus r\u00e9sistant aux rayures, il convient aux artistes professionnels qui offrent ou vendent leurs \u0153uvres en cadeau.   <\/p>\n<p>*Les r\u00e9sultats peuvent varier en fonction des conditions de cuisson et de mesure.<\/p>\n<\/div>\n","protected":false},"excerpt":{"rendered":"<p>L&rsquo;argile est compos\u00e9e \u00e0 90 % de poudre d&rsquo;alliage d&rsquo;argent et de cuivre et \u00e0 10 % de liant et d&rsquo;eau. Le retrait est d&rsquo;environ 11-13%. La puret\u00e9 apr\u00e8s cuisson est de 950 argent. Le fa\u00e7onnage et le s\u00e9chage sont les m\u00eames que ceux auxquels vous \u00eates habitu\u00e9s avec l&rsquo;argile Art Clay Silver ordinaire. L&rsquo;argile est une argile de haute qualit\u00e9, pr\u00eate \u00e0 l&#8217;emploi, vous pouvez donc commencer imm\u00e9diatement apr\u00e8s avoir ouvert l&#8217;emballage ! Une autre caract\u00e9ristique int\u00e9ressante est que vous n&rsquo;avez pas besoin de charbon actif pour cuire l&rsquo;argile. En bref, aucune pr\u00e9paration suppl\u00e9mentaire n&rsquo;est n\u00e9cessaire ! L&rsquo;argile est disponible en paquets de 25 et 50 g.       <\/p>\n<p>&nbsp;<\/p>\n<p>Attention ! La cuisson ne peut se faire que dans un <strong><u><a href=\"https:\/\/www.esquell.nl\/p\/prometheus-oven-pro-1-programmeerbaar\">four sp\u00e9cial.<\/a> <\/u><\/strong>La p\u00e2te Art Clay Silver 950 cuite au four a une surface et une r\u00e9sistance \u00e0 la flexion plus \u00e9lev\u00e9es que la p\u00e2te Art Clay Silver ordinaire, elle est environ 60% plus r\u00e9sistante*. En raison de sa duret\u00e9, il se pr\u00eate \u00e0 davantage de possibilit\u00e9s de conception et sa durabilit\u00e9 le rend particuli\u00e8rement adapt\u00e9 aux travaux plus minces, plus \u00e9troits ou ouverts (comme une bague ou un bouton de manchette). L&rsquo;argent \u00e9tant plus r\u00e9sistant aux rayures, il convient aux artistes professionnels qui offrent ou vendent leurs \u0153uvres en cadeau.   <\/p>\n<p>*Les r\u00e9sultats peuvent varier en fonction des conditions de cuisson et de mesure.<\/p>\n","protected":false},"featured_media":12303,"comment_status":"closed","ping_status":"closed","template":"","meta":{"_acf_changed":false,"_seopress_robots_primary_cat":"none","_seopress_titles_title":"","_seopress_titles_desc":"","_seopress_robots_index":""},"more":[],"product_brand":[6382],"product_cat":[6427],"product_tag":[6755,6757,6477,8995,6386,6638,6388,6473,6741,6404,6390,6405,7567,6376,6565,6575,6753,6393,6396,6579,6743,8993,6763,7565,6765,6401,7479,6747,6761,6745,6381,6369,6634,6472,8216,6559,6400,6656,8991,6759,7031,6768,6770,6391,6749,8603,6471,6751,8604,6407,8997,6766],"class_list":{"0":"post-12010","1":"product","2":"type-product","3":"status-publish","4":"has-post-thumbnail","6":"product_brand-acs","7":"product_cat-argile-dargent-art-clay-silver","8":"product_tag-6755","9":"product_tag-6757","10":"product_tag-6477","11":"product_tag-academie","12":"product_tag-aida","13":"product_tag-anneaux","14":"product_tag-argile","15":"product_tag-argile-2","16":"product_tag-argile-3","17":"product_tag-argile-argentee","18":"product_tag-argile-metallique-2","19":"product_tag-artclay","20":"product_tag-artclayacademy","21":"product_tag-artclaysilver","22":"product_tag-atelier","23":"product_tag-ateliers","24":"product_tag-avantage","25":"product_tag-belgique","26":"product_tag-belgique-2","27":"product_tag-certifie","28":"product_tag-distributeur","29":"product_tag-enseignant","30":"product_tag-facebook","31":"product_tag-formation","32":"product_tag-fort","33":"product_tag-france","34":"product_tag-france-2","35":"product_tag-gramme","36":"product_tag-instagram","37":"product_tag-instructeur","38":"product_tag-japon","39":"product_tag-largent","40":"product_tag-largent-3","41":"product_tag-lart","42":"product_tag-lecole","43":"product_tag-lignes-dartisanat","44":"product_tag-luxembourg","45":"product_tag-luxembourg-2","46":"product_tag-marche-de-largent","47":"product_tag-metal","48":"product_tag-metal-2","49":"product_tag-meteaalclay","50":"product_tag-paquet-25","51":"product_tag-pays-bas","52":"product_tag-professionnel","53":"product_tag-professionnel-3","54":"product_tag-recycle","55":"product_tag-reduction","56":"product_tag-reseau","57":"product_tag-silverclay-co-uk","58":"product_tag-sortie-de-creativite","59":"product_tag-supplementaires","60":"product_shipping_class-standard","62":"first","63":"instock","64":"taxable","65":"shipping-taxable","66":"purchasable","67":"product-type-simple"},"acf":[],"_links":{"self":[{"href":"https:\/\/esquell.eu\/fr\/wp-json\/wp\/v2\/product\/12010","targetHints":{"allow":["GET"]}}],"collection":[{"href":"https:\/\/esquell.eu\/fr\/wp-json\/wp\/v2\/product"}],"about":[{"href":"https:\/\/esquell.eu\/fr\/wp-json\/wp\/v2\/types\/product"}],"replies":[{"embeddable":true,"href":"https:\/\/esquell.eu\/fr\/wp-json\/wp\/v2\/comments?post=12010"}],"wp:featuredmedia":[{"embeddable":true,"href":"https:\/\/esquell.eu\/fr\/wp-json\/wp\/v2\/media\/12303"}],"wp:attachment":[{"href":"https:\/\/esquell.eu\/fr\/wp-json\/wp\/v2\/media?parent=12010"}],"wp:term":[{"taxonomy":"more","embeddable":true,"href":"https:\/\/esquell.eu\/fr\/wp-json\/wp\/v2\/more?post=12010"},{"taxonomy":"product_brand","embeddable":true,"href":"https:\/\/esquell.eu\/fr\/wp-json\/wp\/v2\/product_brand?post=12010"},{"taxonomy":"product_cat","embeddable":true,"href":"https:\/\/esquell.eu\/fr\/wp-json\/wp\/v2\/product_cat?post=12010"},{"taxonomy":"product_tag","embeddable":true,"href":"https:\/\/esquell.eu\/fr\/wp-json\/wp\/v2\/product_tag?post=12010"}],"curies":[{"name":"wp","href":"https:\/\/api.w.org\/{rel}","templated":true}]}}