{"id":12008,"date":"2025-04-03T09:11:15","date_gmt":"2025-04-03T09:11:15","guid":{"rendered":"https:\/\/esquell.eu\/product\/formule-antiadhesive-coolslip\/"},"modified":"2025-11-09T07:53:00","modified_gmt":"2025-11-09T07:53:00","slug":"formule-antiadhesive-coolslip","status":"publish","type":"product","link":"https:\/\/esquell.eu\/fr\/produit\/formule-antiadhesive-coolslip\/","title":{"rendered":"Formule antiadh\u00e9sive Coolslip"},"content":{"rendered":"<p>Formule antiadh\u00e9sive Coolslip.<\/p>\n<p>Vaporiser les mains, les outils, les feuilles de texture, les tampons, etc. avec la formule antiadh\u00e9sive coolslip emp\u00eache l&rsquo;argile m\u00e9tallique de coller. Elle garantit \u00e9galement une impression plus nette des tampons et des textures. <\/p>\n<p>&nbsp;<\/p>\n<p>Remarque : n&rsquo;utilisez pas trop de Coolslip. Une texture peut flotter, rendant l&rsquo;impression moins nette. <\/p>\n","protected":false},"excerpt":{"rendered":"<p>Formule antiadh\u00e9sive Coolslip.<\/p>\n<p>Vaporiser les mains, les outils, les feuilles de texture, les tampons, etc. avec la formule antiadh\u00e9sive coolslip emp\u00eache l&rsquo;argile m\u00e9tallique de coller. Elle garantit \u00e9galement une impression plus nette des tampons et des textures. <\/p>\n<p>&nbsp;<\/p>\n<p>&nbsp;<\/p>\n","protected":false},"featured_media":12294,"comment_status":"closed","ping_status":"closed","template":"","meta":{"_acf_changed":false,"_seopress_robots_primary_cat":"none","_seopress_titles_title":"","_seopress_titles_desc":"","_seopress_robots_index":""},"more":[],"product_brand":[6736],"product_cat":[6364],"product_tag":[8213,6404,6378,6390,7421,6737,7425,7419,6738,8209,7413,7417,7415,6726,7423,8211,7429,7427,7431],"class_list":{"0":"post-12008","1":"product","2":"type-product","3":"status-publish","4":"has-post-thumbnail","6":"product_brand-des-outils-sympas","7":"product_cat-materiel-supplementaire","8":"product_tag-agent-de-demoulage","9":"product_tag-argile-argentee","10":"product_tag-argile-metallique","11":"product_tag-argile-metallique-2","12":"product_tag-artclay-argent","13":"product_tag-avaler","14":"product_tag-caoutchouc-texture","15":"product_tag-collant","16":"product_tag-cool","17":"product_tag-estampillage","18":"product_tag-formule-antiadhesive","19":"product_tag-glissiere-de-securite","20":"product_tag-huile-dolive","21":"product_tag-outils-2","22":"product_tag-panneaux-textures","23":"product_tag-pate-2","24":"product_tag-structures","25":"product_tag-textures","26":"product_tag-timbres","27":"product_shipping_class-standard","29":"first","30":"instock","31":"taxable","32":"shipping-taxable","33":"purchasable","34":"product-type-simple"},"acf":[],"_links":{"self":[{"href":"https:\/\/esquell.eu\/fr\/wp-json\/wp\/v2\/product\/12008","targetHints":{"allow":["GET"]}}],"collection":[{"href":"https:\/\/esquell.eu\/fr\/wp-json\/wp\/v2\/product"}],"about":[{"href":"https:\/\/esquell.eu\/fr\/wp-json\/wp\/v2\/types\/product"}],"replies":[{"embeddable":true,"href":"https:\/\/esquell.eu\/fr\/wp-json\/wp\/v2\/comments?post=12008"}],"wp:featuredmedia":[{"embeddable":true,"href":"https:\/\/esquell.eu\/fr\/wp-json\/wp\/v2\/media\/12294"}],"wp:attachment":[{"href":"https:\/\/esquell.eu\/fr\/wp-json\/wp\/v2\/media?parent=12008"}],"wp:term":[{"taxonomy":"more","embeddable":true,"href":"https:\/\/esquell.eu\/fr\/wp-json\/wp\/v2\/more?post=12008"},{"taxonomy":"product_brand","embeddable":true,"href":"https:\/\/esquell.eu\/fr\/wp-json\/wp\/v2\/product_brand?post=12008"},{"taxonomy":"product_cat","embeddable":true,"href":"https:\/\/esquell.eu\/fr\/wp-json\/wp\/v2\/product_cat?post=12008"},{"taxonomy":"product_tag","embeddable":true,"href":"https:\/\/esquell.eu\/fr\/wp-json\/wp\/v2\/product_tag?post=12008"}],"curies":[{"name":"wp","href":"https:\/\/api.w.org\/{rel}","templated":true}]}}