{"id":12004,"date":"2025-04-03T09:11:15","date_gmt":"2025-04-03T09:11:15","guid":{"rendered":"https:\/\/esquell.eu\/product\/boite-de-rangement-pour-perles-et-articles-de-mercerie-56-compartiments\/"},"modified":"2025-11-09T07:59:22","modified_gmt":"2025-11-09T07:59:22","slug":"boite-de-rangement-pour-perles-et-articles-de-mercerie-56-compartiments","status":"publish","type":"product","link":"https:\/\/esquell.eu\/fr\/produit\/boite-de-rangement-pour-perles-et-articles-de-mercerie-56-compartiments\/","title":{"rendered":"Bo\u00eete de rangement pour perles et articles de mercerie. 56 compartiments"},"content":{"rendered":"<p>Les 56 compartiments pratiques sont id\u00e9aux pour le rangement organis\u00e9, par exemple, de perles, d&rsquo;articles de mercerie, de pierres, de zircons, etc. 14 x 4 compartiments. Amovible par 4 compartiments. Chaque compartiment peut \u00eatre ferm\u00e9 et ouvert s\u00e9par\u00e9ment, ce qui facilite la prise de pi\u00e8ces ou de perles. Chaque compartiment mesure 2,5 *2*2 cm<br \/>\nPour les dimensions, voir aussi la photo 2.   <\/p>\n<p>&nbsp;<\/p>\n<p>\u00c9galement utile pour conserver les poudres d&rsquo;\u00e9mail.<\/p>\n<p>&nbsp;<\/p>\n","protected":false},"excerpt":{"rendered":"<p>Les 56 compartiments pratiques sont id\u00e9aux pour le rangement organis\u00e9, par exemple, de perles, d&rsquo;articles de mercerie, de pierres, de zircons, etc. 14 x 4 compartiments. Amovible par 4 compartiments. Chaque compartiment peut \u00eatre ferm\u00e9 et ouvert s\u00e9par\u00e9ment, ce qui facilite la prise de pi\u00e8ces ou de perles. Chaque compartiment mesure 2,5 *2*2 cm.   <\/p>\n<p>Les bo\u00eetes r\u00e9pondent \u00e0 toutes les exigences auxquelles doivent satisfaire de bonnes bo\u00eetes de tri. Elles sont fabriqu\u00e9es en plastique de haute qualit\u00e9 <\/p>\n","protected":false},"featured_media":7169,"comment_status":"closed","ping_status":"closed","template":"","meta":{"_acf_changed":false,"_seopress_robots_primary_cat":"none","_seopress_titles_title":"","_seopress_titles_desc":"","_seopress_robots_index":""},"more":[],"product_brand":[6398],"product_cat":[6364,6705],"product_tag":[6470,6476,6645,8048,6646,6397,8034,6404,8420,8023,6393,6372,6718,6658,6739,8006,8244,8365,6728,8003,8018,8246,8242,8370,8442,8021,6402,6641,6716,6409,8252,7400,8042,6649,6706,8240,8424,8451,8250,8286,6395,6647,8045,6724,6374,7671,8039,6815,8031,6481,6712,8241,8428,8433,8462,6640,6708,6734,6732,6730,6643,6726,6714,6816,6391,8416,6710,6966,8009,8448,6644,8012,8028,8460,8456,8248,8438,8237,8361,8454,6407,6722,8445,8015,6408,6735,8025,8037,8047,6720,6482],"class_list":{"0":"post-12004","1":"product","2":"type-product","3":"status-publish","4":"has-post-thumbnail","6":"product_brand-l1","7":"product_cat-materiel-supplementaire","8":"product_cat-outils-et-fournitures-pour-lemaillage","9":"product_tag-6470","10":"product_tag-6476","11":"product_tag-a","12":"product_tag-a-vendre","13":"product_tag-acheter","14":"product_tag-allemagne","15":"product_tag-anneaux-2","16":"product_tag-argile-argentee","17":"product_tag-art-du-verre","18":"product_tag-autocollants","19":"product_tag-belgique","20":"product_tag-bijoux","21":"product_tag-bijoux-3","22":"product_tag-bijoux-en-argile","23":"product_tag-boite","24":"product_tag-boite-2","25":"product_tag-boite-de-bricolage","26":"product_tag-boite-de-bricolage-2","27":"product_tag-boite-de-rangement","28":"product_tag-boite-de-rangement-2","29":"product_tag-boite-de-tri","30":"product_tag-boite-de-tri-pour-hobby","31":"product_tag-boites-de-bricolage","32":"product_tag-boites-de-bricolage-2","33":"product_tag-boites-de-presentation","34":"product_tag-boites-de-rangement","35":"product_tag-bon-marche","36":"product_tag-boucles-doreilles","37":"product_tag-breloques","38":"product_tag-bricolage","39":"product_tag-broder","40":"product_tag-cabochons","41":"product_tag-casquettes-perlees","42":"product_tag-commande","43":"product_tag-commerce-de-gros","44":"product_tag-construction-de-modeles","45":"product_tag-cooltools","46":"product_tag-coquilles","47":"product_tag-coudre","48":"product_tag-daimondpainting","49":"product_tag-deutsland","50":"product_tag-en-ligne","51":"product_tag-entretoises","52":"product_tag-envoyer","53":"product_tag-faire","54":"product_tag-faire-soi-meme","55":"product_tag-fermetures","56":"product_tag-fimo","57":"product_tag-fournitures-pour-bijoux","58":"product_tag-galets","59":"product_tag-gratuit","60":"product_tag-hobby","61":"product_tag-kit-de-demarrage","62":"product_tag-kits-de-demarrage","63":"product_tag-magasin","64":"product_tag-maison","65":"product_tag-mercerie","66":"product_tag-net","67":"product_tag-nettoyer","68":"product_tag-organiser","69":"product_tag-ou","70":"product_tag-outils-2","71":"product_tag-pack-de-demarrage","72":"product_tag-pate-polymere","73":"product_tag-pays-bas","74":"product_tag-peinture","75":"product_tag-pendentifs","76":"product_tag-perles-2","77":"product_tag-perles-3","78":"product_tag-perles-despacement","79":"product_tag-pieces","80":"product_tag-pieces-2","81":"product_tag-pieces-de-bijouterie","82":"product_tag-poudre-demail","83":"product_tag-poudres-demail","84":"product_tag-pratique","85":"product_tag-presentation","86":"product_tag-prix-de-gros","87":"product_tag-prix-de-gros-2","88":"product_tag-sauver","89":"product_tag-silverclay-co-uk","90":"product_tag-silveribelgie","91":"product_tag-strass-2","92":"product_tag-trier","93":"product_tag-vous","94":"product_tag-vue-densemble","95":"product_tag-vue-densemble-2","96":"product_tag-yeux","97":"product_tag-yeux-en-pendentif","98":"product_tag-zilverkleinederland","99":"product_tag-zircone","100":"product_shipping_class-standard","102":"first","103":"instock","104":"taxable","105":"shipping-taxable","106":"purchasable","107":"product-type-simple"},"acf":[],"_links":{"self":[{"href":"https:\/\/esquell.eu\/fr\/wp-json\/wp\/v2\/product\/12004","targetHints":{"allow":["GET"]}}],"collection":[{"href":"https:\/\/esquell.eu\/fr\/wp-json\/wp\/v2\/product"}],"about":[{"href":"https:\/\/esquell.eu\/fr\/wp-json\/wp\/v2\/types\/product"}],"replies":[{"embeddable":true,"href":"https:\/\/esquell.eu\/fr\/wp-json\/wp\/v2\/comments?post=12004"}],"wp:featuredmedia":[{"embeddable":true,"href":"https:\/\/esquell.eu\/fr\/wp-json\/wp\/v2\/media\/7169"}],"wp:attachment":[{"href":"https:\/\/esquell.eu\/fr\/wp-json\/wp\/v2\/media?parent=12004"}],"wp:term":[{"taxonomy":"more","embeddable":true,"href":"https:\/\/esquell.eu\/fr\/wp-json\/wp\/v2\/more?post=12004"},{"taxonomy":"product_brand","embeddable":true,"href":"https:\/\/esquell.eu\/fr\/wp-json\/wp\/v2\/product_brand?post=12004"},{"taxonomy":"product_cat","embeddable":true,"href":"https:\/\/esquell.eu\/fr\/wp-json\/wp\/v2\/product_cat?post=12004"},{"taxonomy":"product_tag","embeddable":true,"href":"https:\/\/esquell.eu\/fr\/wp-json\/wp\/v2\/product_tag?post=12004"}],"curies":[{"name":"wp","href":"https:\/\/api.w.org\/{rel}","templated":true}]}}