{"id":11990,"date":"2025-04-03T09:10:57","date_gmt":"2025-04-03T09:10:57","guid":{"rendered":"https:\/\/esquell.eu\/product\/10-x-5-grammes-art-clay-argile-argentee-5-grammes-paquet-atelier-0271w\/"},"modified":"2025-12-22T11:12:03","modified_gmt":"2025-12-22T11:12:03","slug":"10-x-5-grammes-art-clay-argile-dargent-5-grammes-paquet-atelier-0271w","status":"publish","type":"product","link":"https:\/\/esquell.eu\/fr\/produit\/10-x-5-grammes-art-clay-argile-dargent-5-grammes-paquet-atelier-0271w\/","title":{"rendered":"10 x 5 grammes Art Clay Argile argent\u00e9e 5 grammes paquet atelier, (0271W)"},"content":{"rendered":"<p>Argile \u00e0 s\u00e9chage normal. Le taux de r\u00e9tr\u00e9cissement est de 8 %. Chauffage \u00e0 partir de 650 \u00b0C. La dur\u00e9e du chauffage d\u00e9pend de la source de chauffage s\u00e9lectionn\u00e9e. Consultez le tableau de chauffe ou le manuel du produit pour d\u00e9terminer le temps de chauffe correct. Exactement le m\u00eame produit que l&#8217;emballage normal de 5 grammes, mais sans l&#8217;emballage ext\u00e9rieur et les informations sur le produit. Emball\u00e9 par 10 pi\u00e8ces.<\/p>\n<p>Cet article est vendu aux instructeurs de l&rsquo;AEC et est r\u00e9serv\u00e9 \u00e0 leur usage personnel (d\u00e9monstrations et ateliers). L&rsquo;argile ordinaire dans son emballage imprim\u00e9 doit \u00eatre utilis\u00e9e pour la revente. <\/p>\n","protected":false},"excerpt":{"rendered":"<p>Argile \u00e0 s\u00e9chage normal. Le taux de r\u00e9tr\u00e9cissement est de 8 %. Chauffage \u00e0 partir de 650 \u00b0C. La dur\u00e9e du chauffage d\u00e9pend de la source de chauffage s\u00e9lectionn\u00e9e. Consultez le tableau de chauffe ou le manuel du produit pour d\u00e9terminer le temps de chauffe correct. Exactement le m\u00eame produit que l&#8217;emballage normal de 5 grammes, mais sans l&#8217;emballage ext\u00e9rieur et les informations sur le produit. Emball\u00e9 par 10 pi\u00e8ces.<\/p>\n<p>Cet article est vendu aux instructeurs de l&rsquo;AEC et est r\u00e9serv\u00e9 \u00e0 leur usage personnel (d\u00e9monstrations et ateliers). L&rsquo;argile ordinaire dans son emballage imprim\u00e9 doit \u00eatre utilis\u00e9e pour la revente. <\/p>\n","protected":false},"featured_media":11993,"comment_status":"closed","ping_status":"closed","template":"","meta":{"_acf_changed":false,"_seopress_robots_primary_cat":"none","_seopress_titles_title":"","_seopress_titles_desc":"","_seopress_robots_index":""},"more":[],"product_brand":[6382],"product_cat":[6427],"product_tag":[6573,6571,6378,6405,6376,6565,6575,6402,6579,11289,6577,6569,6563,6559,6567],"class_list":{"0":"post-11990","1":"product","2":"type-product","3":"status-publish","4":"has-post-thumbnail","6":"product_brand-acs","7":"product_cat-argile-dargent-art-clay-silver","8":"product_tag-5-grammes","9":"product_tag-argile-argentee-2","10":"product_tag-argile-metallique","11":"product_tag-artclay","12":"product_tag-artclaysilver","13":"product_tag-atelier","14":"product_tag-ateliers","15":"product_tag-bon-marche","16":"product_tag-certifie","17":"product_tag-certifie-2","18":"product_tag-demonstrations","19":"product_tag-emballage","20":"product_tag-instructeurs","21":"product_tag-lignes-dartisanat","22":"product_tag-offrir","23":"product_shipping_class-standard","25":"first","26":"instock","27":"taxable","28":"shipping-taxable","29":"purchasable","30":"product-type-simple"},"acf":[],"_links":{"self":[{"href":"https:\/\/esquell.eu\/fr\/wp-json\/wp\/v2\/product\/11990","targetHints":{"allow":["GET"]}}],"collection":[{"href":"https:\/\/esquell.eu\/fr\/wp-json\/wp\/v2\/product"}],"about":[{"href":"https:\/\/esquell.eu\/fr\/wp-json\/wp\/v2\/types\/product"}],"replies":[{"embeddable":true,"href":"https:\/\/esquell.eu\/fr\/wp-json\/wp\/v2\/comments?post=11990"}],"wp:featuredmedia":[{"embeddable":true,"href":"https:\/\/esquell.eu\/fr\/wp-json\/wp\/v2\/media\/11993"}],"wp:attachment":[{"href":"https:\/\/esquell.eu\/fr\/wp-json\/wp\/v2\/media?parent=11990"}],"wp:term":[{"taxonomy":"more","embeddable":true,"href":"https:\/\/esquell.eu\/fr\/wp-json\/wp\/v2\/more?post=11990"},{"taxonomy":"product_brand","embeddable":true,"href":"https:\/\/esquell.eu\/fr\/wp-json\/wp\/v2\/product_brand?post=11990"},{"taxonomy":"product_cat","embeddable":true,"href":"https:\/\/esquell.eu\/fr\/wp-json\/wp\/v2\/product_cat?post=11990"},{"taxonomy":"product_tag","embeddable":true,"href":"https:\/\/esquell.eu\/fr\/wp-json\/wp\/v2\/product_tag?post=11990"}],"curies":[{"name":"wp","href":"https:\/\/api.w.org\/{rel}","templated":true}]}}