{"id":11978,"date":"2025-04-03T09:10:57","date_gmt":"2025-04-03T09:10:57","guid":{"rendered":"https:\/\/esquell.eu\/product\/machine-de-revetement-elex-lite-pour-le-revetement-anti-ternissement-ou-la-coloration-ceramique-de-largent\/"},"modified":"2025-11-09T09:10:15","modified_gmt":"2025-11-09T09:10:15","slug":"machine-de-revetement-elex-lite-pour-le-revetement-anti-ternissement-ou-la-coloration-ceramique-de-largent","status":"publish","type":"product","link":"https:\/\/esquell.eu\/fr\/produit\/machine-de-revetement-elex-lite-pour-le-revetement-anti-ternissement-ou-la-coloration-ceramique-de-largent\/","title":{"rendered":"Machine de rev\u00eatement Elex Lite pour le rev\u00eatement anti-ternissement ou la coloration c\u00e9ramique de l&rsquo;argent."},"content":{"rendered":"<p><a href=\"https:\/\/esquell.eu\/fr\/produit\/liquide-de-placage-ceramique-pour-elex-lite-diverses-couleurs-contenu-200ml\/\"><strong>Les liquides c\u00e9ramiques assortis se trouvent ici<\/strong><\/a><\/p>\n<p>Un rev\u00eatement anti-ternissement est un rev\u00eatement qui emp\u00eache les bijoux en argent de se ternir ou de se d\u00e9colorer\/noircir.<\/p>\n<p>L&rsquo;argent noircit naturellement avec le temps. La rapidit\u00e9 et le degr\u00e9 de noircissement d\u00e9pendent d&rsquo;un certain nombre de conditions telles que l&rsquo;acidit\u00e9 de la peau du porteur, les produits d&rsquo;entretien utilis\u00e9s, etc. <\/p>\n<p>Avec la machine Elex Lite, il est possible de traiter l&rsquo;argent pour qu&rsquo;il ne noircisse plus.<\/p>\n<p>Inclus avec l&rsquo;Elex Lite, (voir photo 2) le pot en plastique, les c\u00e2bles, la poudre pour le nettoyage.<\/p>\n<p>Utilisez l&rsquo;Elex lite en combinaison avec le Ceramic Clear ( F-1353)<\/p>\n<p>Recommand\u00e9 par l&rsquo;un des plus grands artistes de Metalclay.<\/p>\n<p><a href=\"https:\/\/www.silver-puff.com\/\"><strong><u>Etsuko Nakayama  <\/u><\/strong><\/a><\/p>\n<p>Etsuko utilise une m\u00e9thode anti-ternissement pour les objets qu&rsquo;elle vend.<br \/>\nCette m\u00e9thode permet de conserver la couleur et la brillance de l&rsquo;argent.<\/p>\n<p>La vid\u00e9o montre comment recouvrir des bijoux de couleurs avec de la c\u00e9ramique. Il s&rsquo;agit pratiquement de la m\u00eame m\u00e9thode que le traitement avec le vernis transparent anti-ternissement. <\/p>\n<p>Remarque : pendant le rev\u00eatement, la pi\u00e8ce \u00e0 rev\u00eatir ne doit pas toucher le m\u00e9tal dans la coupelle, sinon elle deviendra noire.<\/p>\n<p>Si vous souhaitez appliquer le Clear, il suffit d&rsquo;appuyer sur le bouton pendant 5 \u00e0 10 secondes.<\/p>\n<p>L&rsquo;Elex Lite peut \u00e9galement \u00eatre utilis\u00e9 et est tr\u00e8s efficace pour nettoyer les bijoux.<\/p>\n<p>Si vous souhaitez recouvrir un objet plus grand que le r\u00e9cipient en plastique, transf\u00e9rez-le dans un r\u00e9cipient en plastique plus grand et placez \u00e9galement le m\u00e9tal dans le r\u00e9cipient plus grand.<\/p>\n<p>Zircone cuite :<\/p>\n<p>1. Plongez une pi\u00e8ce polie (finie) et d\u00e9graiss\u00e9e avec une pierre CZ dans une solution Elecolo et effectuez une galvanoplastie.<br \/>\n2. Rincez-la \u00e0 l&rsquo;eau pour \u00e9liminer l&rsquo;exc\u00e8s de solution Elecolo.<br \/>\n3. S\u00e9chez-la dans un s\u00e8che-linge, \u00e0 temp\u00e9rature ambiante, jusqu&rsquo;\u00e0 ce que l&rsquo;humidit\u00e9 se soit \u00e9vapor\u00e9e.<br \/>\n4. Essuyez soigneusement le rev\u00eatement de la pierre CZ avec de l&rsquo;alcool de nettoyage et un coton-tige.<br \/>\n5. Chauffez la pierre dans un four \u00e0 150-160\u00b0C pendant 15-30 minutes.<\/p>\n<p>*Si le rev\u00eatement Elecolo (m\u00eame la solution color\u00e9e claire) reste sur la zircone, la r\u00e9flexion de la lumi\u00e8re est r\u00e9duite et la luminosit\u00e9 de la pierre diminue.<\/p>\n","protected":false},"excerpt":{"rendered":"<p><strong>Les liquides c\u00e9ramiques assortis <a href=\"https:\/\/www.esquell.nl\/p\/ceramic-plating-vloeistof-voor-elex-lite-diverse-kleuren-inhoud-200ml\">se trouvent ici<\/a><\/strong><\/p>\n<p>&nbsp;<\/p>\n<p>Un rev\u00eatement anti-ternissement est un rev\u00eatement qui emp\u00eache les bijoux en argent de se ternir ou de se d\u00e9colorer\/noircir.<\/p>\n<p>&nbsp;<\/p>\n<p>L&rsquo;argent noircit naturellement avec le temps. La rapidit\u00e9 et le degr\u00e9 de noircissement d\u00e9pendent d&rsquo;un certain nombre de conditions telles que l&rsquo;acidit\u00e9 de la peau du porteur, les produits d&rsquo;entretien utilis\u00e9s, etc. <\/p>\n<p>&nbsp;<\/p>\n<p>Avec la machine Elex Lite, il est possible de traiter l&rsquo;argent pour qu&rsquo;il ne noircisse plus.<\/p>\n<p>Inclus avec l&rsquo;Elex Lite, (voir photo 2) le pot en plastique, les c\u00e2bles, la poudre pour le nettoyage.<\/p>\n<p>Utilisez l&rsquo;Elex lite en combinaison avec le Ceramic Clear ( F-1353)<\/p>\n<p>&nbsp;<\/p>\n<p>Recommand\u00e9 par l&rsquo;un des plus grands artistes de Metalclay.<\/p>\n<p><a href=\"https:\/\/www.silver-puff.com\/\"><strong><u>Etsuko Nakayama  <\/u><\/strong><\/a><\/p>\n<p>Etsuko utilise une m\u00e9thode anti-ternissement pour les objets qu&rsquo;elle vend.<br \/>\nCette m\u00e9thode permet de conserver la couleur et la brillance de l&rsquo;argent.<\/p>\n<p>&nbsp;<\/p>\n<p>La vid\u00e9o montre comment recouvrir des bijoux de couleurs avec de la c\u00e9ramique. Il s&rsquo;agit pratiquement de la m\u00eame m\u00e9thode que le traitement avec le vernis transparent anti-ternissement. <\/p>\n<p>Remarque : pendant le rev\u00eatement, la pi\u00e8ce \u00e0 rev\u00eatir ne doit pas toucher le m\u00e9tal de la coupelle, sinon elle deviendra noire.<\/p>\n<p>Si vous souhaitez appliquer le Clear, il suffit d&rsquo;appuyer sur le bouton pendant 5 \u00e0 10 secondes.<\/p>\n<p>&nbsp;<\/p>\n<p>L&rsquo;Elex Lite peut \u00e9galement \u00eatre utilis\u00e9 et est tr\u00e8s efficace pour nettoyer les bijoux.<\/p>\n<p>&nbsp;<\/p>\n<p>Si vous souhaitez recouvrir un objet plus grand que le r\u00e9cipient en plastique, transf\u00e9rez-le dans un r\u00e9cipient en plastique plus grand et placez \u00e9galement le m\u00e9tal dans le r\u00e9cipient plus grand.<\/p>\n<p>&nbsp;<\/p>\n<p>Zircone cuite :<\/p>\n<p>1. Plongez une pi\u00e8ce polie (finie) et d\u00e9graiss\u00e9e avec une pierre CZ dans une solution Elecolo et effectuez une galvanoplastie.<br \/>\n2. Rincez-la \u00e0 l&rsquo;eau pour \u00e9liminer l&rsquo;exc\u00e8s de solution Elecolo.<br \/>\n3. S\u00e9chez-la dans un s\u00e8che-linge, \u00e0 temp\u00e9rature ambiante, jusqu&rsquo;\u00e0 ce que l&rsquo;humidit\u00e9 se soit \u00e9vapor\u00e9e.<br \/>\n4. Essuyez soigneusement le rev\u00eatement de la pierre CZ avec de l&rsquo;alcool de nettoyage et un coton-tige.<br \/>\n5. Chauffez la pierre dans un four \u00e0 150-160\u00b0C pendant 15-30 minutes.<\/p>\n<p>*Si le rev\u00eatement Elecolo (m\u00eame la solution color\u00e9e claire) reste sur la zircone, la r\u00e9flexion de la lumi\u00e8re est r\u00e9duite et la luminosit\u00e9 de la pierre diminue.<\/p>\n<p>&nbsp;<\/p>\n<p>&nbsp;<\/p>\n<p>&nbsp;<\/p>\n<p>&nbsp;<\/p>\n","protected":false},"featured_media":7743,"comment_status":"closed","ping_status":"closed","template":"","meta":{"_acf_changed":false,"_seopress_robots_primary_cat":"none","_seopress_titles_title":"","_seopress_titles_desc":"","_seopress_robots_index":""},"more":[],"product_brand":[6382],"product_cat":[6364,6366],"product_tag":[6527,6540,6372,6402,6532,6520,6523,6548,6369,6550,6525,6531,6538,6546,6399,6544,6536,6542,6529],"class_list":{"0":"post-11978","1":"product","2":"type-product","3":"status-publish","4":"has-post-thumbnail","6":"product_brand-acs","7":"product_cat-materiel-supplementaire","8":"product_cat-poncage-limage-et-polissage","9":"product_tag-anti","10":"product_tag-avantageux","11":"product_tag-bijoux","12":"product_tag-bon-marche","13":"product_tag-electrique","14":"product_tag-elex","15":"product_tag-elexlite","16":"product_tag-etre","17":"product_tag-largent","18":"product_tag-largent-2","19":"product_tag-leger","20":"product_tag-machine","21":"product_tag-mobile","22":"product_tag-noir","23":"product_tag-outil","24":"product_tag-pas","25":"product_tag-petit","26":"product_tag-solution","27":"product_tag-ternir","28":"product_shipping_class-standard","30":"first","31":"outofstock","32":"taxable","33":"shipping-taxable","34":"purchasable","35":"product-type-simple"},"acf":[],"_links":{"self":[{"href":"https:\/\/esquell.eu\/fr\/wp-json\/wp\/v2\/product\/11978","targetHints":{"allow":["GET"]}}],"collection":[{"href":"https:\/\/esquell.eu\/fr\/wp-json\/wp\/v2\/product"}],"about":[{"href":"https:\/\/esquell.eu\/fr\/wp-json\/wp\/v2\/types\/product"}],"replies":[{"embeddable":true,"href":"https:\/\/esquell.eu\/fr\/wp-json\/wp\/v2\/comments?post=11978"}],"wp:featuredmedia":[{"embeddable":true,"href":"https:\/\/esquell.eu\/fr\/wp-json\/wp\/v2\/media\/7743"}],"wp:attachment":[{"href":"https:\/\/esquell.eu\/fr\/wp-json\/wp\/v2\/media?parent=11978"}],"wp:term":[{"taxonomy":"more","embeddable":true,"href":"https:\/\/esquell.eu\/fr\/wp-json\/wp\/v2\/more?post=11978"},{"taxonomy":"product_brand","embeddable":true,"href":"https:\/\/esquell.eu\/fr\/wp-json\/wp\/v2\/product_brand?post=11978"},{"taxonomy":"product_cat","embeddable":true,"href":"https:\/\/esquell.eu\/fr\/wp-json\/wp\/v2\/product_cat?post=11978"},{"taxonomy":"product_tag","embeddable":true,"href":"https:\/\/esquell.eu\/fr\/wp-json\/wp\/v2\/product_tag?post=11978"}],"curies":[{"name":"wp","href":"https:\/\/api.w.org\/{rel}","templated":true}]}}