{"id":11970,"date":"2025-04-03T09:10:57","date_gmt":"2025-04-03T09:10:57","guid":{"rendered":"https:\/\/esquell.eu\/product\/papier-dargent-long-15-grammes-acs-a-0291\/"},"modified":"2026-01-10T17:04:16","modified_gmt":"2026-01-10T17:04:16","slug":"papier-dargent-long-15-grammes-acs-a-0291","status":"publish","type":"product","link":"https:\/\/esquell.eu\/fr\/produit\/papier-dargent-long-15-grammes-acs-a-0291\/","title":{"rendered":"Papier d&rsquo;argent long 15 grammes ACS (A-0291)"},"content":{"rendered":"<p>Une feuille tr\u00e8s fine d&rsquo;argile argent\u00e9e qui peut \u00eatre travaill\u00e9e comme du papier. Vous pouvez donc le plier, le d\u00e9couper ou le modifier \u00e0 l&rsquo;aide de poin\u00e7ons. N&rsquo;ajoutez pas trop d&rsquo;humidit\u00e9 lorsque vous travaillez avec ce papier, car cela le rendrait mou et lui ferait perdre sa structure. Laissez s\u00e9cher l&rsquo;ouvrage \u00e0 l&rsquo;air libre pendant une journ\u00e9e, puis passez-le au four pendant 30 minutes \u00e0 800\u00b0C. Le papier ACS ne peut pas \u00eatre cuit sur la gazini\u00e8re ou avec un br\u00fbleur. Il doit aller au four.<br \/>\nDimensions 40x200mm.<\/p>\n","protected":false},"excerpt":{"rendered":"<p>Une feuille tr\u00e8s fine d&rsquo;argile argent\u00e9e qui peut \u00eatre travaill\u00e9e comme du papier. Vous pouvez donc le plier, le d\u00e9couper ou le modifier \u00e0 l&rsquo;aide de poin\u00e7ons. N&rsquo;ajoutez pas trop d&rsquo;humidit\u00e9 lorsque vous travaillez avec ce papier, car cela le rendrait mou et lui ferait perdre sa structure. Laissez s\u00e9cher l&rsquo;ouvrage \u00e0 l&rsquo;air libre pendant une journ\u00e9e, puis passez-le au four pendant 30 minutes \u00e0 800\u00b0C. Le papier ACS ne peut pas \u00eatre cuit sur la gazini\u00e8re ou avec un br\u00fbleur. Il doit aller au four.<br \/>\nDimensions 40x200mm.<\/p>\n","protected":false},"featured_media":12080,"comment_status":"closed","ping_status":"closed","template":"","meta":{"_acf_changed":false,"_seopress_robots_primary_cat":"none","_seopress_titles_title":"","_seopress_titles_desc":"","_seopress_robots_index":""},"more":[],"product_brand":[6382],"product_cat":[6427],"product_tag":[6470,6477,6476,6473,6404,6378,6390,6405,6372,6480,6409,6479,6486,6374,6481,7283,6472,6478,7275,7278,6475,6474,6485,6428,7279,6483,6484,7282,6471,6482],"class_list":{"0":"post-11970","1":"product","2":"type-product","3":"status-publish","4":"has-post-thumbnail","6":"product_brand-acs","7":"product_cat-argile-dargent-art-clay-silver","8":"product_tag-6470","9":"product_tag-6477","10":"product_tag-6476","11":"product_tag-argile-2","12":"product_tag-argile-argentee","13":"product_tag-argile-metallique","14":"product_tag-argile-metallique-2","15":"product_tag-artclay","16":"product_tag-bijoux","17":"product_tag-boites-de-composition","18":"product_tag-bricolage","19":"product_tag-collerettes","20":"product_tag-diamant","21":"product_tag-faire","22":"product_tag-galets","23":"product_tag-japonais-3","24":"product_tag-lart","25":"product_tag-lunette","26":"product_tag-moitie","27":"product_tag-noble","28":"product_tag-papier","29":"product_tag-papier-argile-argente","30":"product_tag-perles","31":"product_tag-pierre","32":"product_tag-pierre-2","33":"product_tag-pierre-naturelle","34":"product_tag-pierre-precieuse","35":"product_tag-quilling","36":"product_tag-recycle","37":"product_tag-zircone","38":"product_shipping_class-standard","40":"first","41":"instock","42":"taxable","43":"shipping-taxable","44":"purchasable","45":"product-type-simple"},"acf":[],"_links":{"self":[{"href":"https:\/\/esquell.eu\/fr\/wp-json\/wp\/v2\/product\/11970","targetHints":{"allow":["GET"]}}],"collection":[{"href":"https:\/\/esquell.eu\/fr\/wp-json\/wp\/v2\/product"}],"about":[{"href":"https:\/\/esquell.eu\/fr\/wp-json\/wp\/v2\/types\/product"}],"replies":[{"embeddable":true,"href":"https:\/\/esquell.eu\/fr\/wp-json\/wp\/v2\/comments?post=11970"}],"wp:featuredmedia":[{"embeddable":true,"href":"https:\/\/esquell.eu\/fr\/wp-json\/wp\/v2\/media\/12080"}],"wp:attachment":[{"href":"https:\/\/esquell.eu\/fr\/wp-json\/wp\/v2\/media?parent=11970"}],"wp:term":[{"taxonomy":"more","embeddable":true,"href":"https:\/\/esquell.eu\/fr\/wp-json\/wp\/v2\/more?post=11970"},{"taxonomy":"product_brand","embeddable":true,"href":"https:\/\/esquell.eu\/fr\/wp-json\/wp\/v2\/product_brand?post=11970"},{"taxonomy":"product_cat","embeddable":true,"href":"https:\/\/esquell.eu\/fr\/wp-json\/wp\/v2\/product_cat?post=11970"},{"taxonomy":"product_tag","embeddable":true,"href":"https:\/\/esquell.eu\/fr\/wp-json\/wp\/v2\/product_tag?post=11970"}],"curies":[{"name":"wp","href":"https:\/\/api.w.org\/{rel}","templated":true}]}}