{"id":11945,"date":"2025-04-03T09:11:05","date_gmt":"2025-04-03T09:11:05","guid":{"rendered":"https:\/\/esquell.eu\/product\/spray-clay-seringues-5-grammes-acs-a-0278\/"},"modified":"2025-12-22T11:12:21","modified_gmt":"2025-12-22T11:12:21","slug":"spray-clay-seringues-5-grammes-acs-a-0278","status":"publish","type":"product","link":"https:\/\/esquell.eu\/fr\/produit\/spray-clay-seringues-5-grammes-acs-a-0278\/","title":{"rendered":"Spray clay \/ Seringues 5 grammes ACS (A-0278)"},"content":{"rendered":"<p>Avec ce produit, une certaine quantit\u00e9 d&rsquo;eau est ajout\u00e9e au type d&rsquo;argile, bien malax\u00e9e, puis appliqu\u00e9e dans une seringue vide. Il permet de tracer des lignes fines et de cr\u00e9er des motifs d\u00e9licats pour les pi\u00e8ces ajour\u00e9es. Comme pour la p\u00e2te, vous pouvez l&rsquo;attacher \u00e0 l&rsquo;argile, r\u00e9parer les fissures, etc. dans l&rsquo;argile et appliquer des motifs et de la texture.   <\/p>\n<p>Il existe trois <a href=\"https:\/\/esquell.eu\/fr\/produit\/buse-differentes-couleurs-diametre\/\">embouts<\/a> diff\u00e9rents que vous pouvez placer sur la seringue. Bleu = fin | Vert = moyen | Gris = \u00e9pais. Ce produit est livr\u00e9 sans buse.<\/p>\n<p>Les buses peuvent \u00e9galement \u00eatre taill\u00e9es pour obtenir une ouverture encore plus grande ou de mani\u00e8re \u00e0 ce qu&rsquo;une ficelle d\u00e9form\u00e9e en sorte.<\/p>\n<p>Lorsque vous n&rsquo;utilisez pas la p\u00e2te \u00e0 pulv\u00e9riser avec la buse, mettez-la toujours dans un bol d&rsquo;eau.<br \/>\nCela \u00e9vite que la p\u00e2te contenue dans la buse ne s\u00e8che.<\/p>\n","protected":false},"excerpt":{"rendered":"<p><strong>OFFRE \u20ac 13.95 par pi\u00e8ce pour la commande de 3 pi\u00e8ces<\/strong><\/p>\n<p>&nbsp;<\/p>\n<p>Avec ce produit, une certaine quantit\u00e9 d&rsquo;eau est ajout\u00e9e au type d&rsquo;argile, bien malax\u00e9e, puis appliqu\u00e9e dans une seringue vide. Il permet de tracer des lignes fines et de cr\u00e9er des motifs d\u00e9licats pour les pi\u00e8ces ajour\u00e9es. Comme pour la p\u00e2te, vous pouvez l&rsquo;attacher \u00e0 l&rsquo;argile, r\u00e9parer les fissures, etc. dans l&rsquo;argile et appliquer des motifs et de la texture.   <\/p>\n<p>Il y a trois embouts diff\u00e9rents que vous pouvez mettre sur la seringue. Bleu = fin | Vert = moyen | Gris = \u00e9pais. Ce produit est livr\u00e9 sans embout.  <\/p>\n<p style=\"text-align: justify;\">Les buses peuvent \u00e9galement \u00eatre taill\u00e9es pour obtenir une ouverture encore plus grande ou de mani\u00e8re \u00e0 ce qu&rsquo;une ficelle d\u00e9form\u00e9e en sorte.<\/p>\n<p>Lorsque vous ne travaillez pas avec la p\u00e2te \u00e0 pulv\u00e9riser et son embout, mettez-les toujours dans un bol d&rsquo;eau.<br \/>\nCela permet d&rsquo;\u00e9viter que la p\u00e2te contenue dans la buse ne se dess\u00e8che<\/p>\n","protected":false},"featured_media":11947,"comment_status":"closed","ping_status":"closed","template":"","meta":{"_acf_changed":false,"_seopress_robots_primary_cat":"none","_seopress_titles_title":"","_seopress_titles_desc":"","_seopress_robots_index":""},"more":[],"product_brand":[6382],"product_cat":[6427],"product_tag":[6440,6437,6431,6434,6428,6443],"class_list":{"0":"post-11945","1":"product","2":"type-product","3":"status-publish","4":"has-post-thumbnail","6":"product_brand-acs","7":"product_cat-argile-dargent-art-clay-silver","8":"product_tag-bijoux-elabores-ou-organiques-largile-metallique-peut-etre-combinee-avec-du-verre","9":"product_tag-bijoux-lisses-et-elegants-ou-ornes","10":"product_tag-cette-argile-argentee-est-composee-de-99-dargent","11":"product_tag-il-permet-de-realiser-presque-toutes-les-formes-imaginables","12":"product_tag-pierre","13":"product_tag-resine-uv","14":"product_shipping_class-standard","16":"first","17":"instock","18":"taxable","19":"shipping-taxable","20":"purchasable","21":"product-type-simple"},"acf":[],"_links":{"self":[{"href":"https:\/\/esquell.eu\/fr\/wp-json\/wp\/v2\/product\/11945","targetHints":{"allow":["GET"]}}],"collection":[{"href":"https:\/\/esquell.eu\/fr\/wp-json\/wp\/v2\/product"}],"about":[{"href":"https:\/\/esquell.eu\/fr\/wp-json\/wp\/v2\/types\/product"}],"replies":[{"embeddable":true,"href":"https:\/\/esquell.eu\/fr\/wp-json\/wp\/v2\/comments?post=11945"}],"wp:featuredmedia":[{"embeddable":true,"href":"https:\/\/esquell.eu\/fr\/wp-json\/wp\/v2\/media\/11947"}],"wp:attachment":[{"href":"https:\/\/esquell.eu\/fr\/wp-json\/wp\/v2\/media?parent=11945"}],"wp:term":[{"taxonomy":"more","embeddable":true,"href":"https:\/\/esquell.eu\/fr\/wp-json\/wp\/v2\/more?post=11945"},{"taxonomy":"product_brand","embeddable":true,"href":"https:\/\/esquell.eu\/fr\/wp-json\/wp\/v2\/product_brand?post=11945"},{"taxonomy":"product_cat","embeddable":true,"href":"https:\/\/esquell.eu\/fr\/wp-json\/wp\/v2\/product_cat?post=11945"},{"taxonomy":"product_tag","embeddable":true,"href":"https:\/\/esquell.eu\/fr\/wp-json\/wp\/v2\/product_tag?post=11945"}],"curies":[{"name":"wp","href":"https:\/\/api.w.org\/{rel}","templated":true}]}}