{"id":11940,"date":"2025-04-03T09:11:05","date_gmt":"2025-04-03T09:11:05","guid":{"rendered":"https:\/\/esquell.eu\/product\/terre-de-bronze-50-grammes-acs-za-0335\/"},"modified":"2025-12-22T11:12:09","modified_gmt":"2025-12-22T11:12:09","slug":"terre-de-bronze-50-grammes-acs-za-0335","status":"publish","type":"product","link":"https:\/\/esquell.eu\/fr\/produit\/terre-de-bronze-50-grammes-acs-za-0335\/","title":{"rendered":"Terre de bronze 50 grammes ACS (ZA 0335)"},"content":{"rendered":"<p>Argile \u00e0 bronze facile \u00e0 travailler ;<\/p>\n<p>Fonctionne comme la p\u00e2te d&rsquo;argent d&rsquo;Art Clay. Elle r\u00e9tr\u00e9cit de 10 \u00e0 13 %. <\/p>\n<p>L&rsquo;argile contient 90 % de cuivre et 10 % d&rsquo;\u00e9tain.<\/p>\n<p>Les conseils sont cuits au four.<\/p>\n<p>Instructions pour la cuisson au four Four :<\/p>\n<p>Selon les instructions de cuisson du fabricant, il peut \u00eatre cuit en 1x. En charbon actif, dans un four froid, en 2 heures \u00e0 820 degr\u00e9s. Lors des tests, cela s&rsquo;est souvent bien pass\u00e9, mais parfois non. Pour plus de s\u00e9curit\u00e9, nous recommandons la m\u00e9thode en 2 \u00e9tapes sur charbon de bois actif.   <\/p>\n<p>\u00c9tape 1 : Placez 3 cm de charbon actif au fond d&rsquo;un r\u00e9cipient m\u00e9tallique. Faites cuire pendant 10 minutes <\/p>\n<p>500 \u00b0C Laisser refroidir dans le four jusqu&rsquo;\u00e0 temp\u00e9rature ambiante.<\/p>\n<p>\u00c9tape 2 : Placez le morceau dans le charbon actif et remplissez le r\u00e9cipient de charbon actif, en d\u00e9passant le morceau d&rsquo;au moins 2 cm. Placez le r\u00e9cipient dans le four froid et chauffez-le \u00e0 820 \u00b0C pendant au moins 1 heure. Laissez refroidir dans le four jusqu&rsquo;\u00e0 la temp\u00e9rature ambiante.  <\/p>\n<p><strong>Avec un br\u00fbleur \u00e0 gaz<\/strong><\/p>\n<p>Il existe des types d&rsquo;argile pour le bronze qui peuvent \u00eatre cuits \u00e0 l&rsquo;aide d&rsquo;un<strong><a href=\"https:\/\/esquell.eu\/fr\/produit\/chalumeau-brasage-manuel-bruleur-a-gaz-au-butane\/\"> chalumeau manuel<\/a> <\/strong>Cela demande plus de patience que la cuisson de l&rsquo;argile. L&rsquo;argile argent\u00e9e doit \u00eatre recuite pendant environ 2 minutes, l&rsquo;argile bronze pendant au moins 10 minutes.<\/p>\n<p>Les argiles de bronze qui conviennent \u00e0 la cuisson au chalumeau sont les suivantes :<\/p>\n<p><a href=\"https:\/\/esquell.eu\/fr\/produit\/terre-de-bronze-50-grammes-acs-za-0335\/\"><strong>Art Clay Bronze,  <\/strong><\/a><br \/>\n<strong><a href=\"https:\/\/esquell.eu\/fr\/produit\/argile-de-bronze-argile-de-bronze-promethee-100-grammes\/\">Prom\u00e9th\u00e9e terre cuite ordinaire  <\/a><\/strong><br \/>\n<strong><a href=\"https:\/\/esquell.eu\/fr\/produit\/bronze-argileux-sunny-bronze-contenu-divers-promethee\/\">Favorise le bronzage ensoleill\u00e9.<\/a><\/strong><\/p>\n<p>Les autres vari\u00e9t\u00e9s ne peuvent \u00eatre cuites que dans un <a href=\"https:\/\/esquell.eu\/?s=prometheus+oven\"><strong>four sp\u00e9cial <\/strong><\/a> <\/p>\n<p><a href=\"https:\/\/esquell.eu\/app\/uploads\/2025\/04\/acb-h.pdf\"><u>Manuel et instructions de travail d\u00e9taill\u00e9s<\/u><\/a><\/p>\n","protected":false},"excerpt":{"rendered":"<p>Argile \u00e0 bronze facile \u00e0 travailler ;<\/p>\n<p>Fonctionne comme la p\u00e2te d&rsquo;argent d&rsquo;Art Clay. Elle r\u00e9tr\u00e9cit de 10 \u00e0 13 %. <\/p>\n<p>L&rsquo;argile contient 90 % de cuivre et 10 % d&rsquo;\u00e9tain.<\/p>\n<p>Les conseils sont cuits au four.<\/p>\n<p>&nbsp;<\/p>\n<p>Instructions pour la cuisson au four :<\/p>\n<p>Selon les instructions de cuisson du fabricant, il peut \u00eatre cuit en 1x. En charbon actif, dans un four froid, en 2 heures \u00e0 820 degr\u00e9s. Lors des tests, cela s&rsquo;est souvent bien pass\u00e9, mais parfois non. Pour plus de s\u00e9curit\u00e9, nous recommandons la m\u00e9thode en 2 \u00e9tapes sur charbon de bois actif.   <\/p>\n<p>&nbsp;<\/p>\n<p>\u00c9tape 1 : Placez 3 cm de charbon actif au fond d&rsquo;un r\u00e9cipient m\u00e9tallique. Faites cuire pendant 10 minutes <\/p>\n<p>500 \u00b0C Laisser refroidir dans le four jusqu&rsquo;\u00e0 temp\u00e9rature ambiante.<\/p>\n<p>\u00c9tape 2 : Placez le morceau dans le charbon actif et remplissez le conteneur de charbon actif, en d\u00e9passant le morceau d&rsquo;au moins 2 cm. Placez le r\u00e9cipient dans le four froid et faites-le cuire \u00e0 820 \u00b0C pendant 2 heures. Laissez le four refroidir jusqu&rsquo;\u00e0 la temp\u00e9rature ambiante.  <\/p>\n<p>&nbsp;<\/p>\n<p><a href=\"https:\/\/www.esquell.nl\/WebRoot\/StoreNL\/Shops\/83636376\/6216\/ACD8\/FF94\/4982\/6670\/0A0C\/6D0E\/5F65\/ACB_Check_List__FAQ_20220630_brons.pdf\"><u>Manuel et instructions de travail d\u00e9taill\u00e9s<\/u><\/a><\/p>\n","protected":false},"featured_media":12128,"comment_status":"closed","ping_status":"closed","template":"","meta":{"_acf_changed":false,"_seopress_robots_primary_cat":"none","_seopress_titles_title":"","_seopress_titles_desc":"","_seopress_robots_index":""},"more":[],"product_brand":[6382],"product_cat":[6383],"product_tag":[6473,6741,6388,6406,6420,6378,6390,7219,6376,6393,6396,6372,7548,6658,6412,7546,7544,6423,6374,6403,6385,6656,6400,6426,7031,6416,6410,7550,6391,6418,6408],"class_list":{"0":"post-11940","1":"product","2":"type-product","3":"status-publish","4":"has-post-thumbnail","6":"product_brand-acs","7":"product_cat-argile-de-bronze","8":"product_tag-argile-2","9":"product_tag-argile-3","10":"product_tag-argile","11":"product_tag-argile-aurifere","12":"product_tag-argile-bronze","13":"product_tag-argile-metallique","14":"product_tag-argile-metallique-2","15":"product_tag-art-clay","16":"product_tag-artclaysilver","17":"product_tag-belgique","18":"product_tag-belgique-2","19":"product_tag-bijoux","20":"product_tag-bijoux-en-argile-2","21":"product_tag-bijoux-en-argile","22":"product_tag-bronze","23":"product_tag-bronze-3","24":"product_tag-bronze-malleable","25":"product_tag-de","26":"product_tag-faire","27":"product_tag-lor","28":"product_tag-lumiere","29":"product_tag-luxembourg-2","30":"product_tag-luxembourg","31":"product_tag-malleable","32":"product_tag-metal-2","33":"product_tag-modelisation","34":"product_tag-nouveau","35":"product_tag-or","36":"product_tag-pays-bas","37":"product_tag-promethee","38":"product_tag-vous","39":"product_shipping_class-standard","41":"first","42":"instock","43":"taxable","44":"shipping-taxable","45":"purchasable","46":"product-type-simple"},"acf":[],"_links":{"self":[{"href":"https:\/\/esquell.eu\/fr\/wp-json\/wp\/v2\/product\/11940","targetHints":{"allow":["GET"]}}],"collection":[{"href":"https:\/\/esquell.eu\/fr\/wp-json\/wp\/v2\/product"}],"about":[{"href":"https:\/\/esquell.eu\/fr\/wp-json\/wp\/v2\/types\/product"}],"replies":[{"embeddable":true,"href":"https:\/\/esquell.eu\/fr\/wp-json\/wp\/v2\/comments?post=11940"}],"wp:featuredmedia":[{"embeddable":true,"href":"https:\/\/esquell.eu\/fr\/wp-json\/wp\/v2\/media\/12128"}],"wp:attachment":[{"href":"https:\/\/esquell.eu\/fr\/wp-json\/wp\/v2\/media?parent=11940"}],"wp:term":[{"taxonomy":"more","embeddable":true,"href":"https:\/\/esquell.eu\/fr\/wp-json\/wp\/v2\/more?post=11940"},{"taxonomy":"product_brand","embeddable":true,"href":"https:\/\/esquell.eu\/fr\/wp-json\/wp\/v2\/product_brand?post=11940"},{"taxonomy":"product_cat","embeddable":true,"href":"https:\/\/esquell.eu\/fr\/wp-json\/wp\/v2\/product_cat?post=11940"},{"taxonomy":"product_tag","embeddable":true,"href":"https:\/\/esquell.eu\/fr\/wp-json\/wp\/v2\/product_tag?post=11940"}],"curies":[{"name":"wp","href":"https:\/\/api.w.org\/{rel}","templated":true}]}}