{"id":11938,"date":"2025-04-03T09:11:15","date_gmt":"2025-04-03T09:11:15","guid":{"rendered":"https:\/\/esquell.eu\/product\/blitz-stain-content-100-ml\/"},"modified":"2025-11-20T23:49:35","modified_gmt":"2025-11-20T23:49:35","slug":"blitz-stain-content-100-ml","status":"publish","type":"product","link":"https:\/\/esquell.eu\/fr\/produit\/blitz-stain-content-100-ml\/","title":{"rendered":"Blitz stain content 100 ml"},"content":{"rendered":"<p>Blitz stain Contents 100 ml<\/p>\n<p>Le colorant Blitz et le colorant au soufre sont pratiquement identiques. Pour le noircissement, l&rsquo;oxydation et la patine de l&rsquo;argent et du cuivre. <\/p>\n<p>Pr\u00eat \u00e0 l&#8217;emploi.<\/p>\n<p>\u00c0 l&rsquo;aide d&rsquo;un pinceau, appliquez de la teinture blitz sur les parties que vous souhaitez noircir. Plongez ensuite la pi\u00e8ce dans l&rsquo;eau chaude \u00e0 l&rsquo;aide d&rsquo;une pince \u00e0 \u00e9piler. Cela activera le colorant blitz et le m\u00e9tal deviendra noir. Rincez ensuite la pi\u00e8ce sous le robinet.   <\/p>\n<p>Une autre m\u00e9thode consiste \u00e0 plonger l&rsquo;ensemble du bijou dans une bassine remplie d&rsquo;eau bouillante et de quelques gouttes de teinture blitz. Sortez-le, rincez-le sous le robinet, laissez-le s\u00e9cher et polissez les parties saillantes. <\/p>\n<p>En pon\u00e7ant maintenant les parties en relief avec un papier de verre fin ou en polissant localement avec le stylo \u00e0 agate ou le stylo \u00e0 polir, vous pouvez redonner de l&rsquo;\u00e9clat \u00e0 certaines parties en argent. Apr\u00e8s le noircissement, neutralisez les bijoux avec du bicarbonate de soude. Si n\u00e9cessaire, fixez les bijoux avec de la cire ou du vernis.  <\/p>\n<p>Pot de 10 ml. Conserver dans un endroit sombre, l&rsquo;effet diminue sous l&rsquo;influence de la lumi\u00e8re du jour. <\/p>\n<p>Dans la base de connaissances, vous trouverez une explication d\u00e9taill\u00e9e du noircissement de l&rsquo;argent et du cuivre.<\/p>\n<p>Attention : Travailler avec la teinture Blitz peut \u00eatre dangereux. Veuillez donc lire attentivement le<strong> manuel de s\u00e9curit\u00e9 de la teinture Blitz<\/strong>. <\/p>\n","protected":false},"excerpt":{"rendered":"<p>Blitz stain Contents 100 ml<\/p>\n<p>&nbsp;<\/p>\n<p>Le colorant Blitz et le colorant au soufre sont pratiquement identiques. Pour le noircissement, l&rsquo;oxydation et la patine de l&rsquo;argent et du cuivre. <\/p>\n<p>Pr\u00eat \u00e0 l&#8217;emploi.<\/p>\n<p>&nbsp;<\/p>\n<p>\u00c0 l&rsquo;aide d&rsquo;un pinceau, appliquez de la teinture blitz sur les parties que vous souhaitez noircir. Plongez ensuite la pi\u00e8ce dans l&rsquo;eau chaude \u00e0 l&rsquo;aide d&rsquo;une pince \u00e0 \u00e9piler. Cela activera le colorant blitz et le m\u00e9tal deviendra noir. Rincez ensuite la pi\u00e8ce sous le robinet.   <\/p>\n<p>Une autre m\u00e9thode consiste \u00e0 plonger l&rsquo;ensemble du bijou dans une bassine remplie d&rsquo;eau bouillante et de quelques gouttes de teinture blitz. Sortez-le, rincez-le sous le robinet, laissez-le s\u00e9cher et polissez les parties saillantes. <\/p>\n<p>En pon\u00e7ant maintenant les parties en relief avec un papier de verre fin ou en polissant localement avec le stylo \u00e0 agate ou le stylo \u00e0 polir, vous pouvez redonner de l&rsquo;\u00e9clat \u00e0 certaines parties en argent. Apr\u00e8s le noircissement, neutralisez les bijoux avec du bicarbonate de soude. Si n\u00e9cessaire, fixez les bijoux avec de la cire ou du vernis.  <\/p>\n<p>Pot de 10 ml. Conserver dans un endroit sombre, l&rsquo;effet diminue sous l&rsquo;influence de la lumi\u00e8re du jour. <\/p>\n<p>Dans la base de connaissances, vous trouverez une explication d\u00e9taill\u00e9e du noircissement de l&rsquo;argent et du cuivre.<\/p>\n<p>&nbsp;<\/p>\n<p>Note : Travailler avec la teinture Blitz peut \u00eatre dangereux. Veuillez lire le<a href=\"https:\/\/www.esquell.nl\/c\/kennisbank\/blitz-beits\"><strong> manuel de s\u00e9curit\u00e9 de la teinture Blitz<\/strong> <\/a>par. <\/p>\n<p>&nbsp;<\/p>\n","protected":false},"featured_media":11997,"comment_status":"closed","ping_status":"closed","template":"","meta":{"_acf_changed":false,"_seopress_robots_primary_cat":"none","_seopress_titles_title":"","_seopress_titles_desc":"","_seopress_robots_index":""},"more":[],"product_brand":[6363],"product_cat":[6364,6366],"product_tag":[8095,8090,8097,8093,8087,8082,6386,6397,6638,8074,6378,6405,6376,8077,6393,6372,6642,6658,6662,6641,6389,6409,6650,7498,6395,8079,6374,6666,6401,6381,6369,6550,6634,6656,8085,6640,6668,6648,6637,6652,6654,8071,6391,6644,6664,6660,8069,6408],"class_list":{"0":"post-11938","1":"product","2":"type-product","3":"status-publish","4":"has-post-thumbnail","6":"product_brand-bm","7":"product_cat-materiel-supplementaire","8":"product_cat-poncage-limage-et-polissage","9":"product_tag-100ml","10":"product_tag-10ml","11":"product_tag-500ml","12":"product_tag-50ml","13":"product_tag-6ml","14":"product_tag-a-3","15":"product_tag-aida","16":"product_tag-allemagne","17":"product_tag-anneaux","18":"product_tag-antique","19":"product_tag-argile-metallique","20":"product_tag-artclay","21":"product_tag-artclaysilver","22":"product_tag-aspect-antique","23":"product_tag-belgique","24":"product_tag-bijoux","25":"product_tag-bijoux-2","26":"product_tag-bijoux-en-argile","27":"product_tag-blitz","28":"product_tag-boucles-doreilles","29":"product_tag-boutique-en-ligne","30":"product_tag-bricolage","31":"product_tag-cuivre","32":"product_tag-cuivre-3","33":"product_tag-deutsland","34":"product_tag-donner","35":"product_tag-faire","36":"product_tag-foie-de-gaufre","37":"product_tag-france","38":"product_tag-japon","39":"product_tag-largent","40":"product_tag-largent-2","41":"product_tag-largent-3","42":"product_tag-luxembourg-2","43":"product_tag-luxmebourg","44":"product_tag-maison","45":"product_tag-noirs","46":"product_tag-nouveau-2","47":"product_tag-orfevre","48":"product_tag-orfevres","49":"product_tag-oxyder","50":"product_tag-patinage","51":"product_tag-pays-bas","52":"product_tag-pieces","53":"product_tag-tache","54":"product_tag-tache-eclair","55":"product_tag-tache-eclair-2","56":"product_tag-vous","57":"product_shipping_class-standard","59":"first","60":"instock","61":"taxable","62":"shipping-taxable","63":"purchasable","64":"product-type-simple"},"acf":[],"_links":{"self":[{"href":"https:\/\/esquell.eu\/fr\/wp-json\/wp\/v2\/product\/11938","targetHints":{"allow":["GET"]}}],"collection":[{"href":"https:\/\/esquell.eu\/fr\/wp-json\/wp\/v2\/product"}],"about":[{"href":"https:\/\/esquell.eu\/fr\/wp-json\/wp\/v2\/types\/product"}],"replies":[{"embeddable":true,"href":"https:\/\/esquell.eu\/fr\/wp-json\/wp\/v2\/comments?post=11938"}],"wp:featuredmedia":[{"embeddable":true,"href":"https:\/\/esquell.eu\/fr\/wp-json\/wp\/v2\/media\/11997"}],"wp:attachment":[{"href":"https:\/\/esquell.eu\/fr\/wp-json\/wp\/v2\/media?parent=11938"}],"wp:term":[{"taxonomy":"more","embeddable":true,"href":"https:\/\/esquell.eu\/fr\/wp-json\/wp\/v2\/more?post=11938"},{"taxonomy":"product_brand","embeddable":true,"href":"https:\/\/esquell.eu\/fr\/wp-json\/wp\/v2\/product_brand?post=11938"},{"taxonomy":"product_cat","embeddable":true,"href":"https:\/\/esquell.eu\/fr\/wp-json\/wp\/v2\/product_cat?post=11938"},{"taxonomy":"product_tag","embeddable":true,"href":"https:\/\/esquell.eu\/fr\/wp-json\/wp\/v2\/product_tag?post=11938"}],"curies":[{"name":"wp","href":"https:\/\/api.w.org\/{rel}","templated":true}]}}